{"id":5220,"date":"2026-03-11T09:01:37","date_gmt":"2026-03-11T09:01:37","guid":{"rendered":"https:\/\/www.yongyukitchenware.com\/?post_type=product&#038;p=5220"},"modified":"2026-03-16T08:06:03","modified_gmt":"2026-03-16T08:06:03","slug":"wholesale-double-wall-bowl-stainless-steels-gold-silver-for-catering-copy","status":"publish","type":"product","link":"https:\/\/www.yongyukitchenware.com\/ar\/%d8%a7%d9%84%d9%85%d9%86%d8%aa%d8%ac\/wholesale-double-wall-bowl-stainless-steels-gold-silver-for-catering-copy\/","title":{"rendered":"\u0637\u0628\u0642 \u0643\u0627\u0631\u062a\u0648\u0646\u064a \u0645\u0639\u062f\u0646\u064a \u0645\u062e\u0635\u0635 \u0644\u0644\u0623\u0637\u0641\u0627\u0644 \u0645\u0646 \u0627\u0644\u0641\u0648\u0644\u0627\u0630 \u0627\u0644\u0645\u0642\u0627\u0648\u0645 \u0644\u0644\u0635\u062f\u0623"},"content":{"rendered":"<div class=\"wp-block-columns is-layout-flex wp-container-core-columns-is-layout-9d6595d7 wp-block-columns-is-layout-flex\">\n<div class=\"wp-block-column is-layout-flow wp-block-column-is-layout-flow\">\n<h2 class=\"wp-block-heading\">\u0648\u0639\u0627\u0621 \u0623\u0637\u0641\u0627\u0644 \u0645\u062e\u0635\u0635 \u0644\u0644\u0637\u0641\u0644 \u0645\u0635\u0646\u0648\u0639 \u0645\u0646 \u0627\u0644\u0641\u0648\u0644\u0627\u0630 \u0627\u0644\u0645\u0642\u0627\u0648\u0645 \u0644\u0644\u0635\u062f\u0623 \u0627\u0644\u0645\u0645\u064a\u0632\u0627\u062a:<\/h2>\n\n\n\n<p><strong>\u062a\u0635\u0627\u0645\u064a\u0645 \u0643\u0631\u062a\u0648\u0646\u064a\u0629 \u0645\u0645\u062a\u0639\u0629:<\/strong> \u0645\u0639 3 \u062a\u0635\u0627\u0645\u064a\u0645 \u0643\u0631\u062a\u0648\u0646\u064a\u0629 \u0645\u0631\u062d\u0629 \u062a\u062c\u0639\u0644 \u0647\u0630\u0627 \u0627\u0644\u0637\u0628\u0642 \u0648\u0642\u062a \u062a\u0646\u0627\u0648\u0644 \u0627\u0644\u0637\u0639\u0627\u0645 \u0645\u062b\u064a\u0631\u0627\u064b \u0648\u064a\u0634\u062c\u0639 \u0627\u0644\u0623\u0637\u0641\u0627\u0644 \u0639\u0644\u0649 \u062a\u0646\u0627\u0648\u0644 \u0627\u0644\u0637\u0639\u0627\u0645.<\/p>\n\n\n\n<p><strong>\u0641\u0648\u0644\u0627\u0630 \u0645\u0642\u0627\u0648\u0645 \u0644\u0644\u0635\u062f\u0623 \u0645\u062a\u064a\u0646: <\/strong>\u0635\u064f\u0646\u0639 \u0627\u0644\u0644\u0648\u062d \u0645\u0646 \u0627\u0644\u0641\u0648\u0644\u0627\u0630 \u0627\u0644\u0645\u0642\u0627\u0648\u0645 \u0644\u0644\u0635\u062f\u0623 \u0639\u0627\u0644\u064a \u0627\u0644\u062c\u0648\u062f\u0629\u060c \u0648\u0647\u0648 \u0645\u0635\u0646\u0648\u0639 \u0645\u0646 \u0627\u0644\u0641\u0648\u0644\u0627\u0630 \u0627\u0644\u0645\u0642\u0627\u0648\u0645 \u0644\u0644\u0635\u062f\u0623 \u0639\u0627\u0644\u064a \u0627\u0644\u062c\u0648\u062f\u0629\u060c \u0648\u0647\u0648 \u0645\u0635\u0645\u0645 \u0644\u064a\u062a\u062d\u0645\u0644 \u0627\u0644\u0627\u0633\u062a\u062e\u062f\u0627\u0645 \u0627\u0644\u064a\u0648\u0645\u064a \u0648\u0645\u0642\u0627\u0648\u0645 \u0644\u0644\u062a\u0622\u0643\u0644.<\/p>\n\n\n\n<p><strong>\u0622\u0645\u0646\u0629 \u0644\u0644\u0623\u0637\u0641\u0627\u0644: <\/strong>\u0645\u0635\u0646\u0648\u0639\u0629 \u0645\u0646 \u0645\u0648\u0627\u062f \u0622\u0645\u0646\u0629 \u0648\u063a\u064a\u0631 \u0633\u0627\u0645\u0629\u060c \u0645\u0645\u0627 \u064a\u0636\u0645\u0646 \u0623\u0646\u0647\u0627 \u0645\u062b\u0627\u0644\u064a\u0629 \u0644\u0648\u062c\u0628\u0627\u062a \u0637\u0641\u0644\u0643 \u0627\u0644\u0635\u063a\u064a\u0631\u0629.<\/p>\n\n\n\n<p><strong>\u0633\u0647\u0644\u0629 \u0627\u0644\u062a\u0646\u0638\u064a\u0641: <\/strong>\u064a\u062c\u0639\u0644 \u0627\u0644\u0633\u0637\u062d \u0627\u0644\u0623\u0645\u0644\u0633 \u0627\u0644\u0645\u0635\u0646\u0648\u0639 \u0645\u0646 \u0627\u0644\u0641\u0648\u0644\u0627\u0630 \u0627\u0644\u0645\u0642\u0627\u0648\u0645 \u0644\u0644\u0635\u062f\u0623 \u0639\u0645\u0644\u064a\u0629 \u0627\u0644\u062a\u0646\u0638\u064a\u0641 \u0633\u0647\u0644\u0629 \u0648\u0645\u062b\u0627\u0644\u064a\u0629 \u0644\u0644\u0622\u0628\u0627\u0621 \u0627\u0644\u0645\u0634\u063a\u0648\u0644\u064a\u0646.<\/p>\n\n\n\n<p><strong>\u062d\u062c\u0645 \u0645\u062b\u0627\u0644\u064a: <\/strong>\u0628\u062d\u062c\u0645 16.5 \u00d7 18.5 \u00d7 18.5 \u00d7 4 \u0633\u0645\u060c \u0647\u0630\u0627 \u0627\u0644\u0637\u0628\u0642 \u0645\u062b\u0627\u0644\u064a \u0644\u062a\u0642\u062f\u064a\u0645 \u0627\u0644\u062d\u0635\u0635 \u0627\u0644\u0645\u0646\u0627\u0633\u0628\u0629 \u0644\u0644\u0623\u0637\u0641\u0627\u0644.<\/p>\n<\/div>\n\n\n\n<div class=\"wp-block-column is-layout-flow wp-block-column-is-layout-flow\">\n<div class=\"wp-block-columns is-layout-flex wp-container-core-columns-is-layout-9d6595d7 wp-block-columns-is-layout-flex\">\n<div class=\"wp-block-column is-layout-flow wp-block-column-is-layout-flow\">\n<figure class=\"wp-block-image size-full\"><img decoding=\"async\" width=\"800\" height=\"800\" src=\"https:\/\/www.yongyukitchenware.com\/wp-content\/uploads\/2026\/03\/Custom-Stainless-Steel-Baby-Bowl-6.webp\" alt=\"\u0648\u0639\u0627\u0621 \u0627\u0644\u0623\u0637\u0641\u0627\u0644 \u0627\u0644\u0645\u0635\u0646\u0648\u0639 \u0645\u0646 \u0627\u0644\u0641\u0648\u0644\u0627\u0630 \u0627\u0644\u0645\u0642\u0627\u0648\u0645 \u0644\u0644\u0635\u062f\u0623 -6 \u0627\u0644\u0645\u062e\u0635\u0635\" class=\"wp-image-5226\" srcset=\"https:\/\/www.yongyukitchenware.com\/wp-content\/uploads\/2026\/03\/Custom-Stainless-Steel-Baby-Bowl-6.webp 800w, https:\/\/www.yongyukitchenware.com\/wp-content\/uploads\/2026\/03\/Custom-Stainless-Steel-Baby-Bowl-6-300x300.webp 300w, https:\/\/www.yongyukitchenware.com\/wp-content\/uploads\/2026\/03\/Custom-Stainless-Steel-Baby-Bowl-6-150x150.webp 150w, https:\/\/www.yongyukitchenware.com\/wp-content\/uploads\/2026\/03\/Custom-Stainless-Steel-Baby-Bowl-6-768x768.webp 768w, https:\/\/www.yongyukitchenware.com\/wp-content\/uploads\/2026\/03\/Custom-Stainless-Steel-Baby-Bowl-6-12x12.webp 12w, https:\/\/www.yongyukitchenware.com\/wp-content\/uploads\/2026\/03\/Custom-Stainless-Steel-Baby-Bowl-6-600x600.webp 600w, https:\/\/www.yongyukitchenware.com\/wp-content\/uploads\/2026\/03\/Custom-Stainless-Steel-Baby-Bowl-6-100x100.webp 100w\" sizes=\"(max-width: 800px) 100vw, 800px\" \/><\/figure>\n<\/div>\n<\/div>\n\n\n\n<div class=\"wp-block-columns is-layout-flex wp-container-core-columns-is-layout-9d6595d7 wp-block-columns-is-layout-flex\">\n<div class=\"wp-block-column is-layout-flow wp-block-column-is-layout-flow\">\n<figure class=\"wp-block-image size-full\"><img decoding=\"async\" width=\"800\" height=\"800\" src=\"https:\/\/www.yongyukitchenware.com\/wp-content\/uploads\/2026\/03\/Custom-Stainless-Steel-Baby-Bowl-2.webp\" alt=\"\u0648\u0639\u0627\u0621 \u0627\u0644\u0623\u0637\u0641\u0627\u0644 \u0627\u0644\u0645\u0635\u0646\u0648\u0639 \u0645\u0646 \u0627\u0644\u0641\u0648\u0644\u0627\u0630 \u0627\u0644\u0645\u0642\u0627\u0648\u0645 \u0644\u0644\u0635\u062f\u0623 -2 \u0627\u0644\u0645\u062e\u0635\u0635 \u0644\u0644\u0637\u0641\u0644 -2\" class=\"wp-image-5222\" srcset=\"https:\/\/www.yongyukitchenware.com\/wp-content\/uploads\/2026\/03\/Custom-Stainless-Steel-Baby-Bowl-2.webp 800w, https:\/\/www.yongyukitchenware.com\/wp-content\/uploads\/2026\/03\/Custom-Stainless-Steel-Baby-Bowl-2-300x300.webp 300w, https:\/\/www.yongyukitchenware.com\/wp-content\/uploads\/2026\/03\/Custom-Stainless-Steel-Baby-Bowl-2-150x150.webp 150w, https:\/\/www.yongyukitchenware.com\/wp-content\/uploads\/2026\/03\/Custom-Stainless-Steel-Baby-Bowl-2-768x768.webp 768w, https:\/\/www.yongyukitchenware.com\/wp-content\/uploads\/2026\/03\/Custom-Stainless-Steel-Baby-Bowl-2-12x12.webp 12w, https:\/\/www.yongyukitchenware.com\/wp-content\/uploads\/2026\/03\/Custom-Stainless-Steel-Baby-Bowl-2-600x600.webp 600w, https:\/\/www.yongyukitchenware.com\/wp-content\/uploads\/2026\/03\/Custom-Stainless-Steel-Baby-Bowl-2-100x100.webp 100w\" sizes=\"(max-width: 800px) 100vw, 800px\" \/><\/figure>\n<\/div>\n<\/div>\n<\/div>\n<\/div>\n\n\n\n<p><\/p>","protected":false},"excerpt":{"rendered":"<p>\u064a\u0623\u062a\u064a \u0647\u0630\u0627 \u0627\u0644\u0637\u0628\u0642 \u0627\u0644\u0645\u0635\u0646\u0648\u0639 \u0645\u0646 \u0627\u0644\u0641\u0648\u0644\u0627\u0630 \u0627\u0644\u0645\u0642\u0627\u0648\u0645 \u0644\u0644\u0635\u062f\u0623 \u0644\u0644\u0623\u0637\u0641\u0627\u0644 \u0628\u0640 3 \u062a\u0635\u0627\u0645\u064a\u0645 \u0643\u0631\u062a\u0648\u0646\u064a\u0629 \u0644\u0637\u064a\u0641\u0629 \u0645\u0645\u0627 \u064a\u062c\u0639\u0644 \u0648\u0642\u062a \u062a\u0646\u0627\u0648\u0644 \u0627\u0644\u0637\u0639\u0627\u0645 \u0645\u0645\u062a\u0639\u0627\u064b \u0644\u0644\u0623\u0637\u0641\u0627\u0644. \u0628\u0641\u0636\u0644 \u0633\u0637\u062d\u0647 \u0627\u0644\u0645\u062a\u064a\u0646 \u0648\u0633\u0647\u0644 \u0627\u0644\u062a\u0646\u0638\u064a\u0641\u060c \u0641\u0647\u0648 \u0645\u062b\u0627\u0644\u064a \u0644\u0644\u0627\u0633\u062a\u062e\u062f\u0627\u0645 \u0627\u0644\u064a\u0648\u0645\u064a. \u0627\u0633\u062a\u0641\u062f \u0645\u0646 \u0627\u0644\u062c\u0648\u062f\u0629 \u0627\u0644\u0639\u0627\u0644\u064a\u0629 \u0648\u0627\u0644\u062e\u064a\u0627\u0631\u0627\u062a \u0627\u0644\u0642\u0627\u0628\u0644\u0629 \u0644\u0644\u062a\u062e\u0635\u064a\u0635 \u0648\u0627\u0644\u062e\u062f\u0645\u0629 \u0627\u0644\u0641\u0639\u0627\u0644\u0629.<\/p>\n<h2 style=\"text-align: left\">\u0645\u0639\u0644\u0645\u0629 \u0648\u0639\u0627\u0621 \u0623\u0637\u0641\u0627\u0644 \u0645\u062e\u0635\u0635 \u0644\u0644\u0623\u0637\u0641\u0627\u0644 \u0645\u0646 \u0627\u0644\u0641\u0648\u0644\u0627\u0630 \u0627\u0644\u0645\u0642\u0627\u0648\u0645 \u0644\u0644\u0635\u062f\u0623:<\/h2>\n<p style=\"text-align: left\"><strong>\u0627\u0644\u0645\u0627\u062f\u0629:<\/strong> \u0627\u0644\u0641\u0648\u0644\u0627\u0630 \u0627\u0644\u0645\u0642\u0627\u0648\u0645 \u0644\u0644\u0635\u062f\u0623<br \/><strong>\u0627\u0644\u062d\u062c\u0645:<\/strong> 16.5 * 18.5 * 4 \u0633\u0645<br \/><strong>\u0627\u0644\u0648\u0632\u0646:<\/strong> 105g<br \/><strong>\u0627\u0644\u062a\u0639\u0628\u0626\u0629: <\/strong>\u062d\u0642\u064a\u0628\u0629 \u0648\u0639\u0644\u0628\u0629 \u0643\u0631\u062a\u0648\u0646\u064a\u0629<br \/><strong>OEM\/ODM:<\/strong> \u0645\u062a\u0648\u0641\u0631\u0629<\/p>\n<h2 class=\"wp-block-heading\">\u0645\u0646 \u064a\u0648\u0646\u063a\u064a\u0648 \u0644\u062a\u062c\u0627\u0631\u0629 \u0623\u062f\u0648\u0627\u062a \u0627\u0644\u0645\u0627\u0626\u062f\u0629 \u0628\u0627\u0644\u062c\u0645\u0644\u0629:<\/h2>\n<p>\u062a\u0633\u062a\u0637\u064a\u0639 \u0634\u0631\u0643\u0629 Yongyu \u0644\u062a\u062c\u0627\u0631\u0629 \u0623\u062f\u0648\u0627\u062a \u0627\u0644\u0645\u0627\u0626\u062f\u0629 \u0628\u0627\u0644\u062c\u0645\u0644\u0629 \u062a\u0644\u0628\u064a\u0629 \u0627\u062d\u062a\u064a\u0627\u062c\u0627\u062a \u0627\u0644\u062a\u062e\u0635\u064a\u0635 \u0628\u0627\u0644\u062c\u0645\u0644\u0629 \u0648\u062a\u0648\u0641\u064a\u0631 \u0633\u0644\u0633\u0644\u0629 \u0644\u0648\u0627\u0632\u0645 \u062a\u0642\u062f\u064a\u0645 \u0627\u0644\u0637\u0639\u0627\u0645 \u0628\u0627\u0644\u062c\u0645\u0644\u0629 \u0639\u0627\u0644\u064a\u0629 \u0627\u0644\u062c\u0648\u062f\u0629 \u0627\u0644\u062a\u064a \u062a\u062c\u0645\u0639 \u0628\u064a\u0646 \u0627\u0644\u0623\u0646\u0627\u0642\u0629 \u0648\u0627\u0644\u0645\u062a\u0627\u0646\u0629. \u0628\u0645\u0627 \u0641\u064a \u0630\u0644\u0643 \u0623\u062f\u0648\u0627\u062a \u0627\u0644\u0645\u0627\u0626\u062f\u0629\u060c \u0648\u0623\u062f\u0648\u0627\u062a \u0627\u0644\u0634\u0631\u0627\u0628\u060c \u0648\u0645\u0639\u062f\u0627\u062a \u062a\u0642\u062f\u064a\u0645 \u0627\u0644\u0637\u0639\u0627\u0645\u060c \u0648\u0623\u062f\u0648\u0627\u062a \u0627\u0644\u0645\u0637\u0628\u062e\u060c \u0648\u0645\u0633\u062a\u0644\u0632\u0645\u0627\u062a \u0645\u0637\u0628\u062e \u0627\u0644\u0645\u0639\u0633\u0643\u0631\u060c \u0625\u0644\u062e.<\/p>","protected":false},"featured_media":5221,"comment_status":"closed","ping_status":"closed","template":"","meta":{"_acf_changed":false},"application":[30],"product_brand":[],"product_cat":[21,47],"product_tag":[43],"class_list":{"0":"post-5220","1":"product","2":"type-product","3":"status-publish","4":"has-post-thumbnail","6":"application-hotel-catering","7":"product_cat-tableware-wholesale","8":"product_cat-stainless-steel-bowls-wholesale","9":"product_tag-recommend","11":"first","12":"instock","13":"shipping-taxable","14":"product-type-simple"},"acf":[],"_links":{"self":[{"href":"https:\/\/www.yongyukitchenware.com\/ar\/wp-json\/wp\/v2\/product\/5220","targetHints":{"allow":["GET"]}}],"collection":[{"href":"https:\/\/www.yongyukitchenware.com\/ar\/wp-json\/wp\/v2\/product"}],"about":[{"href":"https:\/\/www.yongyukitchenware.com\/ar\/wp-json\/wp\/v2\/types\/product"}],"replies":[{"embeddable":true,"href":"https:\/\/www.yongyukitchenware.com\/ar\/wp-json\/wp\/v2\/comments?post=5220"}],"wp:featuredmedia":[{"embeddable":true,"href":"https:\/\/www.yongyukitchenware.com\/ar\/wp-json\/wp\/v2\/media\/5221"}],"wp:attachment":[{"href":"https:\/\/www.yongyukitchenware.com\/ar\/wp-json\/wp\/v2\/media?parent=5220"}],"wp:term":[{"taxonomy":"application","embeddable":true,"href":"https:\/\/www.yongyukitchenware.com\/ar\/wp-json\/wp\/v2\/application?post=5220"},{"taxonomy":"product_brand","embeddable":true,"href":"https:\/\/www.yongyukitchenware.com\/ar\/wp-json\/wp\/v2\/product_brand?post=5220"},{"taxonomy":"product_cat","embeddable":true,"href":"https:\/\/www.yongyukitchenware.com\/ar\/wp-json\/wp\/v2\/product_cat?post=5220"},{"taxonomy":"product_tag","embeddable":true,"href":"https:\/\/www.yongyukitchenware.com\/ar\/wp-json\/wp\/v2\/product_tag?post=5220"}],"curies":[{"name":"\u062f\u0628\u0644\u064a\u0648 \u0628\u064a","href":"https:\/\/api.w.org\/{rel}","templated":true}]}}