{"id":1000,"date":"2024-09-29T17:41:36","date_gmt":"2024-09-29T17:41:36","guid":{"rendered":"https:\/\/www.yongyukitchenware.com\/?post_type=product&#038;p=1000"},"modified":"2025-06-26T03:05:37","modified_gmt":"2025-06-26T03:05:37","slug":"vacuum-jug-wholesale","status":"publish","type":"product","link":"https:\/\/www.yongyukitchenware.com\/de\/produkt\/vacuum-jug-wholesale\/","title":{"rendered":"Gro\u00dfhandel Isolierkanne 1,5 L &amp; 2,0 L Edelstahl-Kaffeekessel"},"content":{"rendered":"<div class=\"wp-block-columns is-layout-flex wp-container-core-columns-is-layout-9d6595d7 wp-block-columns-is-layout-flex\">\n<div class=\"wp-block-column is-layout-flow wp-block-column-is-layout-flow\">\n<h2 class=\"wp-block-heading\">Isolierkanne Merkmale:<\/h2>\n\n\n\n<p><strong>Hochwertiger rostfreier Stahl:<\/strong> Edelstahl ist verf\u00fcgbar 201\/304, Dickes Material, sichert die Qualit\u00e4t<br><strong>Kann die W\u00e4rme 24 Stunden lang halten: <\/strong>Vakuum-W\u00e4rmeerhaltung Design, effektiv verl\u00e4ngert die Haltezeit, bis zu 24 Stunden.<br><strong>Bequemer Griff:<\/strong> Unser Gro\u00dfhandel hei\u00dfes Wasser Thermoskanne hat einen gebogenen Griff, bequem zu halten, sparen Sie M\u00fche, und nicht sperrig<br><strong>Staubgesch\u00fctzte Abdeckung:<\/strong> Der Deckel unserer Gro\u00dfhandels-Thermoskanne f\u00fcr hei\u00dfes Wasser ist versiegelt und staubdicht, so dass er nicht leicht zu versch\u00fctten ist. Dr\u00fccken Sie zum \u00d6ffnen, einfach zu bedienen<br><strong>Gie\u00dfen Sie das Wasser gleichm\u00e4\u00dfig ein:<\/strong> Adlerf\u00f6rmige T\u00fclle, gie\u00dft das Wasser gleichm\u00e4\u00dfig aus, gro\u00dfes Kaliber, leicht zu reinigen<br>Anti-Rutsch-Boden: Der Boden unserer Gro\u00dfhandel Hei\u00dfwasser Thermoskanne ist konkav und rutschfest, mit glatten Platzierung, langlebig<\/p>\n\n\n\n<div class=\"wp-block-group is-vertical is-layout-flex wp-container-core-group-is-layout-8cf370e7 wp-block-group-is-layout-flex\">\n<h2 class=\"wp-block-heading\">Isolierkanne Gr\u00f6\u00dfe:<\/h2>\n\n\n\n<figure class=\"wp-block-table\"><table class=\"has-fixed-layout\"><tbody><tr><td>Modell<\/td><td>Gr\u00f6\u00dfe<\/td><td>Durchmesser * H\u00f6he (cm)<\/td><td>MOQ<\/td><\/tr><tr><td rowspan=\"2\">DY005-SH<\/td><td>1.5L<\/td><td>13,5*24cm<\/td><td rowspan=\"2\">24 STCK.<\/td><\/tr><tr><td>2.0L<\/td><td>13*30cm<\/td><\/tr><\/tbody><\/table><\/figure>\n<\/div>\n<\/div>\n\n\n\n<div class=\"wp-block-column is-layout-flow wp-block-column-is-layout-flow\">\n<div class=\"wp-block-columns is-layout-flex wp-container-core-columns-is-layout-9d6595d7 wp-block-columns-is-layout-flex\">\n<div class=\"wp-block-column is-layout-flow wp-block-column-is-layout-flow\">\n<figure class=\"wp-block-image size-full\"><img decoding=\"async\" width=\"800\" height=\"800\" src=\"https:\/\/www.yongyukitchenware.com\/wp-content\/uploads\/2024\/09\/Wholesale-Hot-Water-Thermos-Flask-3.webp\" alt=\"Gro\u00dfhandel Hei\u00dfwasser Thermosflasche 3\" class=\"wp-image-1027\" srcset=\"https:\/\/www.yongyukitchenware.com\/wp-content\/uploads\/2024\/09\/Wholesale-Hot-Water-Thermos-Flask-3.webp 800w, https:\/\/www.yongyukitchenware.com\/wp-content\/uploads\/2024\/09\/Wholesale-Hot-Water-Thermos-Flask-3-300x300.webp 300w, https:\/\/www.yongyukitchenware.com\/wp-content\/uploads\/2024\/09\/Wholesale-Hot-Water-Thermos-Flask-3-150x150.webp 150w, https:\/\/www.yongyukitchenware.com\/wp-content\/uploads\/2024\/09\/Wholesale-Hot-Water-Thermos-Flask-3-768x768.webp 768w, https:\/\/www.yongyukitchenware.com\/wp-content\/uploads\/2024\/09\/Wholesale-Hot-Water-Thermos-Flask-3-600x600.webp 600w, https:\/\/www.yongyukitchenware.com\/wp-content\/uploads\/2024\/09\/Wholesale-Hot-Water-Thermos-Flask-3-100x100.webp 100w\" sizes=\"(max-width: 800px) 100vw, 800px\" \/><\/figure>\n<\/div>\n<\/div>\n\n\n\n<div class=\"wp-block-columns is-layout-flex wp-container-core-columns-is-layout-9d6595d7 wp-block-columns-is-layout-flex\">\n<div class=\"wp-block-column is-layout-flow wp-block-column-is-layout-flow\"><\/div>\n\n\n\n<div class=\"wp-block-column is-layout-flow wp-block-column-is-layout-flow\"><\/div>\n<\/div>\n<\/div>\n<\/div>\n\n\n\n<p><\/p>","protected":false},"excerpt":{"rendered":"<p>Unsere Gro\u00dfhandels-Vakuumkanne ist mit einem Fassungsverm\u00f6gen von 1,5 l und 2,0 l erh\u00e4ltlich und verf\u00fcgt \u00fcber eine Vakuum-Isolierungstechnologie aus Edelstahl, die Ihre Getr\u00e4nke lange Zeit auf der idealen Temperatur h\u00e4lt. Das ergonomische Design macht es bequem und praktisch zu bedienen, so dass es f\u00fcr zu Hause, im B\u00fcro und Catering-Service geeignet ist, und Sie k\u00f6nnen Rabatte genie\u00dfen, wenn in gro\u00dfen Mengen kaufen.<\/p>\n<h2 style=\"text-align: left\">Isolierkanne Parameter:<\/h2>\n<p style=\"text-align: left\"><strong>Material:<\/strong> Rostfreier Stahl<br \/><strong>Farbe:<\/strong>\u00a0 silber, gold, rot, gelb, oder nach Kundenwunsch<br \/><strong>Verschiedene Gr\u00f6\u00dfen verf\u00fcgbar:<\/strong> 1.5 L&amp; 2.0L<br \/><strong>Verpacken: <\/strong>Opp-Beutel und -Karton<br \/><strong>OEM\/ODM:<\/strong> Verf\u00fcgbar<\/p>\n<h2 class=\"wp-block-heading\">Von Yongyu Drinkware Hersteller :<\/h2>\n<p>Yongyu, der Hersteller von Gastronomiebedarf, bietet eine breite Palette an Gro\u00dfhandels- und Sonderserien f\u00fcr Getr\u00e4nke an und konzentriert sich dabei auf die Langlebigkeit der Produkte, die W\u00e4rmed\u00e4mmung und die Bereitstellung hochwertiger und wirtschaftlicher Beschaffungsl\u00f6sungen f\u00fcr globale Kunden.<\/p>","protected":false},"featured_media":1025,"comment_status":"closed","ping_status":"closed","template":"","meta":{"_acf_changed":false},"application":[30],"product_brand":[],"product_cat":[20,54,49],"product_tag":[],"class_list":{"0":"post-1000","1":"product","2":"type-product","3":"status-publish","4":"has-post-thumbnail","6":"application-hotel-catering","7":"product_cat-wholesale-drinkware","8":"product_cat-stainless-steel-coffee-pot-wholesale","9":"product_cat-stainless-steel-kettle-wholesale","11":"first","12":"instock","13":"shipping-taxable","14":"product-type-simple"},"acf":[],"_links":{"self":[{"href":"https:\/\/www.yongyukitchenware.com\/de\/wp-json\/wp\/v2\/product\/1000","targetHints":{"allow":["GET"]}}],"collection":[{"href":"https:\/\/www.yongyukitchenware.com\/de\/wp-json\/wp\/v2\/product"}],"about":[{"href":"https:\/\/www.yongyukitchenware.com\/de\/wp-json\/wp\/v2\/types\/product"}],"replies":[{"embeddable":true,"href":"https:\/\/www.yongyukitchenware.com\/de\/wp-json\/wp\/v2\/comments?post=1000"}],"wp:featuredmedia":[{"embeddable":true,"href":"https:\/\/www.yongyukitchenware.com\/de\/wp-json\/wp\/v2\/media\/1025"}],"wp:attachment":[{"href":"https:\/\/www.yongyukitchenware.com\/de\/wp-json\/wp\/v2\/media?parent=1000"}],"wp:term":[{"taxonomy":"application","embeddable":true,"href":"https:\/\/www.yongyukitchenware.com\/de\/wp-json\/wp\/v2\/application?post=1000"},{"taxonomy":"product_brand","embeddable":true,"href":"https:\/\/www.yongyukitchenware.com\/de\/wp-json\/wp\/v2\/product_brand?post=1000"},{"taxonomy":"product_cat","embeddable":true,"href":"https:\/\/www.yongyukitchenware.com\/de\/wp-json\/wp\/v2\/product_cat?post=1000"},{"taxonomy":"product_tag","embeddable":true,"href":"https:\/\/www.yongyukitchenware.com\/de\/wp-json\/wp\/v2\/product_tag?post=1000"}],"curies":[{"name":"wp","href":"https:\/\/api.w.org\/{rel}","templated":true}]}}