{"id":1034,"date":"2024-09-29T17:52:28","date_gmt":"2024-09-29T17:52:28","guid":{"rendered":"https:\/\/www.yongyukitchenware.com\/?post_type=product&#038;p=1034"},"modified":"2025-07-10T10:11:16","modified_gmt":"2025-07-10T10:11:16","slug":"thermos-kettle-wholesale","status":"publish","type":"product","link":"https:\/\/www.yongyukitchenware.com\/de\/produkt\/thermos-kettle-wholesale\/","title":{"rendered":"Gro\u00dfhandel Edelstahl Thermoskanne Kettle Roman farbenfroh"},"content":{"rendered":"<div class=\"wp-block-columns is-layout-flex wp-container-core-columns-is-layout-9d6595d7 wp-block-columns-is-layout-flex\">\n<div class=\"wp-block-column is-layout-flow wp-block-column-is-layout-flow\">\n<h2 class=\"wp-block-heading\">Thermoskannen-Wasserkocher Merkmale:<\/h2>\n\n\n\n<p><strong>Stilvolles und farbenfrohes Aussehen: <\/strong>Erh\u00e4ltlich in einer Vielzahl von Farben, r\u00f6mischen Stil Design, erh\u00f6ht die Sch\u00f6nheit der Tabelle, geeignet f\u00fcr den Einsatz in verschiedenen Gelegenheiten.<br><strong>Hochwertiges Material aus rostfreiem Stahl: <\/strong>Hergestellt aus hochwertigem Edelstahl, langlebig und rostfrei, f\u00fcr eine lange Lebensdauer und die Sicherheit der Getr\u00e4nke.<br><strong>Effiziente Vakuumisolierung:<\/strong> Die Vakuum-Isolierungstechnologie kann die Temperatur von Getr\u00e4nken f\u00fcr eine lange Zeit halten, geeignet f\u00fcr den ganzt\u00e4gigen Gebrauch, hei\u00df und kalt.<br><strong>Ergonomischer Griff:<\/strong> Das Design unserer Gro\u00dfhandels-Thermoskanne ist ergonomisch, bequem zu halten, glatt und sicher zu gie\u00dfen, und bequem f\u00fcr den t\u00e4glichen Gebrauch.<br><strong>Gro\u00dfhandelsrabatt:<\/strong> Genie\u00dfen Sie Preisnachl\u00e4sse bei Gro\u00dfeink\u00e4ufen, geeignet f\u00fcr Cateringdienste, B\u00fcros und Privathaushalte, mit hoher Kostenleistung.<\/p>\n\n\n\n<div class=\"wp-block-group is-vertical is-layout-flex wp-container-core-group-is-layout-8cf370e7 wp-block-group-is-layout-flex\">\n<h2 class=\"wp-block-heading\">Thermoskannen-Wasserkocher Gr\u00f6\u00dfe:<\/h2>\n\n\n\n<figure class=\"wp-block-table\"><table class=\"has-fixed-layout\"><tbody><tr><td>Modell<\/td><td>Gr\u00f6\u00dfe<\/td><td>Durchmesser * H\u00f6he (cm)<\/td><td>MOQ<\/td><\/tr><tr><td rowspan=\"2\">DY013-SH<\/td><td>1.8L<\/td><td>14*26cm<\/td><td rowspan=\"2\">24 STCK.<\/td><\/tr><tr><td>2.3L<\/td><td>14*29cm<\/td><\/tr><\/tbody><\/table><\/figure>\n<\/div>\n<\/div>\n\n\n\n<div class=\"wp-block-column is-layout-flow wp-block-column-is-layout-flow\">\n<div class=\"wp-block-columns is-layout-flex wp-container-core-columns-is-layout-9d6595d7 wp-block-columns-is-layout-flex\">\n<div class=\"wp-block-column is-layout-flow wp-block-column-is-layout-flow\">\n<figure class=\"wp-block-image size-full\"><img decoding=\"async\" width=\"800\" height=\"800\" src=\"https:\/\/www.yongyukitchenware.com\/wp-content\/uploads\/2024\/09\/Stainless-Steel-Thermos-Kettle-Wholesale-6.webp\" alt=\"Edelstahl Thermoskanne Gro\u00dfhandel 6\" class=\"wp-image-1040\" srcset=\"https:\/\/www.yongyukitchenware.com\/wp-content\/uploads\/2024\/09\/Stainless-Steel-Thermos-Kettle-Wholesale-6.webp 800w, https:\/\/www.yongyukitchenware.com\/wp-content\/uploads\/2024\/09\/Stainless-Steel-Thermos-Kettle-Wholesale-6-300x300.webp 300w, https:\/\/www.yongyukitchenware.com\/wp-content\/uploads\/2024\/09\/Stainless-Steel-Thermos-Kettle-Wholesale-6-150x150.webp 150w, https:\/\/www.yongyukitchenware.com\/wp-content\/uploads\/2024\/09\/Stainless-Steel-Thermos-Kettle-Wholesale-6-768x768.webp 768w, https:\/\/www.yongyukitchenware.com\/wp-content\/uploads\/2024\/09\/Stainless-Steel-Thermos-Kettle-Wholesale-6-600x600.webp 600w, https:\/\/www.yongyukitchenware.com\/wp-content\/uploads\/2024\/09\/Stainless-Steel-Thermos-Kettle-Wholesale-6-100x100.webp 100w\" sizes=\"(max-width: 800px) 100vw, 800px\" \/><\/figure>\n<\/div>\n<\/div>\n\n\n\n<div class=\"wp-block-columns is-layout-flex wp-container-core-columns-is-layout-9d6595d7 wp-block-columns-is-layout-flex\">\n<div class=\"wp-block-column is-layout-flow wp-block-column-is-layout-flow\"><\/div>\n\n\n\n<div class=\"wp-block-column is-layout-flow wp-block-column-is-layout-flow\"><\/div>\n<\/div>\n<\/div>\n<\/div>\n\n\n\n<p><\/p>","protected":false},"excerpt":{"rendered":"<p>Unser Gro\u00dfhandel Thermoskanne verwendet Vakuum-Isolierung Technologie f\u00fcr hervorragende W\u00e4rme Erhaltung Leistung. Der stilvolle r\u00f6mische Stil Design bietet bunte Aussehen Optionen, mit ergonomischen Griffen, bequem f\u00fcr den t\u00e4glichen Gebrauch und geeignet f\u00fcr Catering-Services. Gro\u00dfeink\u00e4ufe k\u00f6nnen Rabatte und High-Cost-Leistung genie\u00dfen.<\/p>\n<h2 style=\"text-align: left;\">Parameter des Thermoskochers<\/h2>\n<p style=\"text-align: left;\"><strong>Material:<\/strong> Rostfreier Stahl<br \/><strong>Farbe:<\/strong>\u00a0 Silber, Gold, Rot, Gelb oder kundenspezifisch<br \/><strong>Verschiedene Gr\u00f6\u00dfen:<\/strong> 1.8 L&amp; 2.3L<br \/><strong>Verpacken: <\/strong>Opp-Beutel und -Karton<br \/><strong>OEM\/ODM:<\/strong> Verf\u00fcgbar<\/p>\n<h2 class=\"wp-block-heading\">Von Yongyu Drinkware Hersteller :<\/h2>\n<p>Yongyu, der Hersteller von Gastronomiebedarf, bietet eine breite Palette an Gro\u00dfhandels- und Sonderserien f\u00fcr Getr\u00e4nke an und konzentriert sich dabei auf die Langlebigkeit der Produkte, die W\u00e4rmed\u00e4mmung und die Bereitstellung hochwertiger und wirtschaftlicher Beschaffungsl\u00f6sungen f\u00fcr globale Kunden.<\/p>","protected":false},"featured_media":1035,"comment_status":"closed","ping_status":"closed","template":"","meta":{"_acf_changed":false},"application":[30],"product_brand":[],"product_cat":[20,54,49],"product_tag":[],"class_list":{"0":"post-1034","1":"product","2":"type-product","3":"status-publish","4":"has-post-thumbnail","6":"application-hotel-catering","7":"product_cat-wholesale-drinkware","8":"product_cat-stainless-steel-coffee-pot-wholesale","9":"product_cat-stainless-steel-kettle-wholesale","11":"first","12":"instock","13":"shipping-taxable","14":"product-type-simple"},"acf":[],"_links":{"self":[{"href":"https:\/\/www.yongyukitchenware.com\/de\/wp-json\/wp\/v2\/product\/1034","targetHints":{"allow":["GET"]}}],"collection":[{"href":"https:\/\/www.yongyukitchenware.com\/de\/wp-json\/wp\/v2\/product"}],"about":[{"href":"https:\/\/www.yongyukitchenware.com\/de\/wp-json\/wp\/v2\/types\/product"}],"replies":[{"embeddable":true,"href":"https:\/\/www.yongyukitchenware.com\/de\/wp-json\/wp\/v2\/comments?post=1034"}],"wp:featuredmedia":[{"embeddable":true,"href":"https:\/\/www.yongyukitchenware.com\/de\/wp-json\/wp\/v2\/media\/1035"}],"wp:attachment":[{"href":"https:\/\/www.yongyukitchenware.com\/de\/wp-json\/wp\/v2\/media?parent=1034"}],"wp:term":[{"taxonomy":"application","embeddable":true,"href":"https:\/\/www.yongyukitchenware.com\/de\/wp-json\/wp\/v2\/application?post=1034"},{"taxonomy":"product_brand","embeddable":true,"href":"https:\/\/www.yongyukitchenware.com\/de\/wp-json\/wp\/v2\/product_brand?post=1034"},{"taxonomy":"product_cat","embeddable":true,"href":"https:\/\/www.yongyukitchenware.com\/de\/wp-json\/wp\/v2\/product_cat?post=1034"},{"taxonomy":"product_tag","embeddable":true,"href":"https:\/\/www.yongyukitchenware.com\/de\/wp-json\/wp\/v2\/product_tag?post=1034"}],"curies":[{"name":"wp","href":"https:\/\/api.w.org\/{rel}","templated":true}]}}