{"id":1042,"date":"2024-09-28T16:49:56","date_gmt":"2024-09-28T16:49:56","guid":{"rendered":"https:\/\/www.yongyukitchenware.com\/?post_type=product&#038;p=1042"},"modified":"2025-06-26T02:51:17","modified_gmt":"2025-06-26T02:51:17","slug":"insulated-jug-wholesale","status":"publish","type":"product","link":"https:\/\/www.yongyukitchenware.com\/de\/produkt\/insulated-jug-wholesale\/","title":{"rendered":"Gro\u00dfhandel Edelstahl isolierte Kanne 1,2 L &amp; 1,5 L bunten Kaffee Wasserkocher"},"content":{"rendered":"<div class=\"wp-block-columns is-layout-flex wp-container-core-columns-is-layout-9d6595d7 wp-block-columns-is-layout-flex\">\n<div class=\"wp-block-column is-layout-flow wp-block-column-is-layout-flow\">\n<h2 class=\"wp-block-heading\">Isolierkanne Merkmale:<\/h2>\n\n\n\n<p><strong>Mehrere Kapazit\u00e4tsoptionen:<\/strong> 1.2L und 1.5L sind erh\u00e4ltlich, um den Bed\u00fcrfnissen verschiedener Anl\u00e4sse gerecht zu werden und die Verwendung zu Hause, im B\u00fcro oder in der Gastronomie zu erm\u00f6glichen.<br><strong>Hochwertiges Material aus rostfreiem Stahl: <\/strong>Hergestellt aus hochwertigem, lebensmittelechtem Edelstahl, langlebig und rostfrei, f\u00fcr Sicherheit und Hygiene.<br><strong>Buntes Erscheinungsbild Design:<\/strong> Es sind verschiedene leuchtende Farben erh\u00e4ltlich, und das Aussehen ist modisch und f\u00fcr verschiedene Umgebungen geeignet.<br><strong>Effiziente Isolierleistung:<\/strong> Die Vakuumisolierung sorgt daf\u00fcr, dass hei\u00dfes Wasser oder Getr\u00e4nke lange warm bleiben, und ist f\u00fcr den t\u00e4glichen Gebrauch geeignet.<br><strong>Ergonomischer Griff: <\/strong>Der Griff ist ergonomisch geformt, liegt bequem in der Hand, ist rutschfest und sicher und erleichtert das Ausgie\u00dfen.<br><strong>Gro\u00dfhandelsrabatt:<\/strong> Profitieren Sie von Preisnachl\u00e4ssen bei Gro\u00dfeink\u00e4ufen, z. B. in der Gastronomie und in Hotels.<\/p>\n\n\n\n<div class=\"wp-block-group is-vertical is-layout-flex wp-container-core-group-is-layout-8cf370e7 wp-block-group-is-layout-flex\">\n<h2 class=\"wp-block-heading\">Isolierte Kanne Gr\u00f6\u00dfe:<\/h2>\n\n\n\n<figure class=\"wp-block-table\"><table class=\"has-fixed-layout\"><tbody><tr><td>Modell<\/td><td>Gr\u00f6\u00dfe<\/td><td>Durchmesser* H\u00f6he (cm)<\/td><td>MOQ<\/td><\/tr><tr><td rowspan=\"2\">DY005-SH<\/td><td>1.2L<\/td><td>14,3*26,5cm<\/td><td rowspan=\"2\">24 STCK.<\/td><\/tr><tr><td>1.5L<\/td><td>14,3*31,5cm<\/td><\/tr><\/tbody><\/table><\/figure>\n<\/div>\n<\/div>\n\n\n\n<div class=\"wp-block-column is-layout-flow wp-block-column-is-layout-flow\">\n<div class=\"wp-block-columns is-layout-flex wp-container-core-columns-is-layout-9d6595d7 wp-block-columns-is-layout-flex\">\n<div class=\"wp-block-column is-layout-flow wp-block-column-is-layout-flow\">\n<figure class=\"wp-block-image size-full\"><img decoding=\"async\" width=\"800\" height=\"800\" src=\"https:\/\/www.yongyukitchenware.com\/wp-content\/uploads\/2024\/09\/Insulated-Kettle-Wholesale-1.webp\" alt=\"Isolierter Wasserkocher Gro\u00dfhandel 1\" class=\"wp-image-1043\" srcset=\"https:\/\/www.yongyukitchenware.com\/wp-content\/uploads\/2024\/09\/Insulated-Kettle-Wholesale-1.webp 800w, https:\/\/www.yongyukitchenware.com\/wp-content\/uploads\/2024\/09\/Insulated-Kettle-Wholesale-1-300x300.webp 300w, https:\/\/www.yongyukitchenware.com\/wp-content\/uploads\/2024\/09\/Insulated-Kettle-Wholesale-1-150x150.webp 150w, https:\/\/www.yongyukitchenware.com\/wp-content\/uploads\/2024\/09\/Insulated-Kettle-Wholesale-1-768x768.webp 768w, https:\/\/www.yongyukitchenware.com\/wp-content\/uploads\/2024\/09\/Insulated-Kettle-Wholesale-1-600x600.webp 600w, https:\/\/www.yongyukitchenware.com\/wp-content\/uploads\/2024\/09\/Insulated-Kettle-Wholesale-1-100x100.webp 100w\" sizes=\"(max-width: 800px) 100vw, 800px\" \/><\/figure>\n<\/div>\n<\/div>\n\n\n\n<div class=\"wp-block-columns is-layout-flex wp-container-core-columns-is-layout-9d6595d7 wp-block-columns-is-layout-flex\">\n<div class=\"wp-block-column is-layout-flow wp-block-column-is-layout-flow\"><\/div>\n\n\n\n<div class=\"wp-block-column is-layout-flow wp-block-column-is-layout-flow\"><\/div>\n<\/div>\n<\/div>\n<\/div>\n\n\n\n<p><\/p>","protected":false},"excerpt":{"rendered":"<p>Fabrikpreis Gro\u00dfhandel Thermoskanne, Vakuum-Isolierung Design, mehrere Farboptionen, ergonomischer Griff, einfach zu bedienen, geeignet f\u00fcr Wasser und Kaffee. Kooperieren Sie mit uns und genie\u00dfen Sie Rabatte auf Gro\u00dfauftr\u00e4ge.<\/p>\n<h2 style=\"text-align: left\">Isolierkanne Parameter:\u00a0<\/h2>\n<p style=\"text-align: left\"><strong>Material:<\/strong> Rostfreier Stahl<br \/><strong>Farbe:<\/strong>\u00a0 Silber, Gold, Rot, Gelb oder individuell<br \/><strong>Verschiedene Gr\u00f6\u00dfen:<\/strong> 1.2 L&amp; 1.5L<br \/><strong>Verpacken: <\/strong>Farbkasten, Hauptkasten<br \/><strong>OEM\/ODM:<\/strong> Verf\u00fcgbar<\/p>\n<h2 class=\"wp-block-heading\">Von Yongyu Drinkware Hersteller :<\/h2>\n<p>Yongyu, der Hersteller von Gastronomiebedarf, bietet eine breite Palette an Gro\u00dfhandels- und Sonderserien f\u00fcr Getr\u00e4nke an und konzentriert sich dabei auf die Langlebigkeit der Produkte, die W\u00e4rmed\u00e4mmung und die Bereitstellung hochwertiger und wirtschaftlicher Beschaffungsl\u00f6sungen f\u00fcr globale Kunden.<\/p>","protected":false},"featured_media":1049,"comment_status":"closed","ping_status":"closed","template":"","meta":{"_acf_changed":true},"application":[30],"product_brand":[],"product_cat":[20,54,49],"product_tag":[],"class_list":{"0":"post-1042","1":"product","2":"type-product","3":"status-publish","4":"has-post-thumbnail","6":"application-hotel-catering","7":"product_cat-wholesale-drinkware","8":"product_cat-stainless-steel-coffee-pot-wholesale","9":"product_cat-stainless-steel-kettle-wholesale","11":"first","12":"instock","13":"shipping-taxable","14":"product-type-simple"},"acf":[],"_links":{"self":[{"href":"https:\/\/www.yongyukitchenware.com\/de\/wp-json\/wp\/v2\/product\/1042","targetHints":{"allow":["GET"]}}],"collection":[{"href":"https:\/\/www.yongyukitchenware.com\/de\/wp-json\/wp\/v2\/product"}],"about":[{"href":"https:\/\/www.yongyukitchenware.com\/de\/wp-json\/wp\/v2\/types\/product"}],"replies":[{"embeddable":true,"href":"https:\/\/www.yongyukitchenware.com\/de\/wp-json\/wp\/v2\/comments?post=1042"}],"wp:featuredmedia":[{"embeddable":true,"href":"https:\/\/www.yongyukitchenware.com\/de\/wp-json\/wp\/v2\/media\/1049"}],"wp:attachment":[{"href":"https:\/\/www.yongyukitchenware.com\/de\/wp-json\/wp\/v2\/media?parent=1042"}],"wp:term":[{"taxonomy":"application","embeddable":true,"href":"https:\/\/www.yongyukitchenware.com\/de\/wp-json\/wp\/v2\/application?post=1042"},{"taxonomy":"product_brand","embeddable":true,"href":"https:\/\/www.yongyukitchenware.com\/de\/wp-json\/wp\/v2\/product_brand?post=1042"},{"taxonomy":"product_cat","embeddable":true,"href":"https:\/\/www.yongyukitchenware.com\/de\/wp-json\/wp\/v2\/product_cat?post=1042"},{"taxonomy":"product_tag","embeddable":true,"href":"https:\/\/www.yongyukitchenware.com\/de\/wp-json\/wp\/v2\/product_tag?post=1042"}],"curies":[{"name":"wp","href":"https:\/\/api.w.org\/{rel}","templated":true}]}}