{"id":1116,"date":"2024-09-29T09:12:40","date_gmt":"2024-09-29T09:12:40","guid":{"rendered":"https:\/\/www.yongyukitchenware.com\/?post_type=product&#038;p=1116"},"modified":"2025-06-26T03:00:12","modified_gmt":"2025-06-26T03:00:12","slug":"buffet-chafing-set-wholesale","status":"publish","type":"product","link":"https:\/\/www.yongyukitchenware.com\/de\/produkt\/buffet-chafing-set-wholesale\/","title":{"rendered":"Gro\u00dfhandel Buffet Chafing Set mit einem PC-Deckel f\u00fcr Catering"},"content":{"rendered":"<div class=\"wp-block-columns is-layout-flex wp-container-core-columns-is-layout-9d6595d7 wp-block-columns-is-layout-flex\">\n<div class=\"wp-block-column is-layout-flow wp-block-column-is-layout-flow\">\n<h2 class=\"wp-block-heading\">Buffet Chafing Set Parameter:<\/h2>\n\n\n\n<figure class=\"wp-block-table\"><table class=\"has-fixed-layout\"><tbody><tr><td>Modell<\/td><td>Deckel<\/td><td>Durchmesser* H\u00f6he (cm)<\/td><td>Fassungsverm\u00f6gen (l)<\/td><td>Gewicht(kg)<\/td><td>MOQ<\/td><\/tr><tr><td rowspan=\"2\">DY005-CL<\/td><td rowspan=\"2\">PC-Deckel<\/td><td>57*37*32<\/td><td rowspan=\"2\">9<\/td><td>7.9<\/td><td rowspan=\"2\">2PCS<\/td><\/tr><tr><td>57*37*39<\/td><td>8.2<\/td><\/tr><\/tbody><\/table><\/figure>\n<\/div>\n\n\n\n<div class=\"wp-block-column is-layout-flow wp-block-column-is-layout-flow\">\n<h2 class=\"wp-block-heading\">Buffet Chafing Set Merkmale:<\/h2>\n\n\n\n<p><strong>Hochwertiger Edelstahl Material: <\/strong>Unser Gro\u00dfhandel Buffet Chafing Set ist aus hochwertigem Edelstahl gefertigt, es ist robust und langlebig, rostfrei und korrosionsbest\u00e4ndig, so dass eine langfristige Nutzung.<\/p>\n\n\n\n<p><strong>Hervorragende Isolierleistung:<\/strong> Unser f\u00fcr Buffets konzipiertes Buffet-Chafing-Set h\u00e4lt die Speisen lange Zeit auf einer konstanten Temperatur und eignet sich f\u00fcr gro\u00dfe Bankette und Veranstaltungen.<\/p>\n\n\n\n<p><strong>Design mit gro\u00dfer Kapazit\u00e4t:<\/strong> Gro\u00dfes Fassungsverm\u00f6gen, geeignet f\u00fcr Catering-Services, um mehr Lebensmittel auf einmal zu erhalten.<\/p>\n\n\n\n<p><strong>Leicht zu reinigen:<\/strong> Das glatte Oberfl\u00e4chendesign ist leicht zu reinigen, die PC-Abdeckung ist schmutzabweisend, reduziert den Reinigungsaufwand und ist f\u00fcr den h\u00e4ufigen Gebrauch geeignet.<\/p>\n\n\n\n<p><strong>Einfach zu bedienendes PC-Klappdeckel-Design: <\/strong>Die PC-Klappdeckel unserer Gro\u00dfhandel Buffet Chafing Set hat eine gute Transparenz, die der Kellner, um den Deckel leicht zu \u00f6ffnen, und es ist bequem f\u00fcr die Nutzer, um die Lebensmittel oder Gegenst\u00e4nde zu beobachten und halten die Lebensmitteltemperatur.<\/p>\n<\/div>\n<\/div>\n\n\n\n<div class=\"wp-block-columns is-layout-flex wp-container-core-columns-is-layout-9d6595d7 wp-block-columns-is-layout-flex\">\n<div class=\"wp-block-column is-layout-flow wp-block-column-is-layout-flow\">\n<figure class=\"wp-block-image size-full\"><img decoding=\"async\" width=\"800\" height=\"800\" src=\"https:\/\/www.yongyukitchenware.com\/wp-content\/uploads\/2024\/09\/Wholesale-Buffet-Chafing-Set-with-A-PC-Lid-For-Catering.webp\" alt=\"Gro\u00dfhandel Buffet Chafing Set mit einem PC-Deckel f\u00fcr Catering\" class=\"wp-image-2875\" srcset=\"https:\/\/www.yongyukitchenware.com\/wp-content\/uploads\/2024\/09\/Wholesale-Buffet-Chafing-Set-with-A-PC-Lid-For-Catering.webp 800w, https:\/\/www.yongyukitchenware.com\/wp-content\/uploads\/2024\/09\/Wholesale-Buffet-Chafing-Set-with-A-PC-Lid-For-Catering-300x300.webp 300w, https:\/\/www.yongyukitchenware.com\/wp-content\/uploads\/2024\/09\/Wholesale-Buffet-Chafing-Set-with-A-PC-Lid-For-Catering-150x150.webp 150w, https:\/\/www.yongyukitchenware.com\/wp-content\/uploads\/2024\/09\/Wholesale-Buffet-Chafing-Set-with-A-PC-Lid-For-Catering-768x768.webp 768w, https:\/\/www.yongyukitchenware.com\/wp-content\/uploads\/2024\/09\/Wholesale-Buffet-Chafing-Set-with-A-PC-Lid-For-Catering-12x12.webp 12w, https:\/\/www.yongyukitchenware.com\/wp-content\/uploads\/2024\/09\/Wholesale-Buffet-Chafing-Set-with-A-PC-Lid-For-Catering-600x600.webp 600w, https:\/\/www.yongyukitchenware.com\/wp-content\/uploads\/2024\/09\/Wholesale-Buffet-Chafing-Set-with-A-PC-Lid-For-Catering-100x100.webp 100w\" sizes=\"(max-width: 800px) 100vw, 800px\" \/><\/figure>\n<\/div>\n\n\n\n<div class=\"wp-block-column is-layout-flow wp-block-column-is-layout-flow\">\n<figure class=\"wp-block-image size-full\"><img decoding=\"async\" width=\"800\" height=\"800\" src=\"https:\/\/www.yongyukitchenware.com\/wp-content\/uploads\/2024\/09\/Wholesale-Buffet-Chafing-Set-with-A-PC-Lid-For-Catering-2.webp\" alt=\"Gro\u00dfhandel Buffet Chafing Set mit einem PC-Deckel f\u00fcr Catering (2)\" class=\"wp-image-2874\" srcset=\"https:\/\/www.yongyukitchenware.com\/wp-content\/uploads\/2024\/09\/Wholesale-Buffet-Chafing-Set-with-A-PC-Lid-For-Catering-2.webp 800w, https:\/\/www.yongyukitchenware.com\/wp-content\/uploads\/2024\/09\/Wholesale-Buffet-Chafing-Set-with-A-PC-Lid-For-Catering-2-300x300.webp 300w, https:\/\/www.yongyukitchenware.com\/wp-content\/uploads\/2024\/09\/Wholesale-Buffet-Chafing-Set-with-A-PC-Lid-For-Catering-2-150x150.webp 150w, https:\/\/www.yongyukitchenware.com\/wp-content\/uploads\/2024\/09\/Wholesale-Buffet-Chafing-Set-with-A-PC-Lid-For-Catering-2-768x768.webp 768w, https:\/\/www.yongyukitchenware.com\/wp-content\/uploads\/2024\/09\/Wholesale-Buffet-Chafing-Set-with-A-PC-Lid-For-Catering-2-12x12.webp 12w, https:\/\/www.yongyukitchenware.com\/wp-content\/uploads\/2024\/09\/Wholesale-Buffet-Chafing-Set-with-A-PC-Lid-For-Catering-2-600x600.webp 600w, https:\/\/www.yongyukitchenware.com\/wp-content\/uploads\/2024\/09\/Wholesale-Buffet-Chafing-Set-with-A-PC-Lid-For-Catering-2-100x100.webp 100w\" sizes=\"(max-width: 800px) 100vw, 800px\" \/><\/figure>\n<\/div>\n<\/div>","protected":false},"excerpt":{"rendered":"<p>Unser Gro\u00dfhandel Buffet Chafing Set ist mit einem PC-Deckel, die f\u00fcr die Beobachtung und Aufrechterhaltung der Lebensmitteltemperatur bequem ist ausgestattet. Hergestellt aus hochwertigem Edelstahl, ist es robust und langlebig, geeignet f\u00fcr gro\u00dfe Bankette, Hochzeiten und andere Catering-Aktivit\u00e4ten, und Gro\u00dfeink\u00e4ufe genie\u00dfen Rabatte.<\/p>\n<h2><!-- wp:heading --><\/h2>\n<h2 class=\"wp-block-heading\">Buffet Chafing Set Attribute :<\/h2>\n<h2><!-- \/wp:heading --><\/p>\n<p><!-- wp:paragraph --><\/h2>\n<p><strong>Material: <\/strong>Rostfreier Stahl<br \/><strong>Farbe: <\/strong>Silber, Gold, kundenspezifische Farbe<br \/><strong>Die Form: <\/strong>Rechteck<br \/><strong>W\u00e4rme: <\/strong>Alkohol und elektrische Heizung<br \/><strong>Chafer Pan: <\/strong>Einzel\/Doppel\/Drei Raster<br \/><strong>Verpacken: <\/strong>Farbkasten, Hauptkasten<br \/><strong>OEM\/ODM: <\/strong>Verf\u00fcgbar<\/p>\n<h2 class=\"wp-block-heading\">Von Yongyu Chafing Dish Hersteller :<\/h2>\n<p>Ob es sich um ein Catering-Service-Anbieter, Hotel und Restaurant, oder Event-Planung Unternehmen, bieten wir komplette Catering liefert Gro\u00dfhandel benutzerdefinierte L\u00f6sungen, um Ihr Unternehmen mit hochwertigen Fabrikpreise zu helfen!<\/p>\n<h2><!-- \/wp:paragraph --><\/h2>","protected":false},"featured_media":2874,"comment_status":"closed","ping_status":"closed","template":"","meta":{"_acf_changed":false},"application":[30],"product_brand":[],"product_cat":[33],"product_tag":[],"class_list":{"0":"post-1116","1":"product","2":"type-product","3":"status-publish","4":"has-post-thumbnail","6":"application-hotel-catering","7":"product_cat-chafing-dishes-wholesale","9":"first","10":"instock","11":"shipping-taxable","12":"product-type-simple"},"acf":[],"_links":{"self":[{"href":"https:\/\/www.yongyukitchenware.com\/de\/wp-json\/wp\/v2\/product\/1116","targetHints":{"allow":["GET"]}}],"collection":[{"href":"https:\/\/www.yongyukitchenware.com\/de\/wp-json\/wp\/v2\/product"}],"about":[{"href":"https:\/\/www.yongyukitchenware.com\/de\/wp-json\/wp\/v2\/types\/product"}],"replies":[{"embeddable":true,"href":"https:\/\/www.yongyukitchenware.com\/de\/wp-json\/wp\/v2\/comments?post=1116"}],"wp:featuredmedia":[{"embeddable":true,"href":"https:\/\/www.yongyukitchenware.com\/de\/wp-json\/wp\/v2\/media\/2874"}],"wp:attachment":[{"href":"https:\/\/www.yongyukitchenware.com\/de\/wp-json\/wp\/v2\/media?parent=1116"}],"wp:term":[{"taxonomy":"application","embeddable":true,"href":"https:\/\/www.yongyukitchenware.com\/de\/wp-json\/wp\/v2\/application?post=1116"},{"taxonomy":"product_brand","embeddable":true,"href":"https:\/\/www.yongyukitchenware.com\/de\/wp-json\/wp\/v2\/product_brand?post=1116"},{"taxonomy":"product_cat","embeddable":true,"href":"https:\/\/www.yongyukitchenware.com\/de\/wp-json\/wp\/v2\/product_cat?post=1116"},{"taxonomy":"product_tag","embeddable":true,"href":"https:\/\/www.yongyukitchenware.com\/de\/wp-json\/wp\/v2\/product_tag?post=1116"}],"curies":[{"name":"wp","href":"https:\/\/api.w.org\/{rel}","templated":true}]}}