{"id":1121,"date":"2024-09-28T19:53:26","date_gmt":"2024-09-28T19:53:26","guid":{"rendered":"https:\/\/www.yongyukitchenware.com\/?post_type=product&#038;p=1121"},"modified":"2025-07-10T10:17:56","modified_gmt":"2025-07-10T10:17:56","slug":"cocktail-shaker-custom","status":"publish","type":"product","link":"https:\/\/www.yongyukitchenware.com\/de\/produkt\/cocktail-shaker-custom\/","title":{"rendered":"Gro\u00dfhandel Cocktail Shaker Edelstahl mit Deckel"},"content":{"rendered":"<div class=\"wp-block-columns is-layout-flex wp-container-core-columns-is-layout-9d6595d7 wp-block-columns-is-layout-flex\">\n<div class=\"wp-block-column is-layout-flow wp-block-column-is-layout-flow\">\n<h2 class=\"wp-block-heading\">Cocktail Shaker Merkmale:<\/h2>\n\n\n\n<p><strong>Hochwertiger rostfreier Stahl: <\/strong>Material aus lebensmittelechtem Edelstahl, um sicherzustellen, dass der Mischer haltbar ist, nicht leicht zu besch\u00e4digen und eine lange Lebensdauer hat<br><strong>Mehrere Gr\u00f6\u00dfen verf\u00fcgbar:<\/strong> 250ml, 350ml, 550ml, 750ml, f\u00fcr die verschiedenen Szenarien und Bed\u00fcrfnisse von Haus und Bar<br><strong>Multifunktionalit\u00e4t:<\/strong> Mit einem Set von Mixern k\u00f6nnen Sie eine Vielzahl von Cocktails zubereiten, die platzsparend und leicht zu transportieren sind.<br><strong>Segmentiertes Design: <\/strong>Flaschenk\u00f6rper + Kappe mit Filter + Kappe, abnehmbar, entwickelt f\u00fcr Barkeeper, ergonomisch, bequem zu halten, einfach zu bedienen.<br><strong>Personalisierung:<\/strong> Individuell gestaltete Cocktailshaker k\u00f6nnen die Bed\u00fcrfnisse des Kunden erf\u00fcllen, wie z. B. Gravur, Druckmuster und so weiter.<\/p>\n<\/div>\n\n\n\n<div class=\"wp-block-column is-layout-flow wp-block-column-is-layout-flow\">\n<div class=\"wp-block-columns is-layout-flex wp-container-core-columns-is-layout-9d6595d7 wp-block-columns-is-layout-flex\">\n<div class=\"wp-block-column is-layout-flow wp-block-column-is-layout-flow\">\n<figure class=\"wp-block-image size-full\"><img decoding=\"async\" width=\"800\" height=\"800\" src=\"https:\/\/www.yongyukitchenware.com\/wp-content\/uploads\/2024\/09\/Custom-Cocktail-Shaker-3.webp\" alt=\"Custom-Cocktail-Shaker (3)\" class=\"wp-image-1132\" srcset=\"https:\/\/www.yongyukitchenware.com\/wp-content\/uploads\/2024\/09\/Custom-Cocktail-Shaker-3.webp 800w, https:\/\/www.yongyukitchenware.com\/wp-content\/uploads\/2024\/09\/Custom-Cocktail-Shaker-3-300x300.webp 300w, https:\/\/www.yongyukitchenware.com\/wp-content\/uploads\/2024\/09\/Custom-Cocktail-Shaker-3-150x150.webp 150w, https:\/\/www.yongyukitchenware.com\/wp-content\/uploads\/2024\/09\/Custom-Cocktail-Shaker-3-768x768.webp 768w, https:\/\/www.yongyukitchenware.com\/wp-content\/uploads\/2024\/09\/Custom-Cocktail-Shaker-3-600x600.webp 600w, https:\/\/www.yongyukitchenware.com\/wp-content\/uploads\/2024\/09\/Custom-Cocktail-Shaker-3-100x100.webp 100w\" sizes=\"(max-width: 800px) 100vw, 800px\" \/><\/figure>\n<\/div>\n\n\n\n<div class=\"wp-block-column is-layout-flow wp-block-column-is-layout-flow\">\n<figure class=\"wp-block-image size-full\"><img decoding=\"async\" width=\"1001\" height=\"1001\" src=\"https:\/\/www.yongyukitchenware.com\/wp-content\/uploads\/2024\/09\/Custom-Cocktail-Shaker-5.webp\" alt=\"Custom-Cocktail-Shaker (5)\" class=\"wp-image-1133\" srcset=\"https:\/\/www.yongyukitchenware.com\/wp-content\/uploads\/2024\/09\/Custom-Cocktail-Shaker-5.webp 1001w, https:\/\/www.yongyukitchenware.com\/wp-content\/uploads\/2024\/09\/Custom-Cocktail-Shaker-5-300x300.webp 300w, https:\/\/www.yongyukitchenware.com\/wp-content\/uploads\/2024\/09\/Custom-Cocktail-Shaker-5-150x150.webp 150w, https:\/\/www.yongyukitchenware.com\/wp-content\/uploads\/2024\/09\/Custom-Cocktail-Shaker-5-768x768.webp 768w, https:\/\/www.yongyukitchenware.com\/wp-content\/uploads\/2024\/09\/Custom-Cocktail-Shaker-5-600x600.webp 600w, https:\/\/www.yongyukitchenware.com\/wp-content\/uploads\/2024\/09\/Custom-Cocktail-Shaker-5-100x100.webp 100w\" sizes=\"(max-width: 1001px) 100vw, 1001px\" \/><\/figure>\n<\/div>\n<\/div>\n<\/div>\n<\/div>\n\n\n\n<p><\/p>","protected":false},"excerpt":{"rendered":"<p>Gro\u00dfhandel und benutzerdefinierte Cocktail-Shaker aus Edelstahl mit Deckel und verschiedenen Gr\u00f6\u00dfen, geeignet f\u00fcr Bars. Fabrik Direktvertrieb, Unterst\u00fctzung kundenspezifisches Logo und Verpackung, erstellen Sie eine einflussreiche Marke.<\/p>\n<h2>Cocktail Shaker Parameter:<\/h2>\n<p><strong>Material:<\/strong> Rostfreier Stahl<br \/><strong>Bestandteile:<\/strong> Flaschenk\u00f6rper, Flaschenverschluss mit Filter, Flaschenverschluss<br \/><strong>Verschiedene Gr\u00f6\u00dfen:<\/strong> 250ml, 350ml, 550ml, 750ml<br \/><strong>Verpacken:<\/strong> S\u00e4cke\/Gebinde\/Kartons oder kundenspezifisch<br \/><strong>OEM\/ODM:<\/strong> Verf\u00fcgbar<\/p>\n<h2 class=\"wp-block-heading\">Von Yongyu Gro\u00dfh\u00e4ndler f\u00fcr Catering-Bedarf:<\/h2>\n<p>Als der beste Hersteller von Gastronomiebedarf in China sind wir auf qualitativ hochwertige Barware im Gro\u00df- und Einzelhandel spezialisiert. Wir haben 25 Jahre Berufserfahrung, um sicherzustellen, dass die Kunden die modernsten Produkte und effiziente Dienstleistungen erhalten.<\/p>","protected":false},"featured_media":3451,"comment_status":"closed","ping_status":"closed","template":"","meta":{"_acf_changed":false},"application":[30],"product_brand":[],"product_cat":[16],"product_tag":[],"class_list":{"0":"post-1121","1":"product","2":"type-product","3":"status-publish","4":"has-post-thumbnail","6":"application-hotel-catering","7":"product_cat-barware-wholesale-custom","9":"first","10":"instock","11":"shipping-taxable","12":"product-type-simple"},"acf":[],"_links":{"self":[{"href":"https:\/\/www.yongyukitchenware.com\/de\/wp-json\/wp\/v2\/product\/1121","targetHints":{"allow":["GET"]}}],"collection":[{"href":"https:\/\/www.yongyukitchenware.com\/de\/wp-json\/wp\/v2\/product"}],"about":[{"href":"https:\/\/www.yongyukitchenware.com\/de\/wp-json\/wp\/v2\/types\/product"}],"replies":[{"embeddable":true,"href":"https:\/\/www.yongyukitchenware.com\/de\/wp-json\/wp\/v2\/comments?post=1121"}],"wp:featuredmedia":[{"embeddable":true,"href":"https:\/\/www.yongyukitchenware.com\/de\/wp-json\/wp\/v2\/media\/3451"}],"wp:attachment":[{"href":"https:\/\/www.yongyukitchenware.com\/de\/wp-json\/wp\/v2\/media?parent=1121"}],"wp:term":[{"taxonomy":"application","embeddable":true,"href":"https:\/\/www.yongyukitchenware.com\/de\/wp-json\/wp\/v2\/application?post=1121"},{"taxonomy":"product_brand","embeddable":true,"href":"https:\/\/www.yongyukitchenware.com\/de\/wp-json\/wp\/v2\/product_brand?post=1121"},{"taxonomy":"product_cat","embeddable":true,"href":"https:\/\/www.yongyukitchenware.com\/de\/wp-json\/wp\/v2\/product_cat?post=1121"},{"taxonomy":"product_tag","embeddable":true,"href":"https:\/\/www.yongyukitchenware.com\/de\/wp-json\/wp\/v2\/product_tag?post=1121"}],"curies":[{"name":"wp","href":"https:\/\/api.w.org\/{rel}","templated":true}]}}