{"id":1122,"date":"2024-09-28T18:04:05","date_gmt":"2024-09-28T18:04:05","guid":{"rendered":"https:\/\/www.yongyukitchenware.com\/?post_type=product&#038;p=1122"},"modified":"2025-06-26T02:52:56","modified_gmt":"2025-06-26T02:52:56","slug":"hot-container-for-food-wholesale","status":"publish","type":"product","link":"https:\/\/www.yongyukitchenware.com\/de\/produkt\/hot-container-for-food-wholesale\/","title":{"rendered":"Gro\u00dfhandel Hot Container f\u00fcr Lebensmittel mit Multi-Layer-Edelstahl"},"content":{"rendered":"<div class=\"wp-block-columns is-layout-flex wp-container-core-columns-is-layout-9d6595d7 wp-block-columns-is-layout-flex\">\n<div class=\"wp-block-column is-layout-flow wp-block-column-is-layout-flow\">\n<h2 class=\"wp-block-heading\">Eigenschaften von Hot Container f\u00fcr Lebensmittel:<\/h2>\n\n\n\n<p><strong>Hochwertiges Material aus rostfreiem Stahl: <\/strong>Edelstahl 304 in Lebensmittelqualit\u00e4t, korrosions- und oxidationsbest\u00e4ndig<br><strong>Multispezifizierung ist<\/strong> <strong>optional:<\/strong> Die Farben Silber, Schwarz, Orange, Rot und Blau sind w\u00e4hlbar, und das Fassungsverm\u00f6gen betr\u00e4gt 1,5 l, 2,3 l und 2,8 l, um unterschiedliche Bed\u00fcrfnisse zu erf\u00fcllen.<br><strong>Mehrschichtiges Isolationsverfahren\uff1a<\/strong> Hochtemperatur-Vakuumauskleidung, schichtweise Versiegelung, Langzeitisolierung.<br><strong>Eingebautes Klappgeschirr: <\/strong>304 Edelstahl-Geschirr, klappbare Lagerung nimmt keinen Platz weg.<br><strong>Abnehmbarer Schultergurt:<\/strong> Der Schultergurt unserer Gro\u00dfhandels-Lunchbox ist abnehmbar und ausziehbar, so dass sie leicht zu tragen ist.<\/p>\n\n\n\n<div class=\"wp-block-group is-vertical is-layout-flex wp-container-core-group-is-layout-8cf370e7 wp-block-group-is-layout-flex\">\n<h2 class=\"wp-block-heading\">Gr\u00f6\u00dfe des Warmhaltebeh\u00e4lters f\u00fcr Lebensmittel:<\/h2>\n\n\n\n<figure class=\"wp-block-table\"><table class=\"has-fixed-layout\"><tbody><tr><td>Modell<\/td><td>Ebene<\/td><td>Gr\u00f6\u00dfe<\/td><td>Durchmesser* H\u00f6he (cm)<\/td><td>MOQ<\/td><\/tr><tr><td rowspan=\"3\">DY055-FH<\/td><td>2<\/td><td>1.5L<\/td><td>15*18cm<\/td><td rowspan=\"3\">16PCS<\/td><\/tr><tr><td>3<\/td><td>2.3L<\/td><td>15,5*25cm<\/td><\/tr><tr><td>4<\/td><td>2.8L<\/td><td>15,5*29cm<\/td><\/tr><\/tbody><\/table><\/figure>\n<\/div>\n<\/div>\n\n\n\n<div class=\"wp-block-column is-layout-flow wp-block-column-is-layout-flow\">\n<div class=\"wp-block-columns is-layout-flex wp-container-core-columns-is-layout-9d6595d7 wp-block-columns-is-layout-flex\">\n<div class=\"wp-block-column is-layout-flow wp-block-column-is-layout-flow\"><\/div>\n<\/div>\n\n\n\n<div class=\"wp-block-columns is-layout-flex wp-container-core-columns-is-layout-9d6595d7 wp-block-columns-is-layout-flex\">\n<div class=\"wp-block-column is-layout-flow wp-block-column-is-layout-flow\">\n<figure class=\"wp-block-image size-full is-resized\"><img decoding=\"async\" width=\"800\" height=\"800\" src=\"https:\/\/www.yongyukitchenware.com\/wp-content\/uploads\/2024\/09\/Wholesale-Lunch-Box-6.webp\" alt=\"Gro\u00dfhandel Lunch Box 6\" class=\"wp-image-1130\" style=\"width:461px;height:auto\" srcset=\"https:\/\/www.yongyukitchenware.com\/wp-content\/uploads\/2024\/09\/Wholesale-Lunch-Box-6.webp 800w, https:\/\/www.yongyukitchenware.com\/wp-content\/uploads\/2024\/09\/Wholesale-Lunch-Box-6-300x300.webp 300w, https:\/\/www.yongyukitchenware.com\/wp-content\/uploads\/2024\/09\/Wholesale-Lunch-Box-6-150x150.webp 150w, https:\/\/www.yongyukitchenware.com\/wp-content\/uploads\/2024\/09\/Wholesale-Lunch-Box-6-768x768.webp 768w, https:\/\/www.yongyukitchenware.com\/wp-content\/uploads\/2024\/09\/Wholesale-Lunch-Box-6-600x600.webp 600w, https:\/\/www.yongyukitchenware.com\/wp-content\/uploads\/2024\/09\/Wholesale-Lunch-Box-6-100x100.webp 100w\" sizes=\"(max-width: 800px) 100vw, 800px\" \/><\/figure>\n<\/div>\n<\/div>\n<\/div>\n<\/div>\n\n\n\n<p><\/p>","protected":false},"excerpt":{"rendered":"<p>Benutzerdefinierte Edelstahlbeh\u00e4lter f\u00fcr Lebensmittel, mehrschichtige auslaufsichere Deckel Design, Vakuum lang anhaltende Isolierung, ist die beste isolierte Lunch-Box Bulk-L\u00f6sung. Kontaktieren Sie Yongyu, um Fabrik Preis Produkte schnell zu erhalten!<\/p>\n<h2 style=\"text-align: left\">Parameter f\u00fcr Hei\u00dfbeh\u00e4lter f\u00fcr Lebensmittel :<\/h2>\n<p style=\"text-align: left\"><strong>Material:<\/strong> Rostfreier Stahl<br \/><strong>Farbe:<\/strong> Silber, Schwarz, Orange, Rot und Blau<br \/><strong>Verschiedene Gr\u00f6\u00dfen:<\/strong> 1.5L, 2.3L und 2.8L<br \/><strong>Verpacken: <\/strong>Color Box, Main Box oder kundenspezifisch<br \/><strong>OEM\/ODM:<\/strong> Verf\u00fcgbar<\/p>\n<h2 class=\"wp-block-heading\">Von Lebensmittel Lagerung Container Hersteller :<\/h2>\n<p>Yongyu wurde 1996 gegr\u00fcndet und hat sich auf die Herstellung und den Gro\u00dfhandel von Lebensmittelbeh\u00e4ltern aus Edelstahl, K\u00fcchenutensilien, Gastronomiebedarf, Haushaltswaren und Campingk\u00fcchenausr\u00fcstung spezialisiert. Wir bieten OEM &amp; ODM und E-Commerce-Beschaffungsdienste f\u00fcr Kunden aus einer Hand.<\/p>","protected":false},"featured_media":1126,"comment_status":"closed","ping_status":"closed","template":"","meta":{"_acf_changed":false},"application":[31],"product_brand":[],"product_cat":[19],"product_tag":[43],"class_list":{"0":"post-1122","1":"product","2":"type-product","3":"status-publish","4":"has-post-thumbnail","6":"application-champ-kitchen","7":"product_cat-food-storage-container-bulk-custom","8":"product_tag-recommend","10":"first","11":"instock","12":"shipping-taxable","13":"product-type-simple"},"acf":[],"_links":{"self":[{"href":"https:\/\/www.yongyukitchenware.com\/de\/wp-json\/wp\/v2\/product\/1122","targetHints":{"allow":["GET"]}}],"collection":[{"href":"https:\/\/www.yongyukitchenware.com\/de\/wp-json\/wp\/v2\/product"}],"about":[{"href":"https:\/\/www.yongyukitchenware.com\/de\/wp-json\/wp\/v2\/types\/product"}],"replies":[{"embeddable":true,"href":"https:\/\/www.yongyukitchenware.com\/de\/wp-json\/wp\/v2\/comments?post=1122"}],"wp:featuredmedia":[{"embeddable":true,"href":"https:\/\/www.yongyukitchenware.com\/de\/wp-json\/wp\/v2\/media\/1126"}],"wp:attachment":[{"href":"https:\/\/www.yongyukitchenware.com\/de\/wp-json\/wp\/v2\/media?parent=1122"}],"wp:term":[{"taxonomy":"application","embeddable":true,"href":"https:\/\/www.yongyukitchenware.com\/de\/wp-json\/wp\/v2\/application?post=1122"},{"taxonomy":"product_brand","embeddable":true,"href":"https:\/\/www.yongyukitchenware.com\/de\/wp-json\/wp\/v2\/product_brand?post=1122"},{"taxonomy":"product_cat","embeddable":true,"href":"https:\/\/www.yongyukitchenware.com\/de\/wp-json\/wp\/v2\/product_cat?post=1122"},{"taxonomy":"product_tag","embeddable":true,"href":"https:\/\/www.yongyukitchenware.com\/de\/wp-json\/wp\/v2\/product_tag?post=1122"}],"curies":[{"name":"wp","href":"https:\/\/api.w.org\/{rel}","templated":true}]}}