{"id":1165,"date":"2024-09-29T16:40:25","date_gmt":"2024-09-29T16:40:25","guid":{"rendered":"https:\/\/www.yongyukitchenware.com\/?post_type=product&#038;p=1165"},"modified":"2024-09-29T16:42:53","modified_gmt":"2024-09-29T16:42:53","slug":"camping-cups-wholesale","status":"publish","type":"product","link":"https:\/\/www.yongyukitchenware.com\/de\/produkt\/camping-cups-wholesale\/","title":{"rendered":"Gro\u00dfhandel Camping Tassen Edelstahl Portable Travel Mugs"},"content":{"rendered":"<div class=\"wp-block-columns is-layout-flex wp-container-core-columns-is-layout-9d6595d7 wp-block-columns-is-layout-flex\">\n<div class=\"wp-block-column is-layout-flow wp-block-column-is-layout-flow\">\n<h2 class=\"wp-block-heading\">Campingbecher Merkmale:<\/h2>\n\n\n\n<p><strong>Hochwertiges Material aus rostfreiem Stahl:<\/strong> Edelstahl 304 in Lebensmittelqualit\u00e4t, korrosions- und oxidationsbest\u00e4ndig.<\/p>\n\n\n\n<p><strong>Es sind drei Griffvarianten erh\u00e4ltlich:<\/strong> D-f\u00f6rmiger Griff, klappbarer Griff und kein Griff.<\/p>\n\n\n\n<p><strong>Es gibt eine Vielzahl von Spezifikationen: <\/strong>Farbe ist Silber, Schwarz, Orange und Gelb, Becherhalter hat drei S\u00e4tze, sechs S\u00e4tze.<\/p>\n\n\n\n<p><strong>Rollkanten-Design:<\/strong> Der Becherrand ist gerollt, und glatt wird nicht den Mund verletzen, sicher zu trinken.<\/p>\n\n\n\n<p><strong>Einfache Lagerung:<\/strong> Die Tasse kann \u00fcbereinander gelagert werden, nimmt also keinen Platz weg.<\/p>\n<\/div>\n\n\n\n<div class=\"wp-block-column is-layout-flow wp-block-column-is-layout-flow\"><div class=\"wp-block-image\">\n<figure class=\"aligncenter size-full is-resized\"><img decoding=\"async\" width=\"800\" height=\"800\" src=\"https:\/\/www.yongyukitchenware.com\/wp-content\/uploads\/2024\/09\/Wholesale-Camping-Cups-3.webp\" alt=\"Gro\u00dfhandel Camping Tassen 3\" class=\"wp-image-1177\" style=\"width:406px;height:auto\" srcset=\"https:\/\/www.yongyukitchenware.com\/wp-content\/uploads\/2024\/09\/Wholesale-Camping-Cups-3.webp 800w, https:\/\/www.yongyukitchenware.com\/wp-content\/uploads\/2024\/09\/Wholesale-Camping-Cups-3-300x300.webp 300w, https:\/\/www.yongyukitchenware.com\/wp-content\/uploads\/2024\/09\/Wholesale-Camping-Cups-3-150x150.webp 150w, https:\/\/www.yongyukitchenware.com\/wp-content\/uploads\/2024\/09\/Wholesale-Camping-Cups-3-768x768.webp 768w, https:\/\/www.yongyukitchenware.com\/wp-content\/uploads\/2024\/09\/Wholesale-Camping-Cups-3-600x600.webp 600w, https:\/\/www.yongyukitchenware.com\/wp-content\/uploads\/2024\/09\/Wholesale-Camping-Cups-3-100x100.webp 100w\" sizes=\"(max-width: 800px) 100vw, 800px\" \/><\/figure>\n<\/div><\/div>\n<\/div>\n\n\n\n<p><\/p>","protected":false},"excerpt":{"rendered":"<p>Unsere Gro\u00dfhandel Camping Tassen sind aus lebensmittelechtem Edelstahl, die korrosionsbest\u00e4ndig und Anti-Oxidation ist gemacht. Es ist in drei Optionen erh\u00e4ltlich: D-f\u00f6rmiger Griff, Klappgriff und grifflos, mit einer Vielzahl von Farben und Spezifikationen. Das Design mit gerolltem Rand ist sicher und verletzt den Mund nicht. Die Becher k\u00f6nnen zur Aufbewahrung gestapelt werden, was einfach zu transportieren und platzsparend ist.<\/p>\n<h2 style=\"text-align: left;\">Campingbecher Parameter:<\/h2>\n<p style=\"text-align: left;\"><strong>Material:<\/strong> Rostfreier Stahl<br \/><strong>Farbe:<\/strong> Silber, Schwarz, Orange, Gelb Farbe<br \/><strong>Kapazit\u00e4t:<\/strong> 290 ml\u00a0<br \/><strong>Durchmesser * H\u00f6he (cm)<\/strong>\uff1a7,6*8,5 cm<br \/><strong>Packen:<\/strong> Opp-Beutel und -Karton<br \/><strong>OEM\/ODM:<\/strong> Verf\u00fcgbar \u00a0<\/p>\n<p>&nbsp;<\/p>\n<h2 class=\"wp-block-heading\">Von Camping Kitchen Essentials Hersteller :<\/h2>\n<p>Yongyu ist ein professioneller Hersteller von Camping-K\u00fcchenartikeln. Unsere Produkte umfassen alle Arten von Camping-K\u00fcchenartikeln aus Edelstahl, wie z. B. Camping-Kochgeschirr, Camping-Geschirr-Sets usw., und bieten jedem Kunden qualitativ hochwertige Beschaffungsdienste und erschwingliche Preise.<\/p>","protected":false},"featured_media":1176,"comment_status":"closed","ping_status":"closed","template":"","meta":{"_acf_changed":false},"application":[31],"product_brand":[],"product_cat":[18],"product_tag":[],"class_list":{"0":"post-1165","1":"product","2":"type-product","3":"status-publish","4":"has-post-thumbnail","6":"application-champ-kitchen","7":"product_cat-camping-kitchen-essentials-wholesale","9":"first","10":"instock","11":"shipping-taxable","12":"product-type-simple"},"acf":[],"_links":{"self":[{"href":"https:\/\/www.yongyukitchenware.com\/de\/wp-json\/wp\/v2\/product\/1165","targetHints":{"allow":["GET"]}}],"collection":[{"href":"https:\/\/www.yongyukitchenware.com\/de\/wp-json\/wp\/v2\/product"}],"about":[{"href":"https:\/\/www.yongyukitchenware.com\/de\/wp-json\/wp\/v2\/types\/product"}],"replies":[{"embeddable":true,"href":"https:\/\/www.yongyukitchenware.com\/de\/wp-json\/wp\/v2\/comments?post=1165"}],"wp:featuredmedia":[{"embeddable":true,"href":"https:\/\/www.yongyukitchenware.com\/de\/wp-json\/wp\/v2\/media\/1176"}],"wp:attachment":[{"href":"https:\/\/www.yongyukitchenware.com\/de\/wp-json\/wp\/v2\/media?parent=1165"}],"wp:term":[{"taxonomy":"application","embeddable":true,"href":"https:\/\/www.yongyukitchenware.com\/de\/wp-json\/wp\/v2\/application?post=1165"},{"taxonomy":"product_brand","embeddable":true,"href":"https:\/\/www.yongyukitchenware.com\/de\/wp-json\/wp\/v2\/product_brand?post=1165"},{"taxonomy":"product_cat","embeddable":true,"href":"https:\/\/www.yongyukitchenware.com\/de\/wp-json\/wp\/v2\/product_cat?post=1165"},{"taxonomy":"product_tag","embeddable":true,"href":"https:\/\/www.yongyukitchenware.com\/de\/wp-json\/wp\/v2\/product_tag?post=1165"}],"curies":[{"name":"wp","href":"https:\/\/api.w.org\/{rel}","templated":true}]}}