{"id":1181,"date":"2024-09-29T16:58:49","date_gmt":"2024-09-29T16:58:49","guid":{"rendered":"https:\/\/www.yongyukitchenware.com\/?post_type=product&#038;p=1181"},"modified":"2025-06-26T03:04:35","modified_gmt":"2025-06-26T03:04:35","slug":"windproof-ashtray-custom","status":"publish","type":"product","link":"https:\/\/www.yongyukitchenware.com\/de\/produkt\/windproof-ashtray-custom\/","title":{"rendered":"Winddichter Aschenbecher aus Edelstahl zur Vermeidung von Flugasche"},"content":{"rendered":"<div class=\"wp-block-columns is-layout-flex wp-container-core-columns-is-layout-9d6595d7 wp-block-columns-is-layout-flex\">\n<div class=\"wp-block-column is-layout-flow wp-block-column-is-layout-flow\">\n<h2 class=\"wp-block-heading\">Winddichter Aschenbecher Merkmale:<\/h2>\n\n\n\n<p><strong>Hochwertiger rostfreier Stahl:<\/strong> Aschenbecher benutzerdefinierte dauerhafte Edelstahl, korrosionsbest\u00e4ndig, geruchlos, so dass langfristige Nutzung<br><strong>Abwechslungsreich:<\/strong> Farben k\u00f6nnen je nach Bedarf angepasst werden, die Gr\u00f6\u00dfe von klein, gro\u00df, und super gro\u00df optional, geeignet f\u00fcr verschiedene Szenen<br><strong>Aschenbecher mit individuellem Design:<\/strong> erh\u00f6ht winddicht, drei U-f\u00f6rmige Rillen am Rand des Aschenbechers, bequem f\u00fcr die Platzierung von Zigaretten, ohne zu fallen, und das Innere hat eine Spalte Design, das die Asche auf die Zigaretten abkratzen kann<br><strong>Leicht zu reinigen: <\/strong>Die Oberfl\u00e4che und die Kanten des individuellen Aschenbechers sind poliert, glatt und eben, sicher und schnell zu reinigen und hygienisch.<br><strong>Anpassungsm\u00f6glichkeiten: <\/strong>Unterst\u00fctzung des Drucks von verschiedenen Textmustern, wie z. B. Firmenname, Logo, Landschaftsgem\u00e4lde usw., um das \u00e4sthetische Gef\u00fchl zu verbessern<\/p>\n\n\n\n<h2 class=\"wp-block-heading\">Winddichter Aschenbecher Gr\u00f6\u00dfe:<\/h2>\n\n\n\n<figure class=\"wp-block-table\"><table class=\"has-fixed-layout\"><tbody><tr><td>Modell<\/td><td>Gr\u00f6\u00dfe<\/td><td>Durchmesser * H\u00f6he (cm)<\/td><td>MOQ<\/td><\/tr><tr><td rowspan=\"3\">DY007-Z<\/td><td>Klein<\/td><td>8*7cm<\/td><td rowspan=\"3\">60 STCK.<\/td><\/tr><tr><td>Gro\u00df<\/td><td>10.2*9.6cm<\/td><\/tr><tr><td>Extra gro\u00df<\/td><td>11,8*12cm<\/td><\/tr><\/tbody><\/table><\/figure>\n<\/div>\n\n\n\n<div class=\"wp-block-column is-layout-flow wp-block-column-is-layout-flow\">\n<div class=\"wp-block-columns is-layout-flex wp-container-core-columns-is-layout-9d6595d7 wp-block-columns-is-layout-flex\">\n<div class=\"wp-block-column is-layout-flow wp-block-column-is-layout-flow\">\n<figure class=\"wp-block-image size-full\"><img decoding=\"async\" width=\"800\" height=\"800\" src=\"https:\/\/www.yongyukitchenware.com\/wp-content\/uploads\/2024\/09\/factory-ashtray-custom-4.webp\" alt=\"Fabrik-Aschenbecher-angepasst (4)\" class=\"wp-image-1196\" srcset=\"https:\/\/www.yongyukitchenware.com\/wp-content\/uploads\/2024\/09\/factory-ashtray-custom-4.webp 800w, https:\/\/www.yongyukitchenware.com\/wp-content\/uploads\/2024\/09\/factory-ashtray-custom-4-300x300.webp 300w, https:\/\/www.yongyukitchenware.com\/wp-content\/uploads\/2024\/09\/factory-ashtray-custom-4-150x150.webp 150w, https:\/\/www.yongyukitchenware.com\/wp-content\/uploads\/2024\/09\/factory-ashtray-custom-4-768x768.webp 768w, https:\/\/www.yongyukitchenware.com\/wp-content\/uploads\/2024\/09\/factory-ashtray-custom-4-600x600.webp 600w, https:\/\/www.yongyukitchenware.com\/wp-content\/uploads\/2024\/09\/factory-ashtray-custom-4-100x100.webp 100w\" sizes=\"(max-width: 800px) 100vw, 800px\" \/><\/figure>\n<\/div>\n<\/div>\n<\/div>\n<\/div>\n\n\n\n<p><\/p>","protected":false},"excerpt":{"rendered":"<p>Yongyu Fabrik bietet den Aschenbecher benutzerdefinierte ist aus Edelstahl winddicht und Asche fliegen, einzigartiges Design, geeignet f\u00fcr den Innen- und Au\u00dfenbereich bei vielen Gelegenheiten. Verschiedene Gr\u00f6\u00dfen und Stile k\u00f6nnen auf die individuellen Bed\u00fcrfnisse angepasst werden.<\/p>\n<h2>Winddichter Aschenbecher Parameter:<\/h2>\n<p><strong>Material:<\/strong> rostfreier Stahl<br \/><strong>Farbe:<\/strong> Silber, Gold, Rot, Blau, Gelb, usw.<br \/><strong>Verschiedene Gr\u00f6\u00dfen:<\/strong> klein, gro\u00df und extragro\u00df<br \/><strong>Aschenbecher-Design:<\/strong> Erh\u00f6htes, U-f\u00f6rmig kanneliertes Design und S\u00e4ulendesign<br \/><strong>Verpacken:<\/strong> Beutel\/Sammelgut\/Karton oder individuell<br \/><strong>OEM\/ODM:<\/strong> Optional<\/p>\n<h2 class=\"wp-block-heading\">Vom Gro\u00dfh\u00e4ndler f\u00fcr Haushaltswaren Yongyu:<\/h2>\n<p>Yongyu verf\u00fcgt \u00fcber eine zuverl\u00e4ssige und effiziente Lieferkette, die hochwertige Haushaltswaren aus rostfreiem Stahl anpasst und vertreibt. Unsere Produkte sind langlebig und erschwinglich und erf\u00fcllen die gesch\u00e4ftlichen Anforderungen unserer Kunden.<\/p>","protected":false},"featured_media":1194,"comment_status":"closed","ping_status":"closed","template":"","meta":{"_acf_changed":true},"application":[29],"product_brand":[],"product_cat":[17],"product_tag":[43],"class_list":{"0":"post-1181","1":"product","2":"type-product","3":"status-publish","4":"has-post-thumbnail","6":"application-home-kitchen","7":"product_cat-homeware-wholesaler","8":"product_tag-recommend","10":"first","11":"instock","12":"shipping-taxable","13":"product-type-simple"},"acf":[],"_links":{"self":[{"href":"https:\/\/www.yongyukitchenware.com\/de\/wp-json\/wp\/v2\/product\/1181","targetHints":{"allow":["GET"]}}],"collection":[{"href":"https:\/\/www.yongyukitchenware.com\/de\/wp-json\/wp\/v2\/product"}],"about":[{"href":"https:\/\/www.yongyukitchenware.com\/de\/wp-json\/wp\/v2\/types\/product"}],"replies":[{"embeddable":true,"href":"https:\/\/www.yongyukitchenware.com\/de\/wp-json\/wp\/v2\/comments?post=1181"}],"wp:featuredmedia":[{"embeddable":true,"href":"https:\/\/www.yongyukitchenware.com\/de\/wp-json\/wp\/v2\/media\/1194"}],"wp:attachment":[{"href":"https:\/\/www.yongyukitchenware.com\/de\/wp-json\/wp\/v2\/media?parent=1181"}],"wp:term":[{"taxonomy":"application","embeddable":true,"href":"https:\/\/www.yongyukitchenware.com\/de\/wp-json\/wp\/v2\/application?post=1181"},{"taxonomy":"product_brand","embeddable":true,"href":"https:\/\/www.yongyukitchenware.com\/de\/wp-json\/wp\/v2\/product_brand?post=1181"},{"taxonomy":"product_cat","embeddable":true,"href":"https:\/\/www.yongyukitchenware.com\/de\/wp-json\/wp\/v2\/product_cat?post=1181"},{"taxonomy":"product_tag","embeddable":true,"href":"https:\/\/www.yongyukitchenware.com\/de\/wp-json\/wp\/v2\/product_tag?post=1181"}],"curies":[{"name":"wp","href":"https:\/\/api.w.org\/{rel}","templated":true}]}}