{"id":1295,"date":"2024-10-22T01:43:54","date_gmt":"2024-10-22T01:43:54","guid":{"rendered":"https:\/\/www.yongyukitchenware.com\/?post_type=product&#038;p=1295"},"modified":"2024-10-30T10:50:57","modified_gmt":"2024-10-30T10:50:57","slug":"bulk-small-trash-can","status":"publish","type":"product","link":"https:\/\/www.yongyukitchenware.com\/de\/produkt\/bulk-small-trash-can\/","title":{"rendered":"Bulk Small Trash Can Edelstahl mit Schwingdeckel Abnehmbare Arbeitsplatte"},"content":{"rendered":"<div class=\"wp-block-columns is-layout-flex wp-container-core-columns-is-layout-9d6595d7 wp-block-columns-is-layout-flex\">\n<div class=\"wp-block-column is-layout-flow wp-block-column-is-layout-flow\">\n<h2 class=\"wp-block-heading\">Kleiner M\u00fclleimer Merkmale:<\/h2>\n\n\n\n<p><strong>Hochwertiger rostfreier Stahl:<\/strong> Material aus lebensmittelechtem Edelstahl, korrosionsbest\u00e4ndig, f\u00fcr den langfristigen Gebrauch, geeignet f\u00fcr verschiedene Anl\u00e4sse<br><strong>Schwungvolles Design: <\/strong>Der obere Deckel ist mit einem<strong> <\/strong>schwingendes Design. Durch einen leichten Sto\u00df kann der M\u00fcll in den Eimer geworfen werden, was die Benutzung erleichtert und den Geruch effektiv isoliert.<br><strong>Einteiliges Design:<\/strong> Glattes Geh\u00e4use, keine Schwei\u00dfn\u00e4hte, einteiliges Stretching-Design, leicht zu reinigen.<br><strong>Verdickter Boden:<\/strong> Abflachung der Unterseite f\u00fcr mehr Stabilit\u00e4t und Praktikabilit\u00e4t. Die glatte Unterseite schadet dem Schreibtisch nicht<br><strong>Abnehmbare Struktur:<\/strong> Sowohl der Deckel als auch die Tonne k\u00f6nnen leicht demontiert werden, was dem Benutzer eine gr\u00fcndliche Reinigung erm\u00f6glicht und das Innere des Abfalleimers sauber und hygienisch h\u00e4lt.<\/p>\n<\/div>\n\n\n\n<div class=\"wp-block-column is-layout-flow wp-block-column-is-layout-flow\">\n<div class=\"wp-block-columns is-layout-flex wp-container-core-columns-is-layout-9d6595d7 wp-block-columns-is-layout-flex\">\n<div class=\"wp-block-column is-layout-flow wp-block-column-is-layout-flow\">\n<figure class=\"wp-block-image size-full\"><img decoding=\"async\" width=\"800\" height=\"800\" src=\"https:\/\/www.yongyukitchenware.com\/wp-content\/uploads\/2024\/09\/bulk-stainless-steel-trash-can-1.webp\" alt=\"Edelstahl-M\u00fclltonne (1)\" class=\"wp-image-1324\" srcset=\"https:\/\/www.yongyukitchenware.com\/wp-content\/uploads\/2024\/09\/bulk-stainless-steel-trash-can-1.webp 800w, https:\/\/www.yongyukitchenware.com\/wp-content\/uploads\/2024\/09\/bulk-stainless-steel-trash-can-1-300x300.webp 300w, https:\/\/www.yongyukitchenware.com\/wp-content\/uploads\/2024\/09\/bulk-stainless-steel-trash-can-1-150x150.webp 150w, https:\/\/www.yongyukitchenware.com\/wp-content\/uploads\/2024\/09\/bulk-stainless-steel-trash-can-1-768x768.webp 768w, https:\/\/www.yongyukitchenware.com\/wp-content\/uploads\/2024\/09\/bulk-stainless-steel-trash-can-1-600x600.webp 600w, https:\/\/www.yongyukitchenware.com\/wp-content\/uploads\/2024\/09\/bulk-stainless-steel-trash-can-1-100x100.webp 100w\" sizes=\"(max-width: 800px) 100vw, 800px\" \/><\/figure>\n<\/div>\n<\/div>\n<\/div>\n<\/div>","protected":false},"excerpt":{"rendered":"<p>Fabrikpreis Gro\u00dfhandel kleine M\u00fclleimer mit Swing-Top-Deckel, aus langlebigem Edelstahl, abnehmbar und leicht zu reinigen. Unterst\u00fctzung kundenspezifisches Logo, Farbe, Verpackung, etc. Willkommen bei Yongyu f\u00fcr die kostenlose Anfrage zu kontaktieren!<\/p>\n<h2>Kleiner M\u00fclleimer Parameter:<\/h2>\n<p><strong>Material:<\/strong> rostfreier Stahl<br \/><strong>Farbe:<\/strong> Silber, Blau, Rot und andere anpassbare Farben<br \/><strong>Gr\u00f6\u00dfe:<\/strong> 12*16cm<br \/><strong>Zubeh\u00f6r:<\/strong> schwenkbarer Deckel<br \/><strong>Verpacken:<\/strong> Beutel\/Sammelgut\/Karton oder individuell<br \/><strong>OEM\/ODM:<\/strong> Optional<\/p>\n<h2 class=\"wp-block-heading\">Vom Gro\u00dfh\u00e4ndler f\u00fcr Haushaltswaren Yongyu:<\/h2>\n<p>Yongyu verf\u00fcgt \u00fcber eine zuverl\u00e4ssige und effiziente Lieferkette, die hochwertige Haushaltswaren aus rostfreiem Stahl auf Kundenwunsch herstellt und vertreibt. Unsere Produkte sind langlebig und erschwinglich, um die Bed\u00fcrfnisse der Kunden zu erf\u00fcllen<\/p>","protected":false},"featured_media":1329,"comment_status":"closed","ping_status":"closed","template":"","meta":{"_acf_changed":true},"application":[29],"product_brand":[],"product_cat":[17],"product_tag":[],"class_list":{"0":"post-1295","1":"product","2":"type-product","3":"status-publish","4":"has-post-thumbnail","6":"application-home-kitchen","7":"product_cat-homeware-wholesaler","9":"first","10":"instock","11":"shipping-taxable","12":"product-type-simple"},"acf":[],"_links":{"self":[{"href":"https:\/\/www.yongyukitchenware.com\/de\/wp-json\/wp\/v2\/product\/1295","targetHints":{"allow":["GET"]}}],"collection":[{"href":"https:\/\/www.yongyukitchenware.com\/de\/wp-json\/wp\/v2\/product"}],"about":[{"href":"https:\/\/www.yongyukitchenware.com\/de\/wp-json\/wp\/v2\/types\/product"}],"replies":[{"embeddable":true,"href":"https:\/\/www.yongyukitchenware.com\/de\/wp-json\/wp\/v2\/comments?post=1295"}],"wp:featuredmedia":[{"embeddable":true,"href":"https:\/\/www.yongyukitchenware.com\/de\/wp-json\/wp\/v2\/media\/1329"}],"wp:attachment":[{"href":"https:\/\/www.yongyukitchenware.com\/de\/wp-json\/wp\/v2\/media?parent=1295"}],"wp:term":[{"taxonomy":"application","embeddable":true,"href":"https:\/\/www.yongyukitchenware.com\/de\/wp-json\/wp\/v2\/application?post=1295"},{"taxonomy":"product_brand","embeddable":true,"href":"https:\/\/www.yongyukitchenware.com\/de\/wp-json\/wp\/v2\/product_brand?post=1295"},{"taxonomy":"product_cat","embeddable":true,"href":"https:\/\/www.yongyukitchenware.com\/de\/wp-json\/wp\/v2\/product_cat?post=1295"},{"taxonomy":"product_tag","embeddable":true,"href":"https:\/\/www.yongyukitchenware.com\/de\/wp-json\/wp\/v2\/product_tag?post=1295"}],"curies":[{"name":"wp","href":"https:\/\/api.w.org\/{rel}","templated":true}]}}