{"id":1350,"date":"2024-10-05T17:07:00","date_gmt":"2024-10-05T17:07:00","guid":{"rendered":"https:\/\/www.yongyukitchenware.com\/?post_type=product&#038;p=1350"},"modified":"2025-06-26T03:17:52","modified_gmt":"2025-06-26T03:17:52","slug":"stainless-steel-stools-wholesale","status":"publish","type":"product","link":"https:\/\/www.yongyukitchenware.com\/de\/produkt\/stainless-steel-stools-wholesale\/","title":{"rendered":"Gro\u00dfhandel Edelstahl Hocker mehrere hohe Quadrat Runde"},"content":{"rendered":"<div class=\"wp-block-columns is-layout-flex wp-container-core-columns-is-layout-9d6595d7 wp-block-columns-is-layout-flex\">\n<div class=\"wp-block-column is-layout-flow wp-block-column-is-layout-flow\">\n<h2 class=\"wp-block-heading\">Edelstahl Hocker Merkmale:<\/h2>\n\n\n\n<p><strong>Verdickter rostfreier Stahl: <\/strong>Der gesamte Stuhl ist aus verdicktem Edelstahl gefertigt und zeichnet sich durch hohe Tragf\u00e4higkeit, gute Verarbeitung und Langlebigkeit aus.<\/p>\n\n\n\n<p><strong>Stapelbare Lagerung: <\/strong>Die St\u00fchle k\u00f6nnen \u00fcbereinander gestapelt werden und lassen sich so platzsparend verstauen.<\/p>\n\n\n\n<p><strong>Bequeme Oberfl\u00e4che des Hockers: <\/strong>der Hocker Oberfl\u00e4che Spiegel Prozess, hat eine humanisierte Design, bequem zu sitzen auf.<\/p>\n\n\n\n<p><strong>Doppelrohrkonstruktion: <\/strong>Die Beine des Hockers sind als Doppelrohrkonstruktion mit Mehrfachschwei\u00dfung ausgef\u00fchrt, was die Tragf\u00e4higkeit des Hockers erheblich erh\u00f6ht.<\/p>\n\n\n\n<p><strong>Rutschfeste Beine: <\/strong>Die Unterseite der Beine ist mit rutschfesten Gummipuffern ausgestattet, die fest sitzen, rutschfest und verschlei\u00dffest sind.<\/p>\n<\/div>\n\n\n\n<div class=\"wp-block-column is-layout-flow wp-block-column-is-layout-flow\">\n<div class=\"wp-block-columns is-layout-flex wp-container-core-columns-is-layout-9d6595d7 wp-block-columns-is-layout-flex\">\n<div class=\"wp-block-column is-layout-flow wp-block-column-is-layout-flow\">\n<figure class=\"wp-block-image size-full\"><img decoding=\"async\" width=\"800\" height=\"800\" src=\"https:\/\/www.yongyukitchenware.com\/wp-content\/uploads\/2024\/09\/wholesale-stainless-steel-stools-3.webp\" alt=\"gro\u00dfhandel-rostfreier-stahl-hocker (3)\" class=\"wp-image-1357\" srcset=\"https:\/\/www.yongyukitchenware.com\/wp-content\/uploads\/2024\/09\/wholesale-stainless-steel-stools-3.webp 800w, https:\/\/www.yongyukitchenware.com\/wp-content\/uploads\/2024\/09\/wholesale-stainless-steel-stools-3-300x300.webp 300w, https:\/\/www.yongyukitchenware.com\/wp-content\/uploads\/2024\/09\/wholesale-stainless-steel-stools-3-150x150.webp 150w, https:\/\/www.yongyukitchenware.com\/wp-content\/uploads\/2024\/09\/wholesale-stainless-steel-stools-3-768x768.webp 768w, https:\/\/www.yongyukitchenware.com\/wp-content\/uploads\/2024\/09\/wholesale-stainless-steel-stools-3-600x600.webp 600w, https:\/\/www.yongyukitchenware.com\/wp-content\/uploads\/2024\/09\/wholesale-stainless-steel-stools-3-100x100.webp 100w\" sizes=\"(max-width: 800px) 100vw, 800px\" \/><\/figure>\n<\/div>\n\n\n\n<div class=\"wp-block-column is-layout-flow wp-block-column-is-layout-flow\">\n<figure class=\"wp-block-image size-full\"><img decoding=\"async\" width=\"800\" height=\"800\" src=\"https:\/\/www.yongyukitchenware.com\/wp-content\/uploads\/2024\/09\/wholesale-stainless-steel-stools-5.webp\" alt=\"gro\u00dfhandel-rostfreier-stahl-hocker (5)\" class=\"wp-image-1359\" srcset=\"https:\/\/www.yongyukitchenware.com\/wp-content\/uploads\/2024\/09\/wholesale-stainless-steel-stools-5.webp 800w, https:\/\/www.yongyukitchenware.com\/wp-content\/uploads\/2024\/09\/wholesale-stainless-steel-stools-5-300x300.webp 300w, https:\/\/www.yongyukitchenware.com\/wp-content\/uploads\/2024\/09\/wholesale-stainless-steel-stools-5-150x150.webp 150w, https:\/\/www.yongyukitchenware.com\/wp-content\/uploads\/2024\/09\/wholesale-stainless-steel-stools-5-768x768.webp 768w, https:\/\/www.yongyukitchenware.com\/wp-content\/uploads\/2024\/09\/wholesale-stainless-steel-stools-5-600x600.webp 600w, https:\/\/www.yongyukitchenware.com\/wp-content\/uploads\/2024\/09\/wholesale-stainless-steel-stools-5-100x100.webp 100w\" sizes=\"(max-width: 800px) 100vw, 800px\" \/><\/figure>\n<\/div>\n<\/div>\n\n\n\n<div class=\"wp-block-columns is-layout-flex wp-container-core-columns-is-layout-9d6595d7 wp-block-columns-is-layout-flex\">\n<div class=\"wp-block-column is-layout-flow wp-block-column-is-layout-flow\">\n<figure class=\"wp-block-image size-full\"><img decoding=\"async\" width=\"800\" height=\"800\" src=\"https:\/\/www.yongyukitchenware.com\/wp-content\/uploads\/2024\/09\/wholesale-stainless-steel-stools-1.webp\" alt=\"gro\u00dfhandel-rostfreier-stahl-hocker (1)\" class=\"wp-image-1355\" srcset=\"https:\/\/www.yongyukitchenware.com\/wp-content\/uploads\/2024\/09\/wholesale-stainless-steel-stools-1.webp 800w, https:\/\/www.yongyukitchenware.com\/wp-content\/uploads\/2024\/09\/wholesale-stainless-steel-stools-1-300x300.webp 300w, https:\/\/www.yongyukitchenware.com\/wp-content\/uploads\/2024\/09\/wholesale-stainless-steel-stools-1-150x150.webp 150w, https:\/\/www.yongyukitchenware.com\/wp-content\/uploads\/2024\/09\/wholesale-stainless-steel-stools-1-768x768.webp 768w, https:\/\/www.yongyukitchenware.com\/wp-content\/uploads\/2024\/09\/wholesale-stainless-steel-stools-1-600x600.webp 600w, https:\/\/www.yongyukitchenware.com\/wp-content\/uploads\/2024\/09\/wholesale-stainless-steel-stools-1-100x100.webp 100w\" sizes=\"(max-width: 800px) 100vw, 800px\" \/><\/figure>\n<\/div>\n\n\n\n<div class=\"wp-block-column is-layout-flow wp-block-column-is-layout-flow\">\n<figure class=\"wp-block-image size-full\"><img decoding=\"async\" width=\"800\" height=\"800\" src=\"https:\/\/www.yongyukitchenware.com\/wp-content\/uploads\/2024\/09\/wholesale-stainless-steel-stools-6.webp\" alt=\"gro\u00dfhandel-rostfreier-stahl-hocker (6)\" class=\"wp-image-1360\" srcset=\"https:\/\/www.yongyukitchenware.com\/wp-content\/uploads\/2024\/09\/wholesale-stainless-steel-stools-6.webp 800w, https:\/\/www.yongyukitchenware.com\/wp-content\/uploads\/2024\/09\/wholesale-stainless-steel-stools-6-300x300.webp 300w, https:\/\/www.yongyukitchenware.com\/wp-content\/uploads\/2024\/09\/wholesale-stainless-steel-stools-6-150x150.webp 150w, https:\/\/www.yongyukitchenware.com\/wp-content\/uploads\/2024\/09\/wholesale-stainless-steel-stools-6-768x768.webp 768w, https:\/\/www.yongyukitchenware.com\/wp-content\/uploads\/2024\/09\/wholesale-stainless-steel-stools-6-600x600.webp 600w, https:\/\/www.yongyukitchenware.com\/wp-content\/uploads\/2024\/09\/wholesale-stainless-steel-stools-6-100x100.webp 100w\" sizes=\"(max-width: 800px) 100vw, 800px\" \/><\/figure>\n<\/div>\n<\/div>\n<\/div>\n<\/div>\n\n\n\n<h2 class=\"wp-block-heading\">Edelstahl Hocker Gr\u00f6\u00dfe:<\/h2>\n\n\n\n<figure class=\"wp-block-table\"><table class=\"has-fixed-layout\"><tbody><tr><td>Modell<\/td><td>Form<\/td><td>Anzahl der Fu\u00dfschemel<\/td><td>Gr\u00f6\u00dfe<\/td><td>MOQ<\/td><\/tr><tr><td rowspan=\"3\">DY087-Z<\/td><td>Rund<\/td><td>Dreibeiniges, mit Sand gef\u00fclltes Rohr<\/td><td rowspan=\"2\">22, 25, 30, 42, 47, 60 CM<\/td><td rowspan=\"3\">20 STCK.<\/td><\/tr><tr><td>Quadratisch<\/td><td>Mit Sand gef\u00fclltes vierbeiniges Rohr<\/td><\/tr><tr><td><\/td><td>Verdickter 0,5-Fu\u00df-Leerschlauch vier Fu\u00df<\/td><td>30, 47CM<\/td><\/tr><\/tbody><\/table><\/figure>\n\n\n\n<p><\/p>","protected":false},"excerpt":{"rendered":"<p>Informieren Sie sich \u00fcber die Edelstahlhocker von Yongyu, die in quadratischer und runder Form und in verschiedenen H\u00f6hen erh\u00e4ltlich sind. Sie eignen sich sowohl f\u00fcr die moderne Wohnungseinrichtung als auch f\u00fcr kommerzielle Umgebungen wie Bars und Restaurants!<\/p>\n<h2>Edelstahl Hocker Parameter:<\/h2>\n<p><strong>Material:<\/strong> rostfreier Stahl<br \/><strong>Die Form:<\/strong>\u00a0 rund oder quadratisch<br \/><strong>Verf\u00fcgbare Gr\u00f6\u00dfen:<\/strong> 22, 25, 30, 42, 47, 60 CM<br \/><strong>Verpacken:<\/strong> Beutel\/Sammelgut\/Karton oder individuell<br \/><strong>OEM\/ODM:<\/strong> optional<\/p>\n<h2 class=\"wp-block-heading\">Vom Gro\u00dfh\u00e4ndler f\u00fcr Haushaltswaren Yongyu:<\/h2>\n<p>Yongyu verf\u00fcgt \u00fcber eine zuverl\u00e4ssige und effiziente Lieferkette, die hochwertige Haushaltswaren aus rostfreiem Stahl auf Kundenwunsch herstellt und vertreibt. Unsere Produkte sind langlebig und erschwinglich, um die Bed\u00fcrfnisse der Kunden zu erf\u00fcllen<\/p>","protected":false},"featured_media":1356,"comment_status":"closed","ping_status":"closed","template":"","meta":{"_acf_changed":false},"application":[],"product_brand":[],"product_cat":[17],"product_tag":[],"class_list":{"0":"post-1350","1":"product","2":"type-product","3":"status-publish","4":"has-post-thumbnail","6":"product_cat-homeware-wholesaler","8":"first","9":"instock","10":"shipping-taxable","11":"product-type-simple"},"acf":[],"_links":{"self":[{"href":"https:\/\/www.yongyukitchenware.com\/de\/wp-json\/wp\/v2\/product\/1350","targetHints":{"allow":["GET"]}}],"collection":[{"href":"https:\/\/www.yongyukitchenware.com\/de\/wp-json\/wp\/v2\/product"}],"about":[{"href":"https:\/\/www.yongyukitchenware.com\/de\/wp-json\/wp\/v2\/types\/product"}],"replies":[{"embeddable":true,"href":"https:\/\/www.yongyukitchenware.com\/de\/wp-json\/wp\/v2\/comments?post=1350"}],"wp:featuredmedia":[{"embeddable":true,"href":"https:\/\/www.yongyukitchenware.com\/de\/wp-json\/wp\/v2\/media\/1356"}],"wp:attachment":[{"href":"https:\/\/www.yongyukitchenware.com\/de\/wp-json\/wp\/v2\/media?parent=1350"}],"wp:term":[{"taxonomy":"application","embeddable":true,"href":"https:\/\/www.yongyukitchenware.com\/de\/wp-json\/wp\/v2\/application?post=1350"},{"taxonomy":"product_brand","embeddable":true,"href":"https:\/\/www.yongyukitchenware.com\/de\/wp-json\/wp\/v2\/product_brand?post=1350"},{"taxonomy":"product_cat","embeddable":true,"href":"https:\/\/www.yongyukitchenware.com\/de\/wp-json\/wp\/v2\/product_cat?post=1350"},{"taxonomy":"product_tag","embeddable":true,"href":"https:\/\/www.yongyukitchenware.com\/de\/wp-json\/wp\/v2\/product_tag?post=1350"}],"curies":[{"name":"wp","href":"https:\/\/api.w.org\/{rel}","templated":true}]}}