{"id":1383,"date":"2024-10-05T16:50:27","date_gmt":"2024-10-05T16:50:27","guid":{"rendered":"https:\/\/www.yongyukitchenware.com\/?post_type=product&#038;p=1383"},"modified":"2025-06-26T03:16:45","modified_gmt":"2025-06-26T03:16:45","slug":"cosmetic-organizer-wholesale","status":"publish","type":"product","link":"https:\/\/www.yongyukitchenware.com\/de\/produkt\/cosmetic-organizer-wholesale\/","title":{"rendered":"Gro\u00dfhandel Kosmetik-Organisator 2-Tier-Tablett Runde rechteckige Arbeitsplatte Lagerung"},"content":{"rendered":"<div class=\"wp-block-columns is-layout-flex wp-container-core-columns-is-layout-9d6595d7 wp-block-columns-is-layout-flex\">\n<div class=\"wp-block-column is-layout-flow wp-block-column-is-layout-flow\">\n<h2 class=\"wp-block-heading\">Kosmetik-Organizer Merkmale:<\/h2>\n\n\n\n<p><strong>Verdickungsmaterial: <\/strong>hochwertiges ABS-Material, dick und haltbar, verschlei\u00dffest und nicht leicht zu besch\u00e4digen<\/p>\n\n\n\n<p><strong>Abgerundete Kanten: <\/strong>glatte, polierte Kanten, keine Grate, keine Verletzungsgefahr f\u00fcr die H\u00e4nde<\/p>\n\n\n\n<p><strong>Hohle Griffkonstruktion: <\/strong>tragbarer Hohlgriff, einfach zu bedienen, frei beweglich<\/p>\n\n\n\n<p><strong>Anti-Rutsch-Design:<\/strong> Vertikales Muster an der Unterseite, mit Anti-Rutsch-Effekt.<\/p>\n\n\n\n<p><strong>Doppellagige Struktur: <\/strong>Das Design ist zweilagig mit gro\u00dfen Abst\u00e4nden, was den Stauraum vergr\u00f6\u00dfert und gleichzeitig f\u00fcr Ordnung auf dem Schreibtisch sorgt.<\/p>\n<\/div>\n\n\n\n<div class=\"wp-block-column is-layout-flow wp-block-column-is-layout-flow\">\n<div class=\"wp-block-columns is-layout-flex wp-container-core-columns-is-layout-9d6595d7 wp-block-columns-is-layout-flex\">\n<div class=\"wp-block-column is-layout-flow wp-block-column-is-layout-flow\">\n<figure class=\"wp-block-image size-full\"><img decoding=\"async\" width=\"800\" height=\"800\" src=\"https:\/\/www.yongyukitchenware.com\/wp-content\/uploads\/2024\/09\/bulk-storage-racks-custom-1.webp\" alt=\"Gro\u00dfraum-Lagerregale-nach Ma\u00df (1)\" class=\"wp-image-1384\" srcset=\"https:\/\/www.yongyukitchenware.com\/wp-content\/uploads\/2024\/09\/bulk-storage-racks-custom-1.webp 800w, https:\/\/www.yongyukitchenware.com\/wp-content\/uploads\/2024\/09\/bulk-storage-racks-custom-1-300x300.webp 300w, https:\/\/www.yongyukitchenware.com\/wp-content\/uploads\/2024\/09\/bulk-storage-racks-custom-1-150x150.webp 150w, https:\/\/www.yongyukitchenware.com\/wp-content\/uploads\/2024\/09\/bulk-storage-racks-custom-1-768x768.webp 768w, https:\/\/www.yongyukitchenware.com\/wp-content\/uploads\/2024\/09\/bulk-storage-racks-custom-1-12x12.webp 12w, https:\/\/www.yongyukitchenware.com\/wp-content\/uploads\/2024\/09\/bulk-storage-racks-custom-1-600x600.webp 600w, https:\/\/www.yongyukitchenware.com\/wp-content\/uploads\/2024\/09\/bulk-storage-racks-custom-1-100x100.webp 100w\" sizes=\"(max-width: 800px) 100vw, 800px\" \/><\/figure>\n<\/div>\n\n\n\n<div class=\"wp-block-column is-layout-flow wp-block-column-is-layout-flow\">\n<figure class=\"wp-block-image size-full\"><img decoding=\"async\" width=\"800\" height=\"800\" src=\"https:\/\/www.yongyukitchenware.com\/wp-content\/uploads\/2024\/09\/bulk-storage-racks-custom-2.webp\" alt=\"Gro\u00dfraum-Lagerregale - kundenspezifisch (2)\" class=\"wp-image-1385\" srcset=\"https:\/\/www.yongyukitchenware.com\/wp-content\/uploads\/2024\/09\/bulk-storage-racks-custom-2.webp 800w, https:\/\/www.yongyukitchenware.com\/wp-content\/uploads\/2024\/09\/bulk-storage-racks-custom-2-300x300.webp 300w, https:\/\/www.yongyukitchenware.com\/wp-content\/uploads\/2024\/09\/bulk-storage-racks-custom-2-150x150.webp 150w, https:\/\/www.yongyukitchenware.com\/wp-content\/uploads\/2024\/09\/bulk-storage-racks-custom-2-768x768.webp 768w, https:\/\/www.yongyukitchenware.com\/wp-content\/uploads\/2024\/09\/bulk-storage-racks-custom-2-12x12.webp 12w, https:\/\/www.yongyukitchenware.com\/wp-content\/uploads\/2024\/09\/bulk-storage-racks-custom-2-600x600.webp 600w, https:\/\/www.yongyukitchenware.com\/wp-content\/uploads\/2024\/09\/bulk-storage-racks-custom-2-100x100.webp 100w\" sizes=\"(max-width: 800px) 100vw, 800px\" \/><\/figure>\n<\/div>\n<\/div>\n\n\n\n<div class=\"wp-block-columns is-layout-flex wp-container-core-columns-is-layout-9d6595d7 wp-block-columns-is-layout-flex\">\n<div class=\"wp-block-column is-layout-flow wp-block-column-is-layout-flow\">\n<figure class=\"wp-block-image size-full\"><img decoding=\"async\" width=\"800\" height=\"800\" src=\"https:\/\/www.yongyukitchenware.com\/wp-content\/uploads\/2024\/09\/bulk-storage-racks-custom-4.webp\" alt=\"Gro\u00dfraum-Lagerregale-nach Ma\u00df (4)\" class=\"wp-image-1387\" srcset=\"https:\/\/www.yongyukitchenware.com\/wp-content\/uploads\/2024\/09\/bulk-storage-racks-custom-4.webp 800w, https:\/\/www.yongyukitchenware.com\/wp-content\/uploads\/2024\/09\/bulk-storage-racks-custom-4-300x300.webp 300w, https:\/\/www.yongyukitchenware.com\/wp-content\/uploads\/2024\/09\/bulk-storage-racks-custom-4-150x150.webp 150w, https:\/\/www.yongyukitchenware.com\/wp-content\/uploads\/2024\/09\/bulk-storage-racks-custom-4-768x768.webp 768w, https:\/\/www.yongyukitchenware.com\/wp-content\/uploads\/2024\/09\/bulk-storage-racks-custom-4-12x12.webp 12w, https:\/\/www.yongyukitchenware.com\/wp-content\/uploads\/2024\/09\/bulk-storage-racks-custom-4-600x600.webp 600w, https:\/\/www.yongyukitchenware.com\/wp-content\/uploads\/2024\/09\/bulk-storage-racks-custom-4-100x100.webp 100w\" sizes=\"(max-width: 800px) 100vw, 800px\" \/><\/figure>\n<\/div>\n\n\n\n<div class=\"wp-block-column is-layout-flow wp-block-column-is-layout-flow\">\n<figure class=\"wp-block-image size-full\"><img decoding=\"async\" width=\"800\" height=\"800\" src=\"https:\/\/www.yongyukitchenware.com\/wp-content\/uploads\/2024\/09\/bulk-storage-racks-custom-5.webp\" alt=\"Gro\u00dfraum-Lagerregale-nach Ma\u00df (5)\" class=\"wp-image-1388\" srcset=\"https:\/\/www.yongyukitchenware.com\/wp-content\/uploads\/2024\/09\/bulk-storage-racks-custom-5.webp 800w, https:\/\/www.yongyukitchenware.com\/wp-content\/uploads\/2024\/09\/bulk-storage-racks-custom-5-300x300.webp 300w, https:\/\/www.yongyukitchenware.com\/wp-content\/uploads\/2024\/09\/bulk-storage-racks-custom-5-150x150.webp 150w, https:\/\/www.yongyukitchenware.com\/wp-content\/uploads\/2024\/09\/bulk-storage-racks-custom-5-768x768.webp 768w, https:\/\/www.yongyukitchenware.com\/wp-content\/uploads\/2024\/09\/bulk-storage-racks-custom-5-12x12.webp 12w, https:\/\/www.yongyukitchenware.com\/wp-content\/uploads\/2024\/09\/bulk-storage-racks-custom-5-600x600.webp 600w, https:\/\/www.yongyukitchenware.com\/wp-content\/uploads\/2024\/09\/bulk-storage-racks-custom-5-100x100.webp 100w\" sizes=\"(max-width: 800px) 100vw, 800px\" \/><\/figure>\n<\/div>\n<\/div>\n<\/div>\n<\/div>\n\n\n\n<h2 class=\"wp-block-heading\">Kosmetik-Organizer Gr\u00f6\u00dfe:<\/h2>\n\n\n\n<figure class=\"wp-block-table\"><table class=\"has-fixed-layout\"><tbody><tr><td>Modell<\/td><td>Gr\u00f6\u00dfe<\/td><td>L\u00e4nge * Breite * H\u00f6he (cm)<\/td><td>MOQ<\/td><\/tr><tr><td rowspan=\"6\">DY064-P<\/td><td>Zweilagig dreistellig<\/td><td>9cm*27.5cm*24.8cm<\/td><td rowspan=\"6\">60 STCK.<\/td><\/tr><tr><td>Zweilagig vierstellig<\/td><td>18.5cm*18.5cm*24.8cm<\/td><\/tr><tr><td>Zweischichtiger kleiner sechsstelliger Betrag<\/td><td>29.5cm*18.5cm*24.8cm<\/td><\/tr><tr><td>Zweischichtige gro\u00dfe sechsstellige<\/td><td>31cm*21cm*24.8cm<\/td><\/tr><tr><td>Zweilagig achtstellig<\/td><td>41cm*22cm*24.8cm<\/td><\/tr><tr><td>Double-Layer-Disc<\/td><td>27cm*27cm*24.8cm<\/td><\/tr><\/tbody><\/table><\/figure>","protected":false},"excerpt":{"rendered":"<p>Gro\u00dfhandel kleine Kosmetik-Organisator, zu Hause Countertop Lagerung Rack, Edelstahl-Halterung und 2-Tier-Kunststoff-Tablett-Design, bietet multifunktionale Lagerung f\u00fcr Kosmetika, Tassen, Nachmittagstee, etc. Unterst\u00fctzung Bulk-Anpassung, willkommen, uns f\u00fcr freie Anfrage zu kontaktieren.<\/p>\n<h2>Kosmetik Organizer Parameter:<\/h2>\n<p><strong>Material:<\/strong> hochwertiges ABS-Material<br \/><strong>Die Form:<\/strong> rund oder quadratisch<br \/><strong>Farbe:<\/strong> wei\u00df<br \/><strong>Allgemeines Design:<\/strong> doppellagig mit Hohlgriffen<br \/><strong>Verpacken:<\/strong> Beutel\/Sammelgut\/Karton oder individuell<br \/><strong>OEM\/ODM:<\/strong> optional<\/p>\n<h2 class=\"wp-block-heading\">Vom Gro\u00dfh\u00e4ndler f\u00fcr Haushaltswaren Yongyu:<\/h2>\n<p>Yongyu verf\u00fcgt \u00fcber eine zuverl\u00e4ssige und effiziente Lieferkette, die hochwertige Haushaltswaren aus rostfreiem Stahl anpasst und vertreibt. Unsere Produkte sind langlebig und erschwinglich und erf\u00fcllen die gesch\u00e4ftlichen Anforderungen unserer Kunden.<\/p>","protected":false},"featured_media":1388,"comment_status":"closed","ping_status":"closed","template":"","meta":{"_acf_changed":true},"application":[29],"product_brand":[],"product_cat":[17],"product_tag":[],"class_list":{"0":"post-1383","1":"product","2":"type-product","3":"status-publish","4":"has-post-thumbnail","6":"application-home-kitchen","7":"product_cat-homeware-wholesaler","9":"first","10":"instock","11":"shipping-taxable","12":"product-type-simple"},"acf":[],"_links":{"self":[{"href":"https:\/\/www.yongyukitchenware.com\/de\/wp-json\/wp\/v2\/product\/1383","targetHints":{"allow":["GET"]}}],"collection":[{"href":"https:\/\/www.yongyukitchenware.com\/de\/wp-json\/wp\/v2\/product"}],"about":[{"href":"https:\/\/www.yongyukitchenware.com\/de\/wp-json\/wp\/v2\/types\/product"}],"replies":[{"embeddable":true,"href":"https:\/\/www.yongyukitchenware.com\/de\/wp-json\/wp\/v2\/comments?post=1383"}],"wp:featuredmedia":[{"embeddable":true,"href":"https:\/\/www.yongyukitchenware.com\/de\/wp-json\/wp\/v2\/media\/1388"}],"wp:attachment":[{"href":"https:\/\/www.yongyukitchenware.com\/de\/wp-json\/wp\/v2\/media?parent=1383"}],"wp:term":[{"taxonomy":"application","embeddable":true,"href":"https:\/\/www.yongyukitchenware.com\/de\/wp-json\/wp\/v2\/application?post=1383"},{"taxonomy":"product_brand","embeddable":true,"href":"https:\/\/www.yongyukitchenware.com\/de\/wp-json\/wp\/v2\/product_brand?post=1383"},{"taxonomy":"product_cat","embeddable":true,"href":"https:\/\/www.yongyukitchenware.com\/de\/wp-json\/wp\/v2\/product_cat?post=1383"},{"taxonomy":"product_tag","embeddable":true,"href":"https:\/\/www.yongyukitchenware.com\/de\/wp-json\/wp\/v2\/product_tag?post=1383"}],"curies":[{"name":"wp","href":"https:\/\/api.w.org\/{rel}","templated":true}]}}