{"id":1416,"date":"2024-10-05T13:44:19","date_gmt":"2024-10-05T13:44:19","guid":{"rendered":"https:\/\/www.yongyukitchenware.com\/?post_type=product&#038;p=1416"},"modified":"2025-06-26T03:15:14","modified_gmt":"2025-06-26T03:15:14","slug":"food-storage-box-wholesale","status":"publish","type":"product","link":"https:\/\/www.yongyukitchenware.com\/de\/produkt\/food-storage-box-wholesale\/","title":{"rendered":"Gro\u00dfhandel Edelstahl Lebensmittel Lagerung Box mit Dichtungsdeckel"},"content":{"rendered":"<div class=\"wp-block-columns is-layout-flex wp-container-core-columns-is-layout-9d6595d7 wp-block-columns-is-layout-flex\">\n<div class=\"wp-block-column is-layout-flow wp-block-column-is-layout-flow\">\n<h2 class=\"wp-block-heading\">Lebensmittel-Aufbewahrungsbox Merkmale:<\/h2>\n\n\n\n<p><strong>Material: <\/strong>\u00dcberlegener rostfreier Stahl. Edelstahl 304 in Lebensmittelqualit\u00e4t ist resistent gegen Korrosion und Oxidation.<br><strong>Optionen mit mehreren Speicherkapazit\u00e4ten:<\/strong> 2,5L, 3,5L, 4,5L und 6,0L, um verschiedenen Anforderungen gerecht zu werden.<br><strong>Wasserdichtes Design mit doppelter Dichtung:<\/strong> Das auslaufsichere Design des Silikonrings und des Silikondichtungsstopfens bedeutet, dass Sie mit viel mehr Sicherheit reisen k\u00f6nnen.<br><strong>Gestaltung des Griffs\uff1a<\/strong> Die hervorstehenden Griffe an beiden Seiten unserer Gro\u00dfhandels-Edelstahl-Lebensmittelaufbewahrungsbox sind bequem zu halten.<br><strong>Sichtbarer Deckel\uff1a<\/strong> Das Innere der Lebensmittel ist sichtbar, ohne dass man den Deckel \u00f6ffnen muss.<\/p>\n<\/div>\n\n\n\n<div class=\"wp-block-column is-layout-flow wp-block-column-is-layout-flow\">\n<div class=\"wp-block-columns is-layout-flex wp-container-core-columns-is-layout-9d6595d7 wp-block-columns-is-layout-flex\">\n<div class=\"wp-block-column is-layout-flow wp-block-column-is-layout-flow\"><div class=\"wp-block-image\">\n<figure class=\"aligncenter size-full is-resized\"><img decoding=\"async\" width=\"800\" height=\"800\" src=\"https:\/\/www.yongyukitchenware.com\/wp-content\/uploads\/2024\/09\/Wholesale-Stainless-Steel-Food-Storage-Box-With-Sealing-Cover-1.webp\" alt=\"Gro\u00dfhandel Edelstahl Lebensmittel Lagerung Box 1\" class=\"wp-image-1424\" style=\"width:416px;height:auto\" srcset=\"https:\/\/www.yongyukitchenware.com\/wp-content\/uploads\/2024\/09\/Wholesale-Stainless-Steel-Food-Storage-Box-With-Sealing-Cover-1.webp 800w, https:\/\/www.yongyukitchenware.com\/wp-content\/uploads\/2024\/09\/Wholesale-Stainless-Steel-Food-Storage-Box-With-Sealing-Cover-1-300x300.webp 300w, https:\/\/www.yongyukitchenware.com\/wp-content\/uploads\/2024\/09\/Wholesale-Stainless-Steel-Food-Storage-Box-With-Sealing-Cover-1-150x150.webp 150w, https:\/\/www.yongyukitchenware.com\/wp-content\/uploads\/2024\/09\/Wholesale-Stainless-Steel-Food-Storage-Box-With-Sealing-Cover-1-768x768.webp 768w, https:\/\/www.yongyukitchenware.com\/wp-content\/uploads\/2024\/09\/Wholesale-Stainless-Steel-Food-Storage-Box-With-Sealing-Cover-1-12x12.webp 12w, https:\/\/www.yongyukitchenware.com\/wp-content\/uploads\/2024\/09\/Wholesale-Stainless-Steel-Food-Storage-Box-With-Sealing-Cover-1-600x600.webp 600w, https:\/\/www.yongyukitchenware.com\/wp-content\/uploads\/2024\/09\/Wholesale-Stainless-Steel-Food-Storage-Box-With-Sealing-Cover-1-100x100.webp 100w\" sizes=\"(max-width: 800px) 100vw, 800px\" \/><\/figure>\n<\/div><\/div>\n<\/div>\n<\/div>\n<\/div>\n\n\n\n<div class=\"wp-block-group is-vertical is-layout-flex wp-container-core-group-is-layout-8cf370e7 wp-block-group-is-layout-flex\">\n<h2 class=\"wp-block-heading\">Lebensmittel-Aufbewahrungsbox Gr\u00f6\u00dfe:<\/h2>\n<\/div>\n\n\n\n<figure class=\"wp-block-table\"><table class=\"has-fixed-layout\"><tbody><tr><td>Modell<\/td><td>Gr\u00f6\u00dfe<\/td><td>L\u00e4nge * Breite * H\u00f6he (cm)<\/td><td>MOQ<\/td><\/tr><tr><td rowspan=\"4\">DY053-FH<\/td><td>2.5L<\/td><td>30*20*6cm<\/td><td>48 STCK.<\/td><\/tr><tr><td>3.5L<\/td><td>30*20*8,2cm<\/td><td>36 STCK.<\/td><\/tr><tr><td>4.5L<\/td><td>30*20*10.2cm<\/td><td>30 STCK.<\/td><\/tr><tr><td>6.0L<\/td><td>30*20*13.2cm<\/td><td>24 STCK.<\/td><\/tr><\/tbody><\/table><\/figure>","protected":false},"excerpt":{"rendered":"<p>Unser Gro\u00dfhandel Edelstahl Lebensmittel Lagerung Box verf\u00fcgt \u00fcber ein robustes Design mit einer sicheren Abdichtung Deckel zu halten Lebensmittel frisch und auslaufsicher. Ideal f\u00fcr die sichere Aufbewahrung zu Hause, bei der Arbeit oder unterwegs.Willkommen Anfragen!<\/p>\n<h2 style=\"text-align: left\">Lebensmittel-Aufbewahrungsbox Parameter:<\/h2>\n<p style=\"text-align: left\"><strong>Material:<\/strong> Rostfreier Stahl<br \/><strong>Farbe:<\/strong> Farbe Silber<br \/><strong>Verschiedene Gr\u00f6\u00dfen:<\/strong> 2.5L, 3.5L, 4.5L und 6.0L <br \/><strong>Verpacken: <\/strong>Opp-Beutel und -Karton<br \/><strong>OEM\/ODM:<\/strong> Verf\u00fcgbar<\/p>\n<h2 class=\"wp-block-heading\">Von Lebensmittel Lagerung Container Hersteller :<\/h2>\n<p>Yongyu wurde 1996 gegr\u00fcndet und hat sich auf die Herstellung und den Gro\u00dfhandel von Lebensmittelbeh\u00e4ltern aus Edelstahl, K\u00fcchenutensilien, Gastronomiebedarf, Haushaltswaren und Campingk\u00fcchenausr\u00fcstung spezialisiert. Wir bieten OEM &amp; ODM und E-Commerce-Beschaffungsdienste f\u00fcr Kunden aus einer Hand.<\/p>","protected":false},"featured_media":1427,"comment_status":"closed","ping_status":"closed","template":"","meta":{"_acf_changed":true},"application":[31],"product_brand":[],"product_cat":[19],"product_tag":[],"class_list":{"0":"post-1416","1":"product","2":"type-product","3":"status-publish","4":"has-post-thumbnail","6":"application-champ-kitchen","7":"product_cat-food-storage-container-bulk-custom","9":"first","10":"instock","11":"shipping-taxable","12":"product-type-simple"},"acf":[],"_links":{"self":[{"href":"https:\/\/www.yongyukitchenware.com\/de\/wp-json\/wp\/v2\/product\/1416","targetHints":{"allow":["GET"]}}],"collection":[{"href":"https:\/\/www.yongyukitchenware.com\/de\/wp-json\/wp\/v2\/product"}],"about":[{"href":"https:\/\/www.yongyukitchenware.com\/de\/wp-json\/wp\/v2\/types\/product"}],"replies":[{"embeddable":true,"href":"https:\/\/www.yongyukitchenware.com\/de\/wp-json\/wp\/v2\/comments?post=1416"}],"wp:featuredmedia":[{"embeddable":true,"href":"https:\/\/www.yongyukitchenware.com\/de\/wp-json\/wp\/v2\/media\/1427"}],"wp:attachment":[{"href":"https:\/\/www.yongyukitchenware.com\/de\/wp-json\/wp\/v2\/media?parent=1416"}],"wp:term":[{"taxonomy":"application","embeddable":true,"href":"https:\/\/www.yongyukitchenware.com\/de\/wp-json\/wp\/v2\/application?post=1416"},{"taxonomy":"product_brand","embeddable":true,"href":"https:\/\/www.yongyukitchenware.com\/de\/wp-json\/wp\/v2\/product_brand?post=1416"},{"taxonomy":"product_cat","embeddable":true,"href":"https:\/\/www.yongyukitchenware.com\/de\/wp-json\/wp\/v2\/product_cat?post=1416"},{"taxonomy":"product_tag","embeddable":true,"href":"https:\/\/www.yongyukitchenware.com\/de\/wp-json\/wp\/v2\/product_tag?post=1416"}],"curies":[{"name":"wp","href":"https:\/\/api.w.org\/{rel}","templated":true}]}}