{"id":1471,"date":"2024-10-22T02:13:18","date_gmt":"2024-10-22T02:13:18","guid":{"rendered":"https:\/\/www.yongyukitchenware.com\/?post_type=product&#038;p=1471"},"modified":"2025-06-26T06:19:56","modified_gmt":"2025-06-26T06:19:56","slug":"camping-rice-cooker-wholesale","status":"publish","type":"product","link":"https:\/\/www.yongyukitchenware.com\/de\/produkt\/camping-rice-cooker-wholesale\/","title":{"rendered":"Gro\u00dfhandel Camping Reiskocher Edelstahl f\u00fcr den Au\u00dfeneinsatz"},"content":{"rendered":"<div class=\"wp-block-columns is-layout-flex wp-container-core-columns-is-layout-9d6595d7 wp-block-columns-is-layout-flex\">\n<div class=\"wp-block-column is-layout-flow wp-block-column-is-layout-flow\">\n<h2 class=\"wp-block-heading\">Camping-Reiskocher Eigenschaften:<\/h2>\n\n\n\n<p><strong>Hochwertiges Material aus rostfreiem Stahl: <\/strong>Edelstahl 304 in Lebensmittelqualit\u00e4t, korrosions- und oxidationsbest\u00e4ndig.<\/p>\n\n\n\n<p><strong>Kompakt und tragbar: <\/strong>Mehrzweck-Kochkessel, tragbar, Camping-K\u00fcchenzeile.<\/p>\n\n\n\n<p><strong>Tragbares Griffdesign: <\/strong>Riegelfalle Ohr, das hei\u00dft, das Schloss kann auch aufgeh\u00e4ngt werden.<\/p>\n\n\n\n<p><strong>Flacher Boden: <\/strong>Der Boden kann direkt beheizt werden und heizt schnell.<\/p>\n\n\n\n<p><strong>Leicht zu reinigen:<\/strong> Edelstahl Integrierte Formgebung, keine L\u00fccke, versteckt keinen Schmutz, glatt und leicht zu reinigen.<\/p>\n<\/div>\n\n\n\n<div class=\"wp-block-column is-layout-flow wp-block-column-is-layout-flow\">\n<div class=\"wp-block-columns is-layout-flex wp-container-core-columns-is-layout-9d6595d7 wp-block-columns-is-layout-flex\">\n<div class=\"wp-block-column is-layout-flow wp-block-column-is-layout-flow\"><div class=\"wp-block-image\">\n<figure class=\"aligncenter size-full is-resized\"><img decoding=\"async\" width=\"800\" height=\"800\" src=\"https:\/\/www.yongyukitchenware.com\/wp-content\/uploads\/2024\/10\/Wholesale-Stainless-Steel-Camping-Rice-Cooker-6.webp\" alt=\"Gro\u00dfhandel Edelstahl Camping Reiskocher 6\" class=\"wp-image-1485\" style=\"width:416px;height:auto\" srcset=\"https:\/\/www.yongyukitchenware.com\/wp-content\/uploads\/2024\/10\/Wholesale-Stainless-Steel-Camping-Rice-Cooker-6.webp 800w, https:\/\/www.yongyukitchenware.com\/wp-content\/uploads\/2024\/10\/Wholesale-Stainless-Steel-Camping-Rice-Cooker-6-300x300.webp 300w, https:\/\/www.yongyukitchenware.com\/wp-content\/uploads\/2024\/10\/Wholesale-Stainless-Steel-Camping-Rice-Cooker-6-150x150.webp 150w, https:\/\/www.yongyukitchenware.com\/wp-content\/uploads\/2024\/10\/Wholesale-Stainless-Steel-Camping-Rice-Cooker-6-768x768.webp 768w, https:\/\/www.yongyukitchenware.com\/wp-content\/uploads\/2024\/10\/Wholesale-Stainless-Steel-Camping-Rice-Cooker-6-12x12.webp 12w, https:\/\/www.yongyukitchenware.com\/wp-content\/uploads\/2024\/10\/Wholesale-Stainless-Steel-Camping-Rice-Cooker-6-600x600.webp 600w, https:\/\/www.yongyukitchenware.com\/wp-content\/uploads\/2024\/10\/Wholesale-Stainless-Steel-Camping-Rice-Cooker-6-100x100.webp 100w\" sizes=\"(max-width: 800px) 100vw, 800px\" \/><\/figure>\n<\/div><\/div>\n<\/div>\n<\/div>\n<\/div>\n\n\n\n<h2 class=\"wp-block-heading\">Camping-Reiskocher Gr\u00f6\u00dfe<\/h2>\n\n\n\n<figure class=\"wp-block-table\"><table class=\"has-fixed-layout\"><tbody><tr><td>Modell<\/td><td>Zubeh\u00f6r<\/td><td>\u00c4u\u00dferer Durchmesser<\/td><td>Innendurchmesser<\/td><td>H\u00f6he&nbsp;<\/td><td>Unterer Durchmesser<\/td><td>H\u00f6he zusammengeklappt<\/td><td>Gewicht&nbsp;<\/td><td>MOQ<\/td><\/tr><tr><td rowspan=\"4\">DY015-YC<\/td><td>dampfender Topf<\/td><td>13cm<\/td><td>11,7 cm<\/td><td>17cm<\/td><td>11cm<\/td><td>20,7 cm<\/td><td>350g<\/td><td rowspan=\"4\">24 STCK.<\/td><\/tr><tr><td>Deckel<\/td><td colspan=\"2\">13,3 cm<\/td><td>0,7 cm<\/td><td>\/<\/td><td>\/<\/td><td>80g<\/td><\/tr><tr><td>2-Personen-Innentopf<\/td><td>13cm<\/td><td>11,6 cm<\/td><td>8,8 cm<\/td><td>10,4 cm<\/td><td>\/<\/td><td>160g<\/td><\/tr><tr><td>3-Portionen-Innenbeh\u00e4lter<\/td><td>13cm<\/td><td>11,6 cm<\/td><td>9,8 cm<\/td><td>10,4 cm<\/td><td>\/<\/td><td>160g<\/td><\/tr><\/tbody><\/table><\/figure>","protected":false},"excerpt":{"rendered":"<p>Unser Gro\u00dfhandels-Edelstahl-Camping-Reiskocher ist ideal f\u00fcr den Einsatz im Freien. Er ist aus haltbarem 304er-Edelstahl gefertigt und eignet sich perfekt zum Kochen von Reis, Suppen und zum D\u00e4mpfen von Gem\u00fcse. Leicht und tragbar, ist es einfach zu tragen und zu reinigen f\u00fcr m\u00fcheloses Kochen im Freien. Willkommen Anfragen\uff01<\/p>\n<h2 style=\"text-align: left\">Camping-Reiskocher Parameter:<\/h2>\n<p style=\"text-align: left\"><strong>Material:<\/strong> Rostfreier Stahl<br \/><strong>Farbe:<\/strong> Farbe Silber<br \/><strong>Verpacken: <\/strong>Opp-Beutel und -Karton<br \/><strong>OEM\/ODM:<\/strong> Verf\u00fcgbar<\/p>\n<h2 class=\"wp-block-heading\">Von Camping Kitchen Essentials Hersteller :<\/h2>\n<p>Yongyu ist ein professioneller Hersteller von Camping-K\u00fcchenartikeln. Unsere Produkte umfassen alle Arten von Camping-K\u00fcchenartikeln aus Edelstahl, wie z.B. Camping-Kochgeschirr, Camping-Geschirr, BBQ-Grills usw., und bieten qualitativ hochwertige Beschaffungsdienste und erschwingliche Preise f\u00fcr jeden Kunden.<\/p>","protected":false},"featured_media":2022,"comment_status":"closed","ping_status":"closed","template":"","meta":{"_acf_changed":false},"application":[31],"product_brand":[],"product_cat":[18],"product_tag":[],"class_list":{"0":"post-1471","1":"product","2":"type-product","3":"status-publish","4":"has-post-thumbnail","6":"application-champ-kitchen","7":"product_cat-camping-kitchen-essentials-wholesale","9":"first","10":"instock","11":"shipping-taxable","12":"product-type-simple"},"acf":[],"_links":{"self":[{"href":"https:\/\/www.yongyukitchenware.com\/de\/wp-json\/wp\/v2\/product\/1471","targetHints":{"allow":["GET"]}}],"collection":[{"href":"https:\/\/www.yongyukitchenware.com\/de\/wp-json\/wp\/v2\/product"}],"about":[{"href":"https:\/\/www.yongyukitchenware.com\/de\/wp-json\/wp\/v2\/types\/product"}],"replies":[{"embeddable":true,"href":"https:\/\/www.yongyukitchenware.com\/de\/wp-json\/wp\/v2\/comments?post=1471"}],"wp:featuredmedia":[{"embeddable":true,"href":"https:\/\/www.yongyukitchenware.com\/de\/wp-json\/wp\/v2\/media\/2022"}],"wp:attachment":[{"href":"https:\/\/www.yongyukitchenware.com\/de\/wp-json\/wp\/v2\/media?parent=1471"}],"wp:term":[{"taxonomy":"application","embeddable":true,"href":"https:\/\/www.yongyukitchenware.com\/de\/wp-json\/wp\/v2\/application?post=1471"},{"taxonomy":"product_brand","embeddable":true,"href":"https:\/\/www.yongyukitchenware.com\/de\/wp-json\/wp\/v2\/product_brand?post=1471"},{"taxonomy":"product_cat","embeddable":true,"href":"https:\/\/www.yongyukitchenware.com\/de\/wp-json\/wp\/v2\/product_cat?post=1471"},{"taxonomy":"product_tag","embeddable":true,"href":"https:\/\/www.yongyukitchenware.com\/de\/wp-json\/wp\/v2\/product_tag?post=1471"}],"curies":[{"name":"wp","href":"https:\/\/api.w.org\/{rel}","templated":true}]}}