{"id":1563,"date":"2024-10-10T06:39:21","date_gmt":"2024-10-10T06:39:21","guid":{"rendered":"https:\/\/www.yongyukitchenware.com\/?post_type=product&#038;p=1563"},"modified":"2025-07-10T09:55:45","modified_gmt":"2025-07-10T09:55:45","slug":"strainer-bowl-wholesale","status":"publish","type":"product","link":"https:\/\/www.yongyukitchenware.com\/de\/produkt\/strainer-bowl-wholesale\/","title":{"rendered":"Versorgungssieb Sch\u00fcssel Edelstahl Mischsch\u00fcssel und Sieb Set"},"content":{"rendered":"<div class=\"wp-block-columns is-layout-flex wp-container-core-columns-is-layout-9d6595d7 wp-block-columns-is-layout-flex\">\n<div class=\"wp-block-column is-layout-flow wp-block-column-is-layout-flow\">\n<h2 class=\"wp-block-heading\">Siebsch\u00fcssel Merkmale :<\/h2>\n\n\n\n<p><strong>Hochwertiger rostfreier Stahl: <\/strong>Edelstahl in Lebensmittelqualit\u00e4t, korrosionsbest\u00e4ndig, geruchlos, langlebig<br><strong>Vielseitig einsetzbar:<\/strong> Die R\u00fchrsch\u00fcssel kann zum Mischen von Zutaten und zur Zubereitung von So\u00dfen verwendet werden, w\u00e4hrend der Geschirrsp\u00fclkorb zum Waschen von Gem\u00fcse und Obst geeignet ist und sogar als Abtropfkorb verwendet werden kann, also multifunktional ist.<br><strong>Vollst\u00e4ndige Spezifikationen:<\/strong>Es sind verschiedene Gr\u00f6\u00dfen von 18-40 cm erh\u00e4ltlich, und es gibt auch ein Reissieb derselben Gr\u00f6\u00dfe, um verschiedenen Bed\u00fcrfnissen gerecht zu werden.<br><strong>Breitrandiges Design: <\/strong>Breitrandiges Design, gro\u00dfes Fassungsverm\u00f6gen zum Reinigen und Aufbewahren, leicht zu halten, verhindert Verbrennungen.<br><strong>Vertiefendes Design:<\/strong> vertiefen das Becken bequemer zu speichern, gro\u00dfe Kapazit\u00e4t ist nicht leicht zu spritzen, sicheren Betrieb.<\/p>\n\n\n\n<h2 class=\"wp-block-heading\">Gr\u00f6\u00dfe der Siebsch\u00fcssel:<\/h2>\n\n\n\n<figure class=\"wp-block-table\"><table class=\"has-fixed-layout\"><tbody><tr><td>Modell<\/td><td>Gr\u00f6\u00dfe<\/td><td>Durchmesser * H\u00f6he (cm)<\/td><td>MOQ<\/td><\/tr><tr><td rowspan=\"12\">DY035-TLP<\/td><td>18cm<\/td><td>18*8,5cm<\/td><td rowspan=\"12\">160 STCK.<\/td><\/tr><tr><td>20cm<\/td><td>20*9cm<\/td><\/tr><tr><td>22cm<\/td><td>22*9,5cm<\/td><\/tr><tr><td>24cm<\/td><td>24*10cm<\/td><\/tr><tr><td>26cm<\/td><td>26*10,5cm<\/td><\/tr><tr><td>28cm<\/td><td>28*11cm<\/td><\/tr><tr><td>30cm<\/td><td>30*11,5cm<\/td><\/tr><tr><td>32cm<\/td><td>32*12cm<\/td><\/tr><tr><td>34cm<\/td><td>34*12,5cm<\/td><\/tr><tr><td>36cm<\/td><td>36*13.2cm<\/td><\/tr><tr><td>38cm<\/td><td>38*13.8cm<\/td><\/tr><tr><td>40cm<\/td><td>40*14.8cm<\/td><\/tr><\/tbody><\/table><\/figure>\n<\/div>\n\n\n\n<div class=\"wp-block-column is-layout-flow wp-block-column-is-layout-flow\">\n<div class=\"wp-block-columns is-layout-flex wp-container-core-columns-is-layout-9d6595d7 wp-block-columns-is-layout-flex\">\n<div class=\"wp-block-column is-layout-flow wp-block-column-is-layout-flow\">\n<figure class=\"wp-block-image size-full\"><img decoding=\"async\" width=\"800\" height=\"800\" src=\"https:\/\/www.yongyukitchenware.com\/wp-content\/uploads\/2024\/10\/supply-strainer-bowl-2.webp\" alt=\"Vorrats-Sieb-Schale (2)\" class=\"wp-image-1565\" srcset=\"https:\/\/www.yongyukitchenware.com\/wp-content\/uploads\/2024\/10\/supply-strainer-bowl-2.webp 800w, https:\/\/www.yongyukitchenware.com\/wp-content\/uploads\/2024\/10\/supply-strainer-bowl-2-300x300.webp 300w, https:\/\/www.yongyukitchenware.com\/wp-content\/uploads\/2024\/10\/supply-strainer-bowl-2-150x150.webp 150w, https:\/\/www.yongyukitchenware.com\/wp-content\/uploads\/2024\/10\/supply-strainer-bowl-2-768x768.webp 768w, https:\/\/www.yongyukitchenware.com\/wp-content\/uploads\/2024\/10\/supply-strainer-bowl-2-12x12.webp 12w, https:\/\/www.yongyukitchenware.com\/wp-content\/uploads\/2024\/10\/supply-strainer-bowl-2-600x600.webp 600w, https:\/\/www.yongyukitchenware.com\/wp-content\/uploads\/2024\/10\/supply-strainer-bowl-2-100x100.webp 100w\" sizes=\"(max-width: 800px) 100vw, 800px\" \/><\/figure>\n<\/div>\n\n\n\n<div class=\"wp-block-column is-layout-flow wp-block-column-is-layout-flow\">\n<figure class=\"wp-block-image size-full\"><img decoding=\"async\" width=\"800\" height=\"800\" src=\"https:\/\/www.yongyukitchenware.com\/wp-content\/uploads\/2024\/10\/supply-strainer-bowl-8.webp\" alt=\"Vorrats-Sieb-Schale (8)\" class=\"wp-image-1571\" srcset=\"https:\/\/www.yongyukitchenware.com\/wp-content\/uploads\/2024\/10\/supply-strainer-bowl-8.webp 800w, https:\/\/www.yongyukitchenware.com\/wp-content\/uploads\/2024\/10\/supply-strainer-bowl-8-300x300.webp 300w, https:\/\/www.yongyukitchenware.com\/wp-content\/uploads\/2024\/10\/supply-strainer-bowl-8-150x150.webp 150w, https:\/\/www.yongyukitchenware.com\/wp-content\/uploads\/2024\/10\/supply-strainer-bowl-8-768x768.webp 768w, https:\/\/www.yongyukitchenware.com\/wp-content\/uploads\/2024\/10\/supply-strainer-bowl-8-12x12.webp 12w, https:\/\/www.yongyukitchenware.com\/wp-content\/uploads\/2024\/10\/supply-strainer-bowl-8-600x600.webp 600w, https:\/\/www.yongyukitchenware.com\/wp-content\/uploads\/2024\/10\/supply-strainer-bowl-8-100x100.webp 100w\" sizes=\"(max-width: 800px) 100vw, 800px\" \/><\/figure>\n<\/div>\n<\/div>\n\n\n\n<div class=\"wp-block-columns is-layout-flex wp-container-core-columns-is-layout-9d6595d7 wp-block-columns-is-layout-flex\">\n<div class=\"wp-block-column is-layout-flow wp-block-column-is-layout-flow\">\n<figure class=\"wp-block-image size-full\"><img decoding=\"async\" width=\"800\" height=\"800\" src=\"https:\/\/www.yongyukitchenware.com\/wp-content\/uploads\/2024\/10\/supply-strainer-bowl-5.webp\" alt=\"Vorrats-Sieb-Schale (5)\" class=\"wp-image-1568\" srcset=\"https:\/\/www.yongyukitchenware.com\/wp-content\/uploads\/2024\/10\/supply-strainer-bowl-5.webp 800w, https:\/\/www.yongyukitchenware.com\/wp-content\/uploads\/2024\/10\/supply-strainer-bowl-5-300x300.webp 300w, https:\/\/www.yongyukitchenware.com\/wp-content\/uploads\/2024\/10\/supply-strainer-bowl-5-150x150.webp 150w, https:\/\/www.yongyukitchenware.com\/wp-content\/uploads\/2024\/10\/supply-strainer-bowl-5-768x768.webp 768w, https:\/\/www.yongyukitchenware.com\/wp-content\/uploads\/2024\/10\/supply-strainer-bowl-5-12x12.webp 12w, https:\/\/www.yongyukitchenware.com\/wp-content\/uploads\/2024\/10\/supply-strainer-bowl-5-600x600.webp 600w, https:\/\/www.yongyukitchenware.com\/wp-content\/uploads\/2024\/10\/supply-strainer-bowl-5-100x100.webp 100w\" sizes=\"(max-width: 800px) 100vw, 800px\" \/><\/figure>\n<\/div>\n\n\n\n<div class=\"wp-block-column is-layout-flow wp-block-column-is-layout-flow\">\n<figure class=\"wp-block-image size-full\"><img decoding=\"async\" width=\"800\" height=\"800\" src=\"https:\/\/www.yongyukitchenware.com\/wp-content\/uploads\/2024\/10\/supply-strainer-bowl-6.webp\" alt=\"Vorrats-Sieb-Schale (6)\" class=\"wp-image-1569\" srcset=\"https:\/\/www.yongyukitchenware.com\/wp-content\/uploads\/2024\/10\/supply-strainer-bowl-6.webp 800w, https:\/\/www.yongyukitchenware.com\/wp-content\/uploads\/2024\/10\/supply-strainer-bowl-6-300x300.webp 300w, https:\/\/www.yongyukitchenware.com\/wp-content\/uploads\/2024\/10\/supply-strainer-bowl-6-150x150.webp 150w, https:\/\/www.yongyukitchenware.com\/wp-content\/uploads\/2024\/10\/supply-strainer-bowl-6-768x768.webp 768w, https:\/\/www.yongyukitchenware.com\/wp-content\/uploads\/2024\/10\/supply-strainer-bowl-6-12x12.webp 12w, https:\/\/www.yongyukitchenware.com\/wp-content\/uploads\/2024\/10\/supply-strainer-bowl-6-600x600.webp 600w, https:\/\/www.yongyukitchenware.com\/wp-content\/uploads\/2024\/10\/supply-strainer-bowl-6-100x100.webp 100w\" sizes=\"(max-width: 800px) 100vw, 800px\" \/><\/figure>\n<\/div>\n<\/div>\n<\/div>\n<\/div>","protected":false},"excerpt":{"rendered":"<p>Das Yongyu-Set aus Edelstahlsch\u00fcssel und R\u00fchrsch\u00fcssel verbessert Ihre K\u00fcchenerfahrung beim Waschen, Abtropfen und Mischen von Gem\u00fcse, Obst, Reis, Nudeln und mehr. Dieses vielseitige Set ist ein unverzichtbares K\u00fcchenwerkzeug f\u00fcr private und gewerbliche K\u00fcchen, ideal f\u00fcr den Gro\u00dfhandel.<\/p>\n<h2>Parameter der Siebsch\u00fcssel :<\/h2>\n<p><strong>Material:<\/strong> rostfreier Stahl<br \/><strong>Enth\u00e4lt:<\/strong> eine R\u00fchrsch\u00fcssel und ein Sieb<br \/><strong>Design der Schale:<\/strong> Design mit breiter Seitenvertiefung, hochglanzpolierte Oberfl\u00e4chenbehandlung<br \/><strong>Spezifikationen:<\/strong> 18-40cm<br \/><strong>Verpacken:<\/strong> Beutel\/Sammelgut\/Karton oder individuell<br \/><strong>OEM\/ODM:<\/strong> Verf\u00fcgbar<\/p>\n<h2 class=\"wp-block-heading\">Von Yongyu Kitchenware Hersteller:<\/h2>\n<p>Yongyu ist ein professioneller Hersteller von K\u00fcchenutensilien. Unsere Produkte umfassen alle Arten von Edelstahlkochgeschirr und K\u00fcchenzubeh\u00f6r und bieten ma\u00dfgeschneiderte L\u00f6sungen mit hochwertigen Produkten und Fabrikpreisen.<\/p>","protected":false},"featured_media":1564,"comment_status":"closed","ping_status":"closed","template":"","meta":{"_acf_changed":false},"application":[29],"product_brand":[],"product_cat":[23,35],"product_tag":[],"class_list":{"0":"post-1563","1":"product","2":"type-product","3":"status-publish","4":"has-post-thumbnail","6":"application-home-kitchen","7":"product_cat-kitchenware-wholesale","8":"product_cat-baking-trays-wholesale","10":"first","11":"instock","12":"shipping-taxable","13":"product-type-simple"},"acf":[],"_links":{"self":[{"href":"https:\/\/www.yongyukitchenware.com\/de\/wp-json\/wp\/v2\/product\/1563","targetHints":{"allow":["GET"]}}],"collection":[{"href":"https:\/\/www.yongyukitchenware.com\/de\/wp-json\/wp\/v2\/product"}],"about":[{"href":"https:\/\/www.yongyukitchenware.com\/de\/wp-json\/wp\/v2\/types\/product"}],"replies":[{"embeddable":true,"href":"https:\/\/www.yongyukitchenware.com\/de\/wp-json\/wp\/v2\/comments?post=1563"}],"wp:featuredmedia":[{"embeddable":true,"href":"https:\/\/www.yongyukitchenware.com\/de\/wp-json\/wp\/v2\/media\/1564"}],"wp:attachment":[{"href":"https:\/\/www.yongyukitchenware.com\/de\/wp-json\/wp\/v2\/media?parent=1563"}],"wp:term":[{"taxonomy":"application","embeddable":true,"href":"https:\/\/www.yongyukitchenware.com\/de\/wp-json\/wp\/v2\/application?post=1563"},{"taxonomy":"product_brand","embeddable":true,"href":"https:\/\/www.yongyukitchenware.com\/de\/wp-json\/wp\/v2\/product_brand?post=1563"},{"taxonomy":"product_cat","embeddable":true,"href":"https:\/\/www.yongyukitchenware.com\/de\/wp-json\/wp\/v2\/product_cat?post=1563"},{"taxonomy":"product_tag","embeddable":true,"href":"https:\/\/www.yongyukitchenware.com\/de\/wp-json\/wp\/v2\/product_tag?post=1563"}],"curies":[{"name":"wp","href":"https:\/\/api.w.org\/{rel}","templated":true}]}}