{"id":1573,"date":"2024-10-07T12:21:33","date_gmt":"2024-10-07T12:21:33","guid":{"rendered":"https:\/\/www.yongyukitchenware.com\/?post_type=product&#038;p=1573"},"modified":"2025-06-26T03:40:21","modified_gmt":"2025-06-26T03:40:21","slug":"buffet-warmer-set-wholesale","status":"publish","type":"product","link":"https:\/\/www.yongyukitchenware.com\/de\/produkt\/buffet-warmer-set-wholesale\/","title":{"rendered":"Gro\u00dfhandel Buffet Warmer Set Edelstahl mit mit Glasabdeckung"},"content":{"rendered":"<div class=\"wp-block-columns is-layout-flex wp-container-core-columns-is-layout-9d6595d7 wp-block-columns-is-layout-flex\">\n<div class=\"wp-block-column is-layout-flow wp-block-column-is-layout-flow\">\n<h2 class=\"wp-block-heading\">Buffetw\u00e4rmer Parameter einstellen<\/h2>\n\n\n\n<figure class=\"wp-block-table\"><table class=\"has-fixed-layout\"><tbody><tr><td>Modell<\/td><td>Form<\/td><td>L\u00e4nge * Breite * H\u00f6he (cm)<\/td><td>Wiegen(kg)<\/td><td>MOQ<\/td><\/tr><tr><td rowspan=\"3\">DY006-CL<\/td><td>Rechteckig<\/td><td>61*45*21<\/td><td>9.9<\/td><td rowspan=\"3\">2PCS<\/td><\/tr><tr><td>Platz<\/td><td>43*44*22<\/td><td>7.9<\/td><\/tr><tr><td>rund<\/td><td>46*50*20<\/td><td>7.9<\/td><\/tr><\/tbody><\/table><\/figure>\n<\/div>\n\n\n\n<div class=\"wp-block-column is-layout-flow wp-block-column-is-layout-flow\">\n<h2 class=\"wp-block-heading\">Buffetw\u00e4rmer-Set Merkmale:<\/h2>\n\n\n\n<p><strong>Hochwertiges Material aus rostfreiem Stahl:<\/strong> Unser Gro\u00dfhandel Buffet W\u00e4rmer Set ist aus hochwertigem Edelstahl, langlebig und rostfrei f\u00fcr eine lange Nutzung gemacht.<\/p>\n\n\n\n<p><strong>Deckel aus transparentem Glas:<\/strong> Der transparente Glasdeckel erm\u00f6glicht es, den Zustand der Lebensmittel zu \u00fcberpr\u00fcfen, ohne den Deckel h\u00e4ufig \u00f6ffnen zu m\u00fcssen, und kann den W\u00e4rmeverlust verringern.<\/p>\n\n\n\n<p><strong>Gro\u00dfes Fassungsverm\u00f6gen: <\/strong>Auf der Buffetplatte mit gro\u00dfem Fassungsverm\u00f6gen k\u00f6nnen verschiedene Gerichte gleichzeitig angerichtet werden, so dass sie den Bed\u00fcrfnissen verschiedener Parteien mit unterschiedlichem Umfang gerecht wird.<\/p>\n\n\n\n<p><strong>Einfache Reinigung und Wartung: <\/strong>Alle Komponenten sind so konzipiert, dass sie leicht zu zerlegen und zu reinigen sind und den Hygienestandards entsprechen.<\/p>\n<\/div>\n<\/div>\n\n\n\n<div class=\"wp-block-columns is-layout-flex wp-container-core-columns-is-layout-9d6595d7 wp-block-columns-is-layout-flex\">\n<div class=\"wp-block-column is-layout-flow wp-block-column-is-layout-flow\">\n<figure class=\"wp-block-image size-full\"><img decoding=\"async\" width=\"800\" height=\"800\" src=\"https:\/\/www.yongyukitchenware.com\/wp-content\/uploads\/2024\/10\/Wholesale-Buffet-Warmer-Set-4.webp\" alt=\"Gro\u00dfhandel Buffet W\u00e4rmer Set 4\" class=\"wp-image-1578\" srcset=\"https:\/\/www.yongyukitchenware.com\/wp-content\/uploads\/2024\/10\/Wholesale-Buffet-Warmer-Set-4.webp 800w, https:\/\/www.yongyukitchenware.com\/wp-content\/uploads\/2024\/10\/Wholesale-Buffet-Warmer-Set-4-300x300.webp 300w, https:\/\/www.yongyukitchenware.com\/wp-content\/uploads\/2024\/10\/Wholesale-Buffet-Warmer-Set-4-150x150.webp 150w, https:\/\/www.yongyukitchenware.com\/wp-content\/uploads\/2024\/10\/Wholesale-Buffet-Warmer-Set-4-768x768.webp 768w, https:\/\/www.yongyukitchenware.com\/wp-content\/uploads\/2024\/10\/Wholesale-Buffet-Warmer-Set-4-12x12.webp 12w, https:\/\/www.yongyukitchenware.com\/wp-content\/uploads\/2024\/10\/Wholesale-Buffet-Warmer-Set-4-600x600.webp 600w, https:\/\/www.yongyukitchenware.com\/wp-content\/uploads\/2024\/10\/Wholesale-Buffet-Warmer-Set-4-100x100.webp 100w\" sizes=\"(max-width: 800px) 100vw, 800px\" \/><\/figure>\n<\/div>\n\n\n\n<div class=\"wp-block-column is-layout-flow wp-block-column-is-layout-flow\">\n<figure class=\"wp-block-image size-full\"><img decoding=\"async\" width=\"800\" height=\"800\" src=\"https:\/\/www.yongyukitchenware.com\/wp-content\/uploads\/2024\/10\/Wholesale-Buffet-Warmer-Set-6.webp\" alt=\"Gro\u00dfhandel Buffet W\u00e4rmer Set 6\" class=\"wp-image-1580\" srcset=\"https:\/\/www.yongyukitchenware.com\/wp-content\/uploads\/2024\/10\/Wholesale-Buffet-Warmer-Set-6.webp 800w, https:\/\/www.yongyukitchenware.com\/wp-content\/uploads\/2024\/10\/Wholesale-Buffet-Warmer-Set-6-300x300.webp 300w, https:\/\/www.yongyukitchenware.com\/wp-content\/uploads\/2024\/10\/Wholesale-Buffet-Warmer-Set-6-150x150.webp 150w, https:\/\/www.yongyukitchenware.com\/wp-content\/uploads\/2024\/10\/Wholesale-Buffet-Warmer-Set-6-768x768.webp 768w, https:\/\/www.yongyukitchenware.com\/wp-content\/uploads\/2024\/10\/Wholesale-Buffet-Warmer-Set-6-12x12.webp 12w, https:\/\/www.yongyukitchenware.com\/wp-content\/uploads\/2024\/10\/Wholesale-Buffet-Warmer-Set-6-600x600.webp 600w, https:\/\/www.yongyukitchenware.com\/wp-content\/uploads\/2024\/10\/Wholesale-Buffet-Warmer-Set-6-100x100.webp 100w\" sizes=\"(max-width: 800px) 100vw, 800px\" \/><\/figure>\n<\/div>\n<\/div>","protected":false},"excerpt":{"rendered":"<p>Wir bieten Gro\u00dfhandels- und kundenspezifische Buffetw\u00e4rmer-Sets mit Glas-Scharnierdeckel und verschiedenen Spezifikationen f\u00fcr verschiedene Catering-Services. Ob es sich um ein Hotel, ein Restaurant oder ein Familienbankett handelt, diese Chafing Dish ist Ihre perfekte Wahl.<\/p>\n<h2><!-- wp:heading --><\/h2>\n<h2 class=\"wp-block-heading\">Buffetw\u00e4rmer-Set Eigenschaften :<\/h2>\n<h2><!-- \/wp:heading --><\/p>\n<p><!-- wp:paragraph --><\/h2>\n<p><strong>Material: <\/strong>Rostfreier Stahl<br \/><strong>Farbe: <\/strong>Silber<br \/><strong>Die Form: <\/strong>Rechteck, Quadrat, Rund<br \/><strong>W\u00e4rme: <\/strong>Alkohol und elektrische Heizung<br \/><strong>Chafer Pan: <\/strong>Einzel\/Doppel\/Drei Raster<br \/><strong>Verpacken: <\/strong>Opp-Beutel und -Karton<br \/><strong>OEM\/ODM: <\/strong>Verf\u00fcgbar<\/p>\n<h2 class=\"wp-block-heading\">Von Yongyu Chafing Dish Hersteller :<\/h2>\n<p>Ob es sich um einen Catering-Service-Anbieter, Hotel und Restaurant, oder Event-Planung Unternehmen, bieten wir komplette Chafing Gerichte Gro\u00dfhandel benutzerdefinierte L\u00f6sungen, um Ihr Unternehmen mit hochwertigen Fabrik Preise!<\/p>\n<h2><!-- \/wp:paragraph --><\/h2>","protected":false},"featured_media":2740,"comment_status":"closed","ping_status":"closed","template":"","meta":{"_acf_changed":false},"application":[30],"product_brand":[],"product_cat":[33],"product_tag":[],"class_list":{"0":"post-1573","1":"product","2":"type-product","3":"status-publish","4":"has-post-thumbnail","6":"application-hotel-catering","7":"product_cat-chafing-dishes-wholesale","9":"first","10":"instock","11":"shipping-taxable","12":"product-type-simple"},"acf":[],"_links":{"self":[{"href":"https:\/\/www.yongyukitchenware.com\/de\/wp-json\/wp\/v2\/product\/1573","targetHints":{"allow":["GET"]}}],"collection":[{"href":"https:\/\/www.yongyukitchenware.com\/de\/wp-json\/wp\/v2\/product"}],"about":[{"href":"https:\/\/www.yongyukitchenware.com\/de\/wp-json\/wp\/v2\/types\/product"}],"replies":[{"embeddable":true,"href":"https:\/\/www.yongyukitchenware.com\/de\/wp-json\/wp\/v2\/comments?post=1573"}],"wp:featuredmedia":[{"embeddable":true,"href":"https:\/\/www.yongyukitchenware.com\/de\/wp-json\/wp\/v2\/media\/2740"}],"wp:attachment":[{"href":"https:\/\/www.yongyukitchenware.com\/de\/wp-json\/wp\/v2\/media?parent=1573"}],"wp:term":[{"taxonomy":"application","embeddable":true,"href":"https:\/\/www.yongyukitchenware.com\/de\/wp-json\/wp\/v2\/application?post=1573"},{"taxonomy":"product_brand","embeddable":true,"href":"https:\/\/www.yongyukitchenware.com\/de\/wp-json\/wp\/v2\/product_brand?post=1573"},{"taxonomy":"product_cat","embeddable":true,"href":"https:\/\/www.yongyukitchenware.com\/de\/wp-json\/wp\/v2\/product_cat?post=1573"},{"taxonomy":"product_tag","embeddable":true,"href":"https:\/\/www.yongyukitchenware.com\/de\/wp-json\/wp\/v2\/product_tag?post=1573"}],"curies":[{"name":"wp","href":"https:\/\/api.w.org\/{rel}","templated":true}]}}