{"id":1589,"date":"2024-10-30T06:41:41","date_gmt":"2024-10-30T06:41:41","guid":{"rendered":"https:\/\/www.yongyukitchenware.com\/?post_type=product&#038;p=1589"},"modified":"2025-01-14T04:04:50","modified_gmt":"2025-01-14T04:04:50","slug":"food-pan-wholesale","status":"publish","type":"product","link":"https:\/\/www.yongyukitchenware.com\/de\/produkt\/food-pan-wholesale\/","title":{"rendered":"Gro\u00dfhandel Lebensmittel Pan Edelstahl Gastronorm Pfannen EU-Stil mit Deckel"},"content":{"rendered":"<div class=\"wp-block-columns is-layout-flex wp-container-core-columns-is-layout-9d6595d7 wp-block-columns-is-layout-flex\">\n<div class=\"wp-block-column is-layout-flow wp-block-column-is-layout-flow\">\n<h2 class=\"wp-block-heading\">Lebensmittelpfanne Merkmale:<\/h2>\n\n\n\n<p><strong>Premium-Edelstahl:<\/strong> Lebensmittelgeeigneter Edelstahl ist langlebig und hitzebest\u00e4ndig<br><strong>GN-Pfanne kann erhitzt werden:<\/strong> Aufgrund der ausgezeichneten W\u00e4rmeleitf\u00e4higkeit von Edelstahl kann er gleichm\u00e4\u00dfig erhitzt und gebacken werden, was eine optimale W\u00e4rmeverteilung und Isolierwirkung gew\u00e4hrleistet.<br><strong>Erh\u00f6htes Design: <\/strong>GN-Beh\u00e4lter sind auslaufsicher und verhindern, dass Fl\u00fcssigkeiten herumflie\u00dfen.<br><strong>Gerolltes Kanten-Design:<\/strong> Abgerundete und glatte Kanten f\u00fcr eine einfache Handhabung, die Verletzungen der H\u00e4nde verhindert und die Reinigung sicherer und bequemer macht<br><strong>Zwei Arten von Deckeln:<\/strong> ein perforierter Deckel, der Platz f\u00fcr L\u00f6ffel bietet; ein Vollstahldeckel, der wirksam abdichtet und vor Staub sch\u00fctzt<br><strong>Platzsparend: <\/strong>ein stapelbares Design f\u00fcr effiziente Lagerung<\/p>\n<\/div>\n\n\n\n<div class=\"wp-block-column is-layout-flow wp-block-column-is-layout-flow\">\n<div class=\"wp-block-columns is-layout-flex wp-container-core-columns-is-layout-9d6595d7 wp-block-columns-is-layout-flex\">\n<div class=\"wp-block-column is-layout-flow wp-block-column-is-layout-flow\">\n<figure class=\"wp-block-image size-full\"><img decoding=\"async\" width=\"800\" height=\"800\" src=\"https:\/\/www.yongyukitchenware.com\/wp-content\/uploads\/2024\/10\/supply-food-pan-2.webp\" alt=\"Versorgung-Lebensmittel-Topf (2)\" class=\"wp-image-1600\" srcset=\"https:\/\/www.yongyukitchenware.com\/wp-content\/uploads\/2024\/10\/supply-food-pan-2.webp 800w, https:\/\/www.yongyukitchenware.com\/wp-content\/uploads\/2024\/10\/supply-food-pan-2-300x300.webp 300w, https:\/\/www.yongyukitchenware.com\/wp-content\/uploads\/2024\/10\/supply-food-pan-2-150x150.webp 150w, https:\/\/www.yongyukitchenware.com\/wp-content\/uploads\/2024\/10\/supply-food-pan-2-768x768.webp 768w, https:\/\/www.yongyukitchenware.com\/wp-content\/uploads\/2024\/10\/supply-food-pan-2-12x12.webp 12w, https:\/\/www.yongyukitchenware.com\/wp-content\/uploads\/2024\/10\/supply-food-pan-2-600x600.webp 600w, https:\/\/www.yongyukitchenware.com\/wp-content\/uploads\/2024\/10\/supply-food-pan-2-100x100.webp 100w\" sizes=\"(max-width: 800px) 100vw, 800px\" \/><\/figure>\n<\/div>\n\n\n\n<div class=\"wp-block-column is-layout-flow wp-block-column-is-layout-flow\">\n<figure class=\"wp-block-image size-full\"><img decoding=\"async\" width=\"800\" height=\"800\" src=\"https:\/\/www.yongyukitchenware.com\/wp-content\/uploads\/2024\/10\/supply-food-pan-4.webp\" alt=\"Versorgung-Lebensmittel-Topf (4)\" class=\"wp-image-1602\" srcset=\"https:\/\/www.yongyukitchenware.com\/wp-content\/uploads\/2024\/10\/supply-food-pan-4.webp 800w, https:\/\/www.yongyukitchenware.com\/wp-content\/uploads\/2024\/10\/supply-food-pan-4-300x300.webp 300w, https:\/\/www.yongyukitchenware.com\/wp-content\/uploads\/2024\/10\/supply-food-pan-4-150x150.webp 150w, https:\/\/www.yongyukitchenware.com\/wp-content\/uploads\/2024\/10\/supply-food-pan-4-768x768.webp 768w, https:\/\/www.yongyukitchenware.com\/wp-content\/uploads\/2024\/10\/supply-food-pan-4-12x12.webp 12w, https:\/\/www.yongyukitchenware.com\/wp-content\/uploads\/2024\/10\/supply-food-pan-4-600x600.webp 600w, https:\/\/www.yongyukitchenware.com\/wp-content\/uploads\/2024\/10\/supply-food-pan-4-100x100.webp 100w\" sizes=\"(max-width: 800px) 100vw, 800px\" \/><\/figure>\n<\/div>\n<\/div>\n<\/div>\n<\/div>\n\n\n\n<h2 class=\"wp-block-heading\">Lebensmitteltopf Parameter<\/h2>\n\n\n\n<figure class=\"wp-block-table\"><table class=\"has-fixed-layout\"><tbody><tr><td>Modell<\/td><td>Gr\u00f6\u00dfe<\/td><td>L\u00e4nge * Breite * H\u00f6he (cm)<\/td><td>Gr\u00f6\u00dfe<\/td><td>L\u00e4nge * Breite * H\u00f6he (cm)<\/td><\/tr><tr><td rowspan=\"28\">DY002-FSP<\/td><td rowspan=\"6\">2\/1 Eu Style GN-Pfanne<\/td><td>65x53x20CM<\/td><td rowspan=\"6\">1\/3 Eu Style GN Pan<\/td><td>32.5*17.6*20CM<\/td><\/tr><tr><td>65x53x15CM<\/td><td>32.5*17.6*15CM<\/td><\/tr><tr><td>65x53x10CM<\/td><td>32.5*17.6*10CM<\/td><\/tr><tr><td>65x53x6.5CM<\/td><td>32,5*17,6*6,5CM<\/td><\/tr><tr><td>65x53x 4CM<\/td><td>32.5*17.6*4CM<\/td><\/tr><tr><td>65x53x2CM<\/td><td>32.5*17.6*2CM<\/td><\/tr><tr><td rowspan=\"6\">1\/1 Eu Style GN-Pfanne<\/td><td>53*32.5*20CM<\/td><td rowspan=\"6\">1\/4 Eu Style GN Pan<\/td><td>26.5*16.2*20CM<\/td><\/tr><tr><td>53*32.5*15CM<\/td><td>26.5*16.2*15CM<\/td><\/tr><tr><td>53*32.5*10CM<\/td><td>26.5*16.2*10CM<\/td><\/tr><tr><td>53*32.5*6.5CM<\/td><td>26,5*16,2*6,5CM<\/td><\/tr><tr><td>53*32.5*4CM<\/td><td>26.5*16.2*4CM<\/td><\/tr><tr><td>53*32.5*2CM<\/td><td>26.5*16.2*2CM<\/td><\/tr><tr><td rowspan=\"6\">2\/3 Eu Style GN Pan<\/td><td>35.5*32.5*20CM<\/td><td rowspan=\"4\">1\/6 Eu Style GN Pan<\/td><td>17.6*16.2*20CM<\/td><\/tr><tr><td>35,5*32,5*15CM<\/td><td>17.6*16.2*15CM<\/td><\/tr><tr><td>35.5*32.5*10CM<\/td><td>17.6*16.2*10CM<\/td><\/tr><tr><td>35,5*32,5*6,5CM<\/td><td>17.6*16.2*6.5CM<\/td><\/tr><tr><td>35,5*32,5*4CM<\/td><td rowspan=\"3\">1\/9 Eu Style GN Pan<\/td><td>17.6*10.8*15CM<\/td><\/tr><tr><td>35,5*32,5*2CM<\/td><td>17.6*10.8*10CM<\/td><\/tr><tr><td rowspan=\"6\">1\/2 Eu Style GN Pan<\/td><td>32.5*26.5*20CM<\/td><td>17,6*10,8*6,5CM<\/td><\/tr><tr><td>32.5*26.5*15CM<\/td><td rowspan=\"4\">1\/12 Eu Style GN Pan<\/td><td>13,2\u00d710,8x 15CM<\/td><\/tr><tr><td>32.5*26.5*10CM<\/td><td>13.2\u00d710.8x 10CM<\/td><\/tr><tr><td>32,5*26,5*6,5CM<\/td><td>13,2\u00d710,8\u00d76,5CM<\/td><\/tr><tr><td>32.5*26.5*4CM<\/td><td>13,2\u00d710,8x4CM<\/td><\/tr><tr><td>32.5*26.5*2CM<\/td><td rowspan=\"5\">2\/4 Eu Style GN Pan<\/td><td>53\u00d716,2\u00d715 CM<\/td><\/tr><tr><td><\/td><td><\/td><td>53\u00d716,5x 10CM<\/td><\/tr><tr><td><\/td><td><\/td><td>53\u00d716,5x 6,5CM<\/td><\/tr><tr><td><\/td><td><\/td><td>53\u00d716.5x4CM<\/td><\/tr><tr><td><\/td><td><\/td><td>53\u00d716.5x2CM<\/td><\/tr><\/tbody><\/table><\/figure>","protected":false},"excerpt":{"rendered":"<p>Gro\u00dfhandel Lebensmittel Pfanne Edelstahl voller Gr\u00f6\u00dfe europ\u00e4ischen Gastronorm Pfanne, f\u00fcr Hotel Buffet entworfen, geeignet f\u00fcr die meisten kommerziellen K\u00fcchenausstattung und Buffet. Kaufen Sie in der Masse und genie\u00dfen Sie Fabrik Rabatt.<\/p>\n<h2><!-- wp:heading --><\/h2>\n<h2 class=\"wp-block-heading\">Eigenschaften der Lebensmittelpfanne :<\/h2>\n<h2><!-- \/wp:heading --><\/p>\n<p><!-- wp:paragraph --><\/h2>\n<p><strong>Material:<\/strong> Rostfreier Stahl<br \/><strong>Gr\u00f6\u00dfe:<\/strong>\u00a01\/1, 1\/2, 1\/3, 1\/4, 1\/4, 1\/6, 1\/9, 3\/2 gn pan<br \/><strong>Rostfreier Stahl Dicke:<\/strong>\u00a00,5 mm, 0,6 mm, 0,7 mm, 0,8 mm, 1,0 mm<br \/><strong>Arten von Deckeln<\/strong><strong>:<\/strong>\u00a0Perforierter Deckel und Vollstahldeckel<br \/><strong>Entwurf:<\/strong> Erh\u00f6hter und gerollter Rand, gleichm\u00e4\u00dfig erw\u00e4rmt und gebacken<br \/><strong>Verpacken:<\/strong> OPP-Beutel und -Karton<br \/><strong>OEM\/ODM:<\/strong> Verf\u00fcgbar<\/p>\n<p><!-- \/wp:paragraph --><\/p>","protected":false},"featured_media":1598,"comment_status":"closed","ping_status":"closed","template":"","meta":{"_acf_changed":true},"application":[30],"product_brand":[],"product_cat":[22,37],"product_tag":[],"class_list":{"0":"post-1589","1":"product","2":"type-product","3":"status-publish","4":"has-post-thumbnail","6":"application-hotel-catering","7":"product_cat-catering-supplies-wholesale","8":"product_cat-gastronorm-pan-manufacturer","10":"first","11":"instock","12":"shipping-taxable","13":"product-type-simple"},"acf":[],"_links":{"self":[{"href":"https:\/\/www.yongyukitchenware.com\/de\/wp-json\/wp\/v2\/product\/1589","targetHints":{"allow":["GET"]}}],"collection":[{"href":"https:\/\/www.yongyukitchenware.com\/de\/wp-json\/wp\/v2\/product"}],"about":[{"href":"https:\/\/www.yongyukitchenware.com\/de\/wp-json\/wp\/v2\/types\/product"}],"replies":[{"embeddable":true,"href":"https:\/\/www.yongyukitchenware.com\/de\/wp-json\/wp\/v2\/comments?post=1589"}],"wp:featuredmedia":[{"embeddable":true,"href":"https:\/\/www.yongyukitchenware.com\/de\/wp-json\/wp\/v2\/media\/1598"}],"wp:attachment":[{"href":"https:\/\/www.yongyukitchenware.com\/de\/wp-json\/wp\/v2\/media?parent=1589"}],"wp:term":[{"taxonomy":"application","embeddable":true,"href":"https:\/\/www.yongyukitchenware.com\/de\/wp-json\/wp\/v2\/application?post=1589"},{"taxonomy":"product_brand","embeddable":true,"href":"https:\/\/www.yongyukitchenware.com\/de\/wp-json\/wp\/v2\/product_brand?post=1589"},{"taxonomy":"product_cat","embeddable":true,"href":"https:\/\/www.yongyukitchenware.com\/de\/wp-json\/wp\/v2\/product_cat?post=1589"},{"taxonomy":"product_tag","embeddable":true,"href":"https:\/\/www.yongyukitchenware.com\/de\/wp-json\/wp\/v2\/product_tag?post=1589"}],"curies":[{"name":"wp","href":"https:\/\/api.w.org\/{rel}","templated":true}]}}