{"id":1597,"date":"2024-10-07T11:46:47","date_gmt":"2024-10-07T11:46:47","guid":{"rendered":"https:\/\/www.yongyukitchenware.com\/?post_type=product&#038;p=1597"},"modified":"2025-06-26T03:38:19","modified_gmt":"2025-06-26T03:38:19","slug":"electric-chafing-dish-wholesale","status":"publish","type":"product","link":"https:\/\/www.yongyukitchenware.com\/de\/produkt\/electric-chafing-dish-wholesale\/","title":{"rendered":"Gro\u00dfhandel elektrische Chafing Dish, Runde Buffet servieren Gericht Bulk"},"content":{"rendered":"<div class=\"wp-block-columns is-layout-flex wp-container-core-columns-is-layout-9d6595d7 wp-block-columns-is-layout-flex\">\n<div class=\"wp-block-column is-layout-flow wp-block-column-is-layout-flow\">\n<h2 class=\"wp-block-heading\">Elektrische Chafing Dish Parameter<\/h2>\n\n\n\n<figure class=\"wp-block-table\"><table class=\"has-fixed-layout\"><tbody><tr><td>Modell<\/td><td>Durchmesser* H\u00f6he (cm)<\/td><td>Fassungsverm\u00f6gen (l)<\/td><td>Gewicht(kg)<\/td><td>MOQ<\/td><\/tr><tr><td>DY008-CL<\/td><td>46*50*25<\/td><td>6<\/td><td>6.8<\/td><td>2PCS<\/td><\/tr><\/tbody><\/table><\/figure>\n<\/div>\n\n\n\n<div class=\"wp-block-column is-layout-flow wp-block-column-is-layout-flow\">\n<figure class=\"wp-block-image size-full is-resized\"><img decoding=\"async\" width=\"800\" height=\"800\" src=\"https:\/\/www.yongyukitchenware.com\/wp-content\/uploads\/2025\/02\/wholesale-stainless-steel-chafing-dishes-4.webp\" alt=\"Gro\u00dfhandel mit Chafing Dishes aus Edelstahl\" class=\"wp-image-2989\" style=\"width:355px;height:auto\" srcset=\"https:\/\/www.yongyukitchenware.com\/wp-content\/uploads\/2025\/02\/wholesale-stainless-steel-chafing-dishes-4.webp 800w, https:\/\/www.yongyukitchenware.com\/wp-content\/uploads\/2025\/02\/wholesale-stainless-steel-chafing-dishes-4-300x300.webp 300w, https:\/\/www.yongyukitchenware.com\/wp-content\/uploads\/2025\/02\/wholesale-stainless-steel-chafing-dishes-4-150x150.webp 150w, https:\/\/www.yongyukitchenware.com\/wp-content\/uploads\/2025\/02\/wholesale-stainless-steel-chafing-dishes-4-768x768.webp 768w, https:\/\/www.yongyukitchenware.com\/wp-content\/uploads\/2025\/02\/wholesale-stainless-steel-chafing-dishes-4-12x12.webp 12w, https:\/\/www.yongyukitchenware.com\/wp-content\/uploads\/2025\/02\/wholesale-stainless-steel-chafing-dishes-4-600x600.webp 600w, https:\/\/www.yongyukitchenware.com\/wp-content\/uploads\/2025\/02\/wholesale-stainless-steel-chafing-dishes-4-100x100.webp 100w\" sizes=\"(max-width: 800px) 100vw, 800px\" \/><\/figure>\n<\/div>\n<\/div>\n\n\n\n<div class=\"wp-block-columns is-layout-flex wp-container-core-columns-is-layout-9d6595d7 wp-block-columns-is-layout-flex\">\n<div class=\"wp-block-column is-layout-flow wp-block-column-is-layout-flow\">\n<figure class=\"wp-block-image size-full\"><img decoding=\"async\" width=\"720\" height=\"720\" src=\"https:\/\/www.yongyukitchenware.com\/wp-content\/uploads\/2024\/10\/Wholesale-Electric-Chafing-Dish-1.webp\" alt=\"Gro\u00dfhandel Elektrische Chafing Dish 1\" class=\"wp-image-1605\" srcset=\"https:\/\/www.yongyukitchenware.com\/wp-content\/uploads\/2024\/10\/Wholesale-Electric-Chafing-Dish-1.webp 720w, https:\/\/www.yongyukitchenware.com\/wp-content\/uploads\/2024\/10\/Wholesale-Electric-Chafing-Dish-1-300x300.webp 300w, https:\/\/www.yongyukitchenware.com\/wp-content\/uploads\/2024\/10\/Wholesale-Electric-Chafing-Dish-1-150x150.webp 150w, https:\/\/www.yongyukitchenware.com\/wp-content\/uploads\/2024\/10\/Wholesale-Electric-Chafing-Dish-1-12x12.webp 12w, https:\/\/www.yongyukitchenware.com\/wp-content\/uploads\/2024\/10\/Wholesale-Electric-Chafing-Dish-1-600x600.webp 600w, https:\/\/www.yongyukitchenware.com\/wp-content\/uploads\/2024\/10\/Wholesale-Electric-Chafing-Dish-1-100x100.webp 100w\" sizes=\"(max-width: 720px) 100vw, 720px\" \/><\/figure>\n<\/div>\n\n\n\n<div class=\"wp-block-column is-layout-flow wp-block-column-is-layout-flow\">\n<h2 class=\"wp-block-heading\">Elektrische Chafing Dish Merkmale:<\/h2>\n\n\n\n<p><strong>Modernes rundes Design: <\/strong>runde Form mit polierter Oberfl\u00e4che, einfach und modern, geeignet f\u00fcr Catering-Aktivit\u00e4ten mit verschiedenen Themen.<\/p>\n\n\n\n<p><strong>Elektrische Heizung mit Touchscreen: <\/strong>mit digitaler elektronischer Touchscreen-Temperaturregelung, einfach zu bedienen, kann Speisen lange warm halten.<\/p>\n\n\n\n<p><strong>Hergestellt aus rostfreiem Stahl:<\/strong> lebensmittelechter, sicherer Edelstahl, verdickt f\u00fcr gleichm\u00e4\u00dfige Erw\u00e4rmung, langlebig und korrosionsbest\u00e4ndig.<\/p>\n\n\n\n<p><strong>Herausnehmbares Innenfutter: <\/strong>leicht zu reinigen, Hygiene ohne tote Ecken.<\/p>\n\n\n\n<p><strong>Ger\u00e4uschloser Glasdeckel:<\/strong> Die optische Glasabdeckung mit ger\u00e4uschlosem hydraulischem Scharnier l\u00e4sst sich leicht und ger\u00e4uschlos \u00f6ffnen und schlie\u00dfen und verbessert die Benutzerfreundlichkeit.<\/p>\n<\/div>\n<\/div>","protected":false},"excerpt":{"rendered":"<p>Willkommen bei der Anpassung und Gro\u00dfhandel elektrische Chafing Dish, mit einem Touchscreen-Temperaturregelung, um Lebensmittel warm f\u00fcr eine lange Zeit zu halten. Abnehmbare Struktur, leicht zu reinigen. Fabrik Direktverkauf, willkommen, uns f\u00fcr Gro\u00dfauftragsrabatte zu kontaktieren!<\/p>\n<h2><!-- wp:heading --><\/h2>\n<h2 class=\"wp-block-heading\">Elektrische Chafing Dish Attribute :<\/h2>\n<h2><!-- \/wp:heading --><\/p>\n<p><!-- wp:paragraph --><\/h2>\n<p><strong>Material: <\/strong>Rostfreier Stahl<br \/><strong>Farbe: <\/strong>Silber<br \/><strong>Die Form: <\/strong>Rechteck, Quadrat, Rund<br \/><strong>W\u00e4rme: <\/strong>Elektrische Heizung<br \/><strong>Verpacken: <\/strong>Opp-Beutel und -Karton<br \/><strong>OEM\/ODM: <\/strong>Verf\u00fcgbar<\/p>\n<h2 class=\"wp-block-heading\">Von Yongyu Chafing Dish Hersteller :<\/h2>\n<p>Ob es sich um einen Catering-Service-Anbieter, Hotel und Restaurant, oder Event-Planung Unternehmen, bieten wir komplette Chafing Gerichte Gro\u00dfhandel benutzerdefinierte L\u00f6sungen, um Ihr Unternehmen mit hochwertigen Fabrik Preise!<\/p>\n<h2><!-- \/wp:paragraph --><\/h2>","protected":false},"featured_media":3000,"comment_status":"closed","ping_status":"closed","template":"","meta":{"_acf_changed":false},"application":[30],"product_brand":[],"product_cat":[33],"product_tag":[],"class_list":{"0":"post-1597","1":"product","2":"type-product","3":"status-publish","4":"has-post-thumbnail","6":"application-hotel-catering","7":"product_cat-chafing-dishes-wholesale","9":"first","10":"instock","11":"shipping-taxable","12":"product-type-simple"},"acf":[],"_links":{"self":[{"href":"https:\/\/www.yongyukitchenware.com\/de\/wp-json\/wp\/v2\/product\/1597","targetHints":{"allow":["GET"]}}],"collection":[{"href":"https:\/\/www.yongyukitchenware.com\/de\/wp-json\/wp\/v2\/product"}],"about":[{"href":"https:\/\/www.yongyukitchenware.com\/de\/wp-json\/wp\/v2\/types\/product"}],"replies":[{"embeddable":true,"href":"https:\/\/www.yongyukitchenware.com\/de\/wp-json\/wp\/v2\/comments?post=1597"}],"wp:featuredmedia":[{"embeddable":true,"href":"https:\/\/www.yongyukitchenware.com\/de\/wp-json\/wp\/v2\/media\/3000"}],"wp:attachment":[{"href":"https:\/\/www.yongyukitchenware.com\/de\/wp-json\/wp\/v2\/media?parent=1597"}],"wp:term":[{"taxonomy":"application","embeddable":true,"href":"https:\/\/www.yongyukitchenware.com\/de\/wp-json\/wp\/v2\/application?post=1597"},{"taxonomy":"product_brand","embeddable":true,"href":"https:\/\/www.yongyukitchenware.com\/de\/wp-json\/wp\/v2\/product_brand?post=1597"},{"taxonomy":"product_cat","embeddable":true,"href":"https:\/\/www.yongyukitchenware.com\/de\/wp-json\/wp\/v2\/product_cat?post=1597"},{"taxonomy":"product_tag","embeddable":true,"href":"https:\/\/www.yongyukitchenware.com\/de\/wp-json\/wp\/v2\/product_tag?post=1597"}],"curies":[{"name":"wp","href":"https:\/\/api.w.org\/{rel}","templated":true}]}}