{"id":1612,"date":"2024-10-07T12:02:32","date_gmt":"2024-10-07T12:02:32","guid":{"rendered":"https:\/\/www.yongyukitchenware.com\/?post_type=product&#038;p=1612"},"modified":"2025-07-10T09:34:24","modified_gmt":"2025-07-10T09:34:24","slug":"electric-buffet-warmer-wholesale","status":"publish","type":"product","link":"https:\/\/www.yongyukitchenware.com\/de\/produkt\/electric-buffet-warmer-wholesale\/","title":{"rendered":"Gro\u00dfhandel Elektrische Buffet W\u00e4rmer Luxus f\u00fcr Catering"},"content":{"rendered":"<div class=\"wp-block-columns is-layout-flex wp-container-core-columns-is-layout-9d6595d7 wp-block-columns-is-layout-flex\">\n<div class=\"wp-block-column is-layout-flow wp-block-column-is-layout-flow\">\n<h2 class=\"wp-block-heading\">Elektrischer Buffetw\u00e4rmer Parameter:<\/h2>\n\n\n\n<figure class=\"wp-block-table\"><table class=\"has-fixed-layout\"><tbody><tr><td>Modell<\/td><td>Form<\/td><td>L\u00e4nge * Breite * H\u00f6he (cm)<\/td><td>Wiegen(kg)<\/td><td>MOQ<\/td><\/tr><tr><td rowspan=\"2\">DY009-CL<\/td><td>Rechteckig<\/td><td>61*45*21<\/td><td>11.5<\/td><td rowspan=\"2\">2PCS<\/td><\/tr><tr><td>Platz<\/td><td>43*44*22<\/td><td>9.2<\/td><\/tr><\/tbody><\/table><\/figure>\n<\/div>\n\n\n\n<div class=\"wp-block-column is-layout-flow wp-block-column-is-layout-flow\">\n<figure class=\"wp-block-image size-full\"><img decoding=\"async\" width=\"800\" height=\"800\" src=\"https:\/\/www.yongyukitchenware.com\/wp-content\/uploads\/2024\/10\/wholesale-Electric-Buffet-Warmer.webp\" alt=\"Gro\u00dfhandel Elektrischer Buffetw\u00e4rmer\" class=\"wp-image-3007\" srcset=\"https:\/\/www.yongyukitchenware.com\/wp-content\/uploads\/2024\/10\/wholesale-Electric-Buffet-Warmer.webp 800w, https:\/\/www.yongyukitchenware.com\/wp-content\/uploads\/2024\/10\/wholesale-Electric-Buffet-Warmer-300x300.webp 300w, https:\/\/www.yongyukitchenware.com\/wp-content\/uploads\/2024\/10\/wholesale-Electric-Buffet-Warmer-150x150.webp 150w, https:\/\/www.yongyukitchenware.com\/wp-content\/uploads\/2024\/10\/wholesale-Electric-Buffet-Warmer-768x768.webp 768w, https:\/\/www.yongyukitchenware.com\/wp-content\/uploads\/2024\/10\/wholesale-Electric-Buffet-Warmer-12x12.webp 12w, https:\/\/www.yongyukitchenware.com\/wp-content\/uploads\/2024\/10\/wholesale-Electric-Buffet-Warmer-600x600.webp 600w, https:\/\/www.yongyukitchenware.com\/wp-content\/uploads\/2024\/10\/wholesale-Electric-Buffet-Warmer-100x100.webp 100w\" sizes=\"(max-width: 800px) 100vw, 800px\" \/><\/figure>\n<\/div>\n<\/div>\n\n\n\n<div class=\"wp-block-columns is-layout-flex wp-container-core-columns-is-layout-9d6595d7 wp-block-columns-is-layout-flex\">\n<div class=\"wp-block-column is-layout-flow wp-block-column-is-layout-flow\">\n<figure class=\"wp-block-image size-full\"><img decoding=\"async\" width=\"800\" height=\"800\" src=\"https:\/\/www.yongyukitchenware.com\/wp-content\/uploads\/2024\/10\/Wholesale-Luxury-Electric-Buffet-Warmer-3.webp\" alt=\"Gro\u00dfhandel Luxus elektrische Buffet W\u00e4rmer 3\" class=\"wp-image-1615\" srcset=\"https:\/\/www.yongyukitchenware.com\/wp-content\/uploads\/2024\/10\/Wholesale-Luxury-Electric-Buffet-Warmer-3.webp 800w, https:\/\/www.yongyukitchenware.com\/wp-content\/uploads\/2024\/10\/Wholesale-Luxury-Electric-Buffet-Warmer-3-300x300.webp 300w, https:\/\/www.yongyukitchenware.com\/wp-content\/uploads\/2024\/10\/Wholesale-Luxury-Electric-Buffet-Warmer-3-150x150.webp 150w, https:\/\/www.yongyukitchenware.com\/wp-content\/uploads\/2024\/10\/Wholesale-Luxury-Electric-Buffet-Warmer-3-768x768.webp 768w, https:\/\/www.yongyukitchenware.com\/wp-content\/uploads\/2024\/10\/Wholesale-Luxury-Electric-Buffet-Warmer-3-12x12.webp 12w, https:\/\/www.yongyukitchenware.com\/wp-content\/uploads\/2024\/10\/Wholesale-Luxury-Electric-Buffet-Warmer-3-600x600.webp 600w, https:\/\/www.yongyukitchenware.com\/wp-content\/uploads\/2024\/10\/Wholesale-Luxury-Electric-Buffet-Warmer-3-100x100.webp 100w\" sizes=\"(max-width: 800px) 100vw, 800px\" \/><\/figure>\n<\/div>\n\n\n\n<div class=\"wp-block-column is-layout-flow wp-block-column-is-layout-flow\">\n<h2 class=\"wp-block-heading\">Elektrischer Buffetw\u00e4rmer Merkmale:<\/h2>\n\n\n\n<p><strong>Luxuri\u00f6ses Design: <\/strong>Das hochwertige Edelstahldesign unseres elektrischen Buffetw\u00e4rmers ist elegant und stimmungsvoll und unterstreicht die visuelle Wirkung des Esstisches und eignet sich f\u00fcr gehobene Anl\u00e4sse.<\/p>\n\n\n\n<p><strong>Effizientes elektrisches Heizsystem:<\/strong> Eine gleichm\u00e4\u00dfige Erw\u00e4rmungsfunktion sorgt daf\u00fcr, dass die Speisen lange Zeit die optimale Temperatur haben, was das Esserlebnis verbessert.<\/p>\n\n\n\n<p><strong>Gro\u00dfes Fassungsverm\u00f6gen: <\/strong>Er eignet sich f\u00fcr die Aufnahme einer gro\u00dfen Anzahl von Gerichten und kann die Anforderungen gro\u00dfer Bankette und Buffets erf\u00fcllen, so dass weniger h\u00e4ufig nachgef\u00fcllt werden muss.<\/p>\n\n\n\n<p><strong>Energieeinsparung und Umweltschutz: <\/strong>Design mit niedrigem Stromverbrauch, das nicht nur die Heizung aufrechterh\u00e4lt, sondern auch den Energieverbrauch und die Betriebskosten erheblich senkt.<\/p>\n\n\n\n<p><strong>Langlebig, leicht zu reinigen: <\/strong>Hochwertiges Edelstahlmaterial, langlebig, rostfrei und anwuchshemmend, leicht zu reinigen und zu pflegen, f\u00fcr eine lange Nutzungsdauer geeignet.<\/p>\n<\/div>\n<\/div>","protected":false},"excerpt":{"rendered":"<p>Benutzerdefinierte und Gro\u00dfhandel elektrische Buffet W\u00e4rmer mit Scharnier Glasfenster Deckel, bequem zu bedienen und leicht zu reinigen. Fabrik Direktverkauf, hochwertige Edelstahl-Material, mehr Chafing Dish Gro\u00dfhandel Serie willkommen, uns zu konsultieren.<\/p>\n<h2><!-- wp:heading --><\/h2>\n<h2 class=\"wp-block-heading\">Elektrischer Buffetw\u00e4rmer Attribute :<\/h2>\n<h2><!-- \/wp:heading --><\/p>\n<p><!-- wp:paragraph --><\/h2>\n<p><strong>Material: <\/strong>Rostfreier Stahl<br \/><strong>Farbe: <\/strong>Silber<br \/><strong>Die Form: <\/strong>Rechteck, Quadrat, Rund<br \/><strong>W\u00e4rme:<\/strong> Elektrische Heizung<br \/><strong>Chafer Pan: <\/strong>Einzel-\/Doppelraster<br \/><strong>Verpacken: <\/strong>Opp-Beutel und -Karton<br \/><strong>OEM\/ODM: <\/strong>Verf\u00fcgbar<\/p>\n<h2 class=\"wp-block-heading\">Von Yongyu Chafing Dish Hersteller :<\/h2>\n<p>Ob es sich um einen Catering-Service-Anbieter, Hotel und Restaurant, oder Event-Planung Unternehmen, bieten wir komplette Chafing Gerichte Gro\u00dfhandel benutzerdefinierte L\u00f6sungen, um Ihr Unternehmen mit hochwertigen Fabrik Preise!<\/p>\n<h2><!-- \/wp:paragraph --><\/h2>","protected":false},"featured_media":3007,"comment_status":"closed","ping_status":"closed","template":"","meta":{"_acf_changed":false},"application":[30],"product_brand":[],"product_cat":[33],"product_tag":[],"class_list":{"0":"post-1612","1":"product","2":"type-product","3":"status-publish","4":"has-post-thumbnail","6":"application-hotel-catering","7":"product_cat-chafing-dishes-wholesale","9":"first","10":"instock","11":"shipping-taxable","12":"product-type-simple"},"acf":[],"_links":{"self":[{"href":"https:\/\/www.yongyukitchenware.com\/de\/wp-json\/wp\/v2\/product\/1612","targetHints":{"allow":["GET"]}}],"collection":[{"href":"https:\/\/www.yongyukitchenware.com\/de\/wp-json\/wp\/v2\/product"}],"about":[{"href":"https:\/\/www.yongyukitchenware.com\/de\/wp-json\/wp\/v2\/types\/product"}],"replies":[{"embeddable":true,"href":"https:\/\/www.yongyukitchenware.com\/de\/wp-json\/wp\/v2\/comments?post=1612"}],"wp:featuredmedia":[{"embeddable":true,"href":"https:\/\/www.yongyukitchenware.com\/de\/wp-json\/wp\/v2\/media\/3007"}],"wp:attachment":[{"href":"https:\/\/www.yongyukitchenware.com\/de\/wp-json\/wp\/v2\/media?parent=1612"}],"wp:term":[{"taxonomy":"application","embeddable":true,"href":"https:\/\/www.yongyukitchenware.com\/de\/wp-json\/wp\/v2\/application?post=1612"},{"taxonomy":"product_brand","embeddable":true,"href":"https:\/\/www.yongyukitchenware.com\/de\/wp-json\/wp\/v2\/product_brand?post=1612"},{"taxonomy":"product_cat","embeddable":true,"href":"https:\/\/www.yongyukitchenware.com\/de\/wp-json\/wp\/v2\/product_cat?post=1612"},{"taxonomy":"product_tag","embeddable":true,"href":"https:\/\/www.yongyukitchenware.com\/de\/wp-json\/wp\/v2\/product_tag?post=1612"}],"curies":[{"name":"wp","href":"https:\/\/api.w.org\/{rel}","templated":true}]}}