{"id":1620,"date":"2024-10-07T11:27:19","date_gmt":"2024-10-07T11:27:19","guid":{"rendered":"https:\/\/www.yongyukitchenware.com\/?post_type=product&#038;p=1620"},"modified":"2025-07-10T09:35:29","modified_gmt":"2025-07-10T09:35:29","slug":"chafing-dish-warmer-wholesale","status":"publish","type":"product","link":"https:\/\/www.yongyukitchenware.com\/de\/produkt\/chafing-dish-warmer-wholesale\/","title":{"rendered":"Gro\u00dfhandel Chafing Dish Warmer elektrisch mit Roll-Top-Deckel"},"content":{"rendered":"<div class=\"wp-block-columns is-layout-flex wp-container-core-columns-is-layout-9d6595d7 wp-block-columns-is-layout-flex\">\n<div class=\"wp-block-column is-layout-flow wp-block-column-is-layout-flow\">\n<h2 class=\"wp-block-heading\">Chafing Dish Warmer Parameter<\/h2>\n\n\n\n<figure class=\"wp-block-table\"><table class=\"has-fixed-layout\"><tbody><tr><td>Modell<\/td><td>Lippen<\/td><td>L\u00e4nge * Breite * H\u00f6he (cm)<\/td><td>Wiegen(kg)<\/td><td>MOQ<\/td><\/tr><tr><td rowspan=\"2\">DY010-CL<\/td><td>Rolllippe<\/td><td>57*37*33<\/td><td>7.8<\/td><td rowspan=\"2\">2PCS<\/td><\/tr><tr><td>PC-Lippe<\/td><td>57*37*33<\/td><td>7.8<\/td><\/tr><\/tbody><\/table><\/figure>\n\n\n\n<div class=\"wp-block-columns is-layout-flex wp-container-core-columns-is-layout-9d6595d7 wp-block-columns-is-layout-flex\">\n<div class=\"wp-block-column is-layout-flow wp-block-column-is-layout-flow\" style=\"flex-basis:100%\">\n<div class=\"wp-block-group\"><div class=\"wp-block-group__inner-container is-layout-constrained wp-block-group-is-layout-constrained\">\n<div class=\"wp-block-columns is-layout-flex wp-container-core-columns-is-layout-9d6595d7 wp-block-columns-is-layout-flex\">\n<div class=\"wp-block-column is-layout-flow wp-block-column-is-layout-flow\" style=\"flex-basis:100%\"><\/div>\n<\/div>\n<\/div><\/div>\n<\/div>\n<\/div>\n<\/div>\n\n\n\n<div class=\"wp-block-column is-layout-flow wp-block-column-is-layout-flow\">\n<h2 class=\"wp-block-heading\">Chafing Dish Warmer Merkmale:<\/h2>\n\n\n\n<p><strong>Digitales Bedienfeld: <\/strong>Unser Chafing-Dish-W\u00e4rmer f\u00fcr den Gro\u00dfhandel verf\u00fcgt \u00fcber eine einfach zu bedienende Digitalanzeige, die es dem Benutzer erm\u00f6glicht, die Temperatur mit absoluter Pr\u00e4zision einzustellen und zu regulieren und sicherzustellen, dass das Essen seinen besten Geschmack beibeh\u00e4lt.<\/p>\n\n\n\n<p><strong>Effizientes elektrisches Heizsystem:<\/strong> Die Schnellheiztechnologie kann die ben\u00f6tigte Temperatur in k\u00fcrzester Zeit erreichen, verk\u00fcrzt die Wartezeiten und steigert so die Effizienz Ihres Catering-Services.<\/p>\n\n\n\n<p><strong>Langlebiges Material aus rostfreiem Stahl:<\/strong> Hochwertiger Edelstahl, rostfrei und korrosionsbest\u00e4ndig, garantiert eine lange Lebensdauer und ein elegantes Erscheinungsbild, geeignet f\u00fcr den Einsatz bei gehobenen Anl\u00e4ssen.<\/p>\n\n\n\n<p><strong>Gro\u00dfes Fassungsverm\u00f6gen:<\/strong> Er eignet sich f\u00fcr die Aufnahme verschiedener Gerichte, um den Bed\u00fcrfnissen von Banketten unterschiedlicher Gr\u00f6\u00dfe gerecht zu werden und st\u00e4ndige zus\u00e4tzliche Unannehmlichkeiten zu vermeiden.<\/p>\n\n\n\n<p><strong>Sicherheits- und Stabilit\u00e4tsstruktur: <\/strong>Die stabile Konstruktion sorgt f\u00fcr Sicherheit und kann bei der Benutzung nicht umkippen. Geeignet f\u00fcr eine Vielzahl von Aktivit\u00e4ten zu verschiedenen Anl\u00e4ssen.<\/p>\n<\/div>\n<\/div>\n\n\n\n<div class=\"wp-block-columns is-layout-flex wp-container-core-columns-is-layout-9d6595d7 wp-block-columns-is-layout-flex\">\n<div class=\"wp-block-column is-layout-flow wp-block-column-is-layout-flow\">\n<figure class=\"wp-block-image size-full\"><img decoding=\"async\" width=\"800\" height=\"800\" src=\"https:\/\/www.yongyukitchenware.com\/wp-content\/uploads\/2024\/10\/Wholesale-Chafing-Dish-Warmer-3.webp\" alt=\"Gro\u00dfhandel Chafing Dish Warmer 3\" class=\"wp-image-1632\" srcset=\"https:\/\/www.yongyukitchenware.com\/wp-content\/uploads\/2024\/10\/Wholesale-Chafing-Dish-Warmer-3.webp 800w, https:\/\/www.yongyukitchenware.com\/wp-content\/uploads\/2024\/10\/Wholesale-Chafing-Dish-Warmer-3-300x300.webp 300w, https:\/\/www.yongyukitchenware.com\/wp-content\/uploads\/2024\/10\/Wholesale-Chafing-Dish-Warmer-3-150x150.webp 150w, https:\/\/www.yongyukitchenware.com\/wp-content\/uploads\/2024\/10\/Wholesale-Chafing-Dish-Warmer-3-768x768.webp 768w, https:\/\/www.yongyukitchenware.com\/wp-content\/uploads\/2024\/10\/Wholesale-Chafing-Dish-Warmer-3-12x12.webp 12w, https:\/\/www.yongyukitchenware.com\/wp-content\/uploads\/2024\/10\/Wholesale-Chafing-Dish-Warmer-3-600x600.webp 600w, https:\/\/www.yongyukitchenware.com\/wp-content\/uploads\/2024\/10\/Wholesale-Chafing-Dish-Warmer-3-100x100.webp 100w\" sizes=\"(max-width: 800px) 100vw, 800px\" \/><\/figure>\n<\/div>\n\n\n\n<div class=\"wp-block-column is-layout-flow wp-block-column-is-layout-flow\">\n<figure class=\"wp-block-image size-full\"><img decoding=\"async\" width=\"800\" height=\"800\" src=\"https:\/\/www.yongyukitchenware.com\/wp-content\/uploads\/2024\/10\/Wholesale-Chafing-Dish-Warmer-2.webp\" alt=\"Gro\u00dfhandel Chafing Dish Warmer 2\" class=\"wp-image-1631\" srcset=\"https:\/\/www.yongyukitchenware.com\/wp-content\/uploads\/2024\/10\/Wholesale-Chafing-Dish-Warmer-2.webp 800w, https:\/\/www.yongyukitchenware.com\/wp-content\/uploads\/2024\/10\/Wholesale-Chafing-Dish-Warmer-2-300x300.webp 300w, https:\/\/www.yongyukitchenware.com\/wp-content\/uploads\/2024\/10\/Wholesale-Chafing-Dish-Warmer-2-150x150.webp 150w, https:\/\/www.yongyukitchenware.com\/wp-content\/uploads\/2024\/10\/Wholesale-Chafing-Dish-Warmer-2-768x768.webp 768w, https:\/\/www.yongyukitchenware.com\/wp-content\/uploads\/2024\/10\/Wholesale-Chafing-Dish-Warmer-2-12x12.webp 12w, https:\/\/www.yongyukitchenware.com\/wp-content\/uploads\/2024\/10\/Wholesale-Chafing-Dish-Warmer-2-600x600.webp 600w, https:\/\/www.yongyukitchenware.com\/wp-content\/uploads\/2024\/10\/Wholesale-Chafing-Dish-Warmer-2-100x100.webp 100w\" sizes=\"(max-width: 800px) 100vw, 800px\" \/><\/figure>\n<\/div>\n<\/div>","protected":false},"excerpt":{"rendered":"<p>Gro\u00dfhandel Chafing Dish W\u00e4rmer mit digitalen Bedienfeld, f\u00fcr Catering und Buffet Veranstaltungen konzipiert. Mit Edelstahl-Rolldeckel und abnehmbare PC-Abdeckung Optionen. Von Chafing Dish Lieferant, bieten bevorzugte kundenspezifische L\u00f6sungen f\u00fcr Sie.<\/p>\n<h2><!-- wp:heading --><\/h2>\n<h2 class=\"wp-block-heading\">Chafing Dish Warmer Eigenschaften :<\/h2>\n<h2><!-- \/wp:heading --><\/p>\n<p><!-- wp:paragraph --><\/h2>\n<p><strong>Material: <\/strong>Rostfreier Stahl<br \/><strong>Farbe: <\/strong>Silber<br \/><strong>Die Form: <\/strong>Rechteck<br \/><strong>W\u00e4rme: <\/strong>Alkoholische Heizung\/Elektroheizung<br \/><strong>Chafer Pan: <\/strong>Einzel\/Doppel\/Drei Raster<br \/><strong>Verpacken: <\/strong>Opp-Beutel und -Karton<br \/><strong>OEM\/ODM: <\/strong>Verf\u00fcgbar<\/p>\n<h2 class=\"wp-block-heading\">Von Yongyu Chafing Dish Hersteller :<\/h2>\n<p>Ob es sich um einen Catering-Service-Anbieter, Hotel und Restaurant, oder Event-Planung Unternehmen, bieten wir komplette Chafing Gerichte Gro\u00dfhandel benutzerdefinierte L\u00f6sungen, um Ihr Unternehmen mit hochwertigen Fabrik Preise!<\/p>\n<h2><!-- \/wp:paragraph --><\/h2>","protected":false},"featured_media":1634,"comment_status":"closed","ping_status":"closed","template":"","meta":{"_acf_changed":false},"application":[30],"product_brand":[],"product_cat":[33],"product_tag":[],"class_list":{"0":"post-1620","1":"product","2":"type-product","3":"status-publish","4":"has-post-thumbnail","6":"application-hotel-catering","7":"product_cat-chafing-dishes-wholesale","9":"first","10":"instock","11":"shipping-taxable","12":"product-type-simple"},"acf":[],"_links":{"self":[{"href":"https:\/\/www.yongyukitchenware.com\/de\/wp-json\/wp\/v2\/product\/1620","targetHints":{"allow":["GET"]}}],"collection":[{"href":"https:\/\/www.yongyukitchenware.com\/de\/wp-json\/wp\/v2\/product"}],"about":[{"href":"https:\/\/www.yongyukitchenware.com\/de\/wp-json\/wp\/v2\/types\/product"}],"replies":[{"embeddable":true,"href":"https:\/\/www.yongyukitchenware.com\/de\/wp-json\/wp\/v2\/comments?post=1620"}],"wp:featuredmedia":[{"embeddable":true,"href":"https:\/\/www.yongyukitchenware.com\/de\/wp-json\/wp\/v2\/media\/1634"}],"wp:attachment":[{"href":"https:\/\/www.yongyukitchenware.com\/de\/wp-json\/wp\/v2\/media?parent=1620"}],"wp:term":[{"taxonomy":"application","embeddable":true,"href":"https:\/\/www.yongyukitchenware.com\/de\/wp-json\/wp\/v2\/application?post=1620"},{"taxonomy":"product_brand","embeddable":true,"href":"https:\/\/www.yongyukitchenware.com\/de\/wp-json\/wp\/v2\/product_brand?post=1620"},{"taxonomy":"product_cat","embeddable":true,"href":"https:\/\/www.yongyukitchenware.com\/de\/wp-json\/wp\/v2\/product_cat?post=1620"},{"taxonomy":"product_tag","embeddable":true,"href":"https:\/\/www.yongyukitchenware.com\/de\/wp-json\/wp\/v2\/product_tag?post=1620"}],"curies":[{"name":"wp","href":"https:\/\/api.w.org\/{rel}","templated":true}]}}