{"id":1629,"date":"2024-10-30T07:39:00","date_gmt":"2024-10-30T07:39:00","guid":{"rendered":"https:\/\/www.yongyukitchenware.com\/?post_type=product&#038;p=1629"},"modified":"2025-07-10T10:03:07","modified_gmt":"2025-07-10T10:03:07","slug":"rectangle-pan-wholesale","status":"publish","type":"product","link":"https:\/\/www.yongyukitchenware.com\/de\/produkt\/rectangle-pan-wholesale\/","title":{"rendered":"Gro\u00dfhandel Rectangle Pan Edelstahl Japanisch Deep Tray mit Deckel"},"content":{"rendered":"<div class=\"wp-block-columns is-layout-flex wp-container-core-columns-is-layout-9d6595d7 wp-block-columns-is-layout-flex\">\n<div class=\"wp-block-column is-layout-flow wp-block-column-is-layout-flow\">\n<h2 class=\"wp-block-heading\">Edelstahl-Rechteckpfanne Merkmale:<\/h2>\n\n\n\n<p><strong>Premium-Edelstahl: <\/strong>Hergestellt aus hochwertigem Edelstahl, um Haltbarkeit und Korrosionsbest\u00e4ndigkeit zu gew\u00e4hrleisten<br><strong>Staubdichte Ganzstahlabdeckung: <\/strong>ausgestattet mit dicht schlie\u00dfendem Deckel, hygienisch und staubdicht, kann \u00fcbereinander gelegt werden<br><strong>Multifunktionaler Einsatz: <\/strong>Geeignet zum Backen, Braten und Aufbewahren, um eine Vielzahl von Anforderungen zu erf\u00fcllen.<br><strong>Hochglanzpoliert Oberfl\u00e4che:<\/strong> Gl\u00e4nzende, spiegelnde Oberfl\u00e4che, glatte Kanten, leicht und sicher zu reinigen, f\u00fcr den gewerblichen und privaten Gebrauch geeignet<br><strong>Platzsparend: <\/strong>Das tiefe Tablettdesign nutzt den Platz in der K\u00fcche effektiv aus und l\u00e4sst sich leicht stapeln und aufbewahren.<\/p>\n\n\n\n<h2 class=\"wp-block-heading\">Edelstahl Rechteckige Pfanne Gr\u00f6\u00dfe:<\/h2>\n\n\n\n<figure class=\"wp-block-table\"><table class=\"has-fixed-layout\"><tbody><tr><td>Modell<\/td><td>Tiefe<\/td><td>L\u00e4nge * Breite (cm)<\/td><td>MOQ<\/td><\/tr><tr><td rowspan=\"7\">DY009-FP<\/td><td rowspan=\"5\">7cm<br>10cm<\/td><td>36*27<\/td><td rowspan=\"7\">50 STCK.<\/td><\/tr><tr><td>40*30<\/td><\/tr><tr><td>45*35<\/td><\/tr><tr><td>50*35<\/td><\/tr><tr><td>60*40<\/td><\/tr><tr><td rowspan=\"2\">7cm\uff08Stanzen\uff09<\/td><td>36*27<\/td><\/tr><tr><td>40*30<\/td><\/tr><\/tbody><\/table><\/figure>\n<\/div>\n\n\n\n<div class=\"wp-block-column is-layout-flow wp-block-column-is-layout-flow\">\n<div class=\"wp-block-columns is-layout-flex wp-container-core-columns-is-layout-9d6595d7 wp-block-columns-is-layout-flex\">\n<div class=\"wp-block-column is-layout-flow wp-block-column-is-layout-flow\">\n<figure class=\"wp-block-image size-full\"><img decoding=\"async\" width=\"800\" height=\"800\" src=\"https:\/\/www.yongyukitchenware.com\/wp-content\/uploads\/2024\/10\/bulk-stainless-steel-baking-pans-1.webp\" alt=\"Masse-Edelstahl-Backformen (1)\" class=\"wp-image-1636\" srcset=\"https:\/\/www.yongyukitchenware.com\/wp-content\/uploads\/2024\/10\/bulk-stainless-steel-baking-pans-1.webp 800w, https:\/\/www.yongyukitchenware.com\/wp-content\/uploads\/2024\/10\/bulk-stainless-steel-baking-pans-1-300x300.webp 300w, https:\/\/www.yongyukitchenware.com\/wp-content\/uploads\/2024\/10\/bulk-stainless-steel-baking-pans-1-150x150.webp 150w, https:\/\/www.yongyukitchenware.com\/wp-content\/uploads\/2024\/10\/bulk-stainless-steel-baking-pans-1-768x768.webp 768w, https:\/\/www.yongyukitchenware.com\/wp-content\/uploads\/2024\/10\/bulk-stainless-steel-baking-pans-1-12x12.webp 12w, https:\/\/www.yongyukitchenware.com\/wp-content\/uploads\/2024\/10\/bulk-stainless-steel-baking-pans-1-600x600.webp 600w, https:\/\/www.yongyukitchenware.com\/wp-content\/uploads\/2024\/10\/bulk-stainless-steel-baking-pans-1-100x100.webp 100w\" sizes=\"(max-width: 800px) 100vw, 800px\" \/><\/figure>\n<\/div>\n\n\n\n<div class=\"wp-block-column is-layout-flow wp-block-column-is-layout-flow\">\n<figure class=\"wp-block-image size-full\"><img decoding=\"async\" width=\"800\" height=\"800\" src=\"https:\/\/www.yongyukitchenware.com\/wp-content\/uploads\/2024\/10\/bulk-stainless-steel-baking-pans-2.webp\" alt=\"Masse-Edelstahl-Backformen (2)\" class=\"wp-image-1637\" srcset=\"https:\/\/www.yongyukitchenware.com\/wp-content\/uploads\/2024\/10\/bulk-stainless-steel-baking-pans-2.webp 800w, https:\/\/www.yongyukitchenware.com\/wp-content\/uploads\/2024\/10\/bulk-stainless-steel-baking-pans-2-300x300.webp 300w, https:\/\/www.yongyukitchenware.com\/wp-content\/uploads\/2024\/10\/bulk-stainless-steel-baking-pans-2-150x150.webp 150w, https:\/\/www.yongyukitchenware.com\/wp-content\/uploads\/2024\/10\/bulk-stainless-steel-baking-pans-2-768x768.webp 768w, https:\/\/www.yongyukitchenware.com\/wp-content\/uploads\/2024\/10\/bulk-stainless-steel-baking-pans-2-12x12.webp 12w, https:\/\/www.yongyukitchenware.com\/wp-content\/uploads\/2024\/10\/bulk-stainless-steel-baking-pans-2-600x600.webp 600w, https:\/\/www.yongyukitchenware.com\/wp-content\/uploads\/2024\/10\/bulk-stainless-steel-baking-pans-2-100x100.webp 100w\" sizes=\"(max-width: 800px) 100vw, 800px\" \/><\/figure>\n<\/div>\n<\/div>\n\n\n\n<div class=\"wp-block-columns is-layout-flex wp-container-core-columns-is-layout-9d6595d7 wp-block-columns-is-layout-flex\">\n<div class=\"wp-block-column is-layout-flow wp-block-column-is-layout-flow\">\n<figure class=\"wp-block-image size-full\"><img decoding=\"async\" width=\"800\" height=\"800\" src=\"https:\/\/www.yongyukitchenware.com\/wp-content\/uploads\/2024\/10\/bulk-stainless-steel-baking-pans-4.webp\" alt=\"Masse-Edelstahl-Backformen (4)\" class=\"wp-image-1639\" srcset=\"https:\/\/www.yongyukitchenware.com\/wp-content\/uploads\/2024\/10\/bulk-stainless-steel-baking-pans-4.webp 800w, https:\/\/www.yongyukitchenware.com\/wp-content\/uploads\/2024\/10\/bulk-stainless-steel-baking-pans-4-300x300.webp 300w, https:\/\/www.yongyukitchenware.com\/wp-content\/uploads\/2024\/10\/bulk-stainless-steel-baking-pans-4-150x150.webp 150w, https:\/\/www.yongyukitchenware.com\/wp-content\/uploads\/2024\/10\/bulk-stainless-steel-baking-pans-4-768x768.webp 768w, https:\/\/www.yongyukitchenware.com\/wp-content\/uploads\/2024\/10\/bulk-stainless-steel-baking-pans-4-12x12.webp 12w, https:\/\/www.yongyukitchenware.com\/wp-content\/uploads\/2024\/10\/bulk-stainless-steel-baking-pans-4-600x600.webp 600w, https:\/\/www.yongyukitchenware.com\/wp-content\/uploads\/2024\/10\/bulk-stainless-steel-baking-pans-4-100x100.webp 100w\" sizes=\"(max-width: 800px) 100vw, 800px\" \/><\/figure>\n<\/div>\n\n\n\n<div class=\"wp-block-column is-layout-flow wp-block-column-is-layout-flow\">\n<figure class=\"wp-block-image size-full\"><img decoding=\"async\" width=\"800\" height=\"800\" src=\"https:\/\/www.yongyukitchenware.com\/wp-content\/uploads\/2024\/10\/bulk-stainless-steel-baking-pans-8.webp\" alt=\"Masse-Edelstahl-Backformen (8)\" class=\"wp-image-1643\" srcset=\"https:\/\/www.yongyukitchenware.com\/wp-content\/uploads\/2024\/10\/bulk-stainless-steel-baking-pans-8.webp 800w, https:\/\/www.yongyukitchenware.com\/wp-content\/uploads\/2024\/10\/bulk-stainless-steel-baking-pans-8-300x300.webp 300w, https:\/\/www.yongyukitchenware.com\/wp-content\/uploads\/2024\/10\/bulk-stainless-steel-baking-pans-8-150x150.webp 150w, https:\/\/www.yongyukitchenware.com\/wp-content\/uploads\/2024\/10\/bulk-stainless-steel-baking-pans-8-768x768.webp 768w, https:\/\/www.yongyukitchenware.com\/wp-content\/uploads\/2024\/10\/bulk-stainless-steel-baking-pans-8-12x12.webp 12w, https:\/\/www.yongyukitchenware.com\/wp-content\/uploads\/2024\/10\/bulk-stainless-steel-baking-pans-8-600x600.webp 600w, https:\/\/www.yongyukitchenware.com\/wp-content\/uploads\/2024\/10\/bulk-stainless-steel-baking-pans-8-100x100.webp 100w\" sizes=\"(max-width: 800px) 100vw, 800px\" \/><\/figure>\n<\/div>\n<\/div>\n<\/div>\n<\/div>\n\n\n\n<p><\/p>","protected":false},"excerpt":{"rendered":"<div class=\"n4sEPd\">\n<div class=\"UdTY9 qhIQqf leDWne\" aria-hidden=\"true\" data-location=\"1\">Benutzerdefinierte Edelstahl rechteckige Pfanne mit Deckel, tiefes Tablett geeignet f\u00fcr K\u00fcche oder Restaurant Catering zu speichern Lebensmittel. Support benutzerdefinierte Gr\u00f6\u00dfen, Logos, Verpackung. Mehr Edelstahl Tablett Gro\u00dfhandel Informationen kontaktieren Sie uns.<\/div>\n<\/div>\n<h2 style=\"text-align: left;\">Edelstahl-Rechteckpfanne Parameter:<\/h2>\n<p style=\"text-align: left;\"><strong>Material:<\/strong> Rostfreier Stahl<br \/><strong>Die Tiefe:<\/strong> 7 cm, 10 cm<br \/><strong>Die Form:<\/strong> Rechteck<br \/><strong>Verschiedene Stile:<\/strong> Neben dem perforierten Modell sind 5 weitere Gr\u00f6\u00dfen erh\u00e4ltlich<br \/><strong>Verpacken:<\/strong> OPP-Beutel und -Karton OPP-Beutel und -Karton<br \/><strong>OEM\/ODM:<\/strong> Optional<\/p>\n<h2 class=\"wp-block-heading\">Von Yongyu Tableware Wholesaler:<\/h2>\n<p>Yongyu Tableware Wholesaler kann die Bed\u00fcrfnisse von Gro\u00dfabnehmern erf\u00fcllen und eine hochwertige Gro\u00dfhandelsserie f\u00fcr Gastronomiebedarf anbieten, die Eleganz und Langlebigkeit vereint. Einschlie\u00dflich Geschirr, Getr\u00e4nke, Catering-Ausr\u00fcstung, K\u00fcchenutensilien, Camp-K\u00fcchenbedarf, etc.<\/p>","protected":false},"featured_media":1638,"comment_status":"closed","ping_status":"closed","template":"","meta":{"_acf_changed":true},"application":[30],"product_brand":[],"product_cat":[21],"product_tag":[],"class_list":{"0":"post-1629","1":"product","2":"type-product","3":"status-publish","4":"has-post-thumbnail","6":"application-hotel-catering","7":"product_cat-tableware-wholesale","9":"first","10":"instock","11":"shipping-taxable","12":"product-type-simple"},"acf":[],"_links":{"self":[{"href":"https:\/\/www.yongyukitchenware.com\/de\/wp-json\/wp\/v2\/product\/1629","targetHints":{"allow":["GET"]}}],"collection":[{"href":"https:\/\/www.yongyukitchenware.com\/de\/wp-json\/wp\/v2\/product"}],"about":[{"href":"https:\/\/www.yongyukitchenware.com\/de\/wp-json\/wp\/v2\/types\/product"}],"replies":[{"embeddable":true,"href":"https:\/\/www.yongyukitchenware.com\/de\/wp-json\/wp\/v2\/comments?post=1629"}],"wp:featuredmedia":[{"embeddable":true,"href":"https:\/\/www.yongyukitchenware.com\/de\/wp-json\/wp\/v2\/media\/1638"}],"wp:attachment":[{"href":"https:\/\/www.yongyukitchenware.com\/de\/wp-json\/wp\/v2\/media?parent=1629"}],"wp:term":[{"taxonomy":"application","embeddable":true,"href":"https:\/\/www.yongyukitchenware.com\/de\/wp-json\/wp\/v2\/application?post=1629"},{"taxonomy":"product_brand","embeddable":true,"href":"https:\/\/www.yongyukitchenware.com\/de\/wp-json\/wp\/v2\/product_brand?post=1629"},{"taxonomy":"product_cat","embeddable":true,"href":"https:\/\/www.yongyukitchenware.com\/de\/wp-json\/wp\/v2\/product_cat?post=1629"},{"taxonomy":"product_tag","embeddable":true,"href":"https:\/\/www.yongyukitchenware.com\/de\/wp-json\/wp\/v2\/product_tag?post=1629"}],"curies":[{"name":"wp","href":"https:\/\/api.w.org\/{rel}","templated":true}]}}