{"id":1654,"date":"2024-10-30T07:48:43","date_gmt":"2024-10-30T07:48:43","guid":{"rendered":"https:\/\/www.yongyukitchenware.com\/?post_type=product&#038;p=1654"},"modified":"2025-06-26T06:43:15","modified_gmt":"2025-06-26T06:43:15","slug":"wholesale-stainless-steel-kettle","status":"publish","type":"product","link":"https:\/\/www.yongyukitchenware.com\/de\/produkt\/wholesale-stainless-steel-kettle\/","title":{"rendered":"Gro\u00dfhandel Edelstahl-Wasserkocher mit Filter f\u00fcr Tee Kaffee"},"content":{"rendered":"<div class=\"wp-block-columns is-layout-flex wp-container-core-columns-is-layout-9d6595d7 wp-block-columns-is-layout-flex\">\n<div class=\"wp-block-column is-layout-flow wp-block-column-is-layout-flow\">\n<h2 class=\"wp-block-heading\">Edelstahl-Wasserkocher Merkmale:<\/h2>\n\n\n\n<p><strong>Hochwertiger rostfreier Stahl:<\/strong> Material aus lebensmittelechtem Edelstahl, hitzebest\u00e4ndig und langlebig, glattes und gl\u00e4nzendes Aussehen<br><strong>Eagle-Haken-D\u00fcse:<\/strong> gleichm\u00e4\u00dfiges Ausgie\u00dfen, D\u00fcse h\u00e4ngt kein Wasser, tropft nicht leicht<br><strong>Runder, w\u00e4rmeisolierter Griff: <\/strong>runder, glatter Griff, w\u00e4rmeisoliert und hitzebest\u00e4ndig, tut den H\u00e4nden nicht weh, l\u00e4sst sich leicht aufheben<br><strong>Ringboden-Design:<\/strong> Ring Boden Zirkulation Heizung schnell, kochende schnell, m\u00fcssen nicht auf den Herd zu verwenden<br><strong>Eingebauter Filter: <\/strong>herausnehmbarer Edelstahlfilter, geeignet f\u00fcr die Zubereitung von losem Tee oder gemahlenem Kaffee, verhindert das Eindringen von Verunreinigungen in die Tasse<\/p>\n\n\n\n<h2 class=\"wp-block-heading\">Edelstahl-Wasserkocher Gr\u00f6\u00dfe:<\/h2>\n\n\n\n<figure class=\"wp-block-table\"><table class=\"has-fixed-layout\"><tbody><tr><td>Modell<\/td><td>Gr\u00f6\u00dfe<\/td><td>Durchmesser * H\u00f6he (cm)<\/td><td>MOQ<\/td><\/tr><tr><td rowspan=\"3\">DY020-SH<\/td><td>1.2L<\/td><td>13,5*10,5cm<\/td><td rowspan=\"3\">36 STCK.<\/td><\/tr><tr><td>1.5L<\/td><td>15,5*11cm<\/td><\/tr><tr><td>2.0L<\/td><td>18*12,5cm<\/td><\/tr><\/tbody><\/table><\/figure>\n<\/div>\n\n\n\n<div class=\"wp-block-column is-layout-flow wp-block-column-is-layout-flow\">\n<figure class=\"wp-block-image size-full\"><img decoding=\"async\" width=\"800\" height=\"800\" src=\"https:\/\/www.yongyukitchenware.com\/wp-content\/uploads\/2024\/10\/wholesale-stainless-steel-kettle-2.webp\" alt=\"gro\u00dfhandel-rostfreier-stahl-wasserkocher (2)\" class=\"wp-image-1656\" srcset=\"https:\/\/www.yongyukitchenware.com\/wp-content\/uploads\/2024\/10\/wholesale-stainless-steel-kettle-2.webp 800w, https:\/\/www.yongyukitchenware.com\/wp-content\/uploads\/2024\/10\/wholesale-stainless-steel-kettle-2-300x300.webp 300w, https:\/\/www.yongyukitchenware.com\/wp-content\/uploads\/2024\/10\/wholesale-stainless-steel-kettle-2-150x150.webp 150w, https:\/\/www.yongyukitchenware.com\/wp-content\/uploads\/2024\/10\/wholesale-stainless-steel-kettle-2-768x768.webp 768w, https:\/\/www.yongyukitchenware.com\/wp-content\/uploads\/2024\/10\/wholesale-stainless-steel-kettle-2-12x12.webp 12w, https:\/\/www.yongyukitchenware.com\/wp-content\/uploads\/2024\/10\/wholesale-stainless-steel-kettle-2-600x600.webp 600w, https:\/\/www.yongyukitchenware.com\/wp-content\/uploads\/2024\/10\/wholesale-stainless-steel-kettle-2-100x100.webp 100w\" sizes=\"(max-width: 800px) 100vw, 800px\" \/><\/figure>\n<\/div>\n<\/div>\n\n\n\n<p><\/p>","protected":false},"excerpt":{"rendered":"<p>Entscheiden Sie sich f\u00fcr einen hochwertigen Edelstahl-Wasserkocher von Yongyu, um Ihre Tee- und Kaffeezubereitung zu verbessern. Dieser Wasserkocher mit seinem durchdachten und langlebigen Design verf\u00fcgt \u00fcber einen eingebauten Feinfilter, der jedes Mal ein gleichm\u00e4\u00dfiges, tropffreies Ausgie\u00dfen gew\u00e4hrleistet und somit ideal f\u00fcr den t\u00e4glichen Gebrauch ist.<\/p>\n<h2 style=\"text-align: left\">Parameter des Edelstahl-Wasserkochers<\/h2>\n<p style=\"text-align: left\"><strong>Material:<\/strong> Rostfreier Stahl<br \/><strong>Verschiedene Gr\u00f6\u00dfen:<\/strong> 1.2L, 1.5L und 2.0L<br \/><strong>Entwurf:<\/strong> Innenfilterloch, Adlerhakend\u00fcse, isolierter Griff und Ringbodenkonstruktion sowie abnehmbares Sieb<br \/><strong>Verpacken:<\/strong> Opp-Beutel und -Karton<br \/><strong>OEM\/ODM:<\/strong> Verf\u00fcgbar<\/p>\n<h2 class=\"wp-block-heading\">Von Yongyu Drinkware Hersteller :<\/h2>\n<p>Yongyu, der Hersteller von Gastronomiebedarf, bietet eine breite Palette von Gro\u00dfhandels- und kundenspezifischen Trinkgeschirrserien an, wobei der Schwerpunkt auf der Haltbarkeit der Produkte und der W\u00e4rmed\u00e4mmung liegt, und bietet hochwertige und wirtschaftliche Beschaffungsl\u00f6sungen f\u00fcr globale Kunden.<\/p>","protected":false},"featured_media":1655,"comment_status":"closed","ping_status":"closed","template":"","meta":{"_acf_changed":true},"application":[30],"product_brand":[],"product_cat":[20,49],"product_tag":[],"class_list":{"0":"post-1654","1":"product","2":"type-product","3":"status-publish","4":"has-post-thumbnail","6":"application-hotel-catering","7":"product_cat-wholesale-drinkware","8":"product_cat-stainless-steel-kettle-wholesale","10":"first","11":"instock","12":"shipping-taxable","13":"product-type-simple"},"acf":[],"_links":{"self":[{"href":"https:\/\/www.yongyukitchenware.com\/de\/wp-json\/wp\/v2\/product\/1654","targetHints":{"allow":["GET"]}}],"collection":[{"href":"https:\/\/www.yongyukitchenware.com\/de\/wp-json\/wp\/v2\/product"}],"about":[{"href":"https:\/\/www.yongyukitchenware.com\/de\/wp-json\/wp\/v2\/types\/product"}],"replies":[{"embeddable":true,"href":"https:\/\/www.yongyukitchenware.com\/de\/wp-json\/wp\/v2\/comments?post=1654"}],"wp:featuredmedia":[{"embeddable":true,"href":"https:\/\/www.yongyukitchenware.com\/de\/wp-json\/wp\/v2\/media\/1655"}],"wp:attachment":[{"href":"https:\/\/www.yongyukitchenware.com\/de\/wp-json\/wp\/v2\/media?parent=1654"}],"wp:term":[{"taxonomy":"application","embeddable":true,"href":"https:\/\/www.yongyukitchenware.com\/de\/wp-json\/wp\/v2\/application?post=1654"},{"taxonomy":"product_brand","embeddable":true,"href":"https:\/\/www.yongyukitchenware.com\/de\/wp-json\/wp\/v2\/product_brand?post=1654"},{"taxonomy":"product_cat","embeddable":true,"href":"https:\/\/www.yongyukitchenware.com\/de\/wp-json\/wp\/v2\/product_cat?post=1654"},{"taxonomy":"product_tag","embeddable":true,"href":"https:\/\/www.yongyukitchenware.com\/de\/wp-json\/wp\/v2\/product_tag?post=1654"}],"curies":[{"name":"wp","href":"https:\/\/api.w.org\/{rel}","templated":true}]}}