{"id":1662,"date":"2024-10-30T08:07:24","date_gmt":"2024-10-30T08:07:24","guid":{"rendered":"https:\/\/www.yongyukitchenware.com\/?post_type=product&#038;p=1662"},"modified":"2025-07-10T10:10:37","modified_gmt":"2025-07-10T10:10:37","slug":"stainless-steel-tea-kettle-wholesale","status":"publish","type":"product","link":"https:\/\/www.yongyukitchenware.com\/de\/produkt\/stainless-steel-tea-kettle-wholesale\/","title":{"rendered":"Edelstahl Teekessel Multi-Size Easy Cleaning Teapot"},"content":{"rendered":"<div class=\"wp-block-columns is-layout-flex wp-container-core-columns-is-layout-9d6595d7 wp-block-columns-is-layout-flex\">\n<div class=\"wp-block-column is-layout-flow wp-block-column-is-layout-flow\">\n<h2 class=\"wp-block-heading\">Edelstahl-Teekessel Merkmale:<\/h2>\n\n\n\n<p><strong>Hochwertiger rostfreier Stahl: <\/strong>Lebensmittelechtes Edelstahlmaterial, robust und langlebig, erzeugt keinen Geruch.<br><strong>Eingebauter Filter: <\/strong>Der herausnehmbare Edelstahlfilter, der f\u00fcr die Zubereitung von losem Tee oder gemahlenem Kaffee geeignet ist, verhindert, dass Verunreinigungen in die Tasse gelangen.<br><strong>Leicht zu reinigen: <\/strong>rostfrei und langlebig, sp\u00fclmaschinenfest, praktisch f\u00fcr die t\u00e4gliche Pflege.<br><strong>Leistung der Isolierung: <\/strong>Der Ringbodenkreislauf heizt sich schnell auf, kocht schnell, leitet die W\u00e4rme und speichert sie gut, so dass Ihr Getr\u00e4nk lange warm bleibt.<br><strong>Ergonomisches Design: <\/strong>mit einem abgerundeten Komfortgriff und einem Pr\u00e4zisionsausgie\u00dfer, der die Kontrolle \u00fcber jeden Ausguss gew\u00e4hrleistet.<\/p>\n<\/div>\n\n\n\n<div class=\"wp-block-column is-layout-flow wp-block-column-is-layout-flow\">\n<div class=\"wp-block-columns is-layout-flex wp-container-core-columns-is-layout-9d6595d7 wp-block-columns-is-layout-flex\">\n<div class=\"wp-block-column is-layout-flow wp-block-column-is-layout-flow\">\n<figure class=\"wp-block-gallery has-nested-images columns-default is-cropped wp-block-gallery-1 is-layout-flex wp-block-gallery-is-layout-flex\">\n<figure class=\"wp-block-image size-large\"><img decoding=\"async\" width=\"800\" height=\"800\" data-id=\"1667\" src=\"https:\/\/www.yongyukitchenware.com\/wp-content\/uploads\/2024\/10\/supply-best-kettle-5.webp\" alt=\"Edelstahl Teekessel Gro\u00dfhandel\" class=\"wp-image-1667\" srcset=\"https:\/\/www.yongyukitchenware.com\/wp-content\/uploads\/2024\/10\/supply-best-kettle-5.webp 800w, https:\/\/www.yongyukitchenware.com\/wp-content\/uploads\/2024\/10\/supply-best-kettle-5-300x300.webp 300w, https:\/\/www.yongyukitchenware.com\/wp-content\/uploads\/2024\/10\/supply-best-kettle-5-150x150.webp 150w, https:\/\/www.yongyukitchenware.com\/wp-content\/uploads\/2024\/10\/supply-best-kettle-5-768x768.webp 768w, https:\/\/www.yongyukitchenware.com\/wp-content\/uploads\/2024\/10\/supply-best-kettle-5-12x12.webp 12w, https:\/\/www.yongyukitchenware.com\/wp-content\/uploads\/2024\/10\/supply-best-kettle-5-600x600.webp 600w, https:\/\/www.yongyukitchenware.com\/wp-content\/uploads\/2024\/10\/supply-best-kettle-5-100x100.webp 100w\" sizes=\"(max-width: 800px) 100vw, 800px\" \/><\/figure>\n<\/figure>\n\n\n\n<div class=\"wp-block-columns is-layout-flex wp-container-core-columns-is-layout-9d6595d7 wp-block-columns-is-layout-flex\">\n<div class=\"wp-block-column is-layout-flow wp-block-column-is-layout-flow\"><\/div>\n\n\n\n<div class=\"wp-block-column is-layout-flow wp-block-column-is-layout-flow\"><\/div>\n<\/div>\n<\/div>\n<\/div>\n<\/div>\n<\/div>\n\n\n\n<p><\/p>","protected":false},"excerpt":{"rendered":"<p>Gro\u00dfhandel benutzerdefinierte Edelstahl-Teekessel, rundes Design mit Filter, poliert und leicht zu reinigen. Anpassbares Logo, Verpackungsgr\u00f6\u00dfe, etc., hochwertiger Service und verhandelbarer Preis, um Ihnen zu helfen, Catering-Gesch\u00e4ft effizient durchzuf\u00fchren<\/p>\n<h2 id=\"block-46feb3d2-a259-4e3a-bb1c-578468fb4276\" class=\"block-editor-rich-text__editable block-editor-block-list__block wp-block is-selected wp-block-heading rich-text\" role=\"document\" contenteditable=\"true\" aria-multiline=\"true\" aria-label=\"Block: \u00dcberschrift\" aria-readonly=\"false\" data-block=\"46feb3d2-a259-4e3a-bb1c-578468fb4276\" data-type=\"core\/heading\" data-title=\"Heading\" data-wp-block-attribute-key=\"content\">Edelstahl-Teekessel Parameter<\/h2>\n<p style=\"text-align: left;\"><strong>Material:<\/strong> Rostfreier Stahl<br \/><strong>Farbe:<\/strong> Silber, Gold<br \/><strong>Verschiedene Gr\u00f6\u00dfen:<\/strong> 1.2L,1.5L,2.0L,3.0L und 4.0L<br \/><strong>Die Form:<\/strong> Kugelform<br \/><strong>Verpacken:<\/strong> Opp-Beutel und -Karton<br \/><strong>OEM\/ODM:<\/strong> Verf\u00fcgbar<\/p>\n<h2 class=\"wp-block-heading\">Von Yongyu Drinkware Hersteller :<\/h2>\n<p>Yongyu Drinkware Manufacturer vertreibt verschiedene Arten von Trinkgef\u00e4\u00dfen im Gro\u00dfhandel und stellt sie nach Kundenw\u00fcnschen her. Der Schwerpunkt liegt dabei auf der Langlebigkeit und der W\u00e4rmeschutzleistung der Produkte, um qualitativ hochwertige und wirtschaftliche Beschaffungsl\u00f6sungen f\u00fcr globale Kunden zu bieten.<\/p>","protected":false},"featured_media":1668,"comment_status":"closed","ping_status":"closed","template":"","meta":{"_acf_changed":false},"application":[30],"product_brand":[],"product_cat":[20,49],"product_tag":[],"class_list":{"0":"post-1662","1":"product","2":"type-product","3":"status-publish","4":"has-post-thumbnail","6":"application-hotel-catering","7":"product_cat-wholesale-drinkware","8":"product_cat-stainless-steel-kettle-wholesale","10":"first","11":"instock","12":"shipping-taxable","13":"product-type-simple"},"acf":[],"_links":{"self":[{"href":"https:\/\/www.yongyukitchenware.com\/de\/wp-json\/wp\/v2\/product\/1662","targetHints":{"allow":["GET"]}}],"collection":[{"href":"https:\/\/www.yongyukitchenware.com\/de\/wp-json\/wp\/v2\/product"}],"about":[{"href":"https:\/\/www.yongyukitchenware.com\/de\/wp-json\/wp\/v2\/types\/product"}],"replies":[{"embeddable":true,"href":"https:\/\/www.yongyukitchenware.com\/de\/wp-json\/wp\/v2\/comments?post=1662"}],"wp:featuredmedia":[{"embeddable":true,"href":"https:\/\/www.yongyukitchenware.com\/de\/wp-json\/wp\/v2\/media\/1668"}],"wp:attachment":[{"href":"https:\/\/www.yongyukitchenware.com\/de\/wp-json\/wp\/v2\/media?parent=1662"}],"wp:term":[{"taxonomy":"application","embeddable":true,"href":"https:\/\/www.yongyukitchenware.com\/de\/wp-json\/wp\/v2\/application?post=1662"},{"taxonomy":"product_brand","embeddable":true,"href":"https:\/\/www.yongyukitchenware.com\/de\/wp-json\/wp\/v2\/product_brand?post=1662"},{"taxonomy":"product_cat","embeddable":true,"href":"https:\/\/www.yongyukitchenware.com\/de\/wp-json\/wp\/v2\/product_cat?post=1662"},{"taxonomy":"product_tag","embeddable":true,"href":"https:\/\/www.yongyukitchenware.com\/de\/wp-json\/wp\/v2\/product_tag?post=1662"}],"curies":[{"name":"wp","href":"https:\/\/api.w.org\/{rel}","templated":true}]}}