{"id":1669,"date":"2024-10-30T08:19:13","date_gmt":"2024-10-30T08:19:13","guid":{"rendered":"https:\/\/www.yongyukitchenware.com\/?post_type=product&#038;p=1669"},"modified":"2025-06-26T06:48:22","modified_gmt":"2025-06-26T06:48:22","slug":"coffee-kettle-wholesale","status":"publish","type":"product","link":"https:\/\/www.yongyukitchenware.com\/de\/produkt\/coffee-kettle-wholesale\/","title":{"rendered":"Fabrik Direkt Kaffee Wasserkocher Edelstahl 1.0L,1.5L Induktion Heizung"},"content":{"rendered":"<div class=\"wp-block-columns is-layout-flex wp-container-core-columns-is-layout-9d6595d7 wp-block-columns-is-layout-flex\">\n<div class=\"wp-block-column is-layout-flow wp-block-column-is-layout-flow\">\n<h2 class=\"wp-block-heading\">Kaffeekessel Merkmale:<\/h2>\n\n\n\n<p><strong>Hochwertiger rostfreier Stahl: <\/strong>Edelstahl in Lebensmittelqualit\u00e4t, korrosionsbest\u00e4ndig, geruchlos, langlebig<br><strong>Passender por\u00f6ser Filter:<\/strong> der Filter ist so konzipiert, dass er die Teebl\u00e4tter unabh\u00e4ngig voneinander trennt, was das Trinken angenehmer macht<br><strong>Flip-Top-Design:<\/strong> Dr\u00fccken Sie den Deckel, und es ist zu \u00f6ffnen, leicht zu \u00f6ffnen mit einer Hand.<br><strong>Eagle-Haken-D\u00fcse: <\/strong>gleichm\u00e4\u00dfiges Ausgie\u00dfen, D\u00fcse h\u00e4ngt kein Wasser, tropft nicht leicht<br><strong>Isolierter Griff: <\/strong>glatter Griff, W\u00e4rmeisolierung und Verbr\u00fchungsschutz verletzen Ihre H\u00e4nde nicht, leicht zu ergreifen<br><strong>Induktionserw\u00e4rmung: <\/strong>Kompatibel mit Induktionskochfeldern, aber auch f\u00fcr Gas-, Elektro-, Ceran- und andere Herde geeignet, die sich an eine Vielzahl von K\u00fcchenumgebungen anpassen.<\/p>\n\n\n\n<h2 class=\"wp-block-heading\">Kaffeewasserbeh\u00e4lter Gr\u00f6\u00dfe:<\/h2>\n\n\n\n<figure class=\"wp-block-table\"><table class=\"has-fixed-layout\"><tbody><tr><td>Modell<\/td><td>Gr\u00f6\u00dfe<\/td><td>Durchmesser * H\u00f6he (cm)<\/td><td>MOQ<\/td><\/tr><tr><td rowspan=\"2\">DY024-SH<\/td><td>1.0L<\/td><td>12*10,5cm<\/td><td rowspan=\"2\">36 STCK.<\/td><\/tr><tr><td>1.5L<\/td><td>13*11,5cm<\/td><\/tr><\/tbody><\/table><\/figure>\n<\/div>\n\n\n\n<div class=\"wp-block-column is-layout-flow wp-block-column-is-layout-flow\">\n<figure class=\"wp-block-image size-full\"><img decoding=\"async\" width=\"800\" height=\"800\" src=\"https:\/\/www.yongyukitchenware.com\/wp-content\/uploads\/2024\/10\/factory-direct-tea-kettle-5.webp\" alt=\"fabrik-direkt-teekessel (5)\" class=\"wp-image-1674\" srcset=\"https:\/\/www.yongyukitchenware.com\/wp-content\/uploads\/2024\/10\/factory-direct-tea-kettle-5.webp 800w, https:\/\/www.yongyukitchenware.com\/wp-content\/uploads\/2024\/10\/factory-direct-tea-kettle-5-300x300.webp 300w, https:\/\/www.yongyukitchenware.com\/wp-content\/uploads\/2024\/10\/factory-direct-tea-kettle-5-150x150.webp 150w, https:\/\/www.yongyukitchenware.com\/wp-content\/uploads\/2024\/10\/factory-direct-tea-kettle-5-768x768.webp 768w, https:\/\/www.yongyukitchenware.com\/wp-content\/uploads\/2024\/10\/factory-direct-tea-kettle-5-12x12.webp 12w, https:\/\/www.yongyukitchenware.com\/wp-content\/uploads\/2024\/10\/factory-direct-tea-kettle-5-600x600.webp 600w, https:\/\/www.yongyukitchenware.com\/wp-content\/uploads\/2024\/10\/factory-direct-tea-kettle-5-100x100.webp 100w\" sizes=\"(max-width: 800px) 100vw, 800px\" \/><\/figure>\n<\/div>\n<\/div>\n\n\n\n<p><\/p>","protected":false},"excerpt":{"rendered":"<p>Gro\u00dfhandel Edelstahl-Kaffeekessel mit Filter, geeignet f\u00fcr die Heizung und halten hei\u00dfen Kaffee, Wasser, Tee, ideal f\u00fcr die K\u00fcche zu Hause und Catering-Service. Hergestellt aus hochwertigem Edelstahl Material, bieten Fabrikpreis Gro\u00dfhandel ma\u00dfgeschneiderte L\u00f6sung.<\/p>\n<h2 style=\"text-align: left\">Kaffeekessel Parameter<\/h2>\n<p style=\"text-align: left\"><strong>Material:<\/strong> Rostfreier Stahl<br \/><strong>Gr\u00f6\u00dfen:<\/strong> 1.0L, 1.5L<br \/><strong>Kessel Design:<\/strong> Adlerhakend\u00fcse, isolierter Griff, Flip-Top- und Ringboden-Design und abnehmbares Sieb.<br \/><strong>Verpackung:<\/strong> Opp-Beutel und -Karton<br \/><strong>OEM\/ODM:<\/strong> Verf\u00fcgbar<\/p>\n<h2 class=\"wp-block-heading\">Von Yongyu Drinkware Hersteller :<\/h2>\n<p>Yongyu Drinkware Manufacturer vertreibt verschiedene Arten von Trinkgef\u00e4\u00dfen im Gro\u00dfhandel und stellt sie nach Kundenw\u00fcnschen her. Der Schwerpunkt liegt dabei auf der Langlebigkeit und der W\u00e4rmeschutzleistung der Produkte, um qualitativ hochwertige und wirtschaftliche Beschaffungsl\u00f6sungen f\u00fcr globale Kunden zu bieten.<\/p>","protected":false},"featured_media":1670,"comment_status":"closed","ping_status":"closed","template":"","meta":{"_acf_changed":true},"application":[30],"product_brand":[],"product_cat":[20,49],"product_tag":[],"class_list":{"0":"post-1669","1":"product","2":"type-product","3":"status-publish","4":"has-post-thumbnail","6":"application-hotel-catering","7":"product_cat-wholesale-drinkware","8":"product_cat-stainless-steel-kettle-wholesale","10":"first","11":"instock","12":"shipping-taxable","13":"product-type-simple"},"acf":[],"_links":{"self":[{"href":"https:\/\/www.yongyukitchenware.com\/de\/wp-json\/wp\/v2\/product\/1669","targetHints":{"allow":["GET"]}}],"collection":[{"href":"https:\/\/www.yongyukitchenware.com\/de\/wp-json\/wp\/v2\/product"}],"about":[{"href":"https:\/\/www.yongyukitchenware.com\/de\/wp-json\/wp\/v2\/types\/product"}],"replies":[{"embeddable":true,"href":"https:\/\/www.yongyukitchenware.com\/de\/wp-json\/wp\/v2\/comments?post=1669"}],"wp:featuredmedia":[{"embeddable":true,"href":"https:\/\/www.yongyukitchenware.com\/de\/wp-json\/wp\/v2\/media\/1670"}],"wp:attachment":[{"href":"https:\/\/www.yongyukitchenware.com\/de\/wp-json\/wp\/v2\/media?parent=1669"}],"wp:term":[{"taxonomy":"application","embeddable":true,"href":"https:\/\/www.yongyukitchenware.com\/de\/wp-json\/wp\/v2\/application?post=1669"},{"taxonomy":"product_brand","embeddable":true,"href":"https:\/\/www.yongyukitchenware.com\/de\/wp-json\/wp\/v2\/product_brand?post=1669"},{"taxonomy":"product_cat","embeddable":true,"href":"https:\/\/www.yongyukitchenware.com\/de\/wp-json\/wp\/v2\/product_cat?post=1669"},{"taxonomy":"product_tag","embeddable":true,"href":"https:\/\/www.yongyukitchenware.com\/de\/wp-json\/wp\/v2\/product_tag?post=1669"}],"curies":[{"name":"wp","href":"https:\/\/api.w.org\/{rel}","templated":true}]}}