{"id":1675,"date":"2024-10-14T06:16:56","date_gmt":"2024-10-14T06:16:56","guid":{"rendered":"https:\/\/www.yongyukitchenware.com\/?post_type=product&#038;p=1675"},"modified":"2025-06-26T05:57:59","modified_gmt":"2025-06-26T05:57:59","slug":"electric-chafing-dish-warmer-wholesale","status":"publish","type":"product","link":"https:\/\/www.yongyukitchenware.com\/de\/produkt\/electric-chafing-dish-warmer-wholesale\/","title":{"rendered":"Gro\u00dfhandel elektrische Chafing Dish Warmer Edelstahl f\u00fcr Catering-Buffet"},"content":{"rendered":"<div class=\"wp-block-columns is-layout-flex wp-container-core-columns-is-layout-9d6595d7 wp-block-columns-is-layout-flex\">\n<div class=\"wp-block-column is-layout-flow wp-block-column-is-layout-flow\">\n<h2 class=\"wp-block-heading\">Elektrischer Chafing Dish Warmer Parameter:<\/h2>\n\n\n\n<figure class=\"wp-block-table\"><table class=\"has-fixed-layout\"><tbody><tr><td>Modell<\/td><td>Form<\/td><td>L\u00e4nge * Breite * H\u00f6he (cm)<\/td><td>Wiegen(kg)<\/td><td>MOQ<\/td><\/tr><tr><td rowspan=\"3\">DY011-CL<\/td><td>Rechteckig<\/td><td>57*37*24<\/td><td>9.3<\/td><td rowspan=\"3\">2PCS<\/td><\/tr><tr><td>Platz<\/td><td>40*40*25<\/td><td>8.6<\/td><\/tr><tr><td>rund<\/td><td>47*44*23<\/td><td>8.4<\/td><\/tr><\/tbody><\/table><\/figure>\n<\/div>\n\n\n\n<div class=\"wp-block-column is-layout-flow wp-block-column-is-layout-flow\">\n<div class=\"wp-block-columns is-layout-flex wp-container-core-columns-is-layout-9d6595d7 wp-block-columns-is-layout-flex\">\n<div class=\"wp-block-column is-layout-flow wp-block-column-is-layout-flow\">\n<figure class=\"wp-block-image size-full\"><img decoding=\"async\" width=\"800\" height=\"800\" src=\"https:\/\/www.yongyukitchenware.com\/wp-content\/uploads\/2025\/01\/Large-Electric-Chafing-Dishes-Wholesale-Stainless-Steel-with-Handle-1.webp\" alt=\"Gro\u00dfe elektrische Chafing Dishes Gro\u00dfhandel Edelstahl mit Handle (1)\" class=\"wp-image-2820\" srcset=\"https:\/\/www.yongyukitchenware.com\/wp-content\/uploads\/2025\/01\/Large-Electric-Chafing-Dishes-Wholesale-Stainless-Steel-with-Handle-1.webp 800w, https:\/\/www.yongyukitchenware.com\/wp-content\/uploads\/2025\/01\/Large-Electric-Chafing-Dishes-Wholesale-Stainless-Steel-with-Handle-1-300x300.webp 300w, https:\/\/www.yongyukitchenware.com\/wp-content\/uploads\/2025\/01\/Large-Electric-Chafing-Dishes-Wholesale-Stainless-Steel-with-Handle-1-150x150.webp 150w, https:\/\/www.yongyukitchenware.com\/wp-content\/uploads\/2025\/01\/Large-Electric-Chafing-Dishes-Wholesale-Stainless-Steel-with-Handle-1-768x768.webp 768w, https:\/\/www.yongyukitchenware.com\/wp-content\/uploads\/2025\/01\/Large-Electric-Chafing-Dishes-Wholesale-Stainless-Steel-with-Handle-1-12x12.webp 12w, https:\/\/www.yongyukitchenware.com\/wp-content\/uploads\/2025\/01\/Large-Electric-Chafing-Dishes-Wholesale-Stainless-Steel-with-Handle-1-600x600.webp 600w, https:\/\/www.yongyukitchenware.com\/wp-content\/uploads\/2025\/01\/Large-Electric-Chafing-Dishes-Wholesale-Stainless-Steel-with-Handle-1-100x100.webp 100w\" sizes=\"(max-width: 800px) 100vw, 800px\" \/><\/figure>\n<\/div>\n\n\n\n<div class=\"wp-block-column is-layout-flow wp-block-column-is-layout-flow\">\n<figure class=\"wp-block-image size-full\"><img decoding=\"async\" width=\"800\" height=\"800\" src=\"https:\/\/www.yongyukitchenware.com\/wp-content\/uploads\/2025\/01\/Best-Electric-Chafing-Dish-Round-Wholesale-Buffet-Stove.webp\" alt=\"Beste elektrische Chafing Dish Runde Gro\u00dfhandel Buffet Herd\" class=\"wp-image-2830\" srcset=\"https:\/\/www.yongyukitchenware.com\/wp-content\/uploads\/2025\/01\/Best-Electric-Chafing-Dish-Round-Wholesale-Buffet-Stove.webp 800w, https:\/\/www.yongyukitchenware.com\/wp-content\/uploads\/2025\/01\/Best-Electric-Chafing-Dish-Round-Wholesale-Buffet-Stove-300x300.webp 300w, https:\/\/www.yongyukitchenware.com\/wp-content\/uploads\/2025\/01\/Best-Electric-Chafing-Dish-Round-Wholesale-Buffet-Stove-150x150.webp 150w, https:\/\/www.yongyukitchenware.com\/wp-content\/uploads\/2025\/01\/Best-Electric-Chafing-Dish-Round-Wholesale-Buffet-Stove-768x768.webp 768w, https:\/\/www.yongyukitchenware.com\/wp-content\/uploads\/2025\/01\/Best-Electric-Chafing-Dish-Round-Wholesale-Buffet-Stove-12x12.webp 12w, https:\/\/www.yongyukitchenware.com\/wp-content\/uploads\/2025\/01\/Best-Electric-Chafing-Dish-Round-Wholesale-Buffet-Stove-600x600.webp 600w, https:\/\/www.yongyukitchenware.com\/wp-content\/uploads\/2025\/01\/Best-Electric-Chafing-Dish-Round-Wholesale-Buffet-Stove-100x100.webp 100w\" sizes=\"(max-width: 800px) 100vw, 800px\" \/><\/figure>\n<\/div>\n\n\n\n<div class=\"wp-block-column is-layout-flow wp-block-column-is-layout-flow\">\n<figure class=\"wp-block-image size-full\"><img decoding=\"async\" width=\"800\" height=\"800\" src=\"https:\/\/www.yongyukitchenware.com\/wp-content\/uploads\/2025\/01\/Wholesale-Chafing-Dish-Electric-Stainless-Steel-6L-Square-Warmer.webp\" alt=\"Gro\u00dfhandel Chafing Dish Elektrische Edelstahl 6L Quadrat W\u00e4rmer\" class=\"wp-image-2828\" srcset=\"https:\/\/www.yongyukitchenware.com\/wp-content\/uploads\/2025\/01\/Wholesale-Chafing-Dish-Electric-Stainless-Steel-6L-Square-Warmer.webp 800w, https:\/\/www.yongyukitchenware.com\/wp-content\/uploads\/2025\/01\/Wholesale-Chafing-Dish-Electric-Stainless-Steel-6L-Square-Warmer-300x300.webp 300w, https:\/\/www.yongyukitchenware.com\/wp-content\/uploads\/2025\/01\/Wholesale-Chafing-Dish-Electric-Stainless-Steel-6L-Square-Warmer-150x150.webp 150w, https:\/\/www.yongyukitchenware.com\/wp-content\/uploads\/2025\/01\/Wholesale-Chafing-Dish-Electric-Stainless-Steel-6L-Square-Warmer-768x768.webp 768w, https:\/\/www.yongyukitchenware.com\/wp-content\/uploads\/2025\/01\/Wholesale-Chafing-Dish-Electric-Stainless-Steel-6L-Square-Warmer-12x12.webp 12w, https:\/\/www.yongyukitchenware.com\/wp-content\/uploads\/2025\/01\/Wholesale-Chafing-Dish-Electric-Stainless-Steel-6L-Square-Warmer-600x600.webp 600w, https:\/\/www.yongyukitchenware.com\/wp-content\/uploads\/2025\/01\/Wholesale-Chafing-Dish-Electric-Stainless-Steel-6L-Square-Warmer-100x100.webp 100w\" sizes=\"(max-width: 800px) 100vw, 800px\" \/><\/figure>\n<\/div>\n<\/div>\n<\/div>\n<\/div>\n\n\n\n<div class=\"wp-block-columns is-layout-flex wp-container-core-columns-is-layout-9d6595d7 wp-block-columns-is-layout-flex\">\n<div class=\"wp-block-column is-layout-flow wp-block-column-is-layout-flow\"><div class=\"wp-block-image\">\n<figure class=\"aligncenter size-full is-resized\"><img decoding=\"async\" width=\"800\" height=\"800\" src=\"https:\/\/www.yongyukitchenware.com\/wp-content\/uploads\/2024\/10\/Wholesale-Electric-Chafing-Dish-Warmer-3.webp\" alt=\"Gro\u00dfhandel Elektrische Chafing Dish Warmer 3\" class=\"wp-image-1679\" style=\"width:356px;height:auto\" srcset=\"https:\/\/www.yongyukitchenware.com\/wp-content\/uploads\/2024\/10\/Wholesale-Electric-Chafing-Dish-Warmer-3.webp 800w, https:\/\/www.yongyukitchenware.com\/wp-content\/uploads\/2024\/10\/Wholesale-Electric-Chafing-Dish-Warmer-3-300x300.webp 300w, https:\/\/www.yongyukitchenware.com\/wp-content\/uploads\/2024\/10\/Wholesale-Electric-Chafing-Dish-Warmer-3-150x150.webp 150w, https:\/\/www.yongyukitchenware.com\/wp-content\/uploads\/2024\/10\/Wholesale-Electric-Chafing-Dish-Warmer-3-768x768.webp 768w, https:\/\/www.yongyukitchenware.com\/wp-content\/uploads\/2024\/10\/Wholesale-Electric-Chafing-Dish-Warmer-3-12x12.webp 12w, https:\/\/www.yongyukitchenware.com\/wp-content\/uploads\/2024\/10\/Wholesale-Electric-Chafing-Dish-Warmer-3-600x600.webp 600w, https:\/\/www.yongyukitchenware.com\/wp-content\/uploads\/2024\/10\/Wholesale-Electric-Chafing-Dish-Warmer-3-100x100.webp 100w\" sizes=\"(max-width: 800px) 100vw, 800px\" \/><\/figure>\n<\/div><\/div>\n\n\n\n<div class=\"wp-block-column is-layout-flow wp-block-column-is-layout-flow\">\n<h2 class=\"wp-block-heading\">Elektrischer Chafing Dish Warmer Merkmale:<\/h2>\n\n\n\n<p><strong>Effiziente Technologie zur W\u00e4rmeerhaltung:<\/strong> Hochentwickelte Heizelemente und ein pr\u00e4zises Temperaturkontrollsystem sorgen daf\u00fcr, dass die Speisen lange Zeit bei idealer Temperatur bleiben.<\/p>\n\n\n\n<p><strong>Langlebiges Material aus rostfreiem Stahl:<\/strong> Dieser elektrische Chafing Dish-W\u00e4rmer ist aus hochwertigem, leicht zu reinigendem Edelstahl gefertigt und wirkt so gro\u00dfz\u00fcgig f\u00fcr jeden feierlichen Anlass.<\/p>\n\n\n\n<p><strong>Tragbares Design: <\/strong>Das leichte und ultrakompakte Design macht es einfach zu transportieren und zu installieren. Es ist sehr geeignet f\u00fcr Veranstaltungen im Freien, Bankette oder kleine Versammlungen.<\/p>\n\n\n\n<p><strong>Sicherheit und Zuverl\u00e4ssigkeit: <\/strong>Durch die Konstruktion eines \u00dcberhitzungsschutzes und eines rutschfesten Fu\u00dfpolsters bietet diese Maschine auch in hektischen Serviceprozessen zus\u00e4tzlichen Sicherheitsschutz.<\/p>\n\n\n\n<p><strong>Einfach zu bedienen und zu warten:<\/strong> Eine intuitive Benutzeroberfl\u00e4che erleichtert den t\u00e4glichen Gebrauch, w\u00e4hrend die einfache Reinigung die Wartungskosten drastisch reduziert.<\/p>\n<\/div>\n<\/div>","protected":false},"excerpt":{"rendered":"<p>Direkt Gro\u00dfhandel elektrische Chafing dish w\u00e4rmer aus China Chafer Lieferant und bieten OEM ODM Dienstleistungen. Diese elektrische Chafing Dish hat einen Touchscreen-Steuerung Schnittstelle, genaue und langfristige Temperaturregelung, geeignet f\u00fcr alle Arten von Catering-Aktivit\u00e4ten, willkommen, uns zu kontaktieren, um Fabrikpreise zu erhalten!<\/p>\n<h2><!-- wp:heading --><\/h2>\n<h2 class=\"wp-block-heading\">Elektrischer Chafing Dish Warmer Eigenschaften :<\/h2>\n<h2><!-- \/wp:heading --><\/p>\n<p><!-- wp:paragraph --><\/h2>\n<p><strong>Material: <\/strong>Rostfreier Stahl<br \/><strong>Farbe: <\/strong>Silber, Gold, kundenspezifische Farbe<br \/><strong>Die Form: <\/strong>Rechteck, Quadrat, Rund<br \/><strong>W\u00e4rme: <\/strong>Elektrische Heizung<br \/><strong>Chafer Pan: <\/strong>Einzel-\/Doppelraster<br \/><strong>Verpacken: <\/strong>Opp-Beutel und -Karton<br \/><strong>OEM\/ODM: <\/strong>Verf\u00fcgbar<\/p>\n<h2 class=\"wp-block-heading\">Von Yongyu Chafing Dish Hersteller :<\/h2>\n<p>Ob es sich um einen Catering-Service-Anbieter, Hotel und Restaurant, oder Event-Planung Unternehmen, bieten wir komplette Chafing Gerichte Gro\u00dfhandel benutzerdefinierte L\u00f6sungen, um Ihr Unternehmen mit hochwertigen Fabrik Preise!<\/p>\n<h2><!-- \/wp:paragraph --><\/h2>","protected":false},"featured_media":1678,"comment_status":"closed","ping_status":"closed","template":"","meta":{"_acf_changed":false},"application":[30],"product_brand":[],"product_cat":[33],"product_tag":[],"class_list":{"0":"post-1675","1":"product","2":"type-product","3":"status-publish","4":"has-post-thumbnail","6":"application-hotel-catering","7":"product_cat-chafing-dishes-wholesale","9":"first","10":"instock","11":"shipping-taxable","12":"product-type-simple"},"acf":[],"_links":{"self":[{"href":"https:\/\/www.yongyukitchenware.com\/de\/wp-json\/wp\/v2\/product\/1675","targetHints":{"allow":["GET"]}}],"collection":[{"href":"https:\/\/www.yongyukitchenware.com\/de\/wp-json\/wp\/v2\/product"}],"about":[{"href":"https:\/\/www.yongyukitchenware.com\/de\/wp-json\/wp\/v2\/types\/product"}],"replies":[{"embeddable":true,"href":"https:\/\/www.yongyukitchenware.com\/de\/wp-json\/wp\/v2\/comments?post=1675"}],"wp:featuredmedia":[{"embeddable":true,"href":"https:\/\/www.yongyukitchenware.com\/de\/wp-json\/wp\/v2\/media\/1678"}],"wp:attachment":[{"href":"https:\/\/www.yongyukitchenware.com\/de\/wp-json\/wp\/v2\/media?parent=1675"}],"wp:term":[{"taxonomy":"application","embeddable":true,"href":"https:\/\/www.yongyukitchenware.com\/de\/wp-json\/wp\/v2\/application?post=1675"},{"taxonomy":"product_brand","embeddable":true,"href":"https:\/\/www.yongyukitchenware.com\/de\/wp-json\/wp\/v2\/product_brand?post=1675"},{"taxonomy":"product_cat","embeddable":true,"href":"https:\/\/www.yongyukitchenware.com\/de\/wp-json\/wp\/v2\/product_cat?post=1675"},{"taxonomy":"product_tag","embeddable":true,"href":"https:\/\/www.yongyukitchenware.com\/de\/wp-json\/wp\/v2\/product_tag?post=1675"}],"curies":[{"name":"wp","href":"https:\/\/api.w.org\/{rel}","templated":true}]}}