{"id":1676,"date":"2024-10-30T10:35:25","date_gmt":"2024-10-30T10:35:25","guid":{"rendered":"https:\/\/www.yongyukitchenware.com\/?post_type=product&#038;p=1676"},"modified":"2025-04-27T01:44:34","modified_gmt":"2025-04-27T01:44:34","slug":"wholesale-stainless-steel-teapot","status":"publish","type":"product","link":"https:\/\/www.yongyukitchenware.com\/de\/produkt\/wholesale-stainless-steel-teapot\/","title":{"rendered":"Gro\u00dfhandel Edelstahl Teekanne geh\u00e4mmert Gold Silber Tee Wasserkocher"},"content":{"rendered":"<div class=\"wp-block-columns is-layout-flex wp-container-core-columns-is-layout-9d6595d7 wp-block-columns-is-layout-flex\">\n<div class=\"wp-block-column is-layout-flow wp-block-column-is-layout-flow\">\n<h2 class=\"wp-block-heading\">Edelstahl-Teekanne Merkmale:<\/h2>\n\n\n\n<p><strong>Rostfreier Stahl in Lebensmittelqualit\u00e4t: <\/strong>Aus hochwertigem rostfreiem Stahl gefertigt, um die Haltbarkeit und Korrosionsbest\u00e4ndigkeit zu gew\u00e4hrleisten und die Nutzungsdauer zu verl\u00e4ngern.<br><strong>Hammermuster-Prozess:<\/strong> Einzigartige Hammerschlagoptik, unverwechselbarer Stil und dezente Luxusdetails<br><strong>Passender por\u00f6ser Filter:<\/strong> Der Filter ist unabh\u00e4ngig entworfen, um die Teebl\u00e4tter zu trennen, die f\u00fcr das Trinken bequemer ist<br><strong>Bequem und einfach zu bedienen: <\/strong>ergonomisches Griffdesign, runder isolierter Griff f\u00fcr einen bequemen Halt; pr\u00e4zises Adlerhakendesign, glatt und nicht leicht zu versch\u00fctten beim Ausgie\u00dfen.<br><strong>Flaches Bodendesign:<\/strong> schnelle und gleichm\u00e4\u00dfige W\u00e4rmeleitung, keine Notwendigkeit, den Ofen zu benutzen<br><strong>Vielfalt der Kapazit\u00e4ten: <\/strong>Bieten Sie verschiedene Kapazit\u00e4tsoptionen an, um den Bed\u00fcrfnissen einzelner oder mehrerer Teetrinker gerecht zu werden.<\/p>\n<\/div>\n\n\n\n<div class=\"wp-block-column is-layout-flow wp-block-column-is-layout-flow\">\n<div class=\"wp-block-columns is-layout-flex wp-container-core-columns-is-layout-9d6595d7 wp-block-columns-is-layout-flex\">\n<div class=\"wp-block-column is-layout-flow wp-block-column-is-layout-flow\">\n<figure class=\"wp-block-image size-full\"><img decoding=\"async\" width=\"800\" height=\"800\" src=\"https:\/\/www.yongyukitchenware.com\/wp-content\/uploads\/2024\/10\/wholesale-stainless-steel-teapot-3.webp\" alt=\"gro\u00dfhandel-rostfreier-stahl-teekanne (3)\" class=\"wp-image-1686\" srcset=\"https:\/\/www.yongyukitchenware.com\/wp-content\/uploads\/2024\/10\/wholesale-stainless-steel-teapot-3.webp 800w, https:\/\/www.yongyukitchenware.com\/wp-content\/uploads\/2024\/10\/wholesale-stainless-steel-teapot-3-300x300.webp 300w, https:\/\/www.yongyukitchenware.com\/wp-content\/uploads\/2024\/10\/wholesale-stainless-steel-teapot-3-150x150.webp 150w, https:\/\/www.yongyukitchenware.com\/wp-content\/uploads\/2024\/10\/wholesale-stainless-steel-teapot-3-768x768.webp 768w, https:\/\/www.yongyukitchenware.com\/wp-content\/uploads\/2024\/10\/wholesale-stainless-steel-teapot-3-12x12.webp 12w, https:\/\/www.yongyukitchenware.com\/wp-content\/uploads\/2024\/10\/wholesale-stainless-steel-teapot-3-600x600.webp 600w, https:\/\/www.yongyukitchenware.com\/wp-content\/uploads\/2024\/10\/wholesale-stainless-steel-teapot-3-100x100.webp 100w\" sizes=\"(max-width: 800px) 100vw, 800px\" \/><\/figure>\n<\/div>\n<\/div>\n<\/div>\n<\/div>\n\n\n\n<p><\/p>","protected":false},"excerpt":{"rendered":"<p>Benutzerdefinierte und Gro\u00dfhandel Edelstahl-Teekannen, geh\u00e4mmert Kugel-Design, einzigartig und modern macht es ein Highlight in jeder K\u00fcche oder Tee-Set. Ausgestattet mit einem Filter, kann die Teekanne Kapazit\u00e4t angepasst werden, kontaktieren Sie uns bitte f\u00fcr weitere kundenspezifische Dienstleistungen.<\/p>\n<h2 style=\"text-align: left;\">Edelstahl-Teekanne Parameter<\/h2>\n<p style=\"text-align: left;\"><strong>Material:<\/strong> rostfreier Stahl<br \/><strong>Farbe:<\/strong> Gold, Silber<br \/><strong>Die Form:<\/strong> Sph\u00e4risches Hammermuster<br \/><strong>Verschiedene Gr\u00f6\u00dfen:<\/strong> 1.2L, 1.5L und 2.0L<br \/><strong>Verpacken:<\/strong> Opp-Beutel und -Karton<br \/><strong>OEM\/ODM:<\/strong> Verf\u00fcgbar<\/p>\n<h2 class=\"wp-block-heading\">Von Yongyu Drinkware Hersteller :<\/h2>\n<p>Yongyu Drinkware Manufacturer vertreibt verschiedene Arten von Trinkgef\u00e4\u00dfen im Gro\u00dfhandel und stellt sie nach Kundenw\u00fcnschen her. Der Schwerpunkt liegt dabei auf der Langlebigkeit und der W\u00e4rmeschutzleistung der Produkte, um qualitativ hochwertige und wirtschaftliche Beschaffungsl\u00f6sungen f\u00fcr globale Kunden zu bieten.<\/p>","protected":false},"featured_media":1684,"comment_status":"closed","ping_status":"closed","template":"","meta":{"_acf_changed":true},"application":[30],"product_brand":[],"product_cat":[20,49],"product_tag":[],"class_list":{"0":"post-1676","1":"product","2":"type-product","3":"status-publish","4":"has-post-thumbnail","6":"application-hotel-catering","7":"product_cat-wholesale-drinkware","8":"product_cat-stainless-steel-kettle-wholesale","10":"first","11":"instock","12":"shipping-taxable","13":"product-type-simple"},"acf":[],"_links":{"self":[{"href":"https:\/\/www.yongyukitchenware.com\/de\/wp-json\/wp\/v2\/product\/1676","targetHints":{"allow":["GET"]}}],"collection":[{"href":"https:\/\/www.yongyukitchenware.com\/de\/wp-json\/wp\/v2\/product"}],"about":[{"href":"https:\/\/www.yongyukitchenware.com\/de\/wp-json\/wp\/v2\/types\/product"}],"replies":[{"embeddable":true,"href":"https:\/\/www.yongyukitchenware.com\/de\/wp-json\/wp\/v2\/comments?post=1676"}],"wp:featuredmedia":[{"embeddable":true,"href":"https:\/\/www.yongyukitchenware.com\/de\/wp-json\/wp\/v2\/media\/1684"}],"wp:attachment":[{"href":"https:\/\/www.yongyukitchenware.com\/de\/wp-json\/wp\/v2\/media?parent=1676"}],"wp:term":[{"taxonomy":"application","embeddable":true,"href":"https:\/\/www.yongyukitchenware.com\/de\/wp-json\/wp\/v2\/application?post=1676"},{"taxonomy":"product_brand","embeddable":true,"href":"https:\/\/www.yongyukitchenware.com\/de\/wp-json\/wp\/v2\/product_brand?post=1676"},{"taxonomy":"product_cat","embeddable":true,"href":"https:\/\/www.yongyukitchenware.com\/de\/wp-json\/wp\/v2\/product_cat?post=1676"},{"taxonomy":"product_tag","embeddable":true,"href":"https:\/\/www.yongyukitchenware.com\/de\/wp-json\/wp\/v2\/product_tag?post=1676"}],"curies":[{"name":"wp","href":"https:\/\/api.w.org\/{rel}","templated":true}]}}