{"id":1683,"date":"2024-10-12T09:18:30","date_gmt":"2024-10-12T09:18:30","guid":{"rendered":"https:\/\/www.yongyukitchenware.com\/?post_type=product&#038;p=1683"},"modified":"2025-06-26T05:57:18","modified_gmt":"2025-06-26T05:57:18","slug":"electric-buffet-food-warmer-bulk","status":"publish","type":"product","link":"https:\/\/www.yongyukitchenware.com\/de\/produkt\/electric-buffet-food-warmer-bulk\/","title":{"rendered":"Gro\u00dfer elektrischer Buffet-W\u00e4rmer aus Edelstahl mit Glasdeckel"},"content":{"rendered":"<div class=\"wp-block-columns is-layout-flex wp-container-core-columns-is-layout-9d6595d7 wp-block-columns-is-layout-flex\">\n<div class=\"wp-block-column is-layout-flow wp-block-column-is-layout-flow\">\n<h2 class=\"wp-block-heading\">Elektrischer Buffet Speisenw\u00e4rmer Parameter<\/h2>\n\n\n\n<figure class=\"wp-block-table\"><table class=\"has-fixed-layout\"><tbody><tr><td>Modell<\/td><td>Form<\/td><td>L\u00e4nge * Breite * H\u00f6he (cm)<\/td><td>Wiegen(kg)<\/td><td>MOQ<\/td><\/tr><tr><td rowspan=\"2\">DY012-CL<\/td><td>Rechteckig<\/td><td>57*37*22<\/td><td>10.3<\/td><td rowspan=\"2\">2PCS<\/td><\/tr><tr><td>Platz<\/td><td>40*40*20<\/td><td>8.5<\/td><\/tr><\/tbody><\/table><\/figure>\n<\/div>\n\n\n\n<div class=\"wp-block-column is-layout-flow wp-block-column-is-layout-flow\">\n<h2 class=\"wp-block-heading\">Elektrischer Buffet Speisenw\u00e4rmer Merkmale:<\/h2>\n\n\n\n<p><strong>Optisches Design des Glasdeckels:<\/strong> Das Design des Sichtdeckels aus Glas erm\u00f6glicht es dem Benutzer, jederzeit zu sehen, ob die Speisen gut durchgebraten oder erhitzt sind, ohne den Deckel zu \u00f6ffnen. Dies erm\u00f6glicht einen minimalen W\u00e4rmeverlust und bewahrt die Frische und W\u00e4rme der Speisen.<\/p>\n\n\n\n<p><strong>Effizientes elektrisches Heizsystem: <\/strong>Das eingebaute elektrische Heizsystem dieses elektrischen Buffetw\u00e4rmers sorgt f\u00fcr eine gleichm\u00e4\u00dfige und lang anhaltende W\u00e4rme der Speisen, um sie w\u00e4hrend des Servierens warm zu halten.<\/p>\n\n\n\n<p><strong>Langlebiges Material aus rostfreiem Stahl: <\/strong>Hochwertige Struktur aus rostfreiem Stahl mit Gewicht, Haltbarkeit und Korrosionsbest\u00e4ndigkeit; diese Produktserie ist leicht zu reinigen und in der Lage, eine hohe Nutzungsintensit\u00e4t \u00fcber einen langen Zeitraum zu erf\u00fcllen.<\/p>\n\n\n\n<p><strong>Vielseitige Anwendungsszenarien: <\/strong>Hotel-Buffets, Hochzeitsbankette und Firmenveranstaltungen k\u00f6nnen alle auf dieses Produkt zur\u00fcckgreifen, um die Wirkung der Speisenpr\u00e4sentation und die Servicequalit\u00e4t zu verbessern.<\/p>\n\n\n\n<p><strong>Beh\u00e4lter mit extra gro\u00dfem Fassungsverm\u00f6gen: <\/strong>Die zus\u00e4tzliche Gr\u00f6\u00dfe dieses elektrischen Buffetw\u00e4rmers kann eine enorme Menge an Lebensmitteln aufnehmen, was f\u00fcr gro\u00dfe Bankette oder Buffetdienste geeignet ist, die H\u00e4ufigkeit des h\u00e4ufigen Nachf\u00fcllens reduziert und den Service-Effekt verbessert.<\/p>\n<\/div>\n<\/div>\n\n\n\n<div class=\"wp-block-columns is-layout-flex wp-container-core-columns-is-layout-9d6595d7 wp-block-columns-is-layout-flex\">\n<div class=\"wp-block-column is-layout-flow wp-block-column-is-layout-flow\">\n<figure class=\"wp-block-image size-full\"><img decoding=\"async\" width=\"800\" height=\"800\" src=\"https:\/\/www.yongyukitchenware.com\/wp-content\/uploads\/2024\/10\/Wholesale-Electric-Buffet-Food-Warmer-2.webp\" alt=\"Gro\u00dfhandel Elektrischer Buffet Speisenw\u00e4rmer 2\" class=\"wp-image-1694\" srcset=\"https:\/\/www.yongyukitchenware.com\/wp-content\/uploads\/2024\/10\/Wholesale-Electric-Buffet-Food-Warmer-2.webp 800w, https:\/\/www.yongyukitchenware.com\/wp-content\/uploads\/2024\/10\/Wholesale-Electric-Buffet-Food-Warmer-2-300x300.webp 300w, https:\/\/www.yongyukitchenware.com\/wp-content\/uploads\/2024\/10\/Wholesale-Electric-Buffet-Food-Warmer-2-150x150.webp 150w, https:\/\/www.yongyukitchenware.com\/wp-content\/uploads\/2024\/10\/Wholesale-Electric-Buffet-Food-Warmer-2-768x768.webp 768w, https:\/\/www.yongyukitchenware.com\/wp-content\/uploads\/2024\/10\/Wholesale-Electric-Buffet-Food-Warmer-2-12x12.webp 12w, https:\/\/www.yongyukitchenware.com\/wp-content\/uploads\/2024\/10\/Wholesale-Electric-Buffet-Food-Warmer-2-600x600.webp 600w, https:\/\/www.yongyukitchenware.com\/wp-content\/uploads\/2024\/10\/Wholesale-Electric-Buffet-Food-Warmer-2-100x100.webp 100w\" sizes=\"(max-width: 800px) 100vw, 800px\" \/><\/figure>\n<\/div>\n\n\n\n<div class=\"wp-block-column is-layout-flow wp-block-column-is-layout-flow\">\n<figure class=\"wp-block-image size-full\"><img decoding=\"async\" width=\"800\" height=\"800\" src=\"https:\/\/www.yongyukitchenware.com\/wp-content\/uploads\/2024\/10\/Wholesale-Electric-Buffet-Food-Warmer-4.webp\" alt=\"Gro\u00dfhandel Elektrischer Buffet Speisenw\u00e4rmer 4\" class=\"wp-image-1696\" srcset=\"https:\/\/www.yongyukitchenware.com\/wp-content\/uploads\/2024\/10\/Wholesale-Electric-Buffet-Food-Warmer-4.webp 800w, https:\/\/www.yongyukitchenware.com\/wp-content\/uploads\/2024\/10\/Wholesale-Electric-Buffet-Food-Warmer-4-300x300.webp 300w, https:\/\/www.yongyukitchenware.com\/wp-content\/uploads\/2024\/10\/Wholesale-Electric-Buffet-Food-Warmer-4-150x150.webp 150w, https:\/\/www.yongyukitchenware.com\/wp-content\/uploads\/2024\/10\/Wholesale-Electric-Buffet-Food-Warmer-4-768x768.webp 768w, https:\/\/www.yongyukitchenware.com\/wp-content\/uploads\/2024\/10\/Wholesale-Electric-Buffet-Food-Warmer-4-12x12.webp 12w, https:\/\/www.yongyukitchenware.com\/wp-content\/uploads\/2024\/10\/Wholesale-Electric-Buffet-Food-Warmer-4-600x600.webp 600w, https:\/\/www.yongyukitchenware.com\/wp-content\/uploads\/2024\/10\/Wholesale-Electric-Buffet-Food-Warmer-4-100x100.webp 100w\" sizes=\"(max-width: 800px) 100vw, 800px\" \/><\/figure>\n<\/div>\n<\/div>\n\n\n\n<p><\/p>","protected":false},"excerpt":{"rendered":"<p>Unser elektrischer Buffetw\u00e4rmer aus Edelstahl mit transparentem Glasdeckel eignet sich perfekt f\u00fcr Catering-Services. Der Glasdeckel erm\u00f6glicht eine einfache \u00dcberwachung der Speisen und speichert die W\u00e4rme effektiv. Ideal f\u00fcr Buffets, Hotel-Bankette, Hochzeiten und gro\u00dfe Veranstaltungen.<\/p>\n<h2><!-- wp:heading --><\/h2>\n<h2 class=\"wp-block-heading\">Elektrischer Buffet Speisenw\u00e4rmer Eigenschaften :<\/h2>\n<h2><!-- \/wp:heading --><\/p>\n<p><!-- wp:paragraph --><\/h2>\n<p><strong>Material: <\/strong>Rostfreier Stahl<br \/><strong>Farbe: <\/strong>Silber, Gold, kundenspezifische Farbe<br \/><strong>Die Form: <\/strong>Rechteck, Quadrat, Rund<br \/><strong>W\u00e4rme: <\/strong>Elektrische Heizung<br \/><strong>Chafer Pan: <\/strong>Einzel-\/Doppelraster<br \/><strong>Verpacken: <\/strong>Opp-Beutel und -Karton<br \/><strong>OEM\/ODM: <\/strong>Verf\u00fcgbar<\/p>\n<h2 class=\"wp-block-heading\">Von Yongyu Chafing Dish Hersteller :<\/h2>\n<p>Ob es sich um einen Catering-Service-Anbieter, Hotel und Restaurant, oder Event-Planung Unternehmen, bieten wir komplette Chafing Gerichte Gro\u00dfhandel benutzerdefinierte L\u00f6sungen, um Ihr Unternehmen mit hochwertigen Fabrik Preise!<\/p>\n<h2><!-- \/wp:paragraph --><\/h2>","protected":false},"featured_media":1698,"comment_status":"closed","ping_status":"closed","template":"","meta":{"_acf_changed":false},"application":[30],"product_brand":[],"product_cat":[33],"product_tag":[],"class_list":{"0":"post-1683","1":"product","2":"type-product","3":"status-publish","4":"has-post-thumbnail","6":"application-hotel-catering","7":"product_cat-chafing-dishes-wholesale","9":"first","10":"instock","11":"shipping-taxable","12":"product-type-simple"},"acf":[],"_links":{"self":[{"href":"https:\/\/www.yongyukitchenware.com\/de\/wp-json\/wp\/v2\/product\/1683","targetHints":{"allow":["GET"]}}],"collection":[{"href":"https:\/\/www.yongyukitchenware.com\/de\/wp-json\/wp\/v2\/product"}],"about":[{"href":"https:\/\/www.yongyukitchenware.com\/de\/wp-json\/wp\/v2\/types\/product"}],"replies":[{"embeddable":true,"href":"https:\/\/www.yongyukitchenware.com\/de\/wp-json\/wp\/v2\/comments?post=1683"}],"wp:featuredmedia":[{"embeddable":true,"href":"https:\/\/www.yongyukitchenware.com\/de\/wp-json\/wp\/v2\/media\/1698"}],"wp:attachment":[{"href":"https:\/\/www.yongyukitchenware.com\/de\/wp-json\/wp\/v2\/media?parent=1683"}],"wp:term":[{"taxonomy":"application","embeddable":true,"href":"https:\/\/www.yongyukitchenware.com\/de\/wp-json\/wp\/v2\/application?post=1683"},{"taxonomy":"product_brand","embeddable":true,"href":"https:\/\/www.yongyukitchenware.com\/de\/wp-json\/wp\/v2\/product_brand?post=1683"},{"taxonomy":"product_cat","embeddable":true,"href":"https:\/\/www.yongyukitchenware.com\/de\/wp-json\/wp\/v2\/product_cat?post=1683"},{"taxonomy":"product_tag","embeddable":true,"href":"https:\/\/www.yongyukitchenware.com\/de\/wp-json\/wp\/v2\/product_tag?post=1683"}],"curies":[{"name":"wp","href":"https:\/\/api.w.org\/{rel}","templated":true}]}}