{"id":1692,"date":"2024-10-30T08:38:21","date_gmt":"2024-10-30T08:38:21","guid":{"rendered":"https:\/\/www.yongyukitchenware.com\/?post_type=product&#038;p=1692"},"modified":"2025-06-26T06:49:16","modified_gmt":"2025-06-26T06:49:16","slug":"wholesale-stainless-steel-coffee-kettle","status":"publish","type":"product","link":"https:\/\/www.yongyukitchenware.com\/de\/produkt\/wholesale-stainless-steel-coffee-kettle\/","title":{"rendered":"Gro\u00dfhandel Edelstahl Kaffee Wasserkocher Athen mit Filter"},"content":{"rendered":"<div class=\"wp-block-columns is-layout-flex wp-container-core-columns-is-layout-9d6595d7 wp-block-columns-is-layout-flex\">\n<div class=\"wp-block-column is-layout-flow wp-block-column-is-layout-flow\">\n<h2 class=\"wp-block-heading\">Edelstahl-Kaffeekessel Merkmale:<\/h2>\n\n\n\n<p><strong>Hochwertiger rostfreier Stahl: <\/strong>Das Material aus lebensmittelechtem Edelstahl ist korrosionsbest\u00e4ndig, hochtemperaturbest\u00e4ndig und rostet nicht leicht.<br><strong>Passender por\u00f6ser Filter: <\/strong>der Filter ist so konzipiert, dass er den Tee- oder Kaffeesatz effektiv filtert und die Reinheit des Getr\u00e4nks gew\u00e4hrleistet<br><strong>Klappdeckel-Design: <\/strong>Dr\u00fccken Sie den Deckel zum \u00d6ffnen, mit einer Hand leicht zu \u00f6ffnen, bequeme Bedienung<br><strong>Isolierter Griff: <\/strong>glatter Griff, W\u00e4rmeisolierung und Verbr\u00fchungsschutz verletzen Ihre H\u00e4nde nicht, leicht zu ergreifen<br><strong>Schwanenhals-Design:<\/strong> Pr\u00e4zise Steuerung des Wasserdurchflusses f\u00fcr eine optimale Kontrolle beim Aufbr\u00fchen, ideal f\u00fcr das Aufbr\u00fchen von Kaffee von Hand oder Tee<br><strong>Kompatibilit\u00e4t:<\/strong> Die Ringbodenzirkulation heizt schnell auf und kocht schnell, geeignet f\u00fcr alle Herdarten, einschlie\u00dflich Gas, Elektro und Induktion.<\/p>\n\n\n\n<h2 class=\"wp-block-heading\">Gr\u00f6\u00dfen von Edelstahl-Kaffeekesseln\uff1a<\/h2>\n\n\n\n<figure class=\"wp-block-table\"><table class=\"has-fixed-layout\"><tbody><tr><td>Modell<\/td><td>Gr\u00f6\u00dfe<\/td><td>Durchmesser * H\u00f6he (cm)<\/td><td>MOQ<\/td><\/tr><tr><td rowspan=\"2\">DY023-SH<\/td><td>1.0L<\/td><td>12,5*10,5cm<\/td><td rowspan=\"2\">36 STCK.<\/td><\/tr><tr><td>1.5L<\/td><td>13,5*11,5cm<\/td><\/tr><\/tbody><\/table><\/figure>\n<\/div>\n\n\n\n<div class=\"wp-block-column is-layout-flow wp-block-column-is-layout-flow\">\n<figure class=\"wp-block-image size-full\"><img decoding=\"async\" width=\"800\" height=\"800\" src=\"https:\/\/www.yongyukitchenware.com\/wp-content\/uploads\/2024\/10\/wholesale-stovetop-kettle-2.webp\" alt=\"gro\u00dfhandel-herdkessel (2)\" class=\"wp-image-1704\" srcset=\"https:\/\/www.yongyukitchenware.com\/wp-content\/uploads\/2024\/10\/wholesale-stovetop-kettle-2.webp 800w, https:\/\/www.yongyukitchenware.com\/wp-content\/uploads\/2024\/10\/wholesale-stovetop-kettle-2-300x300.webp 300w, https:\/\/www.yongyukitchenware.com\/wp-content\/uploads\/2024\/10\/wholesale-stovetop-kettle-2-150x150.webp 150w, https:\/\/www.yongyukitchenware.com\/wp-content\/uploads\/2024\/10\/wholesale-stovetop-kettle-2-768x768.webp 768w, https:\/\/www.yongyukitchenware.com\/wp-content\/uploads\/2024\/10\/wholesale-stovetop-kettle-2-12x12.webp 12w, https:\/\/www.yongyukitchenware.com\/wp-content\/uploads\/2024\/10\/wholesale-stovetop-kettle-2-600x600.webp 600w, https:\/\/www.yongyukitchenware.com\/wp-content\/uploads\/2024\/10\/wholesale-stovetop-kettle-2-100x100.webp 100w\" sizes=\"(max-width: 800px) 100vw, 800px\" \/><\/figure>\n<\/div>\n<\/div>\n\n\n\n<p><\/p>","protected":false},"excerpt":{"rendered":"<p>Gro\u00dfhandel Edelstahl Kaffee Wasserkocher Teekanne, exquisite Schwanenhals Auslauf Design, geeignet f\u00fcr Kaffee und Tee brauen, die genaue Kontrolle der Wassermenge erfordert. Einfach zu bedienen und zu reinigen, ideal f\u00fcr Hausk\u00fcchen, Caf\u00e9s oder B\u00fcros.<\/p>\n<h2 style=\"text-align: left\">Edelstahl-Kaffeewasserkocher Parameter<\/h2>\n<p style=\"text-align: left\"><strong>Material:<\/strong> rostfreier Stahl<br \/><strong>Farbe:<\/strong> Silber<br \/><strong>Zubeh\u00f6r:<\/strong> Herausnehmbarer Filter<br \/><strong>Verschiedene Gr\u00f6\u00dfen:<\/strong> 1.0L, 1.5L<br \/><strong>Verpacken:<\/strong> OPP-Beutel und -Karton<br \/><strong>OEM\/ODM:<\/strong> Verf\u00fcgbar<\/p>\n<h2 class=\"wp-block-heading\">Von Yongyu Drinkware Hersteller :<\/h2>\n<p>Yongyu Drinkware Manufacturer vertreibt verschiedene Arten von Trinkgef\u00e4\u00dfen im Gro\u00dfhandel und stellt sie nach Kundenw\u00fcnschen her. Der Schwerpunkt liegt dabei auf der Langlebigkeit und der W\u00e4rmeschutzleistung der Produkte, um qualitativ hochwertige und wirtschaftliche Beschaffungsl\u00f6sungen f\u00fcr globale Kunden zu bieten.<\/p>","protected":false},"featured_media":1703,"comment_status":"closed","ping_status":"closed","template":"","meta":{"_acf_changed":true},"application":[30],"product_brand":[],"product_cat":[20,49],"product_tag":[],"class_list":{"0":"post-1692","1":"product","2":"type-product","3":"status-publish","4":"has-post-thumbnail","6":"application-hotel-catering","7":"product_cat-wholesale-drinkware","8":"product_cat-stainless-steel-kettle-wholesale","10":"first","11":"instock","12":"shipping-taxable","13":"product-type-simple"},"acf":[],"_links":{"self":[{"href":"https:\/\/www.yongyukitchenware.com\/de\/wp-json\/wp\/v2\/product\/1692","targetHints":{"allow":["GET"]}}],"collection":[{"href":"https:\/\/www.yongyukitchenware.com\/de\/wp-json\/wp\/v2\/product"}],"about":[{"href":"https:\/\/www.yongyukitchenware.com\/de\/wp-json\/wp\/v2\/types\/product"}],"replies":[{"embeddable":true,"href":"https:\/\/www.yongyukitchenware.com\/de\/wp-json\/wp\/v2\/comments?post=1692"}],"wp:featuredmedia":[{"embeddable":true,"href":"https:\/\/www.yongyukitchenware.com\/de\/wp-json\/wp\/v2\/media\/1703"}],"wp:attachment":[{"href":"https:\/\/www.yongyukitchenware.com\/de\/wp-json\/wp\/v2\/media?parent=1692"}],"wp:term":[{"taxonomy":"application","embeddable":true,"href":"https:\/\/www.yongyukitchenware.com\/de\/wp-json\/wp\/v2\/application?post=1692"},{"taxonomy":"product_brand","embeddable":true,"href":"https:\/\/www.yongyukitchenware.com\/de\/wp-json\/wp\/v2\/product_brand?post=1692"},{"taxonomy":"product_cat","embeddable":true,"href":"https:\/\/www.yongyukitchenware.com\/de\/wp-json\/wp\/v2\/product_cat?post=1692"},{"taxonomy":"product_tag","embeddable":true,"href":"https:\/\/www.yongyukitchenware.com\/de\/wp-json\/wp\/v2\/product_tag?post=1692"}],"curies":[{"name":"wp","href":"https:\/\/api.w.org\/{rel}","templated":true}]}}