{"id":1701,"date":"2024-10-14T06:28:15","date_gmt":"2024-10-14T06:28:15","guid":{"rendered":"https:\/\/www.yongyukitchenware.com\/?post_type=product&#038;p=1701"},"modified":"2025-06-26T05:58:39","modified_gmt":"2025-06-26T05:58:39","slug":"electric-chafing-dish-set-bulk","status":"publish","type":"product","link":"https:\/\/www.yongyukitchenware.com\/de\/produkt\/electric-chafing-dish-set-bulk\/","title":{"rendered":"Bulk Electric Chafing Dish Set Edelstahl mit Glasdeckel"},"content":{"rendered":"<div class=\"wp-block-columns is-layout-flex wp-container-core-columns-is-layout-9d6595d7 wp-block-columns-is-layout-flex\">\n<div class=\"wp-block-column is-layout-flow wp-block-column-is-layout-flow\">\n<h2 class=\"wp-block-heading\">Elektrisches Chafing Dish Set Parameter<\/h2>\n\n\n\n<figure class=\"wp-block-table\"><table class=\"has-fixed-layout\"><tbody><tr><td>Modell<\/td><td>Form<\/td><td>L\u00e4nge * Breite * H\u00f6he (cm)<\/td><td>Wiegen(kg)<\/td><td>MOQ<\/td><\/tr><tr><td rowspan=\"3\">DY013-CL<\/td><td>Rechteckig<\/td><td>57*37*22<\/td><td>9.5<\/td><td rowspan=\"3\">2PCS<\/td><\/tr><tr><td>Platz<\/td><td>40*40*22<\/td><td>7.6<\/td><\/tr><tr><td>rund<\/td><td>47*44*22<\/td><td>8<\/td><\/tr><\/tbody><\/table><\/figure>\n<\/div>\n\n\n\n<div class=\"wp-block-column is-layout-flow wp-block-column-is-layout-flow\"><div class=\"wp-block-image\">\n<figure class=\"aligncenter size-full is-resized\"><img decoding=\"async\" width=\"800\" height=\"800\" src=\"https:\/\/www.yongyukitchenware.com\/wp-content\/uploads\/2024\/10\/Wholesale-Electric-Chafing-Dish-Set-3.webp\" alt=\"Gro\u00dfhandel elektrische Chafing Dish Set 3\" class=\"wp-image-1712\" style=\"width:369px;height:auto\" srcset=\"https:\/\/www.yongyukitchenware.com\/wp-content\/uploads\/2024\/10\/Wholesale-Electric-Chafing-Dish-Set-3.webp 800w, https:\/\/www.yongyukitchenware.com\/wp-content\/uploads\/2024\/10\/Wholesale-Electric-Chafing-Dish-Set-3-300x300.webp 300w, https:\/\/www.yongyukitchenware.com\/wp-content\/uploads\/2024\/10\/Wholesale-Electric-Chafing-Dish-Set-3-150x150.webp 150w, https:\/\/www.yongyukitchenware.com\/wp-content\/uploads\/2024\/10\/Wholesale-Electric-Chafing-Dish-Set-3-768x768.webp 768w, https:\/\/www.yongyukitchenware.com\/wp-content\/uploads\/2024\/10\/Wholesale-Electric-Chafing-Dish-Set-3-12x12.webp 12w, https:\/\/www.yongyukitchenware.com\/wp-content\/uploads\/2024\/10\/Wholesale-Electric-Chafing-Dish-Set-3-600x600.webp 600w, https:\/\/www.yongyukitchenware.com\/wp-content\/uploads\/2024\/10\/Wholesale-Electric-Chafing-Dish-Set-3-100x100.webp 100w\" sizes=\"(max-width: 800px) 100vw, 800px\" \/><\/figure>\n<\/div><\/div>\n<\/div>\n\n\n\n<div class=\"wp-block-columns is-layout-flex wp-container-core-columns-is-layout-9d6595d7 wp-block-columns-is-layout-flex\">\n<div class=\"wp-block-column is-layout-flow wp-block-column-is-layout-flow\">\n<figure class=\"wp-block-image size-full\"><img decoding=\"async\" width=\"1920\" height=\"1920\" src=\"https:\/\/www.yongyukitchenware.com\/wp-content\/uploads\/2024\/10\/Wholesale-Electric-Chafing-Dish-Set-4.webp\" alt=\"Gro\u00dfhandel elektrische Chafing Dish Set 4\" class=\"wp-image-1713\" srcset=\"https:\/\/www.yongyukitchenware.com\/wp-content\/uploads\/2024\/10\/Wholesale-Electric-Chafing-Dish-Set-4.webp 1920w, https:\/\/www.yongyukitchenware.com\/wp-content\/uploads\/2024\/10\/Wholesale-Electric-Chafing-Dish-Set-4-300x300.webp 300w, https:\/\/www.yongyukitchenware.com\/wp-content\/uploads\/2024\/10\/Wholesale-Electric-Chafing-Dish-Set-4-150x150.webp 150w, https:\/\/www.yongyukitchenware.com\/wp-content\/uploads\/2024\/10\/Wholesale-Electric-Chafing-Dish-Set-4-768x768.webp 768w, https:\/\/www.yongyukitchenware.com\/wp-content\/uploads\/2024\/10\/Wholesale-Electric-Chafing-Dish-Set-4-12x12.webp 12w, https:\/\/www.yongyukitchenware.com\/wp-content\/uploads\/2024\/10\/Wholesale-Electric-Chafing-Dish-Set-4-1200x1200.webp 1200w, https:\/\/www.yongyukitchenware.com\/wp-content\/uploads\/2024\/10\/Wholesale-Electric-Chafing-Dish-Set-4-600x600.webp 600w, https:\/\/www.yongyukitchenware.com\/wp-content\/uploads\/2024\/10\/Wholesale-Electric-Chafing-Dish-Set-4-100x100.webp 100w\" sizes=\"(max-width: 1920px) 100vw, 1920px\" \/><\/figure>\n<\/div>\n\n\n\n<div class=\"wp-block-column is-layout-flow wp-block-column-is-layout-flow\">\n<h2 class=\"wp-block-heading\">Elektrisches Chafing Dish Set Merkmale:<\/h2>\n\n\n\n<p><strong>Effizientes elektrisches Heizsystem: <\/strong>Ausgestattet mit einem eingebauten elektrischen Heizger\u00e4t, kann es die Speisen gleichm\u00e4\u00dfig warm halten und f\u00fcr ein langes Buffet vorbereitet werden.<\/p>\n\n\n\n<p><strong>Hochwertiges Material aus rostfreiem Stahl: <\/strong>aus lebensmittelechtem Edelstahl, korrosionsbest\u00e4ndig, langlebig, leicht zu reinigen und entspricht den Hygienestandards.<\/p>\n\n\n\n<p><strong>Gro\u00dfes Fassungsverm\u00f6gen:<\/strong> Jeder Teller hat ein enormes Fassungsverm\u00f6gen. Geeignet f\u00fcr gro\u00dfe Partys und Veranstaltungen, verringern Sie die H\u00e4ufigkeit der Zugabe von Lebensmitteln.<\/p>\n\n\n\n<p><strong>Tellerdesign im Baukastensystem: <\/strong>Mit mehreren Tellern ausgestattet, lassen sich verschiedene Speisen bequem kategorisieren und zuordnen, um den vielf\u00e4ltigen Anforderungen der Gastronomie gerecht zu werden.<\/p>\n\n\n\n<p><strong>Leicht zu demontieren und zu reinigen:<\/strong> Jedes Teil ist abnehmbar und leicht zu reinigen, erf\u00fcllt hohe Hygieneanforderungen und ist f\u00fcr den h\u00e4ufigen Gebrauch geeignet.<\/p>\n<\/div>\n<\/div>\n\n\n\n<div class=\"wp-block-columns is-layout-flex wp-container-core-columns-is-layout-9d6595d7 wp-block-columns-is-layout-flex\">\n<div class=\"wp-block-column is-layout-flow wp-block-column-is-layout-flow\"><\/div>\n\n\n\n<div class=\"wp-block-column is-layout-flow wp-block-column-is-layout-flow\"><\/div>\n<\/div>","protected":false},"excerpt":{"rendered":"<p>Fabrik Gro\u00dfhandel elektrische Chafing Dish Set mit Touchscreen Temperaturregelung, verschiedene Formen und aus rostfreiem Stahl. Hohe Qualit\u00e4t, Fabrik Preis, willkommen, uns f\u00fcr ein kostenloses Angebot zu kontaktieren!<\/p>\n<h2><!-- wp:heading --><\/h2>\n<h2 class=\"wp-block-heading\">Elektrische Chafing Dish Set Attribute :<\/h2>\n<h2><!-- \/wp:heading --><\/p>\n<p><!-- wp:paragraph --><\/h2>\n<p><strong>Material: <\/strong>Rostfreier Stahl<br \/><strong>Farbe: <\/strong>Silber, Gold, kundenspezifische Farbe<br \/><strong>Die Form: <\/strong>Rechteck, Quadrat, Rund<br \/><strong>W\u00e4rme: <\/strong>Elektrische Heizung<br \/><strong>Chafer Pan: <\/strong>Einzel-\/Doppelraster<br \/><strong>Verpacken: <\/strong>Opp-Beutel und -Karton<br \/><strong>OEM\/ODM: <\/strong>Verf\u00fcgbar<\/p>\n<h2 class=\"wp-block-heading\">Von Yongyu Chafing Dish Hersteller :<\/h2>\n<p>Ob es sich um einen Catering-Service-Anbieter, Hotel und Restaurant, oder Event-Planung Unternehmen, bieten wir komplette Chafing Gerichte Gro\u00dfhandel benutzerdefinierte L\u00f6sungen, um Ihr Unternehmen mit hochwertigen Fabrik Preise!<\/p>\n<h2><!-- \/wp:paragraph --><\/h2>","protected":false},"featured_media":3167,"comment_status":"closed","ping_status":"closed","template":"","meta":{"_acf_changed":false},"application":[30],"product_brand":[],"product_cat":[33],"product_tag":[],"class_list":{"0":"post-1701","1":"product","2":"type-product","3":"status-publish","4":"has-post-thumbnail","6":"application-hotel-catering","7":"product_cat-chafing-dishes-wholesale","9":"first","10":"instock","11":"shipping-taxable","12":"product-type-simple"},"acf":[],"_links":{"self":[{"href":"https:\/\/www.yongyukitchenware.com\/de\/wp-json\/wp\/v2\/product\/1701","targetHints":{"allow":["GET"]}}],"collection":[{"href":"https:\/\/www.yongyukitchenware.com\/de\/wp-json\/wp\/v2\/product"}],"about":[{"href":"https:\/\/www.yongyukitchenware.com\/de\/wp-json\/wp\/v2\/types\/product"}],"replies":[{"embeddable":true,"href":"https:\/\/www.yongyukitchenware.com\/de\/wp-json\/wp\/v2\/comments?post=1701"}],"wp:featuredmedia":[{"embeddable":true,"href":"https:\/\/www.yongyukitchenware.com\/de\/wp-json\/wp\/v2\/media\/3167"}],"wp:attachment":[{"href":"https:\/\/www.yongyukitchenware.com\/de\/wp-json\/wp\/v2\/media?parent=1701"}],"wp:term":[{"taxonomy":"application","embeddable":true,"href":"https:\/\/www.yongyukitchenware.com\/de\/wp-json\/wp\/v2\/application?post=1701"},{"taxonomy":"product_brand","embeddable":true,"href":"https:\/\/www.yongyukitchenware.com\/de\/wp-json\/wp\/v2\/product_brand?post=1701"},{"taxonomy":"product_cat","embeddable":true,"href":"https:\/\/www.yongyukitchenware.com\/de\/wp-json\/wp\/v2\/product_cat?post=1701"},{"taxonomy":"product_tag","embeddable":true,"href":"https:\/\/www.yongyukitchenware.com\/de\/wp-json\/wp\/v2\/product_tag?post=1701"}],"curies":[{"name":"wp","href":"https:\/\/api.w.org\/{rel}","templated":true}]}}