{"id":1709,"date":"2024-11-05T06:43:01","date_gmt":"2024-11-05T06:43:01","guid":{"rendered":"https:\/\/www.yongyukitchenware.com\/?post_type=product&#038;p=1709"},"modified":"2025-06-26T06:52:07","modified_gmt":"2025-06-26T06:52:07","slug":"tea-kettle-wholesale","status":"publish","type":"product","link":"https:\/\/www.yongyukitchenware.com\/de\/produkt\/tea-kettle-wholesale\/","title":{"rendered":"Gro\u00dfhandel Teekessel Turm Herdplatte Induktion 1.2L 1.5L"},"content":{"rendered":"<div class=\"wp-block-columns is-layout-flex wp-container-core-columns-is-layout-9d6595d7 wp-block-columns-is-layout-flex\">\n<div class=\"wp-block-column is-layout-flow wp-block-column-is-layout-flow\">\n<h2 class=\"wp-block-heading\">Gr\u00f6\u00dfen von Teekesseln\uff1a<\/h2>\n\n\n\n<figure class=\"wp-block-table\"><table class=\"has-fixed-layout\"><tbody><tr><td>Modell<\/td><td>Gr\u00f6\u00dfe<\/td><td>Durchmesser * H\u00f6he (cm)<\/td><td>MOQ<\/td><\/tr><tr><td rowspan=\"2\">DY025-SH<\/td><td>1.2L&nbsp;<\/td><td>12*16,5cm<\/td><td rowspan=\"2\">36 STCK.<\/td><\/tr><tr><td>1.5L<\/td><td>12*17,5cm<\/td><\/tr><\/tbody><\/table><\/figure>\n\n\n\n<h2 class=\"wp-block-heading\">Teekessel Merkmale:<\/h2>\n\n\n\n<p><strong>Eingebauter Filter: <\/strong>Entfernt die effektive Filterung der Verunreinigungen aus dem Wasser, so dass das gebraute Getr\u00e4nk reiner ist.<br><strong>Rostfreier Stahl der Lebensmittelklasse:<\/strong> aus hochwertigem rostfreiem Stahl, mit hoher Korrosions- und Temperaturbest\u00e4ndigkeit und langer Lebensdauer.<br><strong>Breite Anwendbarkeit:<\/strong> Dieser Teekessel kann auf einem Induktionsherd, einem Gasherd, einem Elektroherd und einem Keramikherd verwendet werden.<br><strong>Leicht zu reinigen: <\/strong>Glatte Oberfl\u00e4che, leicht zu reinigen und zu pflegen; die Oberfl\u00e4che bleibt f\u00fcr den langfristigen Gebrauch erhalten.<br><strong>Tragbares Design: <\/strong>Das kompakte und leichte Ger\u00e4t ist f\u00fcr den t\u00e4glichen Gebrauch konzipiert und kann problemlos auf Reisen, beim Camping oder bei anderen Aktivit\u00e4ten mitgenommen werden.<br><strong>Einfach zu bedienen:<\/strong> Flip-Top-Design und isolierter Griff f\u00fcr sicheren und tragbaren Betrieb.<\/p>\n<\/div>\n\n\n\n<div class=\"wp-block-column is-layout-flow wp-block-column-is-layout-flow\">\n<figure class=\"wp-block-image size-full\"><img decoding=\"async\" width=\"800\" height=\"800\" src=\"https:\/\/www.yongyukitchenware.com\/wp-content\/uploads\/2024\/10\/stovetop-tea-kettle-supply-6.webp\" alt=\"Herdplatten-Wasserkocher-Zubeh\u00f6r (6)\" class=\"wp-image-1727\" srcset=\"https:\/\/www.yongyukitchenware.com\/wp-content\/uploads\/2024\/10\/stovetop-tea-kettle-supply-6.webp 800w, https:\/\/www.yongyukitchenware.com\/wp-content\/uploads\/2024\/10\/stovetop-tea-kettle-supply-6-300x300.webp 300w, https:\/\/www.yongyukitchenware.com\/wp-content\/uploads\/2024\/10\/stovetop-tea-kettle-supply-6-150x150.webp 150w, https:\/\/www.yongyukitchenware.com\/wp-content\/uploads\/2024\/10\/stovetop-tea-kettle-supply-6-768x768.webp 768w, https:\/\/www.yongyukitchenware.com\/wp-content\/uploads\/2024\/10\/stovetop-tea-kettle-supply-6-12x12.webp 12w, https:\/\/www.yongyukitchenware.com\/wp-content\/uploads\/2024\/10\/stovetop-tea-kettle-supply-6-600x600.webp 600w, https:\/\/www.yongyukitchenware.com\/wp-content\/uploads\/2024\/10\/stovetop-tea-kettle-supply-6-100x100.webp 100w\" sizes=\"(max-width: 800px) 100vw, 800px\" \/><\/figure>\n<\/div>\n<\/div>\n\n\n\n<p><\/p>","protected":false},"excerpt":{"rendered":"<p>Die Gro\u00dfhandels- und kundenspezifischen Teekessel von Yongyu sind aus hochwertigem Edelstahl gefertigt, mit Induktionsherden, Gasherden, Elektroherden und Keramikherden kompatibel und sehr flexibel einsetzbar. Kundenspezifische Logos, Verpackungen, etc. sind erh\u00e4ltlich. Sie k\u00f6nnen jederzeit ein kostenloses Angebot anfordern.<\/p>\n<h2 style=\"text-align: left\">Teekesselchen Parameter<\/h2>\n<p style=\"text-align: left\"><strong>Material:<\/strong> Rostfreier Stahl<br \/><strong>Die Form:<\/strong> Turreted<br \/><strong>Zubeh\u00f6r:<\/strong> Herausnehmbarer Filter<br \/><strong>Verschiedene Gr\u00f6\u00dfen:<\/strong> 1.2L, 1.5L<br \/><strong>Verpacken:<\/strong> OPP-Beutel und -Karton<br \/><strong>OEM\/ODM:<\/strong> Verf\u00fcgbar<\/p>\n<h2 class=\"wp-block-heading\">Von Yongyu Drinkware Hersteller :<\/h2>\n<p>Yongyu Drinkware Manufacturer vertreibt verschiedene Arten von Trinkgef\u00e4\u00dfen im Gro\u00dfhandel und stellt sie nach Kundenw\u00fcnschen her. Der Schwerpunkt liegt dabei auf der Langlebigkeit und der W\u00e4rmeschutzleistung der Produkte, um qualitativ hochwertige und wirtschaftliche Beschaffungsl\u00f6sungen f\u00fcr globale Kunden zu bieten.<\/p>","protected":false},"featured_media":1722,"comment_status":"closed","ping_status":"closed","template":"","meta":{"_acf_changed":true},"application":[30],"product_brand":[],"product_cat":[20,49],"product_tag":[],"class_list":{"0":"post-1709","1":"product","2":"type-product","3":"status-publish","4":"has-post-thumbnail","6":"application-hotel-catering","7":"product_cat-wholesale-drinkware","8":"product_cat-stainless-steel-kettle-wholesale","10":"first","11":"instock","12":"shipping-taxable","13":"product-type-simple"},"acf":[],"_links":{"self":[{"href":"https:\/\/www.yongyukitchenware.com\/de\/wp-json\/wp\/v2\/product\/1709","targetHints":{"allow":["GET"]}}],"collection":[{"href":"https:\/\/www.yongyukitchenware.com\/de\/wp-json\/wp\/v2\/product"}],"about":[{"href":"https:\/\/www.yongyukitchenware.com\/de\/wp-json\/wp\/v2\/types\/product"}],"replies":[{"embeddable":true,"href":"https:\/\/www.yongyukitchenware.com\/de\/wp-json\/wp\/v2\/comments?post=1709"}],"wp:featuredmedia":[{"embeddable":true,"href":"https:\/\/www.yongyukitchenware.com\/de\/wp-json\/wp\/v2\/media\/1722"}],"wp:attachment":[{"href":"https:\/\/www.yongyukitchenware.com\/de\/wp-json\/wp\/v2\/media?parent=1709"}],"wp:term":[{"taxonomy":"application","embeddable":true,"href":"https:\/\/www.yongyukitchenware.com\/de\/wp-json\/wp\/v2\/application?post=1709"},{"taxonomy":"product_brand","embeddable":true,"href":"https:\/\/www.yongyukitchenware.com\/de\/wp-json\/wp\/v2\/product_brand?post=1709"},{"taxonomy":"product_cat","embeddable":true,"href":"https:\/\/www.yongyukitchenware.com\/de\/wp-json\/wp\/v2\/product_cat?post=1709"},{"taxonomy":"product_tag","embeddable":true,"href":"https:\/\/www.yongyukitchenware.com\/de\/wp-json\/wp\/v2\/product_tag?post=1709"}],"curies":[{"name":"wp","href":"https:\/\/api.w.org\/{rel}","templated":true}]}}