{"id":1715,"date":"2024-10-14T06:41:09","date_gmt":"2024-10-14T06:41:09","guid":{"rendered":"https:\/\/www.yongyukitchenware.com\/?post_type=product&#038;p=1715"},"modified":"2025-06-26T05:59:11","modified_gmt":"2025-06-26T05:59:11","slug":"electric-chafing-dish-buffet-set-wholesale","status":"publish","type":"product","link":"https:\/\/www.yongyukitchenware.com\/de\/produkt\/electric-chafing-dish-buffet-set-wholesale\/","title":{"rendered":"Bulk Elektrische Chafing Dish Buffet Set Edelstahl 6L 9L"},"content":{"rendered":"<div class=\"wp-block-columns is-layout-flex wp-container-core-columns-is-layout-9d6595d7 wp-block-columns-is-layout-flex\">\n<div class=\"wp-block-column is-layout-flow wp-block-column-is-layout-flow\">\n<h2 class=\"wp-block-heading\">Elektrische Chafing Dish Buffet Set Parameter:<\/h2>\n\n\n\n<figure class=\"wp-block-table\"><table class=\"has-fixed-layout\"><tbody><tr><td>Modell<\/td><td>Form<\/td><td>L\u00e4nge * Breite * H\u00f6he (cm)<\/td><td>Wiegen(kg)<\/td><td>MOQ<\/td><\/tr><tr><td rowspan=\"3\">DY014-CL<\/td><td>Rechteckig<\/td><td>57*37*24<\/td><td>10<\/td><td rowspan=\"3\">2PCS<\/td><\/tr><tr><td>Platz<\/td><td>40*40*24<\/td><td>7.8<\/td><\/tr><tr><td>rund<\/td><td>47*44*24<\/td><td>8.2<\/td><\/tr><\/tbody><\/table><\/figure>\n<\/div>\n\n\n\n<div class=\"wp-block-column is-layout-flow wp-block-column-is-layout-flow\"><div class=\"wp-block-image\">\n<figure class=\"aligncenter size-full is-resized\"><img decoding=\"async\" width=\"750\" height=\"921\" src=\"https:\/\/www.yongyukitchenware.com\/wp-content\/uploads\/2024\/10\/Electric-Chafing-Dish-Buffet-Set-1.jpg\" alt=\"Elektrisches Chafing Dish Buffet Set\" class=\"wp-image-2924\" style=\"width:358px;height:auto\" srcset=\"https:\/\/www.yongyukitchenware.com\/wp-content\/uploads\/2024\/10\/Electric-Chafing-Dish-Buffet-Set-1.jpg 750w, https:\/\/www.yongyukitchenware.com\/wp-content\/uploads\/2024\/10\/Electric-Chafing-Dish-Buffet-Set-1-244x300.jpg 244w, https:\/\/www.yongyukitchenware.com\/wp-content\/uploads\/2024\/10\/Electric-Chafing-Dish-Buffet-Set-1-10x12.jpg 10w, https:\/\/www.yongyukitchenware.com\/wp-content\/uploads\/2024\/10\/Electric-Chafing-Dish-Buffet-Set-1-600x737.jpg 600w\" sizes=\"(max-width: 750px) 100vw, 750px\" \/><\/figure>\n<\/div><\/div>\n<\/div>\n\n\n\n<div class=\"wp-block-columns is-layout-flex wp-container-core-columns-is-layout-9d6595d7 wp-block-columns-is-layout-flex\">\n<div class=\"wp-block-column is-layout-flow wp-block-column-is-layout-flow\">\n<figure class=\"wp-block-image size-full\"><img decoding=\"async\" width=\"800\" height=\"800\" src=\"https:\/\/www.yongyukitchenware.com\/wp-content\/uploads\/2024\/10\/Bulk-Electric-Chafing-Dish-Buffet-Set-2.webp\" alt=\"Bulk Elektrische Chafing Dish Buffet Set 2\" class=\"wp-image-1717\" srcset=\"https:\/\/www.yongyukitchenware.com\/wp-content\/uploads\/2024\/10\/Bulk-Electric-Chafing-Dish-Buffet-Set-2.webp 800w, https:\/\/www.yongyukitchenware.com\/wp-content\/uploads\/2024\/10\/Bulk-Electric-Chafing-Dish-Buffet-Set-2-300x300.webp 300w, https:\/\/www.yongyukitchenware.com\/wp-content\/uploads\/2024\/10\/Bulk-Electric-Chafing-Dish-Buffet-Set-2-150x150.webp 150w, https:\/\/www.yongyukitchenware.com\/wp-content\/uploads\/2024\/10\/Bulk-Electric-Chafing-Dish-Buffet-Set-2-768x768.webp 768w, https:\/\/www.yongyukitchenware.com\/wp-content\/uploads\/2024\/10\/Bulk-Electric-Chafing-Dish-Buffet-Set-2-12x12.webp 12w, https:\/\/www.yongyukitchenware.com\/wp-content\/uploads\/2024\/10\/Bulk-Electric-Chafing-Dish-Buffet-Set-2-600x600.webp 600w, https:\/\/www.yongyukitchenware.com\/wp-content\/uploads\/2024\/10\/Bulk-Electric-Chafing-Dish-Buffet-Set-2-100x100.webp 100w\" sizes=\"(max-width: 800px) 100vw, 800px\" \/><\/figure>\n<\/div>\n\n\n\n<div class=\"wp-block-column is-layout-flow wp-block-column-is-layout-flow\">\n<h2 class=\"wp-block-heading\">Elektrisches Chafing Dish Buffet Set Eigenschaften:<\/h2>\n\n\n\n<p><strong>Stabile Rohrfu\u00dfkonstruktion:<\/strong> Der gewichtige Rohrst\u00e4nder sorgt f\u00fcr zus\u00e4tzliche Stabilit\u00e4t und Langlebigkeit, damit das Ger\u00e4t auch in belebten Umgebungen sicher steht.<\/p>\n\n\n\n<p><strong>Effizientes elektrisches Heizsystem: <\/strong>Die elektrische Heizfunktion im Inneren des Ger\u00e4ts heizt schnell auf und sorgt f\u00fcr eine konstante Temperatur, damit die Speisen \u00fcber einen langen Zeitraum hinweg die ideale Temperatur behalten.<\/p>\n\n\n\n<p><strong>Hochwertiges Material aus rostfreiem Stahl: <\/strong>Aus hochwertigem Edelstahl gefertigt, ist sie korrosionsbest\u00e4ndig, langlebig und leicht zu reinigen. Er ist f\u00fcr den intensiven Einsatz in der Gastronomie geeignet.<\/p>\n\n\n\n<p><strong>Beh\u00e4lter mit gro\u00dfem Fassungsverm\u00f6gen: <\/strong>Er ist f\u00fcr ein gro\u00dfes Fassungsverm\u00f6gen ausgelegt und erf\u00fcllt die Anforderungen verschiedener Gro\u00dfveranstaltungen. Au\u00dferdem kann es die M\u00fche des h\u00e4ufigen Nachf\u00fcllens von Lebensmitteln verringern und die Effizienz des Services verbessern.<\/p>\n\n\n\n<p><strong>Entwurf des Moduls: <\/strong>Das Set besteht aus mehreren Tellern, die mehrere Gerichte gleichzeitig aufnehmen k\u00f6nnen, was die Einteilung erleichtert und den Bed\u00fcrfnissen der verschiedenen Anl\u00e4sse entspricht.<\/p>\n<\/div>\n<\/div>\n\n\n\n<div class=\"wp-block-columns is-layout-flex wp-container-core-columns-is-layout-9d6595d7 wp-block-columns-is-layout-flex\">\n<div class=\"wp-block-column is-layout-flow wp-block-column-is-layout-flow\"><\/div>\n\n\n\n<div class=\"wp-block-column is-layout-flow wp-block-column-is-layout-flow\"><\/div>\n<\/div>\n\n\n\n<div class=\"wp-block-columns is-layout-flex wp-container-core-columns-is-layout-9d6595d7 wp-block-columns-is-layout-flex\">\n<div class=\"wp-block-column is-layout-flow wp-block-column-is-layout-flow\"><\/div>\n\n\n\n<div class=\"wp-block-column is-layout-flow wp-block-column-is-layout-flow\"><\/div>\n<\/div>","protected":false},"excerpt":{"rendered":"<p>Elektrische Chafing Dish Buffet-Set mit Glas Klappdeckel, verschiedene Formen einschlie\u00dflich rechteckig, rund, quadratisch, mit elektronischer Temperaturregelung Touchscreen-System ausgestattet, einfach zu bedienen, kann f\u00fcr eine lange Zeit warm halten. Beste Rabatt f\u00fcr Bulk-Anpassung, willkommen zu erkundigen!<\/p>\n<h2><!-- wp:heading --><\/h2>\n<h2 class=\"wp-block-heading\">Elektrische Chafing Dish Buffet Set Attribute :<\/h2>\n<h2><!-- \/wp:heading --><\/p>\n<p><!-- wp:paragraph --><\/h2>\n<p><strong>Material: <\/strong>Rostfreier Stahl<br \/><strong>Farbe: <\/strong>Silber, Gold, kundenspezifische Farbe<br \/><strong>Die Form: <\/strong>Rechteck, Quadrat, Rund<br \/><strong>W\u00e4rme: <\/strong>Elektrische Heizung<br \/><strong>Chafer Pan: <\/strong>Einzel-\/Doppelraster<br \/><strong>Verpacken: <\/strong>Opp-Beutel und -Karton<br \/><strong>OEM\/ODM: <\/strong>Verf\u00fcgbar<\/p>\n<h2 class=\"wp-block-heading\">Von Yongyu Chafing Dish Hersteller :<\/h2>\n<p>Ob es sich um einen Catering-Service-Anbieter, Hotel und Restaurant, oder Event-Planung Unternehmen, bieten wir komplette Chafing Gerichte Gro\u00dfhandel benutzerdefinierte L\u00f6sungen, um Ihr Unternehmen mit hochwertigen Fabrik Preise!<\/p>\n<h2><!-- \/wp:paragraph --><\/h2>","protected":false},"featured_media":2925,"comment_status":"closed","ping_status":"closed","template":"","meta":{"_acf_changed":false},"application":[30],"product_brand":[],"product_cat":[33],"product_tag":[],"class_list":{"0":"post-1715","1":"product","2":"type-product","3":"status-publish","4":"has-post-thumbnail","6":"application-hotel-catering","7":"product_cat-chafing-dishes-wholesale","9":"first","10":"instock","11":"shipping-taxable","12":"product-type-simple"},"acf":[],"_links":{"self":[{"href":"https:\/\/www.yongyukitchenware.com\/de\/wp-json\/wp\/v2\/product\/1715","targetHints":{"allow":["GET"]}}],"collection":[{"href":"https:\/\/www.yongyukitchenware.com\/de\/wp-json\/wp\/v2\/product"}],"about":[{"href":"https:\/\/www.yongyukitchenware.com\/de\/wp-json\/wp\/v2\/types\/product"}],"replies":[{"embeddable":true,"href":"https:\/\/www.yongyukitchenware.com\/de\/wp-json\/wp\/v2\/comments?post=1715"}],"wp:featuredmedia":[{"embeddable":true,"href":"https:\/\/www.yongyukitchenware.com\/de\/wp-json\/wp\/v2\/media\/2925"}],"wp:attachment":[{"href":"https:\/\/www.yongyukitchenware.com\/de\/wp-json\/wp\/v2\/media?parent=1715"}],"wp:term":[{"taxonomy":"application","embeddable":true,"href":"https:\/\/www.yongyukitchenware.com\/de\/wp-json\/wp\/v2\/application?post=1715"},{"taxonomy":"product_brand","embeddable":true,"href":"https:\/\/www.yongyukitchenware.com\/de\/wp-json\/wp\/v2\/product_brand?post=1715"},{"taxonomy":"product_cat","embeddable":true,"href":"https:\/\/www.yongyukitchenware.com\/de\/wp-json\/wp\/v2\/product_cat?post=1715"},{"taxonomy":"product_tag","embeddable":true,"href":"https:\/\/www.yongyukitchenware.com\/de\/wp-json\/wp\/v2\/product_tag?post=1715"}],"curies":[{"name":"wp","href":"https:\/\/api.w.org\/{rel}","templated":true}]}}