{"id":1728,"date":"2024-11-05T11:26:03","date_gmt":"2024-11-05T11:26:03","guid":{"rendered":"https:\/\/www.yongyukitchenware.com\/?post_type=product&#038;p=1728"},"modified":"2025-06-26T06:55:59","modified_gmt":"2025-06-26T06:55:59","slug":"custom-coffee-kettle","status":"publish","type":"product","link":"https:\/\/www.yongyukitchenware.com\/de\/produkt\/custom-coffee-kettle\/","title":{"rendered":"Kundenspezifischer Edelstahl-Wasserkocher 1.2L 1.5L mit Filter"},"content":{"rendered":"<div class=\"wp-block-columns is-layout-flex wp-container-core-columns-is-layout-9d6595d7 wp-block-columns-is-layout-flex\">\n<div class=\"wp-block-column is-layout-flow wp-block-column-is-layout-flow\">\n<h2 class=\"wp-block-heading\">Gr\u00f6\u00dfen von Wasserkochern aus Edelstahl\uff1a<\/h2>\n\n\n\n<figure class=\"wp-block-table\"><table class=\"has-fixed-layout\"><tbody><tr><td>Modell<\/td><td>Gr\u00f6\u00dfe<\/td><td>Durchmesser * H\u00f6he (cm)<\/td><td>MOQ<\/td><\/tr><tr><td rowspan=\"2\">DY026-SH<\/td><td>1.2L<\/td><td>14*13cm<\/td><td rowspan=\"2\">36 STCK.<\/td><\/tr><tr><td>1.5L<\/td><td>14*16cm<\/td><\/tr><\/tbody><\/table><\/figure>\n\n\n\n<h2 class=\"wp-block-heading\">Edelstahl-Wasserkocher Merkmale:<\/h2>\n\n\n\n<p><strong>Premium-Edelstahl: <\/strong>Lebensmittelgeeignetes Edelstahlmaterial, robust und langlebig, rostfrei<br><strong>Passender por\u00f6ser Filter: <\/strong>Der Filter ist so konzipiert, dass er Kaffeesatz oder Teebl\u00e4tter effektiv filtert, was das Trinken erleichtert.<br><strong>Zwei Arten von Ausgie\u00dfern: <\/strong>Die Adlerhakend\u00fcse gie\u00dft das Wasser gleichm\u00e4\u00dfig aus, und die D\u00fcse l\u00e4sst das Wasser nicht h\u00e4ngen; der konische Auslauf ist konzentrierter und leicht zu kontrollieren<strong><br>Schnelle Erw\u00e4rmung: <\/strong>der Ringbodenkreislauf heizt schnell, kocht schnell und spart Zeit<strong><br>Breite Anwendbarkeit: <\/strong>Dieser Teekessel kann auf Induktions-, Gas-, Elektro- und Keramikherden verwendet werden.<br><strong>Leicht und sicher: <\/strong>Der Klappdeckel ist praktisch, um Wasser aufzufangen, und der isolierte Griff sch\u00fctzt vor Verbr\u00fchungen und ist leicht zu halten.<\/p>\n<\/div>\n\n\n\n<div class=\"wp-block-column is-layout-flow wp-block-column-is-layout-flow\">\n<figure class=\"wp-block-image size-full\"><img decoding=\"async\" width=\"800\" height=\"800\" src=\"https:\/\/www.yongyukitchenware.com\/wp-content\/uploads\/2024\/10\/custom-coffee-kettle-8.webp\" alt=\"kundenspezifischer-Kaffeekessel (8)\" class=\"wp-image-1744\" srcset=\"https:\/\/www.yongyukitchenware.com\/wp-content\/uploads\/2024\/10\/custom-coffee-kettle-8.webp 800w, https:\/\/www.yongyukitchenware.com\/wp-content\/uploads\/2024\/10\/custom-coffee-kettle-8-300x300.webp 300w, https:\/\/www.yongyukitchenware.com\/wp-content\/uploads\/2024\/10\/custom-coffee-kettle-8-150x150.webp 150w, https:\/\/www.yongyukitchenware.com\/wp-content\/uploads\/2024\/10\/custom-coffee-kettle-8-768x768.webp 768w, https:\/\/www.yongyukitchenware.com\/wp-content\/uploads\/2024\/10\/custom-coffee-kettle-8-12x12.webp 12w, https:\/\/www.yongyukitchenware.com\/wp-content\/uploads\/2024\/10\/custom-coffee-kettle-8-600x600.webp 600w, https:\/\/www.yongyukitchenware.com\/wp-content\/uploads\/2024\/10\/custom-coffee-kettle-8-100x100.webp 100w\" sizes=\"(max-width: 800px) 100vw, 800px\" \/><\/figure>\n<\/div>\n<\/div>\n\n\n\n<p><\/p>","protected":false},"excerpt":{"rendered":"<p>Dieser ma\u00dfgefertigte Kaffeekessel aus hochwertigem Edelstahl wird in zwei verschiedenen Ausf\u00fchrungen angeboten und verbindet Funktionalit\u00e4t mit einem eleganten Aussehen. Er ist ideal f\u00fcr die t\u00e4gliche Kaffee- oder Teezubereitung und eignet sich f\u00fcr Kaffee- und Teeliebhaber.<\/p>\n<h2 style=\"text-align: left\">Edelstahl-Wasserkocher Parameter<\/h2>\n<p style=\"text-align: left\"><strong>Material:<\/strong> rostfreier Stahl<br \/><strong>Zwei Stile:<\/strong> Adlerhakend\u00fcse, konischer Auslauf<br \/><strong>Zubeh\u00f6r:<\/strong> Herausnehmbarer Filter<br \/><strong>Gr\u00f6\u00dfen:<\/strong> 1,2 L, 1,5 L<br \/><strong>Verpackung:<\/strong> OPP-Beutel und -Karton<br \/><strong>OEM\/ODM:<\/strong> Optional<\/p>\n<h2 class=\"wp-block-heading\">Von Yongyu Drinkware Hersteller :<\/h2>\n<p>Yongyu Drinkware Manufacturer vertreibt verschiedene Arten von Trinkgef\u00e4\u00dfen im Gro\u00dfhandel und stellt sie nach Kundenw\u00fcnschen her. Der Schwerpunkt liegt dabei auf der Langlebigkeit und der W\u00e4rmeschutzleistung der Produkte, um qualitativ hochwertige und wirtschaftliche Beschaffungsl\u00f6sungen f\u00fcr globale Kunden zu bieten.<\/p>","protected":false},"featured_media":1737,"comment_status":"closed","ping_status":"closed","template":"","meta":{"_acf_changed":true},"application":[30],"product_brand":[],"product_cat":[20,49],"product_tag":[],"class_list":{"0":"post-1728","1":"product","2":"type-product","3":"status-publish","4":"has-post-thumbnail","6":"application-hotel-catering","7":"product_cat-wholesale-drinkware","8":"product_cat-stainless-steel-kettle-wholesale","10":"first","11":"instock","12":"shipping-taxable","13":"product-type-simple"},"acf":[],"_links":{"self":[{"href":"https:\/\/www.yongyukitchenware.com\/de\/wp-json\/wp\/v2\/product\/1728","targetHints":{"allow":["GET"]}}],"collection":[{"href":"https:\/\/www.yongyukitchenware.com\/de\/wp-json\/wp\/v2\/product"}],"about":[{"href":"https:\/\/www.yongyukitchenware.com\/de\/wp-json\/wp\/v2\/types\/product"}],"replies":[{"embeddable":true,"href":"https:\/\/www.yongyukitchenware.com\/de\/wp-json\/wp\/v2\/comments?post=1728"}],"wp:featuredmedia":[{"embeddable":true,"href":"https:\/\/www.yongyukitchenware.com\/de\/wp-json\/wp\/v2\/media\/1737"}],"wp:attachment":[{"href":"https:\/\/www.yongyukitchenware.com\/de\/wp-json\/wp\/v2\/media?parent=1728"}],"wp:term":[{"taxonomy":"application","embeddable":true,"href":"https:\/\/www.yongyukitchenware.com\/de\/wp-json\/wp\/v2\/application?post=1728"},{"taxonomy":"product_brand","embeddable":true,"href":"https:\/\/www.yongyukitchenware.com\/de\/wp-json\/wp\/v2\/product_brand?post=1728"},{"taxonomy":"product_cat","embeddable":true,"href":"https:\/\/www.yongyukitchenware.com\/de\/wp-json\/wp\/v2\/product_cat?post=1728"},{"taxonomy":"product_tag","embeddable":true,"href":"https:\/\/www.yongyukitchenware.com\/de\/wp-json\/wp\/v2\/product_tag?post=1728"}],"curies":[{"name":"wp","href":"https:\/\/api.w.org\/{rel}","templated":true}]}}