{"id":1745,"date":"2024-11-05T06:54:29","date_gmt":"2024-11-05T06:54:29","guid":{"rendered":"https:\/\/www.yongyukitchenware.com\/?post_type=product&#038;p=1745"},"modified":"2025-04-27T01:43:51","modified_gmt":"2025-04-27T01:43:51","slug":"whistling-kettle-wholesale","status":"publish","type":"product","link":"https:\/\/www.yongyukitchenware.com\/de\/produkt\/whistling-kettle-wholesale\/","title":{"rendered":"Factory Direct Whistling Kettle Edelstahl Herdplatte gro\u00dfe Teekanne"},"content":{"rendered":"<div class=\"wp-block-columns is-layout-flex wp-container-core-columns-is-layout-9d6595d7 wp-block-columns-is-layout-flex\">\n<div class=\"wp-block-column is-layout-flow wp-block-column-is-layout-flow\">\n<h2 class=\"wp-block-heading\">Pfeifender Kessel Merkmale:<\/h2>\n\n\n\n<p><strong>Hochwertiger rostfreier Stahl: <\/strong>Material aus lebensmittelechtem Edelstahl, rost- und korrosionsbest\u00e4ndig, langlebig<br><strong>Wasser-Detektor:<\/strong> Wenn das Wasser seinen Siedepunkt erreicht hat, gibt der Wasserkocher ein pfeif\u00e4hnliches Ger\u00e4usch von sich, um dies anzuzeigen.<br><strong>Gro\u00dfkalibrige Ausf\u00fchrung:<\/strong> gro\u00dfes Fassungsverm\u00f6gen, gro\u00dfes Kaliber, leicht nachf\u00fcllbar. Erf\u00fcllen Sie die Bed\u00fcrfnisse des t\u00e4glichen Gebrauchs oder unterhalten Sie G\u00e4ste.<br><strong>Griff aus Gummibaumholz: <\/strong>Gebogenes Design. Der Griff aus Gumwood liegt angenehm in der Hand. W\u00e4rmed\u00e4mmung und Verbr\u00fchungsschutz.<br><strong>Innenfilter-Lochdesign: <\/strong>Einfaches Filtern der R\u00fcckst\u00e4nde, bequemer zu trinken.<br><strong>Rutschfester Boden:<\/strong> Der konkav-konvexe, rutschfeste Boden sorgt f\u00fcr eine reibungslose Platzierung und Haltbarkeit.<\/p>\n<\/div>\n\n\n\n<div class=\"wp-block-column is-layout-flow wp-block-column-is-layout-flow\">\n<figure class=\"wp-block-image size-full\"><img decoding=\"async\" width=\"800\" height=\"800\" src=\"https:\/\/www.yongyukitchenware.com\/wp-content\/uploads\/2024\/10\/factory-direct-whistling-kettle-2.webp\" alt=\"werkseitig-direkt-pfiff-kessel (2)\" class=\"wp-image-1747\" srcset=\"https:\/\/www.yongyukitchenware.com\/wp-content\/uploads\/2024\/10\/factory-direct-whistling-kettle-2.webp 800w, https:\/\/www.yongyukitchenware.com\/wp-content\/uploads\/2024\/10\/factory-direct-whistling-kettle-2-300x300.webp 300w, https:\/\/www.yongyukitchenware.com\/wp-content\/uploads\/2024\/10\/factory-direct-whistling-kettle-2-150x150.webp 150w, https:\/\/www.yongyukitchenware.com\/wp-content\/uploads\/2024\/10\/factory-direct-whistling-kettle-2-768x768.webp 768w, https:\/\/www.yongyukitchenware.com\/wp-content\/uploads\/2024\/10\/factory-direct-whistling-kettle-2-12x12.webp 12w, https:\/\/www.yongyukitchenware.com\/wp-content\/uploads\/2024\/10\/factory-direct-whistling-kettle-2-600x600.webp 600w, https:\/\/www.yongyukitchenware.com\/wp-content\/uploads\/2024\/10\/factory-direct-whistling-kettle-2-100x100.webp 100w\" sizes=\"(max-width: 800px) 100vw, 800px\" \/><\/figure>\n<\/div>\n<\/div>\n\n\n\n<p><\/p>","protected":false},"excerpt":{"rendered":"<p>Fabrik Gro\u00dfhandel pfeifenden Wasserkocher Edelstahl, gro\u00dfe Kapazit\u00e4t 4.8L, 5.8L und 6.8L, geeignet f\u00fcr Herd und Induktionsherd. Yongyu Edelstahl-Wasserkocher Lieferant bietet die kosteng\u00fcnstigste kundenspezifische L\u00f6sung, willkommen zu erkundigen!<\/p>\n<h2 style=\"text-align: left;\">Parameter von Whistling Kettle<\/h2>\n<p style=\"text-align: left;\"><strong>Material:<\/strong> Rostfreier Stahl<br \/><strong>Die Form:<\/strong> Apfelform<br \/><strong>Handgriff:<\/strong> Holzgriff aus Gummi<br \/><strong>Gr\u00f6\u00dfen:<\/strong> 4.8L 5.8L 6.8L<br \/><strong>Verpackung:<\/strong> OPP-Beutel und -Karton<br \/><strong>OEM\/ODM:<\/strong> Optional<\/p>\n<h2 class=\"wp-block-heading\">Von Yongyu Drinkware Hersteller :<\/h2>\n<p>Yongyu Drinkware Manufacturer vertreibt verschiedene Arten von Trinkgef\u00e4\u00dfen im Gro\u00dfhandel und stellt sie nach Kundenw\u00fcnschen her. Der Schwerpunkt liegt dabei auf der Langlebigkeit und der W\u00e4rmeschutzleistung der Produkte, um qualitativ hochwertige und wirtschaftliche Beschaffungsl\u00f6sungen f\u00fcr globale Kunden zu bieten.<\/p>","protected":false},"featured_media":1746,"comment_status":"closed","ping_status":"closed","template":"","meta":{"_acf_changed":true},"application":[30],"product_brand":[],"product_cat":[20,49],"product_tag":[],"class_list":{"0":"post-1745","1":"product","2":"type-product","3":"status-publish","4":"has-post-thumbnail","6":"application-hotel-catering","7":"product_cat-wholesale-drinkware","8":"product_cat-stainless-steel-kettle-wholesale","10":"first","11":"instock","12":"shipping-taxable","13":"product-type-simple"},"acf":[],"_links":{"self":[{"href":"https:\/\/www.yongyukitchenware.com\/de\/wp-json\/wp\/v2\/product\/1745","targetHints":{"allow":["GET"]}}],"collection":[{"href":"https:\/\/www.yongyukitchenware.com\/de\/wp-json\/wp\/v2\/product"}],"about":[{"href":"https:\/\/www.yongyukitchenware.com\/de\/wp-json\/wp\/v2\/types\/product"}],"replies":[{"embeddable":true,"href":"https:\/\/www.yongyukitchenware.com\/de\/wp-json\/wp\/v2\/comments?post=1745"}],"wp:featuredmedia":[{"embeddable":true,"href":"https:\/\/www.yongyukitchenware.com\/de\/wp-json\/wp\/v2\/media\/1746"}],"wp:attachment":[{"href":"https:\/\/www.yongyukitchenware.com\/de\/wp-json\/wp\/v2\/media?parent=1745"}],"wp:term":[{"taxonomy":"application","embeddable":true,"href":"https:\/\/www.yongyukitchenware.com\/de\/wp-json\/wp\/v2\/application?post=1745"},{"taxonomy":"product_brand","embeddable":true,"href":"https:\/\/www.yongyukitchenware.com\/de\/wp-json\/wp\/v2\/product_brand?post=1745"},{"taxonomy":"product_cat","embeddable":true,"href":"https:\/\/www.yongyukitchenware.com\/de\/wp-json\/wp\/v2\/product_cat?post=1745"},{"taxonomy":"product_tag","embeddable":true,"href":"https:\/\/www.yongyukitchenware.com\/de\/wp-json\/wp\/v2\/product_tag?post=1745"}],"curies":[{"name":"wp","href":"https:\/\/api.w.org\/{rel}","templated":true}]}}