{"id":1752,"date":"2024-11-05T07:32:22","date_gmt":"2024-11-05T07:32:22","guid":{"rendered":"https:\/\/www.yongyukitchenware.com\/?post_type=product&#038;p=1752"},"modified":"2025-04-27T01:42:57","modified_gmt":"2025-04-27T01:42:57","slug":"whistling-tea-kettle-wholesale","status":"publish","type":"product","link":"https:\/\/www.yongyukitchenware.com\/de\/produkt\/whistling-tea-kettle-wholesale\/","title":{"rendered":"Gro\u00dfhandel pfeifende Teekessel Edelstahl kochenden Wasserkocher mit Sieb"},"content":{"rendered":"<div class=\"wp-block-columns is-layout-flex wp-container-core-columns-is-layout-9d6595d7 wp-block-columns-is-layout-flex\">\n<div class=\"wp-block-column is-layout-flow wp-block-column-is-layout-flow\">\n<h2 class=\"wp-block-heading\">Pfeifender Teekessel Merkmale:<\/h2>\n\n\n\n<p><strong>Hochwertiger rostfreier Stahl: <\/strong>Das Material aus lebensmittelechtem Edelstahl garantiert Langlebigkeit und Sicherheit f\u00fcr die Teekanne.<br><strong>Kompatibel mit vielen Herdarten:<\/strong> Er kann auf Gas-, Induktions-, Keramik- und Elektroherden verwendet werden.<br><strong>Signalton-Alarm: <\/strong>Eingebauter Piepser, der Sie warnt, wenn das Wasser den Siedepunkt erreicht hat und entnommen werden sollte, um ein \u00dcberlaufen und einen zu hohen Energieverbrauch zu vermeiden.<br><strong>Abnehmbarer Schmutzf\u00e4nger:<\/strong> Ideal zum Aufbr\u00fchen von losem Tee oder zum Herausfiltern von Verunreinigungen f\u00fcr ein optimales, flexibles Erlebnis bei der Zubereitung von Tee oder kochendem Wasser.<br><strong>Sicheres Arbeiten:<\/strong> Er hat einen ergonomischen Griff aus Gummibaumholz, der w\u00e4rmeisoliert und verbr\u00fchungssicher ist; seine Unterseite ist rutschfest und erm\u00f6glicht ein reibungsloses Aufstellen.<\/p>\n<\/div>\n\n\n\n<div class=\"wp-block-column is-layout-flow wp-block-column-is-layout-flow\">\n<figure class=\"wp-block-image size-full\"><img decoding=\"async\" width=\"800\" height=\"800\" src=\"https:\/\/www.yongyukitchenware.com\/wp-content\/uploads\/2024\/10\/wholesale-whistling-tea-kettle-6.webp\" alt=\"Gro\u00dfhandelspfeife-Teekessel (6)\" class=\"wp-image-1758\" srcset=\"https:\/\/www.yongyukitchenware.com\/wp-content\/uploads\/2024\/10\/wholesale-whistling-tea-kettle-6.webp 800w, https:\/\/www.yongyukitchenware.com\/wp-content\/uploads\/2024\/10\/wholesale-whistling-tea-kettle-6-300x300.webp 300w, https:\/\/www.yongyukitchenware.com\/wp-content\/uploads\/2024\/10\/wholesale-whistling-tea-kettle-6-150x150.webp 150w, https:\/\/www.yongyukitchenware.com\/wp-content\/uploads\/2024\/10\/wholesale-whistling-tea-kettle-6-768x768.webp 768w, https:\/\/www.yongyukitchenware.com\/wp-content\/uploads\/2024\/10\/wholesale-whistling-tea-kettle-6-12x12.webp 12w, https:\/\/www.yongyukitchenware.com\/wp-content\/uploads\/2024\/10\/wholesale-whistling-tea-kettle-6-600x600.webp 600w, https:\/\/www.yongyukitchenware.com\/wp-content\/uploads\/2024\/10\/wholesale-whistling-tea-kettle-6-100x100.webp 100w\" sizes=\"(max-width: 800px) 100vw, 800px\" \/><\/figure>\n<\/div>\n<\/div>\n\n\n\n<p><\/p>","protected":false},"excerpt":{"rendered":"<p>Der Whistling Tea Kettle von Yongyu wurde f\u00fcr das effiziente Aufkochen von Wasser auf einer Vielzahl von Herden mit hervorragender Haltbarkeit und Leistung entwickelt. Er ist f\u00fcr den privaten und kommerziellen Gebrauch konzipiert und eignet sich perfekt zum Aufbr\u00fchen von losem Tee oder zum Kochen von Wasser f\u00fcr verschiedene Getr\u00e4nke.<\/p>\n<h2 style=\"text-align: left;\">Pfeifender Teekessel Parameter\u00a0\u00a0<\/h2>\n<p style=\"text-align: left;\"><strong>Material:<\/strong> Rostfreier Stahl<br \/><strong>Zubeh\u00f6r:<\/strong> Herausnehmbares Leckagenetz<br \/><strong>Handgriff:<\/strong> Holzgriff aus Gummi<br \/><strong>Verschiedene Gr\u00f6\u00dfen:<\/strong> 1.0L, 1.5L, 2L, 3L, 4L, 5L, 6L<br \/><strong>Verpacken:<\/strong> OPP-Beutel und -Karton<br \/><strong>OEM\/ODM:<\/strong> Optional<\/p>\n<h2 class=\"wp-block-heading\">Von Yongyu Drinkware Hersteller :<\/h2>\n<p>Yongyu Drinkware Manufacturer vertreibt verschiedene Arten von Trinkgef\u00e4\u00dfen im Gro\u00dfhandel und stellt sie nach Kundenw\u00fcnschen her. Der Schwerpunkt liegt dabei auf der Langlebigkeit und der W\u00e4rmeschutzleistung der Produkte, um qualitativ hochwertige und wirtschaftliche Beschaffungsl\u00f6sungen f\u00fcr globale Kunden zu bieten.<\/p>","protected":false},"featured_media":1753,"comment_status":"closed","ping_status":"closed","template":"","meta":{"_acf_changed":true},"application":[30],"product_brand":[],"product_cat":[20,49],"product_tag":[],"class_list":{"0":"post-1752","1":"product","2":"type-product","3":"status-publish","4":"has-post-thumbnail","6":"application-hotel-catering","7":"product_cat-wholesale-drinkware","8":"product_cat-stainless-steel-kettle-wholesale","10":"first","11":"instock","12":"shipping-taxable","13":"product-type-simple"},"acf":[],"_links":{"self":[{"href":"https:\/\/www.yongyukitchenware.com\/de\/wp-json\/wp\/v2\/product\/1752","targetHints":{"allow":["GET"]}}],"collection":[{"href":"https:\/\/www.yongyukitchenware.com\/de\/wp-json\/wp\/v2\/product"}],"about":[{"href":"https:\/\/www.yongyukitchenware.com\/de\/wp-json\/wp\/v2\/types\/product"}],"replies":[{"embeddable":true,"href":"https:\/\/www.yongyukitchenware.com\/de\/wp-json\/wp\/v2\/comments?post=1752"}],"wp:featuredmedia":[{"embeddable":true,"href":"https:\/\/www.yongyukitchenware.com\/de\/wp-json\/wp\/v2\/media\/1753"}],"wp:attachment":[{"href":"https:\/\/www.yongyukitchenware.com\/de\/wp-json\/wp\/v2\/media?parent=1752"}],"wp:term":[{"taxonomy":"application","embeddable":true,"href":"https:\/\/www.yongyukitchenware.com\/de\/wp-json\/wp\/v2\/application?post=1752"},{"taxonomy":"product_brand","embeddable":true,"href":"https:\/\/www.yongyukitchenware.com\/de\/wp-json\/wp\/v2\/product_brand?post=1752"},{"taxonomy":"product_cat","embeddable":true,"href":"https:\/\/www.yongyukitchenware.com\/de\/wp-json\/wp\/v2\/product_cat?post=1752"},{"taxonomy":"product_tag","embeddable":true,"href":"https:\/\/www.yongyukitchenware.com\/de\/wp-json\/wp\/v2\/product_tag?post=1752"}],"curies":[{"name":"wp","href":"https:\/\/api.w.org\/{rel}","templated":true}]}}