{"id":1760,"date":"2024-11-05T10:54:44","date_gmt":"2024-11-05T10:54:44","guid":{"rendered":"https:\/\/www.yongyukitchenware.com\/?post_type=product&#038;p=1760"},"modified":"2025-04-27T01:42:40","modified_gmt":"2025-04-27T01:42:40","slug":"induction-tea-kettle-wholesale","status":"publish","type":"product","link":"https:\/\/www.yongyukitchenware.com\/de\/produkt\/induction-tea-kettle-wholesale\/","title":{"rendered":"Bulk Induktions-Teekessel Edelstahl Elektrisch Pfeifen"},"content":{"rendered":"<div class=\"wp-block-columns is-layout-flex wp-container-core-columns-is-layout-9d6595d7 wp-block-columns-is-layout-flex\">\n<div class=\"wp-block-column is-layout-flow wp-block-column-is-layout-flow\">\n<h2 class=\"wp-block-heading\">Induktions-Teekessel Merkmale:<\/h2>\n\n\n\n<p><strong>Premium-Edelstahl: <\/strong>Das Material aus lebensmittelechtem Edelstahl gew\u00e4hrleistet die Langlebigkeit und Sicherheit der Teekanne f\u00fcr den langfristigen Gebrauch<br><strong>Flaches Bodendesign:<\/strong> Sie gew\u00e4hrleisten eine stabile Heizung und gleichm\u00e4\u00dfige W\u00e4rmeverteilung, verbessern die Kocheffizienz und sparen Energie.<br><strong>Kompatibel mit mehreren Herden:<\/strong> kann auf Gas-, Induktions-, Keramik- und Elektroherden verwendet werden.<br><strong>Hohe Sicherheit:<\/strong> Die Piepser-Warnfunktion sorgt daf\u00fcr, dass der Benutzer \u00fcber den Wasserstand auf dem Laufenden bleibt und verhindert, dass das Wasser trocken kocht oder \u00fcberl\u00e4uft.<br><strong>Bequeme Bedienung: <\/strong>Ergonomischer Holzgriff aus Gummi, W\u00e4rmeisolierung und Verbr\u00fchungsschutz; rutschfester Boden, reibungslose Platzierung.<br><strong>Leicht zu reinigen: <\/strong>Das Material aus rostfreiem Stahl und der eingebaute Filter machen die Teekanne leicht zu reinigen und hygienisch.<\/p>\n<\/div>\n\n\n\n<div class=\"wp-block-column is-layout-flow wp-block-column-is-layout-flow\">\n<figure class=\"wp-block-image size-full\"><img decoding=\"async\" width=\"800\" height=\"800\" src=\"https:\/\/www.yongyukitchenware.com\/wp-content\/uploads\/2024\/10\/bulk-stainless-steel-tea-kettle-2.webp\" alt=\"Gro\u00dfer Edelstahl-Teekessel (2)\" class=\"wp-image-1762\" srcset=\"https:\/\/www.yongyukitchenware.com\/wp-content\/uploads\/2024\/10\/bulk-stainless-steel-tea-kettle-2.webp 800w, https:\/\/www.yongyukitchenware.com\/wp-content\/uploads\/2024\/10\/bulk-stainless-steel-tea-kettle-2-300x300.webp 300w, https:\/\/www.yongyukitchenware.com\/wp-content\/uploads\/2024\/10\/bulk-stainless-steel-tea-kettle-2-150x150.webp 150w, https:\/\/www.yongyukitchenware.com\/wp-content\/uploads\/2024\/10\/bulk-stainless-steel-tea-kettle-2-768x768.webp 768w, https:\/\/www.yongyukitchenware.com\/wp-content\/uploads\/2024\/10\/bulk-stainless-steel-tea-kettle-2-12x12.webp 12w, https:\/\/www.yongyukitchenware.com\/wp-content\/uploads\/2024\/10\/bulk-stainless-steel-tea-kettle-2-600x600.webp 600w, https:\/\/www.yongyukitchenware.com\/wp-content\/uploads\/2024\/10\/bulk-stainless-steel-tea-kettle-2-100x100.webp 100w\" sizes=\"(max-width: 800px) 100vw, 800px\" \/><\/figure>\n<\/div>\n<\/div>\n\n\n\n<p><\/p>","protected":false},"excerpt":{"rendered":"<p>Hochwertige Induktion Teekessel, Edelstahl flachen Boden Design, auch Heizung, geeignet f\u00fcr alle Arten von Herden. Vielseitig und langlebig Wasserkocher Gro\u00dfhandel kundenspezifische L\u00f6sung, willkommen zu konsultieren Yongyu Hersteller f\u00fcr weitere Informationen.<\/p>\n<h2 style=\"text-align: left;\">Induktions-Teekessel Parameter<\/h2>\n<p style=\"text-align: left;\"><strong>Material:<\/strong> rostfreier Stahl<br \/><strong>Handgriff:<\/strong> Holzgriff aus Gummi<br \/><strong>Gr\u00f6\u00dfen:<\/strong> 1.0L, 1.5L, 2L, 3L, 4L, 5L, 6L<br \/><strong>Verpacken:<\/strong> OPP-Beutel und -Karton<br \/><strong>OEM\/ODM:<\/strong> Optional<\/p>\n<h2 class=\"wp-block-heading\">Von Yongyu Drinkware Hersteller :<\/h2>\n<p>Yongyu Drinkware Manufacturer vertreibt verschiedene Arten von Trinkgef\u00e4\u00dfen im Gro\u00dfhandel und stellt sie nach Kundenw\u00fcnschen her. Der Schwerpunkt liegt dabei auf der Langlebigkeit und der W\u00e4rmeschutzleistung der Produkte, um qualitativ hochwertige und wirtschaftliche Beschaffungsl\u00f6sungen f\u00fcr globale Kunden zu bieten.<\/p>","protected":false},"featured_media":1761,"comment_status":"closed","ping_status":"closed","template":"","meta":{"_acf_changed":true},"application":[30],"product_brand":[],"product_cat":[20,49],"product_tag":[],"class_list":{"0":"post-1760","1":"product","2":"type-product","3":"status-publish","4":"has-post-thumbnail","6":"application-hotel-catering","7":"product_cat-wholesale-drinkware","8":"product_cat-stainless-steel-kettle-wholesale","10":"first","11":"instock","12":"shipping-taxable","13":"product-type-simple"},"acf":[],"_links":{"self":[{"href":"https:\/\/www.yongyukitchenware.com\/de\/wp-json\/wp\/v2\/product\/1760","targetHints":{"allow":["GET"]}}],"collection":[{"href":"https:\/\/www.yongyukitchenware.com\/de\/wp-json\/wp\/v2\/product"}],"about":[{"href":"https:\/\/www.yongyukitchenware.com\/de\/wp-json\/wp\/v2\/types\/product"}],"replies":[{"embeddable":true,"href":"https:\/\/www.yongyukitchenware.com\/de\/wp-json\/wp\/v2\/comments?post=1760"}],"wp:featuredmedia":[{"embeddable":true,"href":"https:\/\/www.yongyukitchenware.com\/de\/wp-json\/wp\/v2\/media\/1761"}],"wp:attachment":[{"href":"https:\/\/www.yongyukitchenware.com\/de\/wp-json\/wp\/v2\/media?parent=1760"}],"wp:term":[{"taxonomy":"application","embeddable":true,"href":"https:\/\/www.yongyukitchenware.com\/de\/wp-json\/wp\/v2\/application?post=1760"},{"taxonomy":"product_brand","embeddable":true,"href":"https:\/\/www.yongyukitchenware.com\/de\/wp-json\/wp\/v2\/product_brand?post=1760"},{"taxonomy":"product_cat","embeddable":true,"href":"https:\/\/www.yongyukitchenware.com\/de\/wp-json\/wp\/v2\/product_cat?post=1760"},{"taxonomy":"product_tag","embeddable":true,"href":"https:\/\/www.yongyukitchenware.com\/de\/wp-json\/wp\/v2\/product_tag?post=1760"}],"curies":[{"name":"wp","href":"https:\/\/api.w.org\/{rel}","templated":true}]}}