{"id":1784,"date":"2024-11-16T09:15:24","date_gmt":"2024-11-16T09:15:24","guid":{"rendered":"https:\/\/www.yongyukitchenware.com\/?post_type=product&#038;p=1784"},"modified":"2025-06-26T07:41:12","modified_gmt":"2025-06-26T07:41:12","slug":"wholesale-kitchen-funnel","status":"publish","type":"product","link":"https:\/\/www.yongyukitchenware.com\/de\/produkt\/wholesale-kitchen-funnel\/","title":{"rendered":"Gro\u00dfhandel K\u00fcche Trichter Edelstahl gro\u00df bis klein mit Mesh"},"content":{"rendered":"<div class=\"wp-block-columns is-layout-flex wp-container-core-columns-is-layout-9d6595d7 wp-block-columns-is-layout-flex\">\n<div class=\"wp-block-column is-layout-flow wp-block-column-is-layout-flow\">\n<h2 class=\"wp-block-heading\">K\u00fcchentrichter Merkmale:<\/h2>\n\n\n\n<p><strong>Hochwertiger rostfreier Stahl: <\/strong>Edelstahl 304\/316, korrosionsbest\u00e4ndig, geruchlos und langlebig<br><strong>Zwei Arten von Griffen: <\/strong>V-f\u00f6rmiger Griff zum einfachen Aufh\u00e4ngen, verdickter C-f\u00f6rmiger Griff zum einfachen Halten<br><strong>Feinmaschiges Sieb: <\/strong>Ausgestattet mit einem eingebauten feinmaschigen Sieb zum effektiven Filtern feiner Partikel, perfekt zum Filtern von Fl\u00fcssigkeiten und So\u00dfen.<br><strong>Mehrere Gr\u00f6\u00dfen:<\/strong> sind in verschiedenen Gr\u00f6\u00dfen erh\u00e4ltlich, um den unterschiedlichen Aufgaben in der K\u00fcche gerecht zu werden, von der kleinen bis zur gro\u00dfen Kapazit\u00e4t.<br><strong>Leicht zu reinigen: <\/strong>gerolltes Design mit abgerundeten und glatten Kanten, einfach zu handhaben, leicht von Hand oder in der Sp\u00fclmaschine zu reinigen<\/p>\n<\/div>\n\n\n\n<div class=\"wp-block-column is-layout-flow wp-block-column-is-layout-flow\">\n<div class=\"wp-block-columns is-layout-flex wp-container-core-columns-is-layout-9d6595d7 wp-block-columns-is-layout-flex\">\n<div class=\"wp-block-column is-layout-flow wp-block-column-is-layout-flow\">\n<figure class=\"wp-block-image size-full\"><img decoding=\"async\" width=\"800\" height=\"800\" src=\"https:\/\/www.yongyukitchenware.com\/wp-content\/uploads\/2024\/10\/wholesale-kitchen-funnel-2.webp\" alt=\"Gro\u00dfhandel-K\u00fcche-Trichter (2)\" class=\"wp-image-1807\" srcset=\"https:\/\/www.yongyukitchenware.com\/wp-content\/uploads\/2024\/10\/wholesale-kitchen-funnel-2.webp 800w, https:\/\/www.yongyukitchenware.com\/wp-content\/uploads\/2024\/10\/wholesale-kitchen-funnel-2-300x300.webp 300w, https:\/\/www.yongyukitchenware.com\/wp-content\/uploads\/2024\/10\/wholesale-kitchen-funnel-2-150x150.webp 150w, https:\/\/www.yongyukitchenware.com\/wp-content\/uploads\/2024\/10\/wholesale-kitchen-funnel-2-768x768.webp 768w, https:\/\/www.yongyukitchenware.com\/wp-content\/uploads\/2024\/10\/wholesale-kitchen-funnel-2-12x12.webp 12w, https:\/\/www.yongyukitchenware.com\/wp-content\/uploads\/2024\/10\/wholesale-kitchen-funnel-2-600x600.webp 600w, https:\/\/www.yongyukitchenware.com\/wp-content\/uploads\/2024\/10\/wholesale-kitchen-funnel-2-100x100.webp 100w\" sizes=\"(max-width: 800px) 100vw, 800px\" \/><\/figure>\n<\/div>\n\n\n\n<div class=\"wp-block-column is-layout-flow wp-block-column-is-layout-flow\">\n<figure class=\"wp-block-image size-full\"><img decoding=\"async\" width=\"800\" height=\"800\" src=\"https:\/\/www.yongyukitchenware.com\/wp-content\/uploads\/2024\/10\/wholesale-kitchen-funnel-5.webp\" alt=\"Gro\u00dfhandel-K\u00fcche-Trichter (5)\" class=\"wp-image-1810\" srcset=\"https:\/\/www.yongyukitchenware.com\/wp-content\/uploads\/2024\/10\/wholesale-kitchen-funnel-5.webp 800w, https:\/\/www.yongyukitchenware.com\/wp-content\/uploads\/2024\/10\/wholesale-kitchen-funnel-5-300x300.webp 300w, https:\/\/www.yongyukitchenware.com\/wp-content\/uploads\/2024\/10\/wholesale-kitchen-funnel-5-150x150.webp 150w, https:\/\/www.yongyukitchenware.com\/wp-content\/uploads\/2024\/10\/wholesale-kitchen-funnel-5-768x768.webp 768w, https:\/\/www.yongyukitchenware.com\/wp-content\/uploads\/2024\/10\/wholesale-kitchen-funnel-5-12x12.webp 12w, https:\/\/www.yongyukitchenware.com\/wp-content\/uploads\/2024\/10\/wholesale-kitchen-funnel-5-600x600.webp 600w, https:\/\/www.yongyukitchenware.com\/wp-content\/uploads\/2024\/10\/wholesale-kitchen-funnel-5-100x100.webp 100w\" sizes=\"(max-width: 800px) 100vw, 800px\" \/><\/figure>\n<\/div>\n<\/div>\n<\/div>\n<\/div>\n\n\n\n<h2 class=\"wp-block-heading\">Gr\u00f6\u00dfen von K\u00fcchentrichtern\uff1a<\/h2>\n\n\n\n<figure class=\"wp-block-table\"><table class=\"has-fixed-layout\"><tbody><tr><td>Modell<\/td><td>materiale&nbsp;<\/td><td>Gr\u00f6\u00dfe<\/td><td>Unterer Durchmesser&nbsp;<\/td><td>MOQ<\/td><\/tr><tr><td rowspan=\"8\">DY080-Z<\/td><td>304<\/td><td>Mini<\/td><td>0,9 cm<\/td><td rowspan=\"8\">400 STCK.<\/td><\/tr><tr><td rowspan=\"3\">304 316<\/td><td>11CM<\/td><td>1,6 cm<\/td><\/tr><tr><td>13CM<\/td><td>1,6 cm<\/td><\/tr><tr><td>15CM<\/td><td>1,6 cm<\/td><\/tr><tr><td rowspan=\"4\">304<\/td><td>18CM<\/td><td>2,2 cm<\/td><\/tr><tr><td>21CM(Gerades Rohr3.2cm)<\/td><td>3,2 cm<\/td><\/tr><tr><td>21CM\uff08Konusrohr2.2cm)<\/td><td>3,8 cm<\/td><\/tr><tr><td>27CM(Gerades Rohr3.8cm)<\/td><td>3,8 cm<\/td><\/tr><\/tbody><\/table><\/figure>\n\n\n\n<p><\/p>","protected":false},"excerpt":{"rendered":"<p>Yongyus Fabrik bietet Premium-Qualit\u00e4t Edelstahl K\u00fcche Trichter Gro\u00dfhandel, die aus 304 und 316 Edelstahl f\u00fcr mehr Haltbarkeit und Korrosionsbest\u00e4ndigkeit hergestellt werden. Jeder Trichter ist mit einem feinmaschigen Sieb ausgestattet, mehrere Gr\u00f6\u00dfen f\u00fcr verschiedene Aufgaben zur Verf\u00fcgung, und ein unverzichtbarer Helfer in der K\u00fcche Vorbereitung!<\/p>\n<h2>K\u00fcchentrichter Parameter :<\/h2>\n<p><strong>Material:<\/strong> Rostfreier Stahl 304\/316<br \/><strong>Griffe:<\/strong> V-f\u00f6rmiger Griff, verdickter C-f\u00f6rmiger Griff<br \/><strong>Zubeh\u00f6r:<\/strong> Abnehmbarer Schmutzf\u00e4nger<br \/><strong>Spezifikationen: <\/strong>11cm, 13cm, 15cm, 18cm, 21cm, 27cm<br \/><strong>Verpacken:<\/strong> Beutel\/Sammelgut\/Karton oder kundenspezifisch<br \/><strong>OEM\/ODM:<\/strong> Optional<\/p>\n<h2 class=\"wp-block-heading\">Von Yongyu Kitchenware Hersteller:<\/h2>\n<p>Yongyu ist ein professioneller Hersteller von K\u00fcchenger\u00e4ten. Zu unseren Produkten geh\u00f6ren alle Arten von Kochgeschirr und K\u00fcchenzubeh\u00f6r aus Edelstahl. Wir bieten ma\u00dfgeschneiderte L\u00f6sungen mit hochwertigen Produkten zu Fabrikpreisen.<\/p>","protected":false},"featured_media":4243,"comment_status":"closed","ping_status":"closed","template":"","meta":{"_acf_changed":true},"application":[29],"product_brand":[],"product_cat":[23,36],"product_tag":[],"class_list":{"0":"post-1784","1":"product","2":"type-product","3":"status-publish","4":"has-post-thumbnail","6":"application-home-kitchen","7":"product_cat-kitchenware-wholesale","8":"product_cat-custom-kitchen-tools-utensils","10":"first","11":"instock","12":"shipping-taxable","13":"product-type-simple"},"acf":[],"_links":{"self":[{"href":"https:\/\/www.yongyukitchenware.com\/de\/wp-json\/wp\/v2\/product\/1784","targetHints":{"allow":["GET"]}}],"collection":[{"href":"https:\/\/www.yongyukitchenware.com\/de\/wp-json\/wp\/v2\/product"}],"about":[{"href":"https:\/\/www.yongyukitchenware.com\/de\/wp-json\/wp\/v2\/types\/product"}],"replies":[{"embeddable":true,"href":"https:\/\/www.yongyukitchenware.com\/de\/wp-json\/wp\/v2\/comments?post=1784"}],"wp:featuredmedia":[{"embeddable":true,"href":"https:\/\/www.yongyukitchenware.com\/de\/wp-json\/wp\/v2\/media\/4243"}],"wp:attachment":[{"href":"https:\/\/www.yongyukitchenware.com\/de\/wp-json\/wp\/v2\/media?parent=1784"}],"wp:term":[{"taxonomy":"application","embeddable":true,"href":"https:\/\/www.yongyukitchenware.com\/de\/wp-json\/wp\/v2\/application?post=1784"},{"taxonomy":"product_brand","embeddable":true,"href":"https:\/\/www.yongyukitchenware.com\/de\/wp-json\/wp\/v2\/product_brand?post=1784"},{"taxonomy":"product_cat","embeddable":true,"href":"https:\/\/www.yongyukitchenware.com\/de\/wp-json\/wp\/v2\/product_cat?post=1784"},{"taxonomy":"product_tag","embeddable":true,"href":"https:\/\/www.yongyukitchenware.com\/de\/wp-json\/wp\/v2\/product_tag?post=1784"}],"curies":[{"name":"wp","href":"https:\/\/api.w.org\/{rel}","templated":true}]}}