{"id":1794,"date":"2024-10-21T01:49:39","date_gmt":"2024-10-21T01:49:39","guid":{"rendered":"https:\/\/www.yongyukitchenware.com\/?post_type=product&#038;p=1794"},"modified":"2025-06-26T06:12:32","modified_gmt":"2025-06-26T06:12:32","slug":"rectangle-chafing-dish-bulk","status":"publish","type":"product","link":"https:\/\/www.yongyukitchenware.com\/de\/produkt\/rectangle-chafing-dish-bulk\/","title":{"rendered":"Bulk Rechteckige Chafing Dish mit Roll Deckel 9L Luxus Hotel Buffet"},"content":{"rendered":"<div class=\"wp-block-columns is-layout-flex wp-container-core-columns-is-layout-9d6595d7 wp-block-columns-is-layout-flex\">\n<div class=\"wp-block-column is-layout-flow wp-block-column-is-layout-flow\">\n<h2 class=\"wp-block-heading\">Rechteckige Chafing Dish Parameter:<\/h2>\n\n\n\n<figure class=\"wp-block-table\"><table class=\"has-fixed-layout\"><tbody><tr><td>Modell<\/td><td>Produkt<\/td><td>Deckel<\/td><td>L\u00e4nge * Breite * H\u00f6he (cm)<\/td><td>MOQ<\/td><\/tr><tr><td rowspan=\"4\">DY022-CL<\/td><td>Chafing Dish<\/td><td>Rolldeckel<\/td><td>64*44*44<\/td><td rowspan=\"4\">2PCS<\/td><\/tr><tr><td>Suppenkocher<\/td><td>Rolldeckel<\/td><td>64*44*44<\/td><\/tr><tr><td>Chafing Dish<\/td><td>sichtbarer Rollendeckel<\/td><td>64*44*44<\/td><\/tr><tr><td>Suppenkocher<\/td><td>sichtbarer Rollendeckel<\/td><td>64*44*44<\/td><\/tr><\/tbody><\/table><\/figure>\n<\/div>\n\n\n\n<div class=\"wp-block-column is-layout-flow wp-block-column-is-layout-flow\">\n<h2 class=\"wp-block-heading\">Rechteckige Chafing Dish Merkmale:<\/h2>\n\n\n\n<p><strong>Zwei Heizmethoden\uff1a<\/strong> Es gibt alkoholische und elektrische Heizplatten, die unterschiedlichen Anforderungen gerecht werden.<\/p>\n\n\n\n<p><strong>Verdicktes Material aus rostfreiem Stahl:<\/strong> die Auswahl von hochwertigem lebensmittelechtem Stahl, Materialsicherheit, Langlebigkeit.<\/p>\n\n\n\n<p><strong>Geteiltes Design\uff1a<\/strong> Die Wanne und der Ofenk\u00f6rper k\u00f6nnen zur leichteren Reinigung getrennt werden.<\/p>\n\n\n\n<p><strong>Voller Walzenbezug sch\u00f6nes Design:<\/strong> Gro\u00dfer Sichtwinkel, \u00f6ffnet und schlie\u00dft reibungslos, mit Vollstahlabdeckung und Sichtschutz optional.<\/p>\n\n\n\n<p><strong>9L Gro\u00dfe Kapazit\u00e4t:<\/strong> Sie eignen sich f\u00fcr gro\u00dfe Bankette und Hotelbuffets, bieten ausreichend Platz f\u00fcr eine gro\u00dfe Anzahl von Gerichten und reduzieren die Notwendigkeit des h\u00e4ufigen Nachf\u00fcllens.<\/p>\n<\/div>\n<\/div>\n\n\n\n<div class=\"wp-block-columns is-layout-flex wp-container-core-columns-is-layout-9d6595d7 wp-block-columns-is-layout-flex\">\n<div class=\"wp-block-column is-layout-flow wp-block-column-is-layout-flow\">\n<figure class=\"wp-block-image size-full\"><img decoding=\"async\" width=\"800\" height=\"800\" src=\"https:\/\/www.yongyukitchenware.com\/wp-content\/uploads\/2024\/10\/wholesale-Rectangle-Chafing-Dish-3.webp\" alt=\"Gro\u00dfhandel Rectangle Chafing Dish\" class=\"wp-image-2716\" srcset=\"https:\/\/www.yongyukitchenware.com\/wp-content\/uploads\/2024\/10\/wholesale-Rectangle-Chafing-Dish-3.webp 800w, https:\/\/www.yongyukitchenware.com\/wp-content\/uploads\/2024\/10\/wholesale-Rectangle-Chafing-Dish-3-300x300.webp 300w, https:\/\/www.yongyukitchenware.com\/wp-content\/uploads\/2024\/10\/wholesale-Rectangle-Chafing-Dish-3-150x150.webp 150w, https:\/\/www.yongyukitchenware.com\/wp-content\/uploads\/2024\/10\/wholesale-Rectangle-Chafing-Dish-3-768x768.webp 768w, https:\/\/www.yongyukitchenware.com\/wp-content\/uploads\/2024\/10\/wholesale-Rectangle-Chafing-Dish-3-12x12.webp 12w, https:\/\/www.yongyukitchenware.com\/wp-content\/uploads\/2024\/10\/wholesale-Rectangle-Chafing-Dish-3-600x600.webp 600w, https:\/\/www.yongyukitchenware.com\/wp-content\/uploads\/2024\/10\/wholesale-Rectangle-Chafing-Dish-3-100x100.webp 100w\" sizes=\"(max-width: 800px) 100vw, 800px\" \/><\/figure>\n<\/div>\n\n\n\n<div class=\"wp-block-column is-layout-flow wp-block-column-is-layout-flow\">\n<figure class=\"wp-block-image size-full\"><img decoding=\"async\" width=\"800\" height=\"800\" src=\"https:\/\/www.yongyukitchenware.com\/wp-content\/uploads\/2024\/10\/Bulk-Rectangle-Chafing-Dish-1.webp\" alt=\"Bulk Rechteck Chafing Dish 1\" class=\"wp-image-1798\" srcset=\"https:\/\/www.yongyukitchenware.com\/wp-content\/uploads\/2024\/10\/Bulk-Rectangle-Chafing-Dish-1.webp 800w, https:\/\/www.yongyukitchenware.com\/wp-content\/uploads\/2024\/10\/Bulk-Rectangle-Chafing-Dish-1-300x300.webp 300w, https:\/\/www.yongyukitchenware.com\/wp-content\/uploads\/2024\/10\/Bulk-Rectangle-Chafing-Dish-1-150x150.webp 150w, https:\/\/www.yongyukitchenware.com\/wp-content\/uploads\/2024\/10\/Bulk-Rectangle-Chafing-Dish-1-768x768.webp 768w, https:\/\/www.yongyukitchenware.com\/wp-content\/uploads\/2024\/10\/Bulk-Rectangle-Chafing-Dish-1-12x12.webp 12w, https:\/\/www.yongyukitchenware.com\/wp-content\/uploads\/2024\/10\/Bulk-Rectangle-Chafing-Dish-1-600x600.webp 600w, https:\/\/www.yongyukitchenware.com\/wp-content\/uploads\/2024\/10\/Bulk-Rectangle-Chafing-Dish-1-100x100.webp 100w\" sizes=\"(max-width: 800px) 100vw, 800px\" \/><\/figure>\n<\/div>\n<\/div>","protected":false},"excerpt":{"rendered":"<p>Gro\u00dfhandel Rechteck Chafing Dish, gro\u00dfe Kapazit\u00e4t, mit verschiedenen 1\/2\/3 Fach Pfanne Optionen, oder ein Suppentopf.Modernes und einfaches Design geeignet f\u00fcr Parteien und Catering-Service. Willkommen in der Chafing Dish Lieferant zu konsultieren, um unsere kosteng\u00fcnstige OEM und ODM ma\u00dfgeschneiderte L\u00f6sungen zu erhalten.<\/p>\n<h2><!-- wp:heading --><\/h2>\n<h2 class=\"wp-block-heading\">Rechteckige Chafing Dish Attribute:<\/h2>\n<h2><!-- \/wp:heading --><\/p>\n<p><!-- wp:paragraph --><\/h2>\n<p><strong>Material: <\/strong>Rostfreier Stahl<br \/><strong>Farbe: <\/strong>Silber\/Glanz<br \/><strong>Die Form: <\/strong>Rechteck mit Rolltop-Deckel<br \/><strong>W\u00e4rme: <\/strong>Alkohol oder elektrische Heizung<br \/><strong>Chafer Pan: <\/strong>Einzel-\/Doppelraster<br \/><strong>OEM\/ODM: <\/strong>Verf\u00fcgbar<\/p>\n<h2 class=\"wp-block-heading\">Von Yongyu Chafing Dish Hersteller :<\/h2>\n<p>Ob es sich um einen Catering-Service-Anbieter, Hotel und Restaurant, oder Event-Planung Unternehmen, bieten wir komplette Chafing Gerichte Gro\u00dfhandel benutzerdefinierte L\u00f6sungen, um Ihr Unternehmen mit hochwertigen Fabrik Preise!<\/p>\n<h2><!-- \/wp:paragraph --><\/h2>","protected":false},"featured_media":2719,"comment_status":"closed","ping_status":"closed","template":"","meta":{"_acf_changed":true},"application":[30],"product_brand":[],"product_cat":[33],"product_tag":[],"class_list":{"0":"post-1794","1":"product","2":"type-product","3":"status-publish","4":"has-post-thumbnail","6":"application-hotel-catering","7":"product_cat-chafing-dishes-wholesale","9":"first","10":"instock","11":"shipping-taxable","12":"product-type-simple"},"acf":[],"_links":{"self":[{"href":"https:\/\/www.yongyukitchenware.com\/de\/wp-json\/wp\/v2\/product\/1794","targetHints":{"allow":["GET"]}}],"collection":[{"href":"https:\/\/www.yongyukitchenware.com\/de\/wp-json\/wp\/v2\/product"}],"about":[{"href":"https:\/\/www.yongyukitchenware.com\/de\/wp-json\/wp\/v2\/types\/product"}],"replies":[{"embeddable":true,"href":"https:\/\/www.yongyukitchenware.com\/de\/wp-json\/wp\/v2\/comments?post=1794"}],"wp:featuredmedia":[{"embeddable":true,"href":"https:\/\/www.yongyukitchenware.com\/de\/wp-json\/wp\/v2\/media\/2719"}],"wp:attachment":[{"href":"https:\/\/www.yongyukitchenware.com\/de\/wp-json\/wp\/v2\/media?parent=1794"}],"wp:term":[{"taxonomy":"application","embeddable":true,"href":"https:\/\/www.yongyukitchenware.com\/de\/wp-json\/wp\/v2\/application?post=1794"},{"taxonomy":"product_brand","embeddable":true,"href":"https:\/\/www.yongyukitchenware.com\/de\/wp-json\/wp\/v2\/product_brand?post=1794"},{"taxonomy":"product_cat","embeddable":true,"href":"https:\/\/www.yongyukitchenware.com\/de\/wp-json\/wp\/v2\/product_cat?post=1794"},{"taxonomy":"product_tag","embeddable":true,"href":"https:\/\/www.yongyukitchenware.com\/de\/wp-json\/wp\/v2\/product_tag?post=1794"}],"curies":[{"name":"wp","href":"https:\/\/api.w.org\/{rel}","templated":true}]}}