{"id":1840,"date":"2024-10-21T02:17:30","date_gmt":"2024-10-21T02:17:30","guid":{"rendered":"https:\/\/www.yongyukitchenware.com\/?post_type=product&#038;p=1840"},"modified":"2025-06-26T06:14:55","modified_gmt":"2025-06-26T06:14:55","slug":"chafing-dish-with-hanging-lid-wholesale","status":"publish","type":"product","link":"https:\/\/www.yongyukitchenware.com\/de\/produkt\/chafing-dish-with-hanging-lid-wholesale\/","title":{"rendered":"Gro\u00dfhandel Chafing Dish mit h\u00e4ngenden Deckel Luxus Runde Hotel Buffet Herd"},"content":{"rendered":"<div class=\"wp-block-columns is-layout-flex wp-container-core-columns-is-layout-9d6595d7 wp-block-columns-is-layout-flex\">\n<div class=\"wp-block-column is-layout-flow wp-block-column-is-layout-flow\">\n<h2 class=\"wp-block-heading\">Parameter von Chafing Dish mit H\u00e4ngedeckel <\/h2>\n\n\n\n<figure class=\"wp-block-table\"><table class=\"has-fixed-layout\"><tbody><tr><td>Modell<\/td><td>L\u00e4nge * Breite * H\u00f6he (cm)<\/td><td>MOQ<\/td><\/tr><tr><td>DY024-CL<\/td><td>50*50*75<\/td><td>2PCS<\/td><\/tr><\/tbody><\/table><\/figure>\n<\/div>\n\n\n\n<div class=\"wp-block-column is-layout-flow wp-block-column-is-layout-flow\">\n<h2 class=\"wp-block-heading\">Eigenschaften von Chafing Dish mit H\u00e4ngedeckel <\/h2>\n\n\n\n<p><strong>Verdicktes Material aus rostfreiem Stahl: <\/strong>Die Auswahl von hochwertigem lebensmittelechtem Stahl, Materialsicherheit, langlebig.<\/p>\n\n\n\n<p><strong>Geteiltes Design\uff1a <\/strong>Unser Chafing Dish mit h\u00e4ngendem Deckel hat ein Becken und einen Ofenk\u00f6rper, die zur leichteren Reinigung getrennt werden k\u00f6nnen.<\/p>\n\n\n\n<p><strong>Heizung der Alkohollampe: <\/strong>Physikalische Heizung, lange Brenndauer, mit Feuerabdeckung, sichere Verwendung.<\/p>\n\n\n\n<p><strong>Aufh\u00e4ngung des Deckels:<\/strong> Der Deckel kann aufgeh\u00e4ngt werden und nimmt keinen Platz weg<\/p>\n<\/div>\n<\/div>\n\n\n\n<div class=\"wp-block-columns is-layout-flex wp-container-core-columns-is-layout-9d6595d7 wp-block-columns-is-layout-flex\">\n<div class=\"wp-block-column is-layout-flow wp-block-column-is-layout-flow\">\n<figure class=\"wp-block-image size-full\"><img decoding=\"async\" width=\"750\" height=\"750\" src=\"https:\/\/www.yongyukitchenware.com\/wp-content\/uploads\/2024\/10\/Wholesale-Chafing-Dish-with-Hanging-Lid-2.webp\" alt=\"Gro\u00dfhandel Chafing Dish mit h\u00e4ngenden Deckel 2\" class=\"wp-image-1842\" srcset=\"https:\/\/www.yongyukitchenware.com\/wp-content\/uploads\/2024\/10\/Wholesale-Chafing-Dish-with-Hanging-Lid-2.webp 750w, https:\/\/www.yongyukitchenware.com\/wp-content\/uploads\/2024\/10\/Wholesale-Chafing-Dish-with-Hanging-Lid-2-300x300.webp 300w, https:\/\/www.yongyukitchenware.com\/wp-content\/uploads\/2024\/10\/Wholesale-Chafing-Dish-with-Hanging-Lid-2-150x150.webp 150w, https:\/\/www.yongyukitchenware.com\/wp-content\/uploads\/2024\/10\/Wholesale-Chafing-Dish-with-Hanging-Lid-2-12x12.webp 12w, https:\/\/www.yongyukitchenware.com\/wp-content\/uploads\/2024\/10\/Wholesale-Chafing-Dish-with-Hanging-Lid-2-600x600.webp 600w, https:\/\/www.yongyukitchenware.com\/wp-content\/uploads\/2024\/10\/Wholesale-Chafing-Dish-with-Hanging-Lid-2-100x100.webp 100w\" sizes=\"(max-width: 750px) 100vw, 750px\" \/><\/figure>\n<\/div>\n\n\n\n<div class=\"wp-block-column is-layout-flow wp-block-column-is-layout-flow\">\n<figure class=\"wp-block-image size-full\"><img decoding=\"async\" width=\"800\" height=\"800\" src=\"https:\/\/www.yongyukitchenware.com\/wp-content\/uploads\/2024\/10\/Wholesale-Chafing-Dish-with-Hanging-Lid-3.webp\" alt=\"Gro\u00dfhandel Chafing Dish mit h\u00e4ngenden Deckel 3\" class=\"wp-image-1843\" srcset=\"https:\/\/www.yongyukitchenware.com\/wp-content\/uploads\/2024\/10\/Wholesale-Chafing-Dish-with-Hanging-Lid-3.webp 800w, https:\/\/www.yongyukitchenware.com\/wp-content\/uploads\/2024\/10\/Wholesale-Chafing-Dish-with-Hanging-Lid-3-300x300.webp 300w, https:\/\/www.yongyukitchenware.com\/wp-content\/uploads\/2024\/10\/Wholesale-Chafing-Dish-with-Hanging-Lid-3-150x150.webp 150w, https:\/\/www.yongyukitchenware.com\/wp-content\/uploads\/2024\/10\/Wholesale-Chafing-Dish-with-Hanging-Lid-3-768x768.webp 768w, https:\/\/www.yongyukitchenware.com\/wp-content\/uploads\/2024\/10\/Wholesale-Chafing-Dish-with-Hanging-Lid-3-12x12.webp 12w, https:\/\/www.yongyukitchenware.com\/wp-content\/uploads\/2024\/10\/Wholesale-Chafing-Dish-with-Hanging-Lid-3-600x600.webp 600w, https:\/\/www.yongyukitchenware.com\/wp-content\/uploads\/2024\/10\/Wholesale-Chafing-Dish-with-Hanging-Lid-3-100x100.webp 100w\" sizes=\"(max-width: 800px) 100vw, 800px\" \/><\/figure>\n<\/div>\n<\/div>","protected":false},"excerpt":{"rendered":"<p>Unser Gro\u00dfhandel Chafing Dish mit einem h\u00e4ngenden Deckel ist f\u00fcr gehobene Hotels und Bankette konzipiert. Hergestellt aus hochwertigem Edelstahl, hat es eine stabile W\u00e4rmeerhaltung Leistung. Sein stilvolles und luxuri\u00f6ses Aussehen ist die beste Wahl f\u00fcr Hotel-Bankette, Hochzeiten und gro\u00dfe Veranstaltungen.<\/p>\n<h2><!-- wp:heading --><\/h2>\n<h2 class=\"wp-block-heading\" style=\"text-align: left\">Attribute von Chafing Dish mit H\u00e4ngedeckel:<\/h2>\n<h2><!-- \/wp:heading --><\/p>\n<p><!-- wp:paragraph --><\/h2>\n<p><strong>Material: <\/strong>Rostfreier Stahl<br \/><strong>Farbe: <\/strong>Silber, Gold, kundenspezifische Farbe drucken<br \/><strong>Die Form: <\/strong>Rund<br \/><strong>W\u00e4rme: <\/strong>Alkohol Heizung<br \/><strong>Chafer Pan: <\/strong>Einzelner Raster<br \/><strong>Verpacken: <\/strong>Opp-Beutel und -Karton<br \/><strong>OEM\/ODM: <\/strong>Verf\u00fcgbar<\/p>\n<h2><!-- \/wp:paragraph --><\/h2>","protected":false},"featured_media":1841,"comment_status":"closed","ping_status":"closed","template":"","meta":{"_acf_changed":false},"application":[30],"product_brand":[],"product_cat":[33],"product_tag":[],"class_list":{"0":"post-1840","1":"product","2":"type-product","3":"status-publish","4":"has-post-thumbnail","6":"application-hotel-catering","7":"product_cat-chafing-dishes-wholesale","9":"first","10":"instock","11":"shipping-taxable","12":"product-type-simple"},"acf":[],"_links":{"self":[{"href":"https:\/\/www.yongyukitchenware.com\/de\/wp-json\/wp\/v2\/product\/1840","targetHints":{"allow":["GET"]}}],"collection":[{"href":"https:\/\/www.yongyukitchenware.com\/de\/wp-json\/wp\/v2\/product"}],"about":[{"href":"https:\/\/www.yongyukitchenware.com\/de\/wp-json\/wp\/v2\/types\/product"}],"replies":[{"embeddable":true,"href":"https:\/\/www.yongyukitchenware.com\/de\/wp-json\/wp\/v2\/comments?post=1840"}],"wp:featuredmedia":[{"embeddable":true,"href":"https:\/\/www.yongyukitchenware.com\/de\/wp-json\/wp\/v2\/media\/1841"}],"wp:attachment":[{"href":"https:\/\/www.yongyukitchenware.com\/de\/wp-json\/wp\/v2\/media?parent=1840"}],"wp:term":[{"taxonomy":"application","embeddable":true,"href":"https:\/\/www.yongyukitchenware.com\/de\/wp-json\/wp\/v2\/application?post=1840"},{"taxonomy":"product_brand","embeddable":true,"href":"https:\/\/www.yongyukitchenware.com\/de\/wp-json\/wp\/v2\/product_brand?post=1840"},{"taxonomy":"product_cat","embeddable":true,"href":"https:\/\/www.yongyukitchenware.com\/de\/wp-json\/wp\/v2\/product_cat?post=1840"},{"taxonomy":"product_tag","embeddable":true,"href":"https:\/\/www.yongyukitchenware.com\/de\/wp-json\/wp\/v2\/product_tag?post=1840"}],"curies":[{"name":"wp","href":"https:\/\/api.w.org\/{rel}","templated":true}]}}