{"id":1851,"date":"2024-10-21T03:50:15","date_gmt":"2024-10-21T03:50:15","guid":{"rendered":"https:\/\/www.yongyukitchenware.com\/?post_type=product&#038;p=1851"},"modified":"2025-06-26T06:16:05","modified_gmt":"2025-06-26T06:16:05","slug":"chafing-dish-with-lid-whoelsale","status":"publish","type":"product","link":"https:\/\/www.yongyukitchenware.com\/de\/produkt\/chafing-dish-with-lid-whoelsale\/","title":{"rendered":"Benutzerdefinierte Chafing Dish mit Deckel aus Edelstahl Rechteck f\u00fcr Catering"},"content":{"rendered":"<div class=\"wp-block-columns is-layout-flex wp-container-core-columns-is-layout-9d6595d7 wp-block-columns-is-layout-flex\">\n<div class=\"wp-block-column is-layout-flow wp-block-column-is-layout-flow\">\n<h2 class=\"wp-block-heading\">Eigenschaften von Chafing Dish mit Deckel\uff1a<\/h2>\n\n\n\n<p><strong>Verdicktes Material aus rostfreiem Stahl: <\/strong>die Auswahl von hochwertigem lebensmittelechtem Stahl, Materialsicherheit, Langlebigkeit.<\/p>\n\n\n\n<p><strong>Geteiltes Design\uff1a <\/strong>Bei diesem Chafing Dish k\u00f6nnen die Schale und der Ofenk\u00f6rper mit Deckel zur leichteren Reinigung getrennt werden.<\/p>\n\n\n\n<p><strong>Mit drei Arten von Lebensmittelbecken:<\/strong> Einzel-\/Doppel-\/Drei-Becken aus rostfreiem Stahl optional, um unterschiedlichen Anforderungen gerecht zu werden.<\/p>\n\n\n\n<p><strong>Heizung der Alkohollampe: <\/strong>Physikalische Heizung, lange Brenndauer, mit Feuerabdeckung, sichere Verwendung.<\/p>\n\n\n\n<p><strong>Ausgestattet mit einem auslaufsicheren Deckel: <\/strong>Der auslaufsichere Deckel h\u00e4lt das Essen warm, ohne es zu versch\u00fctten, und sorgt f\u00fcr frisches Essen ohne Unordnung beim Essen.<\/p>\n<\/div>\n\n\n\n<div class=\"wp-block-column is-layout-flow wp-block-column-is-layout-flow\">\n<h2 class=\"wp-block-heading\">Parameter von Chafing Dish mit Deckel\uff1a<\/h2>\n\n\n\n<figure class=\"wp-block-table\"><table class=\"has-fixed-layout\"><tbody><tr><td>Modell<\/td><td>Gr\u00f6\u00dfe<\/td><td>Deckel<\/td><td>L\u00e4nge * Breite * H\u00f6he (cm)<\/td><td>MOQ<\/td><\/tr><tr><td rowspan=\"4\">DY025-CL<\/td><td>alte Version\/gro\u00df<\/td><td>\/<\/td><td>64*36*34<\/td><td rowspan=\"4\">2PCS<\/td><\/tr><tr><td>gro\u00df<\/td><td>\/<\/td><td>64*36*34<\/td><\/tr><tr><td>gro\u00df<\/td><td>Doppelrollendeckel<\/td><td>64*36*34<\/td><\/tr><tr><td>klein<\/td><td>\/<\/td><td>42*29*32<\/td><\/tr><\/tbody><\/table><\/figure>\n<\/div>\n<\/div>\n\n\n\n<div class=\"wp-block-columns is-layout-flex wp-container-core-columns-is-layout-9d6595d7 wp-block-columns-is-layout-flex\">\n<div class=\"wp-block-column is-layout-flow wp-block-column-is-layout-flow\">\n<figure class=\"wp-block-image size-full\"><img decoding=\"async\" width=\"800\" height=\"800\" src=\"https:\/\/www.yongyukitchenware.com\/wp-content\/uploads\/2024\/10\/Bulk-Rectangle-Chafing-Dish-with-Lid-4.webp\" alt=\"Bulk Rectangle Chafing Dish mit Deckel 4\" class=\"wp-image-1860\" srcset=\"https:\/\/www.yongyukitchenware.com\/wp-content\/uploads\/2024\/10\/Bulk-Rectangle-Chafing-Dish-with-Lid-4.webp 800w, https:\/\/www.yongyukitchenware.com\/wp-content\/uploads\/2024\/10\/Bulk-Rectangle-Chafing-Dish-with-Lid-4-300x300.webp 300w, https:\/\/www.yongyukitchenware.com\/wp-content\/uploads\/2024\/10\/Bulk-Rectangle-Chafing-Dish-with-Lid-4-150x150.webp 150w, https:\/\/www.yongyukitchenware.com\/wp-content\/uploads\/2024\/10\/Bulk-Rectangle-Chafing-Dish-with-Lid-4-768x768.webp 768w, https:\/\/www.yongyukitchenware.com\/wp-content\/uploads\/2024\/10\/Bulk-Rectangle-Chafing-Dish-with-Lid-4-12x12.webp 12w, https:\/\/www.yongyukitchenware.com\/wp-content\/uploads\/2024\/10\/Bulk-Rectangle-Chafing-Dish-with-Lid-4-600x600.webp 600w, https:\/\/www.yongyukitchenware.com\/wp-content\/uploads\/2024\/10\/Bulk-Rectangle-Chafing-Dish-with-Lid-4-100x100.webp 100w\" sizes=\"(max-width: 800px) 100vw, 800px\" \/><\/figure>\n<\/div>\n\n\n\n<div class=\"wp-block-column is-layout-flow wp-block-column-is-layout-flow\">\n<figure class=\"wp-block-image size-full\"><img decoding=\"async\" width=\"800\" height=\"800\" src=\"https:\/\/www.yongyukitchenware.com\/wp-content\/uploads\/2024\/10\/Bulk-Rectangle-Chafing-Dish-with-Lid-6.webp\" alt=\"Bulk Rectangle Chafing Dish mit Deckel 6\" class=\"wp-image-1862\" srcset=\"https:\/\/www.yongyukitchenware.com\/wp-content\/uploads\/2024\/10\/Bulk-Rectangle-Chafing-Dish-with-Lid-6.webp 800w, https:\/\/www.yongyukitchenware.com\/wp-content\/uploads\/2024\/10\/Bulk-Rectangle-Chafing-Dish-with-Lid-6-300x300.webp 300w, https:\/\/www.yongyukitchenware.com\/wp-content\/uploads\/2024\/10\/Bulk-Rectangle-Chafing-Dish-with-Lid-6-150x150.webp 150w, https:\/\/www.yongyukitchenware.com\/wp-content\/uploads\/2024\/10\/Bulk-Rectangle-Chafing-Dish-with-Lid-6-768x768.webp 768w, https:\/\/www.yongyukitchenware.com\/wp-content\/uploads\/2024\/10\/Bulk-Rectangle-Chafing-Dish-with-Lid-6-12x12.webp 12w, https:\/\/www.yongyukitchenware.com\/wp-content\/uploads\/2024\/10\/Bulk-Rectangle-Chafing-Dish-with-Lid-6-600x600.webp 600w, https:\/\/www.yongyukitchenware.com\/wp-content\/uploads\/2024\/10\/Bulk-Rectangle-Chafing-Dish-with-Lid-6-100x100.webp 100w\" sizes=\"(max-width: 800px) 100vw, 800px\" \/><\/figure>\n<\/div>\n\n\n\n<div class=\"wp-block-column is-layout-flow wp-block-column-is-layout-flow\">\n<figure class=\"wp-block-image size-full\"><img decoding=\"async\" width=\"800\" height=\"800\" src=\"https:\/\/www.yongyukitchenware.com\/wp-content\/uploads\/2024\/10\/Bulk-Rectangle-Chafing-Dish-with-Lid-3.webp\" alt=\"Bulk Rectangle Chafing Dish mit Deckel 3\" class=\"wp-image-1859\" srcset=\"https:\/\/www.yongyukitchenware.com\/wp-content\/uploads\/2024\/10\/Bulk-Rectangle-Chafing-Dish-with-Lid-3.webp 800w, https:\/\/www.yongyukitchenware.com\/wp-content\/uploads\/2024\/10\/Bulk-Rectangle-Chafing-Dish-with-Lid-3-300x300.webp 300w, https:\/\/www.yongyukitchenware.com\/wp-content\/uploads\/2024\/10\/Bulk-Rectangle-Chafing-Dish-with-Lid-3-150x150.webp 150w, https:\/\/www.yongyukitchenware.com\/wp-content\/uploads\/2024\/10\/Bulk-Rectangle-Chafing-Dish-with-Lid-3-768x768.webp 768w, https:\/\/www.yongyukitchenware.com\/wp-content\/uploads\/2024\/10\/Bulk-Rectangle-Chafing-Dish-with-Lid-3-12x12.webp 12w, https:\/\/www.yongyukitchenware.com\/wp-content\/uploads\/2024\/10\/Bulk-Rectangle-Chafing-Dish-with-Lid-3-600x600.webp 600w, https:\/\/www.yongyukitchenware.com\/wp-content\/uploads\/2024\/10\/Bulk-Rectangle-Chafing-Dish-with-Lid-3-100x100.webp 100w\" sizes=\"(max-width: 800px) 100vw, 800px\" \/><\/figure>\n<\/div>\n<\/div>","protected":false},"excerpt":{"rendered":"<p>Gro\u00dfhandel Chafing Dish mit Deckel, Split-Struktur mit 1\/2\/3 Chafing Pan optional. Hochwertiger Edelstahl ist langlebig und geeignet f\u00fcr jede Gelegenheit. Kundenspezifische L\u00f6sungen mit Fabrikpreise sind verf\u00fcgbar, kontaktieren Sie uns bitte!<\/p>\n<h2><!-- wp:heading --><\/h2>\n<h2 class=\"wp-block-heading\">Attribute von Chafing Dish mit Deckel:<\/h2>\n<h2><!-- \/wp:heading --><\/p>\n<p><!-- wp:paragraph --><\/h2>\n<p><strong>Material: <\/strong>Rostfreier Stahl<br \/><strong>Farbe: <\/strong>Silber<br \/><strong>Die Form: <\/strong>Rechteck<br \/><strong>W\u00e4rme: <\/strong>Alkohol oder Heizung<br \/><strong>Chafer Pan: <\/strong>Einzel\/Doppel\/Drei Raster<br \/><strong>Verpacken: <\/strong>Opp-Beutel und -Karton<br \/><strong>OEM\/ODM: <\/strong>Verf\u00fcgbar<\/p>\n<h2 class=\"wp-block-heading\">Von Yongyu Chafing Dish Hersteller :<\/h2>\n<p>Ob es sich um einen Catering-Service-Anbieter, Hotel und Restaurant, oder Event-Planung Unternehmen, bieten wir komplette Chafing Gerichte Gro\u00dfhandel benutzerdefinierte L\u00f6sungen, um Ihr Unternehmen mit hochwertigen Fabrik Preise!<\/p>\n<h2><!-- \/wp:paragraph --><\/h2>","protected":false},"featured_media":1860,"comment_status":"closed","ping_status":"closed","template":"","meta":{"_acf_changed":true},"application":[30],"product_brand":[],"product_cat":[33],"product_tag":[],"class_list":{"0":"post-1851","1":"product","2":"type-product","3":"status-publish","4":"has-post-thumbnail","6":"application-hotel-catering","7":"product_cat-chafing-dishes-wholesale","9":"first","10":"instock","11":"shipping-taxable","12":"product-type-simple"},"acf":[],"_links":{"self":[{"href":"https:\/\/www.yongyukitchenware.com\/de\/wp-json\/wp\/v2\/product\/1851","targetHints":{"allow":["GET"]}}],"collection":[{"href":"https:\/\/www.yongyukitchenware.com\/de\/wp-json\/wp\/v2\/product"}],"about":[{"href":"https:\/\/www.yongyukitchenware.com\/de\/wp-json\/wp\/v2\/types\/product"}],"replies":[{"embeddable":true,"href":"https:\/\/www.yongyukitchenware.com\/de\/wp-json\/wp\/v2\/comments?post=1851"}],"wp:featuredmedia":[{"embeddable":true,"href":"https:\/\/www.yongyukitchenware.com\/de\/wp-json\/wp\/v2\/media\/1860"}],"wp:attachment":[{"href":"https:\/\/www.yongyukitchenware.com\/de\/wp-json\/wp\/v2\/media?parent=1851"}],"wp:term":[{"taxonomy":"application","embeddable":true,"href":"https:\/\/www.yongyukitchenware.com\/de\/wp-json\/wp\/v2\/application?post=1851"},{"taxonomy":"product_brand","embeddable":true,"href":"https:\/\/www.yongyukitchenware.com\/de\/wp-json\/wp\/v2\/product_brand?post=1851"},{"taxonomy":"product_cat","embeddable":true,"href":"https:\/\/www.yongyukitchenware.com\/de\/wp-json\/wp\/v2\/product_cat?post=1851"},{"taxonomy":"product_tag","embeddable":true,"href":"https:\/\/www.yongyukitchenware.com\/de\/wp-json\/wp\/v2\/product_tag?post=1851"}],"curies":[{"name":"wp","href":"https:\/\/api.w.org\/{rel}","templated":true}]}}