{"id":1892,"date":"2024-11-10T05:11:35","date_gmt":"2024-11-10T05:11:35","guid":{"rendered":"https:\/\/www.yongyukitchenware.com\/?post_type=product&#038;p=1892"},"modified":"2025-07-10T09:43:13","modified_gmt":"2025-07-10T09:43:13","slug":"spice-box-wholesale","status":"publish","type":"product","link":"https:\/\/www.yongyukitchenware.com\/de\/produkt\/spice-box-wholesale\/","title":{"rendered":"Gro\u00dfhandel Gew\u00fcrzkiste Edelstahl Western 2-6 Gitternetz"},"content":{"rendered":"<div class=\"wp-block-columns is-layout-flex wp-container-core-columns-is-layout-9d6595d7 wp-block-columns-is-layout-flex\">\n<div class=\"wp-block-column is-layout-flow wp-block-column-is-layout-flow\">\n<h2 class=\"wp-block-heading\">Gew\u00fcrzkiste Parameter<\/h2>\n\n\n\n<figure class=\"wp-block-table\"><table class=\"has-fixed-layout\"><tbody><tr><td>Modell<\/td><td>Gr\u00f6\u00dfe<\/td><td>Gitter<\/td><td>L\u00e4nge * Breite * H\u00f6he (cm)<\/td><td>MOQ<\/td><\/tr><tr><td rowspan=\"10\">DY002-TWH<\/td><td rowspan=\"5\">klein<\/td><td>2<\/td><td>15,5*15*9cm<\/td><td rowspan=\"10\">60 STCK.<\/td><\/tr><tr><td>3<\/td><td>23*15*9cm<\/td><\/tr><tr><td>4<\/td><td>30,5*15*9cm<\/td><\/tr><tr><td>5<\/td><td>38,5*15*9cm<\/td><\/tr><tr><td>6<\/td><td>45,5*15*9cm<\/td><\/tr><tr><td rowspan=\"5\">gro\u00df<\/td><td>2<\/td><td>19*16,5*9cm<\/td><\/tr><tr><td>3<\/td><td>28*16,5*9cm<\/td><\/tr><tr><td>4<\/td><td>37*16,5*9cm<\/td><\/tr><tr><td>5<\/td><td>46*16.5*9cm<\/td><\/tr><tr><td>6<\/td><td>56*16.5*9cm<\/td><\/tr><\/tbody><\/table><\/figure>\n<\/div>\n\n\n\n<div class=\"wp-block-column is-layout-flow wp-block-column-is-layout-flow\">\n<h2 class=\"wp-block-heading\">Gew\u00fcrzbox Eigenschaften:<\/h2>\n\n\n\n<p><strong>Hochwertiger rostfreier Stahl: <\/strong>Edelstahl ist verf\u00fcgbar 201\/304, dickes Material, sorgt f\u00fcr Qualit\u00e4t.<\/p>\n\n\n\n<p><strong>Es sind verschiedene Spezifikationen verf\u00fcgbar:<\/strong> Es gibt 2 Gitter, 3 Gitter, 4 Gitter, 5 Gitter und 6 Gitter, sie sind in kleinen und gro\u00dfen Gr\u00f6\u00dfen erh\u00e4ltlich.<\/p>\n\n\n\n<p><strong>Unabh\u00e4ngig Innenbox: <\/strong>Die Gew\u00fcrze sind separat verpackt, um den Geschmack zu isolieren und nicht zu vermischen.<\/p>\n\n\n\n<p><strong>Der innere Kasten kann verschoben werden: <\/strong>Der Edelstahl-Innenbeh\u00e4lter kann leicht entnommen werden und ist bequemer zu reinigen, ohne Schmutz zu verbergen.<\/p>\n\n\n\n<p><strong>Staubdichter Deckel aus Stahl:<\/strong> Sanit\u00e4r staubdicht, kann in einer \u00dcberlagerung platziert werden.<\/p>\n\n\n\n<p><strong>Roll Felge Design: <\/strong>Die Kanten sind abgerundet und glatt, leicht zu handhaben und beugen Handverletzungen vor.<\/p>\n<\/div>\n<\/div>\n\n\n\n<div class=\"wp-block-columns is-layout-flex wp-container-core-columns-is-layout-9d6595d7 wp-block-columns-is-layout-flex\">\n<div class=\"wp-block-column is-layout-flow wp-block-column-is-layout-flow\">\n<figure class=\"wp-block-image size-full\"><img decoding=\"async\" width=\"800\" height=\"800\" src=\"https:\/\/www.yongyukitchenware.com\/wp-content\/uploads\/2024\/10\/Wholesale-Western-Spice-Box-4.webp\" alt=\"Gro\u00dfhandel Western Gew\u00fcrz Box 4\" class=\"wp-image-1896\" srcset=\"https:\/\/www.yongyukitchenware.com\/wp-content\/uploads\/2024\/10\/Wholesale-Western-Spice-Box-4.webp 800w, https:\/\/www.yongyukitchenware.com\/wp-content\/uploads\/2024\/10\/Wholesale-Western-Spice-Box-4-300x300.webp 300w, https:\/\/www.yongyukitchenware.com\/wp-content\/uploads\/2024\/10\/Wholesale-Western-Spice-Box-4-150x150.webp 150w, https:\/\/www.yongyukitchenware.com\/wp-content\/uploads\/2024\/10\/Wholesale-Western-Spice-Box-4-768x768.webp 768w, https:\/\/www.yongyukitchenware.com\/wp-content\/uploads\/2024\/10\/Wholesale-Western-Spice-Box-4-12x12.webp 12w, https:\/\/www.yongyukitchenware.com\/wp-content\/uploads\/2024\/10\/Wholesale-Western-Spice-Box-4-600x600.webp 600w, https:\/\/www.yongyukitchenware.com\/wp-content\/uploads\/2024\/10\/Wholesale-Western-Spice-Box-4-100x100.webp 100w\" sizes=\"(max-width: 800px) 100vw, 800px\" \/><\/figure>\n<\/div>\n\n\n\n<div class=\"wp-block-column is-layout-flow wp-block-column-is-layout-flow\">\n<figure class=\"wp-block-image size-full\"><img decoding=\"async\" width=\"800\" height=\"800\" src=\"https:\/\/www.yongyukitchenware.com\/wp-content\/uploads\/2024\/10\/Wholesale-Western-Spice-Box-5.webp\" alt=\"Gro\u00dfhandel Western Spice Box 5\" class=\"wp-image-1897\" srcset=\"https:\/\/www.yongyukitchenware.com\/wp-content\/uploads\/2024\/10\/Wholesale-Western-Spice-Box-5.webp 800w, https:\/\/www.yongyukitchenware.com\/wp-content\/uploads\/2024\/10\/Wholesale-Western-Spice-Box-5-300x300.webp 300w, https:\/\/www.yongyukitchenware.com\/wp-content\/uploads\/2024\/10\/Wholesale-Western-Spice-Box-5-150x150.webp 150w, https:\/\/www.yongyukitchenware.com\/wp-content\/uploads\/2024\/10\/Wholesale-Western-Spice-Box-5-768x768.webp 768w, https:\/\/www.yongyukitchenware.com\/wp-content\/uploads\/2024\/10\/Wholesale-Western-Spice-Box-5-12x12.webp 12w, https:\/\/www.yongyukitchenware.com\/wp-content\/uploads\/2024\/10\/Wholesale-Western-Spice-Box-5-600x600.webp 600w, https:\/\/www.yongyukitchenware.com\/wp-content\/uploads\/2024\/10\/Wholesale-Western-Spice-Box-5-100x100.webp 100w\" sizes=\"(max-width: 800px) 100vw, 800px\" \/><\/figure>\n<\/div>\n<\/div>","protected":false},"excerpt":{"rendered":"<p>Unser Gro\u00dfhandel westlichen Gew\u00fcrz-Box ist f\u00fcr Hotels konzipiert. Es ist langlebig und bequem f\u00fcr die Speicherung verschiedener Gew\u00fcrze und Gew\u00fcrze. Seine einfache und elegante Design sorgt f\u00fcr einen einfachen Zugang zu Gew\u00fcrzen, so dass es sehr geeignet f\u00fcr die Gastronomie verwenden.<\/p>\n<h2><!-- wp:heading --><\/h2>\n<h2 class=\"wp-block-heading\">Gew\u00fcrzkiste Attribute :<\/h2>\n<h2><!-- \/wp:heading --><\/p>\n<p><!-- wp:paragraph --><\/h2>\n<p><strong>Material: <\/strong>Rostfreier Stahl<br \/><strong>Farbe: <\/strong>Farbe Silber<br \/><strong>Die Form: <\/strong>Rechteck<br \/><strong>Gitternetz:<\/strong>2 Gitter,3 Gitter,4 Gitter,5 Gitter,6 Gitter<br \/><strong>Verpacken: <\/strong>Opp-Beutel und -Karton<br \/><strong>OEM\/ODM: <\/strong>Verf\u00fcgbar<\/p>\n<h2 class=\"wp-block-heading\">Von Yongyu Catering Supplies Hersteller :<\/h2>\n<p>Ob es sich um ein Catering-Service-Anbieter, Hotel und Restaurant, oder Event-Planung Unternehmen, bieten wir komplette Gew\u00fcrzkiste Gro\u00dfhandel benutzerdefinierte L\u00f6sungen, um Ihr Unternehmen mit hochwertigen Fabrikpreise zu helfen!<\/p>\n<h2><!-- \/wp:paragraph --><\/h2>","protected":false},"featured_media":1894,"comment_status":"closed","ping_status":"closed","template":"","meta":{"_acf_changed":true},"application":[29],"product_brand":[],"product_cat":[22,38],"product_tag":[],"class_list":{"0":"post-1892","1":"product","2":"type-product","3":"status-publish","4":"has-post-thumbnail","6":"application-home-kitchen","7":"product_cat-catering-supplies-wholesale","8":"product_cat-seasoning-box-wholesale","10":"first","11":"instock","12":"shipping-taxable","13":"product-type-simple"},"acf":[],"_links":{"self":[{"href":"https:\/\/www.yongyukitchenware.com\/de\/wp-json\/wp\/v2\/product\/1892","targetHints":{"allow":["GET"]}}],"collection":[{"href":"https:\/\/www.yongyukitchenware.com\/de\/wp-json\/wp\/v2\/product"}],"about":[{"href":"https:\/\/www.yongyukitchenware.com\/de\/wp-json\/wp\/v2\/types\/product"}],"replies":[{"embeddable":true,"href":"https:\/\/www.yongyukitchenware.com\/de\/wp-json\/wp\/v2\/comments?post=1892"}],"wp:featuredmedia":[{"embeddable":true,"href":"https:\/\/www.yongyukitchenware.com\/de\/wp-json\/wp\/v2\/media\/1894"}],"wp:attachment":[{"href":"https:\/\/www.yongyukitchenware.com\/de\/wp-json\/wp\/v2\/media?parent=1892"}],"wp:term":[{"taxonomy":"application","embeddable":true,"href":"https:\/\/www.yongyukitchenware.com\/de\/wp-json\/wp\/v2\/application?post=1892"},{"taxonomy":"product_brand","embeddable":true,"href":"https:\/\/www.yongyukitchenware.com\/de\/wp-json\/wp\/v2\/product_brand?post=1892"},{"taxonomy":"product_cat","embeddable":true,"href":"https:\/\/www.yongyukitchenware.com\/de\/wp-json\/wp\/v2\/product_cat?post=1892"},{"taxonomy":"product_tag","embeddable":true,"href":"https:\/\/www.yongyukitchenware.com\/de\/wp-json\/wp\/v2\/product_tag?post=1892"}],"curies":[{"name":"wp","href":"https:\/\/api.w.org\/{rel}","templated":true}]}}