{"id":1922,"date":"2024-11-22T16:54:49","date_gmt":"2024-11-22T16:54:49","guid":{"rendered":"https:\/\/www.yongyukitchenware.com\/?post_type=product&#038;p=1922"},"modified":"2025-03-13T08:01:03","modified_gmt":"2025-03-13T08:01:03","slug":"stainless-steel-insulated-bucket-custom","status":"publish","type":"product","link":"https:\/\/www.yongyukitchenware.com\/de\/produkt\/stainless-steel-insulated-bucket-custom\/","title":{"rendered":"Kundenspezifischer isolierter Edelstahleimer f\u00fcr den Handel mit versiegeltem Fass mit Zapfhahn"},"content":{"rendered":"<div class=\"wp-block-columns is-layout-flex wp-container-core-columns-is-layout-9d6595d7 wp-block-columns-is-layout-flex\">\n<div class=\"wp-block-column is-layout-flow wp-block-column-is-layout-flow\">\n<h2 class=\"wp-block-heading\">Isolierter Eimer aus Edelstahl Gr\u00f6\u00dfe:<\/h2>\n\n\n\n<figure class=\"wp-block-table\"><table class=\"has-fixed-layout\"><tbody><tr><td>Modell<\/td><td>Gr\u00f6\u00dfe<\/td><td>Menge\/Tonne<\/td><\/tr><tr><td rowspan=\"8\">DY021-T<\/td><td>16L<\/td><td>8<\/td><\/tr><tr><td>26L<\/td><td>8<\/td><\/tr><tr><td>36L<\/td><td>6<\/td><\/tr><tr><td>46L<\/td><td>4<\/td><\/tr><tr><td>56L<\/td><td>4<\/td><\/tr><tr><td>66L<\/td><td>4<\/td><\/tr><tr><td>80L<\/td><td>2<\/td><\/tr><tr><td>100L<\/td><td>2<\/td><\/tr><\/tbody><\/table><\/figure>\n\n\n\n<h2 class=\"wp-block-heading\">Isolierter Eimer aus Edelstahl Merkmale:<\/h2>\n\n\n\n<p><strong>Verdicktes Material aus rostfreiem Stahl: <\/strong>die Auswahl von hochwertigem lebensmittelechtem Stahl, Materialsicherheit, Langlebigkeit<br><strong>Es sind zwei Ausf\u00fchrungen erh\u00e4ltlich: <\/strong>eine mit Wasserhahn und eine ohne Wasserhahn, die je nach Bedarf ausgew\u00e4hlt werden k\u00f6nnen<br><strong>Doppelt hohle Ausf\u00fchrung:<\/strong> zwei Schichten aus verdicktem Edelstahl innen und au\u00dfen, hohle Isolierschicht, kann K\u00e4lte und W\u00e4rme lange Zeit speichern<br><strong>Dichtes, auslaufsicheres Design: <\/strong>dickes Schloss, fest verschlossen, auslaufsicher und insektensicher.<\/p>\n<\/div>\n\n\n\n<div class=\"wp-block-column is-layout-flow wp-block-column-is-layout-flow\">\n<figure class=\"wp-block-image size-full is-style-default\"><img decoding=\"async\" width=\"800\" height=\"800\" src=\"https:\/\/www.yongyukitchenware.com\/wp-content\/uploads\/2024\/10\/Insulated-bucket-3.webp\" alt=\"\" class=\"wp-image-1927\" srcset=\"https:\/\/www.yongyukitchenware.com\/wp-content\/uploads\/2024\/10\/Insulated-bucket-3.webp 800w, https:\/\/www.yongyukitchenware.com\/wp-content\/uploads\/2024\/10\/Insulated-bucket-3-300x300.webp 300w, https:\/\/www.yongyukitchenware.com\/wp-content\/uploads\/2024\/10\/Insulated-bucket-3-150x150.webp 150w, https:\/\/www.yongyukitchenware.com\/wp-content\/uploads\/2024\/10\/Insulated-bucket-3-768x768.webp 768w, https:\/\/www.yongyukitchenware.com\/wp-content\/uploads\/2024\/10\/Insulated-bucket-3-12x12.webp 12w, https:\/\/www.yongyukitchenware.com\/wp-content\/uploads\/2024\/10\/Insulated-bucket-3-600x600.webp 600w, https:\/\/www.yongyukitchenware.com\/wp-content\/uploads\/2024\/10\/Insulated-bucket-3-100x100.webp 100w\" sizes=\"(max-width: 800px) 100vw, 800px\" \/><\/figure>\n<\/div>\n<\/div>","protected":false},"excerpt":{"rendered":"<p>Yongyu ist ein zuverl\u00e4ssiger Lieferant von Edelstahleimern. Unsere Eimer f\u00fcr den privaten und kommerziellen Gebrauch haben eine langlebige Konstruktion und einen stabilen Griff. Leistungsstarke Isolierung Funktion, und wir unterst\u00fctzen Amazon Verkauf!<\/p>\n<h2>Isolierter Eimer aus Edelstahl Parameter:<\/h2>\n<p><strong>Material:<\/strong> rostfreier Stahl<br \/><strong>Gr\u00f6\u00dfen:<\/strong> Gr\u00f6\u00dfen 16-100L<br \/><strong>Entwurf:<\/strong> Hochglanzpolieren mit Dichtungsdeckel und Wasserhahn<br \/><strong>OEM\/ODM:<\/strong> optional<\/p>\n<h2 class=\"wp-block-heading\">Von Yongyu Catering Supplies Hersteller :<\/h2>\n<p>Ob es sich um ein Catering-Service-Anbieter, Hotel und Restaurant, oder Event-Planung Unternehmen, bieten wir komplette Gew\u00fcrzkiste Gro\u00dfhandel benutzerdefinierte L\u00f6sungen, um Ihr Unternehmen mit hochwertigen Fabrikpreise zu helfen!<\/p>","protected":false},"featured_media":1925,"comment_status":"closed","ping_status":"closed","template":"","meta":{"_acf_changed":true},"application":[29,30],"product_brand":[],"product_cat":[22,42],"product_tag":[],"class_list":{"0":"post-1922","1":"product","2":"type-product","3":"status-publish","4":"has-post-thumbnail","6":"application-home-kitchen","7":"application-hotel-catering","8":"product_cat-catering-supplies-wholesale","9":"product_cat-insulated-barrel-wholesale","11":"first","12":"instock","13":"shipping-taxable","14":"product-type-simple"},"acf":[],"_links":{"self":[{"href":"https:\/\/www.yongyukitchenware.com\/de\/wp-json\/wp\/v2\/product\/1922","targetHints":{"allow":["GET"]}}],"collection":[{"href":"https:\/\/www.yongyukitchenware.com\/de\/wp-json\/wp\/v2\/product"}],"about":[{"href":"https:\/\/www.yongyukitchenware.com\/de\/wp-json\/wp\/v2\/types\/product"}],"replies":[{"embeddable":true,"href":"https:\/\/www.yongyukitchenware.com\/de\/wp-json\/wp\/v2\/comments?post=1922"}],"wp:featuredmedia":[{"embeddable":true,"href":"https:\/\/www.yongyukitchenware.com\/de\/wp-json\/wp\/v2\/media\/1925"}],"wp:attachment":[{"href":"https:\/\/www.yongyukitchenware.com\/de\/wp-json\/wp\/v2\/media?parent=1922"}],"wp:term":[{"taxonomy":"application","embeddable":true,"href":"https:\/\/www.yongyukitchenware.com\/de\/wp-json\/wp\/v2\/application?post=1922"},{"taxonomy":"product_brand","embeddable":true,"href":"https:\/\/www.yongyukitchenware.com\/de\/wp-json\/wp\/v2\/product_brand?post=1922"},{"taxonomy":"product_cat","embeddable":true,"href":"https:\/\/www.yongyukitchenware.com\/de\/wp-json\/wp\/v2\/product_cat?post=1922"},{"taxonomy":"product_tag","embeddable":true,"href":"https:\/\/www.yongyukitchenware.com\/de\/wp-json\/wp\/v2\/product_tag?post=1922"}],"curies":[{"name":"wp","href":"https:\/\/api.w.org\/{rel}","templated":true}]}}