{"id":1952,"date":"2024-11-16T07:57:01","date_gmt":"2024-11-16T07:57:01","guid":{"rendered":"https:\/\/www.yongyukitchenware.com\/?post_type=product&#038;p=1952"},"modified":"2025-07-10T09:42:12","modified_gmt":"2025-07-10T09:42:12","slug":"wholesale-soup-pot","status":"publish","type":"product","link":"https:\/\/www.yongyukitchenware.com\/de\/produkt\/wholesale-soup-pot\/","title":{"rendered":"Gro\u00dfer Suppentopf Edelstahl 12-19L Eimer Kommerziell"},"content":{"rendered":"<div class=\"wp-block-columns is-layout-flex wp-container-core-columns-is-layout-9d6595d7 wp-block-columns-is-layout-flex\">\n<div class=\"wp-block-column is-layout-flow wp-block-column-is-layout-flow\">\n<h2 class=\"wp-block-heading\">Suppentopf Merkmale:<\/h2>\n\n\n\n<p><strong>Hochwertiges Material aus rostfreiem Stahl<\/strong><br>Verdickter Edelstahl in Lebensmittelqualit\u00e4t, verschlei\u00dffest, leicht zu reinigen, sicheres Material<\/p>\n\n\n\n<p><strong>Multifunktionaler Einsatz<\/strong><br>12-19 l gro\u00dfes Fassungsverm\u00f6gen, geeignet f\u00fcr mehrere Personen, kann in Gro\u00dfk\u00fcchen zum Kochen von Wasser, zum Zubereiten von Suppen und Eint\u00f6pfen verwendet werden<\/p>\n\n\n\n<p><strong>Versenkter Deckel<\/strong><br>Der Deckel ist so konzipiert, dass er versenkt werden kann, um zu verhindern, dass kochende Fl\u00fcssigkeit \u00fcberl\u00e4uft, und er kann gleichzeitig aufgeh\u00e4ngt werden, was bequem und hygienisch zu benutzen ist.<\/p>\n\n\n\n<p><strong>Klare interne Skala<\/strong><br>Der Suppentopf verf\u00fcgt \u00fcber eine \u00fcbersichtliche Fassungsverm\u00f6gensskala im Inneren, und die entsprechende Fl\u00fcssigkeit kann je nach Bedarf zugegeben werden.<\/p>\n\n\n\n<h2 class=\"wp-block-heading\">Suppentopf Gr\u00f6\u00dfe:<\/h2>\n\n\n\n<figure class=\"wp-block-table\"><table class=\"has-fixed-layout\"><tbody><tr><td>Modell<\/td><td>Spezifikation<\/td><td>Gr\u00f6\u00dfe<\/td><td>Gewicht\uff08kg\uff09<\/td><td>MOQ<\/td><\/tr><tr><td rowspan=\"16\">DY020-T<\/td><td rowspan=\"7\">Suppeneimer<\/td><td>25*26cm<\/td><td>1,6 kg<\/td><td rowspan=\"16\">20 STCK.<\/td><\/tr><tr><td>30*31cm<\/td><td>2,75 kg<\/td><\/tr><tr><td>35*36cm<\/td><td>3,5 kg<\/td><\/tr><tr><td>40*41cm<\/td><td>5kg<\/td><\/tr><tr><td>45*46cm<\/td><td>6kg<\/td><\/tr><tr><td>50*51cm<\/td><td>7,5 kg<\/td><\/tr><tr><td>60*61cm<\/td><td>10,4 kg<\/td><\/tr><tr><td rowspan=\"6\">Suppentopf<\/td><td>30*23cm<\/td><td>2,2 kg<\/td><\/tr><tr><td>35*25cm<\/td><td>2,65 kg<\/td><\/tr><tr><td>40*27cm<\/td><td>3,6 kg<\/td><\/tr><tr><td>45*29cm<\/td><td>4,5 kg<\/td><\/tr><tr><td>50*31cm<\/td><td>5,25 kg<\/td><\/tr><tr><td>60*35cm<\/td><td>7,75 kg<\/td><\/tr><tr><td rowspan=\"3\">Eimer (mit Skala)<\/td><td>25*26cm<\/td><td>1,6 kg<\/td><\/tr><tr><td>30*31cm<\/td><td>2,75 kg<\/td><\/tr><tr><td>35*36cm<\/td><td>3,5 kg<\/td><\/tr><\/tbody><\/table><\/figure>\n<\/div>\n\n\n\n<div class=\"wp-block-column is-layout-flow wp-block-column-is-layout-flow\">\n<figure class=\"wp-block-image size-full\"><img decoding=\"async\" width=\"1280\" height=\"1280\" src=\"https:\/\/www.yongyukitchenware.com\/wp-content\/uploads\/2024\/10\/soup-pot-6.webp\" alt=\"Suppentopf-6\" class=\"wp-image-1957\" srcset=\"https:\/\/www.yongyukitchenware.com\/wp-content\/uploads\/2024\/10\/soup-pot-6.webp 1280w, https:\/\/www.yongyukitchenware.com\/wp-content\/uploads\/2024\/10\/soup-pot-6-300x300.webp 300w, https:\/\/www.yongyukitchenware.com\/wp-content\/uploads\/2024\/10\/soup-pot-6-150x150.webp 150w, https:\/\/www.yongyukitchenware.com\/wp-content\/uploads\/2024\/10\/soup-pot-6-768x768.webp 768w, https:\/\/www.yongyukitchenware.com\/wp-content\/uploads\/2024\/10\/soup-pot-6-12x12.webp 12w, https:\/\/www.yongyukitchenware.com\/wp-content\/uploads\/2024\/10\/soup-pot-6-1200x1200.webp 1200w, https:\/\/www.yongyukitchenware.com\/wp-content\/uploads\/2024\/10\/soup-pot-6-600x600.webp 600w, https:\/\/www.yongyukitchenware.com\/wp-content\/uploads\/2024\/10\/soup-pot-6-100x100.webp 100w\" sizes=\"(max-width: 1280px) 100vw, 1280px\" \/><\/figure>\n\n\n\n<figure class=\"wp-block-image size-full is-style-rounded\"><img decoding=\"async\" width=\"1280\" height=\"1280\" src=\"https:\/\/www.yongyukitchenware.com\/wp-content\/uploads\/2024\/10\/soup-pot-11.webp\" alt=\"Suppentopf-11\" class=\"wp-image-1958\" style=\"aspect-ratio:1;object-fit:cover\" srcset=\"https:\/\/www.yongyukitchenware.com\/wp-content\/uploads\/2024\/10\/soup-pot-11.webp 1280w, https:\/\/www.yongyukitchenware.com\/wp-content\/uploads\/2024\/10\/soup-pot-11-300x300.webp 300w, https:\/\/www.yongyukitchenware.com\/wp-content\/uploads\/2024\/10\/soup-pot-11-150x150.webp 150w, https:\/\/www.yongyukitchenware.com\/wp-content\/uploads\/2024\/10\/soup-pot-11-768x768.webp 768w, https:\/\/www.yongyukitchenware.com\/wp-content\/uploads\/2024\/10\/soup-pot-11-12x12.webp 12w, https:\/\/www.yongyukitchenware.com\/wp-content\/uploads\/2024\/10\/soup-pot-11-1200x1200.webp 1200w, https:\/\/www.yongyukitchenware.com\/wp-content\/uploads\/2024\/10\/soup-pot-11-600x600.webp 600w, https:\/\/www.yongyukitchenware.com\/wp-content\/uploads\/2024\/10\/soup-pot-11-100x100.webp 100w\" sizes=\"(max-width: 1280px) 100vw, 1280px\" \/><\/figure>\n<\/div>\n<\/div>\n\n\n\n<p><\/p>","protected":false},"excerpt":{"rendered":"<p>Fabrikpreis Gro\u00dfhandel Suppentopf, Edelstahl Material, 12-19L gro\u00dfe Kapazit\u00e4t, Werkzeuge des Handels Suppentopf. Der beste Rabatt ist f\u00fcr Bulk Custom, die Bereitstellung von Amazon FBA Service und andere E-Commerce-Dienstleistungen. Willkommen bei uns zu konsultieren.<\/p>\n<h2>Attribut \"Suppentopf\":<\/h2>\n<p><strong>Material:<\/strong> rostfreier Stahl<br \/><strong>Handgriff:<\/strong> dicker Griff<br \/><strong>Gr\u00f6\u00dfen:<\/strong> 12-16 L<br \/><strong>Eimer Design:<\/strong> Hochglanzpolitur und verdickter Flachboden<br \/><strong>Verpacken:<\/strong> Beutel\/Sammelgut\/Karton oder individuell<br \/><strong>OEM\/ODM:<\/strong> optional<\/p>\n<h2 class=\"wp-block-heading\">Von Yongyu Kitchenware Hersteller:<\/h2>\n<p>Yongyu ist ein professioneller Hersteller von K\u00fcchenger\u00e4ten. Zu unseren Produkten geh\u00f6ren alle Arten von Kochgeschirr und K\u00fcchenzubeh\u00f6r aus Edelstahl. Wir bieten ma\u00dfgeschneiderte L\u00f6sungen mit hochwertigen Produkten zu Fabrikpreisen.<\/p>","protected":false},"featured_media":1953,"comment_status":"closed","ping_status":"closed","template":"","meta":{"_acf_changed":true},"application":[29,30],"product_brand":[],"product_cat":[22,41],"product_tag":[],"class_list":{"0":"post-1952","1":"product","2":"type-product","3":"status-publish","4":"has-post-thumbnail","6":"application-home-kitchen","7":"application-hotel-catering","8":"product_cat-catering-supplies-wholesale","9":"product_cat-soup-pot-wholesale","11":"first","12":"instock","13":"shipping-taxable","14":"product-type-simple"},"acf":[],"_links":{"self":[{"href":"https:\/\/www.yongyukitchenware.com\/de\/wp-json\/wp\/v2\/product\/1952","targetHints":{"allow":["GET"]}}],"collection":[{"href":"https:\/\/www.yongyukitchenware.com\/de\/wp-json\/wp\/v2\/product"}],"about":[{"href":"https:\/\/www.yongyukitchenware.com\/de\/wp-json\/wp\/v2\/types\/product"}],"replies":[{"embeddable":true,"href":"https:\/\/www.yongyukitchenware.com\/de\/wp-json\/wp\/v2\/comments?post=1952"}],"wp:featuredmedia":[{"embeddable":true,"href":"https:\/\/www.yongyukitchenware.com\/de\/wp-json\/wp\/v2\/media\/1953"}],"wp:attachment":[{"href":"https:\/\/www.yongyukitchenware.com\/de\/wp-json\/wp\/v2\/media?parent=1952"}],"wp:term":[{"taxonomy":"application","embeddable":true,"href":"https:\/\/www.yongyukitchenware.com\/de\/wp-json\/wp\/v2\/application?post=1952"},{"taxonomy":"product_brand","embeddable":true,"href":"https:\/\/www.yongyukitchenware.com\/de\/wp-json\/wp\/v2\/product_brand?post=1952"},{"taxonomy":"product_cat","embeddable":true,"href":"https:\/\/www.yongyukitchenware.com\/de\/wp-json\/wp\/v2\/product_cat?post=1952"},{"taxonomy":"product_tag","embeddable":true,"href":"https:\/\/www.yongyukitchenware.com\/de\/wp-json\/wp\/v2\/product_tag?post=1952"}],"curies":[{"name":"wp","href":"https:\/\/api.w.org\/{rel}","templated":true}]}}