{"id":1984,"date":"2024-11-16T07:11:17","date_gmt":"2024-11-16T07:11:17","guid":{"rendered":"https:\/\/www.yongyukitchenware.com\/?post_type=product&#038;p=1984"},"modified":"2025-06-26T07:45:25","modified_gmt":"2025-06-26T07:45:25","slug":"wholesale-soup-bucket","status":"publish","type":"product","link":"https:\/\/www.yongyukitchenware.com\/de\/produkt\/wholesale-soup-bucket\/","title":{"rendered":"Factory Direct Suppe Eimer Edelstahl gro\u00df mit Energieeinsparung Boden Commercial"},"content":{"rendered":"<div class=\"wp-block-columns is-layout-flex wp-container-core-columns-is-layout-9d6595d7 wp-block-columns-is-layout-flex\">\n<div class=\"wp-block-column is-layout-flow wp-block-column-is-layout-flow\">\n<h2 class=\"wp-block-heading\">Suppeneimer Merkmale:<\/h2>\n\n\n\n<p><strong>Verdicktes Material aus rostfreiem Stahl: <\/strong>die Auswahl von hochwertigem lebensmittelechtem Stahl, Materialsicherheit, Langlebigkeit<br><strong>Gro\u00dfes Fassungsverm\u00f6gen: <\/strong>geeignet f\u00fcr Gro\u00dfk\u00fcche kochendes Wasser, Suppe, Schmoren einmal getan, viele Menschen zur gleichen Zeit verwenden<br><strong>Design des Deckels: <\/strong>Versenkter Deckel, um das Versch\u00fctten der Fl\u00fcssigkeit zu verhindern, Der Deckel kann aufgeh\u00e4ngt werden, er kann am Rand des Eimers aufgeh\u00e4ngt werden, wenn er nicht benutzt wird, spart Platz und ber\u00fchrt nicht den Schreibtisch<br><strong>Skalengestaltung: <\/strong>interne Gravur-Kapazit\u00e4tsskala, \u00fcbersichtliche Darstellung der Kapazit\u00e4t, komfortabler in der Anwendung<br><strong>Behandlung mit Spiegelpolierern:<\/strong> die Oberfl\u00e4che ist gl\u00e4nzend wie ein Spiegel, leicht zu reinigen<\/p>\n\n\n\n<figure class=\"wp-block-image size-full is-style-default\"><img decoding=\"async\" width=\"800\" height=\"800\" src=\"https:\/\/www.yongyukitchenware.com\/wp-content\/uploads\/2024\/10\/soup-bucket-wholesale-5.webp\" alt=\"Suppeneimer Gro\u00dfhandel\" class=\"wp-image-2266\" style=\"aspect-ratio:1;object-fit:cover\" srcset=\"https:\/\/www.yongyukitchenware.com\/wp-content\/uploads\/2024\/10\/soup-bucket-wholesale-5.webp 800w, https:\/\/www.yongyukitchenware.com\/wp-content\/uploads\/2024\/10\/soup-bucket-wholesale-5-300x300.webp 300w, https:\/\/www.yongyukitchenware.com\/wp-content\/uploads\/2024\/10\/soup-bucket-wholesale-5-150x150.webp 150w, https:\/\/www.yongyukitchenware.com\/wp-content\/uploads\/2024\/10\/soup-bucket-wholesale-5-768x768.webp 768w, https:\/\/www.yongyukitchenware.com\/wp-content\/uploads\/2024\/10\/soup-bucket-wholesale-5-12x12.webp 12w, https:\/\/www.yongyukitchenware.com\/wp-content\/uploads\/2024\/10\/soup-bucket-wholesale-5-600x600.webp 600w, https:\/\/www.yongyukitchenware.com\/wp-content\/uploads\/2024\/10\/soup-bucket-wholesale-5-100x100.webp 100w\" sizes=\"(max-width: 800px) 100vw, 800px\" \/><\/figure>\n<\/div>\n\n\n\n<div class=\"wp-block-column is-layout-flow wp-block-column-is-layout-flow\">\n<figure class=\"wp-block-image size-full is-style-default\"><img decoding=\"async\" width=\"800\" height=\"800\" src=\"https:\/\/www.yongyukitchenware.com\/wp-content\/uploads\/2024\/10\/soup-bucket-wholesale-4.webp\" alt=\"Suppeneimer Gro\u00dfhandel\" class=\"wp-image-2265\" srcset=\"https:\/\/www.yongyukitchenware.com\/wp-content\/uploads\/2024\/10\/soup-bucket-wholesale-4.webp 800w, https:\/\/www.yongyukitchenware.com\/wp-content\/uploads\/2024\/10\/soup-bucket-wholesale-4-300x300.webp 300w, https:\/\/www.yongyukitchenware.com\/wp-content\/uploads\/2024\/10\/soup-bucket-wholesale-4-150x150.webp 150w, https:\/\/www.yongyukitchenware.com\/wp-content\/uploads\/2024\/10\/soup-bucket-wholesale-4-768x768.webp 768w, https:\/\/www.yongyukitchenware.com\/wp-content\/uploads\/2024\/10\/soup-bucket-wholesale-4-12x12.webp 12w, https:\/\/www.yongyukitchenware.com\/wp-content\/uploads\/2024\/10\/soup-bucket-wholesale-4-600x600.webp 600w, https:\/\/www.yongyukitchenware.com\/wp-content\/uploads\/2024\/10\/soup-bucket-wholesale-4-100x100.webp 100w\" sizes=\"(max-width: 800px) 100vw, 800px\" \/><\/figure>\n\n\n\n<h2 class=\"wp-block-heading\">Gr\u00f6\u00dfe des Suppeneimers:<\/h2>\n\n\n\n<figure class=\"wp-block-table\"><table class=\"has-fixed-layout\"><tbody><tr><td>Modell<\/td><td>Spezifikation<\/td><td>Gr\u00f6\u00dfe<\/td><td>Gewicht\uff08kg\uff09<\/td><td>MOQ<\/td><\/tr><tr><td rowspan=\"15\">DY019-T<\/td><td rowspan=\"5\">5.0 Suppenk\u00fcbel (mit Skala)<\/td><td>30*31cm<\/td><td>2,6 kg<\/td><td rowspan=\"15\">10PCS<\/td><\/tr><tr><td>35*36cm<\/td><td>3,5 kg<\/td><\/tr><tr><td>40*42cm<\/td><td>4,35 kg<\/td><\/tr><tr><td>45*46cm<\/td><td>5,4 kg<\/td><\/tr><tr><td>50*51cm<\/td><td>6,6 kg<\/td><\/tr><tr><td rowspan=\"5\">6.0 Suppenk\u00fcbel (mit Skala)<\/td><td>35*36cm<\/td><td>3,9 kg<\/td><\/tr><tr><td>40*42cm<\/td><td>4,9 kg<\/td><\/tr><tr><td>45*46cm<\/td><td>6,4 kg<\/td><\/tr><tr><td>50*51cm<\/td><td>8kg<\/td><\/tr><tr><td>60*61cm<\/td><td>11kg<\/td><\/tr><tr><td rowspan=\"5\">6.0 Suppentopf (mit Skala)<\/td><td>35*26cm<\/td><td>3,1 kg<\/td><\/tr><tr><td>40*28cm<\/td><td>3,9 kg<\/td><\/tr><tr><td>45*30cm<\/td><td>5,1 kg<\/td><\/tr><tr><td>50*32cm<\/td><td>6kg<\/td><\/tr><tr><td>60*37cm<\/td><td>8,4 kg<\/td><\/tr><\/tbody><\/table><\/figure>\n<\/div>\n<\/div>\n\n\n\n<p><\/p>","protected":false},"excerpt":{"rendered":"<p>Yongyu ist ein zuverl\u00e4ssiger Lieferant von Suppeneimern aus rostfreiem Stahl. Unsere Eimer f\u00fcr den Hausgebrauch und den Handel haben eine langlebige Konstruktion und robuste Griffe, ein gro\u00dfes Fassungsverm\u00f6gen und eine starke Tragf\u00e4higkeit, und wir unterst\u00fctzen den Verkauf \u00fcber Amazon!<\/p>\n<h2>Attribut \"Suppeneimer\":<\/h2>\n<p><strong>Material:<\/strong> rostfreier Stahl<br \/><strong>Handgriff:<\/strong> dicker Griff<br \/><strong>Gr\u00f6\u00dfen:<\/strong> 12-16 L<br \/><strong>Eimer Design:<\/strong> Hochglanzpolitur und verdickter Flachboden<br \/><strong>Verpacken:<\/strong> Beutel\/Sammelgut\/Karton oder individuell<br \/><strong>OEM\/ODM:<\/strong> optional<\/p>\n<h2 class=\"wp-block-heading\">Von Yongyu Kitchenware Hersteller:<\/h2>\n<p>Yongyu ist ein professioneller Hersteller von K\u00fcchenger\u00e4ten. Zu unseren Produkten geh\u00f6ren alle Arten von Kochgeschirr und K\u00fcchenzubeh\u00f6r aus Edelstahl. Wir bieten ma\u00dfgeschneiderte L\u00f6sungen mit hochwertigen Produkten zu Fabrikpreisen.<\/p>","protected":false},"featured_media":2264,"comment_status":"closed","ping_status":"closed","template":"","meta":{"_acf_changed":true},"application":[29,30],"product_brand":[],"product_cat":[22,41],"product_tag":[],"class_list":{"0":"post-1984","1":"product","2":"type-product","3":"status-publish","4":"has-post-thumbnail","6":"application-home-kitchen","7":"application-hotel-catering","8":"product_cat-catering-supplies-wholesale","9":"product_cat-soup-pot-wholesale","11":"first","12":"instock","13":"shipping-taxable","14":"product-type-simple"},"acf":[],"_links":{"self":[{"href":"https:\/\/www.yongyukitchenware.com\/de\/wp-json\/wp\/v2\/product\/1984","targetHints":{"allow":["GET"]}}],"collection":[{"href":"https:\/\/www.yongyukitchenware.com\/de\/wp-json\/wp\/v2\/product"}],"about":[{"href":"https:\/\/www.yongyukitchenware.com\/de\/wp-json\/wp\/v2\/types\/product"}],"replies":[{"embeddable":true,"href":"https:\/\/www.yongyukitchenware.com\/de\/wp-json\/wp\/v2\/comments?post=1984"}],"wp:featuredmedia":[{"embeddable":true,"href":"https:\/\/www.yongyukitchenware.com\/de\/wp-json\/wp\/v2\/media\/2264"}],"wp:attachment":[{"href":"https:\/\/www.yongyukitchenware.com\/de\/wp-json\/wp\/v2\/media?parent=1984"}],"wp:term":[{"taxonomy":"application","embeddable":true,"href":"https:\/\/www.yongyukitchenware.com\/de\/wp-json\/wp\/v2\/application?post=1984"},{"taxonomy":"product_brand","embeddable":true,"href":"https:\/\/www.yongyukitchenware.com\/de\/wp-json\/wp\/v2\/product_brand?post=1984"},{"taxonomy":"product_cat","embeddable":true,"href":"https:\/\/www.yongyukitchenware.com\/de\/wp-json\/wp\/v2\/product_cat?post=1984"},{"taxonomy":"product_tag","embeddable":true,"href":"https:\/\/www.yongyukitchenware.com\/de\/wp-json\/wp\/v2\/product_tag?post=1984"}],"curies":[{"name":"wp","href":"https:\/\/api.w.org\/{rel}","templated":true}]}}