{"id":2000,"date":"2024-11-16T08:29:48","date_gmt":"2024-11-16T08:29:48","guid":{"rendered":"https:\/\/www.yongyukitchenware.com\/?post_type=product&#038;p=2000"},"modified":"2025-06-26T07:43:01","modified_gmt":"2025-06-26T07:43:01","slug":"wholesale-stainless-steel-stock-pot","status":"publish","type":"product","link":"https:\/\/www.yongyukitchenware.com\/de\/produkt\/wholesale-stainless-steel-stock-pot\/","title":{"rendered":"Gro\u00dfhandel Edelstahl Stock Pot Large 12-16L f\u00fcr das Kochen von Suppe"},"content":{"rendered":"<div class=\"wp-block-columns is-layout-flex wp-container-core-columns-is-layout-9d6595d7 wp-block-columns-is-layout-flex\">\n<div class=\"wp-block-column is-layout-flow wp-block-column-is-layout-flow\">\n<h2 class=\"wp-block-heading\">Edelstahl Br\u00fche Topf Merkmale:<\/h2>\n\n\n\n<p><strong>Hochwertige Materialien<\/strong><br>Hergestellt aus lebensmittelechtem Edelstahl, sicher, langlebig und f\u00fcr den langfristigen Kontakt mit Lebensmitteln geeignet.<\/p>\n\n\n\n<p><strong>Effiziente W\u00e4rmeerhaltung<\/strong><br>Das doppelschichtige Design und das dickwandige Material k\u00f6nnen die Temperatur der Suppe lange Zeit halten.<\/p>\n\n\n\n<p><strong>Langlebiges Design<\/strong><br>Der dicke Schaft und der feste Griff sorgen daf\u00fcr, dass er sich w\u00e4hrend des Gebrauchs nicht so leicht verformt, und unterst\u00fctzen eine starke Beanspruchung.<\/p>\n\n\n\n<p><strong>Ausgestattet mit Anti\u00fcberlaufdeckel<\/strong><br>Verhindert das Auslaufen von Fl\u00fcssigkeiten und gew\u00e4hrleistet sicheren Transport und Lagerung.<\/p>\n\n\n\n<p><strong>Vielseitig einsetzbar<\/strong><br>Kann f\u00fcr Suppen, Eint\u00f6pfe, Getr\u00e4nke usw. verwendet werden und eignet sich f\u00fcr Restaurants, B\u00fcfetts, Veranstaltungen im Freien und andere Szenarien.<\/p>\n\n\n\n<p><strong>Ma\u00dfgeschneiderter Service<\/strong><br>Individuelles Logo, Gr\u00f6\u00dfe oder spezielle Funktionen k\u00f6nnen je nach Marken- oder Gesch\u00e4ftsanforderungen gestaltet werden.<\/p>\n<\/div>\n\n\n\n<div class=\"wp-block-column is-layout-flow wp-block-column-is-layout-flow\">\n<figure class=\"wp-block-image size-full is-style-default\"><img decoding=\"async\" width=\"800\" height=\"800\" src=\"https:\/\/www.yongyukitchenware.com\/wp-content\/uploads\/2024\/10\/Stainless-Steel-Stock-Pot-Wholesale-5.webp\" alt=\"Edelstahl Stock Pot Gro\u00dfhandel\" class=\"wp-image-2281\" srcset=\"https:\/\/www.yongyukitchenware.com\/wp-content\/uploads\/2024\/10\/Stainless-Steel-Stock-Pot-Wholesale-5.webp 800w, https:\/\/www.yongyukitchenware.com\/wp-content\/uploads\/2024\/10\/Stainless-Steel-Stock-Pot-Wholesale-5-300x300.webp 300w, https:\/\/www.yongyukitchenware.com\/wp-content\/uploads\/2024\/10\/Stainless-Steel-Stock-Pot-Wholesale-5-150x150.webp 150w, https:\/\/www.yongyukitchenware.com\/wp-content\/uploads\/2024\/10\/Stainless-Steel-Stock-Pot-Wholesale-5-768x768.webp 768w, https:\/\/www.yongyukitchenware.com\/wp-content\/uploads\/2024\/10\/Stainless-Steel-Stock-Pot-Wholesale-5-12x12.webp 12w, https:\/\/www.yongyukitchenware.com\/wp-content\/uploads\/2024\/10\/Stainless-Steel-Stock-Pot-Wholesale-5-600x600.webp 600w, https:\/\/www.yongyukitchenware.com\/wp-content\/uploads\/2024\/10\/Stainless-Steel-Stock-Pot-Wholesale-5-100x100.webp 100w\" sizes=\"(max-width: 800px) 100vw, 800px\" \/><\/figure>\n<\/div>\n<\/div>\n\n\n\n<div class=\"wp-block-columns is-layout-flex wp-container-core-columns-is-layout-9d6595d7 wp-block-columns-is-layout-flex\">\n<div class=\"wp-block-column is-layout-flow wp-block-column-is-layout-flow\">\n<figure class=\"wp-block-image size-full is-style-default\"><img decoding=\"async\" width=\"800\" height=\"800\" src=\"https:\/\/www.yongyukitchenware.com\/wp-content\/uploads\/2024\/10\/Stainless-Steel-Stock-Pot-Wholesale-1.webp\" alt=\"Edelstahl Stock Pot Gro\u00dfhandel\" class=\"wp-image-2277\" style=\"aspect-ratio:1;object-fit:cover\" srcset=\"https:\/\/www.yongyukitchenware.com\/wp-content\/uploads\/2024\/10\/Stainless-Steel-Stock-Pot-Wholesale-1.webp 800w, https:\/\/www.yongyukitchenware.com\/wp-content\/uploads\/2024\/10\/Stainless-Steel-Stock-Pot-Wholesale-1-300x300.webp 300w, https:\/\/www.yongyukitchenware.com\/wp-content\/uploads\/2024\/10\/Stainless-Steel-Stock-Pot-Wholesale-1-150x150.webp 150w, https:\/\/www.yongyukitchenware.com\/wp-content\/uploads\/2024\/10\/Stainless-Steel-Stock-Pot-Wholesale-1-768x768.webp 768w, https:\/\/www.yongyukitchenware.com\/wp-content\/uploads\/2024\/10\/Stainless-Steel-Stock-Pot-Wholesale-1-12x12.webp 12w, https:\/\/www.yongyukitchenware.com\/wp-content\/uploads\/2024\/10\/Stainless-Steel-Stock-Pot-Wholesale-1-600x600.webp 600w, https:\/\/www.yongyukitchenware.com\/wp-content\/uploads\/2024\/10\/Stainless-Steel-Stock-Pot-Wholesale-1-100x100.webp 100w\" sizes=\"(max-width: 800px) 100vw, 800px\" \/><\/figure>\n<\/div>\n\n\n\n<div class=\"wp-block-column is-layout-flow wp-block-column-is-layout-flow\">\n<h2 class=\"wp-block-heading\">Edelstahl Br\u00fche Topf Gr\u00f6\u00dfe:<\/h2>\n\n\n\n<figure class=\"wp-block-table\"><table class=\"has-fixed-layout\"><tbody><tr><td>Modell<\/td><td>Spezifikation<\/td><td>Gr\u00f6\u00dfe<\/td><td>Gewicht\uff08kg\uff09<\/td><td>MOQ<\/td><\/tr><tr><td rowspan=\"12\">DY016-T<\/td><td rowspan=\"6\">3.8 Suppenk\u00fcbel (mit Skala)<\/td><td>30*31cm<\/td><td>2,5 kg<\/td><td rowspan=\"12\">12PCS<\/td><\/tr><tr><td>35*36cm<\/td><td>3,3 kg<\/td><\/tr><tr><td>40*41cm<\/td><td>4,1 kg<\/td><\/tr><tr><td>45*46cm<\/td><td>5,5 kg<\/td><\/tr><tr><td>50*51cm<\/td><td>6,5 kg<\/td><\/tr><tr><td>60*61cm<\/td><td>9kg<\/td><\/tr><tr><td rowspan=\"6\">3.8 Suppentopf (mit Skala)<\/td><td>30*23cm<\/td><td>2,05 kg<\/td><\/tr><tr><td>35*25cm<\/td><td>2,6 kg<\/td><\/tr><tr><td>40*27cm<\/td><td>3,15 kg<\/td><\/tr><tr><td>45*29cm<\/td><td>4kg<\/td><\/tr><tr><td>50*31cm<\/td><td>4,6 kg<\/td><\/tr><tr><td>60*35cm<\/td><td>6,4 kg<\/td><\/tr><\/tbody><\/table><\/figure>\n<\/div>\n<\/div>\n\n\n\n<p><\/p>","protected":false},"excerpt":{"rendered":"<p>Gro\u00dfhandel und benutzerdefinierte Edelstahl Lager T\u00f6pfe, gro\u00dfe Kapazit\u00e4t geeignet f\u00fcr Gro\u00dfk\u00fcchen oder Restaurants. Unterst\u00fctzen Sie kundenspezifische Logo, Verpackung und andere Dienstleistungen, damit Sie Produkte schnell zu verkaufen.<\/p>\n<h2>Edelstahl Br\u00fche Topf Attribut:<\/h2>\n<p><strong>Material:<\/strong> rostfreier Stahl<br \/><strong>Handgriff:<\/strong> dicker Griff<br \/><strong>Gr\u00f6\u00dfen:<\/strong> 12-19L<br \/><strong>Eimer Design:<\/strong> Hochglanzpolitur und verdickter Flachboden<br \/><strong>Verpacken:<\/strong> Beutel\/Sammelgut\/Karton oder individuell<br \/><strong>OEM\/ODM:<\/strong> optional<\/p>\n<h2 class=\"wp-block-heading\">Von Yongyu Kitchenware Hersteller:<\/h2>\n<p>Yongyu ist ein professioneller Hersteller von K\u00fcchenger\u00e4ten. Zu unseren Produkten geh\u00f6ren alle Arten von Kochgeschirr und K\u00fcchenzubeh\u00f6r aus Edelstahl. Wir bieten ma\u00dfgeschneiderte L\u00f6sungen mit hochwertigen Produkten zu Fabrikpreisen.<\/p>","protected":false},"featured_media":2282,"comment_status":"closed","ping_status":"closed","template":"","meta":{"_acf_changed":true},"application":[29,30],"product_brand":[],"product_cat":[22,41],"product_tag":[],"class_list":{"0":"post-2000","1":"product","2":"type-product","3":"status-publish","4":"has-post-thumbnail","6":"application-home-kitchen","7":"application-hotel-catering","8":"product_cat-catering-supplies-wholesale","9":"product_cat-soup-pot-wholesale","11":"first","12":"instock","13":"shipping-taxable","14":"product-type-simple"},"acf":[],"_links":{"self":[{"href":"https:\/\/www.yongyukitchenware.com\/de\/wp-json\/wp\/v2\/product\/2000","targetHints":{"allow":["GET"]}}],"collection":[{"href":"https:\/\/www.yongyukitchenware.com\/de\/wp-json\/wp\/v2\/product"}],"about":[{"href":"https:\/\/www.yongyukitchenware.com\/de\/wp-json\/wp\/v2\/types\/product"}],"replies":[{"embeddable":true,"href":"https:\/\/www.yongyukitchenware.com\/de\/wp-json\/wp\/v2\/comments?post=2000"}],"wp:featuredmedia":[{"embeddable":true,"href":"https:\/\/www.yongyukitchenware.com\/de\/wp-json\/wp\/v2\/media\/2282"}],"wp:attachment":[{"href":"https:\/\/www.yongyukitchenware.com\/de\/wp-json\/wp\/v2\/media?parent=2000"}],"wp:term":[{"taxonomy":"application","embeddable":true,"href":"https:\/\/www.yongyukitchenware.com\/de\/wp-json\/wp\/v2\/application?post=2000"},{"taxonomy":"product_brand","embeddable":true,"href":"https:\/\/www.yongyukitchenware.com\/de\/wp-json\/wp\/v2\/product_brand?post=2000"},{"taxonomy":"product_cat","embeddable":true,"href":"https:\/\/www.yongyukitchenware.com\/de\/wp-json\/wp\/v2\/product_cat?post=2000"},{"taxonomy":"product_tag","embeddable":true,"href":"https:\/\/www.yongyukitchenware.com\/de\/wp-json\/wp\/v2\/product_tag?post=2000"}],"curies":[{"name":"wp","href":"https:\/\/api.w.org\/{rel}","templated":true}]}}