{"id":2007,"date":"2024-11-16T08:52:59","date_gmt":"2024-11-16T08:52:59","guid":{"rendered":"https:\/\/www.yongyukitchenware.com\/?post_type=product&#038;p=2007"},"modified":"2025-06-26T07:42:15","modified_gmt":"2025-06-26T07:42:15","slug":"stainless-steel-soup-bucket-bulk","status":"publish","type":"product","link":"https:\/\/www.yongyukitchenware.com\/de\/produkt\/stainless-steel-soup-bucket-bulk\/","title":{"rendered":"Gro\u00dfer Edelstahl-Suppeneimer mit Deckel und Griff"},"content":{"rendered":"<div class=\"wp-block-columns is-layout-flex wp-container-core-columns-is-layout-9d6595d7 wp-block-columns-is-layout-flex\">\n<div class=\"wp-block-column is-layout-flow wp-block-column-is-layout-flow\">\n<h2 class=\"wp-block-heading\">Edelstahl-Suppeneimer Merkmale:<\/h2>\n\n\n\n<p><strong>Hochwertige Materialien<\/strong><br>Die Verwendung von hochwertigem, lebensmittelechtem Edelstahl 304 gew\u00e4hrleistet die Sicherheit und Haltbarkeit des Produkts.<\/p>\n\n\n\n<p><strong>Leicht zu reinigen<\/strong><br>Die Edelstahloberfl\u00e4che ist glatt und nach dem Gebrauch leicht zu reinigen, was den Hygieneanforderungen in der Gastronomie sehr entgegenkommt.<\/p>\n\n\n\n<p><strong>Hohe Temperaturbest\u00e4ndigkeit<\/strong><br>Der Suppeneimer aus rostfreiem Stahl kann hohen Temperaturschwankungen standhalten, egal ob er kalt gelagert oder erhitzt wird, er kann eine gute Leistung beibehalten und eignet sich f\u00fcr verschiedene Koch- und Lagerungsanforderungen.<\/p>\n\n\n\n<p><strong>Vern\u00fcnftiges Design<\/strong><br>Es sind 12-19 Liter erh\u00e4ltlich, um den Anforderungen unterschiedlicher Kapazit\u00e4ten gerecht zu werden. Die Griffe und der Tragering erleichtern das Tragen, und der versiegelte Deckel verhindert das Auslaufen von Fl\u00fcssigkeiten.<\/p>\n\n\n\n<p><strong>Multifunktionaler Einsatz<\/strong><br>Kann f\u00fcr die Zubereitung anderer Speisen, wie Eint\u00f6pfe, Brei usw., verwendet werden.<\/p>\n\n\n\n<p><strong>Ma\u00dfgeschneiderte Optionen<\/strong><br>Bieten Sie ma\u00dfgeschneiderte Dienstleistungen wie Gravur, Logodruck usw. an, um die Bed\u00fcrfnisse von Firmenkunden zu erf\u00fcllen und das Markenimage zu verbessern.<\/p>\n<\/div>\n\n\n\n<div class=\"wp-block-column is-layout-flow wp-block-column-is-layout-flow\">\n<figure class=\"wp-block-image size-full is-style-default\"><img decoding=\"async\" width=\"800\" height=\"800\" src=\"https:\/\/www.yongyukitchenware.com\/wp-content\/uploads\/2024\/10\/bulk-Stainless-Steel-Soup-Bucket-4.webp\" alt=\"lose Edelstahl-Suppeneimer \" class=\"wp-image-2287\" srcset=\"https:\/\/www.yongyukitchenware.com\/wp-content\/uploads\/2024\/10\/bulk-Stainless-Steel-Soup-Bucket-4.webp 800w, https:\/\/www.yongyukitchenware.com\/wp-content\/uploads\/2024\/10\/bulk-Stainless-Steel-Soup-Bucket-4-300x300.webp 300w, https:\/\/www.yongyukitchenware.com\/wp-content\/uploads\/2024\/10\/bulk-Stainless-Steel-Soup-Bucket-4-150x150.webp 150w, https:\/\/www.yongyukitchenware.com\/wp-content\/uploads\/2024\/10\/bulk-Stainless-Steel-Soup-Bucket-4-768x768.webp 768w, https:\/\/www.yongyukitchenware.com\/wp-content\/uploads\/2024\/10\/bulk-Stainless-Steel-Soup-Bucket-4-12x12.webp 12w, https:\/\/www.yongyukitchenware.com\/wp-content\/uploads\/2024\/10\/bulk-Stainless-Steel-Soup-Bucket-4-600x600.webp 600w, https:\/\/www.yongyukitchenware.com\/wp-content\/uploads\/2024\/10\/bulk-Stainless-Steel-Soup-Bucket-4-100x100.webp 100w\" sizes=\"(max-width: 800px) 100vw, 800px\" \/><\/figure>\n<\/div>\n<\/div>\n\n\n\n<div class=\"wp-block-columns is-layout-flex wp-container-core-columns-is-layout-9d6595d7 wp-block-columns-is-layout-flex\">\n<div class=\"wp-block-column is-layout-flow wp-block-column-is-layout-flow\"><div class=\"wp-block-image is-style-default\">\n<figure class=\"aligncenter size-full\"><img decoding=\"async\" width=\"800\" height=\"800\" src=\"https:\/\/www.yongyukitchenware.com\/wp-content\/uploads\/2024\/10\/bulk-Stainless-Steel-Soup-Bucket-5.webp\" alt=\"lose Edelstahl-Suppeneimer\" class=\"wp-image-2288\" style=\"aspect-ratio:1;object-fit:cover\" srcset=\"https:\/\/www.yongyukitchenware.com\/wp-content\/uploads\/2024\/10\/bulk-Stainless-Steel-Soup-Bucket-5.webp 800w, https:\/\/www.yongyukitchenware.com\/wp-content\/uploads\/2024\/10\/bulk-Stainless-Steel-Soup-Bucket-5-300x300.webp 300w, https:\/\/www.yongyukitchenware.com\/wp-content\/uploads\/2024\/10\/bulk-Stainless-Steel-Soup-Bucket-5-150x150.webp 150w, https:\/\/www.yongyukitchenware.com\/wp-content\/uploads\/2024\/10\/bulk-Stainless-Steel-Soup-Bucket-5-768x768.webp 768w, https:\/\/www.yongyukitchenware.com\/wp-content\/uploads\/2024\/10\/bulk-Stainless-Steel-Soup-Bucket-5-12x12.webp 12w, https:\/\/www.yongyukitchenware.com\/wp-content\/uploads\/2024\/10\/bulk-Stainless-Steel-Soup-Bucket-5-600x600.webp 600w, https:\/\/www.yongyukitchenware.com\/wp-content\/uploads\/2024\/10\/bulk-Stainless-Steel-Soup-Bucket-5-100x100.webp 100w\" sizes=\"(max-width: 800px) 100vw, 800px\" \/><\/figure>\n<\/div><\/div>\n\n\n\n<div class=\"wp-block-column is-layout-flow wp-block-column-is-layout-flow\">\n<h2 class=\"wp-block-heading\">Edelstahl-Suppeneimer Gr\u00f6\u00dfe:<\/h2>\n\n\n\n<figure class=\"wp-block-table\"><table class=\"has-fixed-layout\"><tbody><tr><td>Modell<\/td><td>Spezifikation<\/td><td>Gr\u00f6\u00dfe<\/td><td>Gewicht\uff08kg\uff09<\/td><td>MOQ<\/td><\/tr><tr><td rowspan=\"14\">DY015-T<\/td><td rowspan=\"6\">2.8 Suppenk\u00fcbel (mit Skala)<\/td><td>25*26cm<\/td><td>1,2 kg<\/td><td rowspan=\"14\">28 STCK.<\/td><\/tr><tr><td>30*31cm<\/td><td>2kg<\/td><\/tr><tr><td>35*36cm<\/td><td>2,7 kg<\/td><\/tr><tr><td>40*41cm<\/td><td>3,5 kg<\/td><\/tr><tr><td>45*46cm<\/td><td>4,5 kg<\/td><\/tr><tr><td>50*51cm<\/td><td>5,4 kg<\/td><\/tr><tr><td rowspan=\"5\">2.8 Suppentopf (mit Skala)<\/td><td>30*23cm<\/td><td>1,6 kg<\/td><\/tr><tr><td>35*25cm<\/td><td>2.1kg<\/td><\/tr><tr><td>40*27cm<\/td><td>2,6 kg<\/td><\/tr><tr><td>45*29cm<\/td><td>3,4 kg<\/td><\/tr><tr><td>50*31cm<\/td><td>3,95 kg<\/td><\/tr><tr><td rowspan=\"3\">2.8 Eimer (mit Skala)<\/td><td>25*25cm<\/td><td>1,2 kg<\/td><\/tr><tr><td>30*30cm<\/td><td>2kg<\/td><\/tr><tr><td>35*35cm<\/td><td>2,75 kg<\/td><\/tr><\/tbody><\/table><\/figure>\n<\/div>\n<\/div>\n\n\n\n<div class=\"wp-block-columns is-layout-flex wp-container-core-columns-is-layout-9d6595d7 wp-block-columns-is-layout-flex\">\n<div class=\"wp-block-column is-layout-flow wp-block-column-is-layout-flow\"><\/div>\n\n\n\n<div class=\"wp-block-column is-layout-flow wp-block-column-is-layout-flow\"><\/div>\n<\/div>\n\n\n\n<p><\/p>","protected":false},"excerpt":{"rendered":"<p>Von Yongyu Edelstahl Suppe Eimer Lieferant, One-Stop-Gro\u00dfhandel und benutzerdefinierte Suppe T\u00f6pfe mit verschiedenen Gr\u00f6\u00dfen, geeignet f\u00fcr Gro\u00dfk\u00fcchen, Hotels, Restaurants, etc. Sicherheit und Qualit\u00e4tssicherung, schnelle Lieferung, willkommen, uns f\u00fcr kostenlose Anfrage zu kontaktieren!<\/p>\n<h2>Edelstahl-Suppeneimer Attribut:<\/h2>\n<p><strong>Material:<\/strong> rostfreier Stahl<br \/><strong>Handgriff:<\/strong> dicker Griff<br \/><strong>Gr\u00f6\u00dfen:<\/strong> 12-19L<br \/><strong>Eimer Design:<\/strong> Hochglanzpolitur und verdickter Flachboden<br \/><strong>Verpacken:<\/strong> Beutel\/Sammelgut\/Karton oder individuell<br \/><strong>OEM\/ODM:<\/strong> optional<\/p>\n<h2 class=\"wp-block-heading\">Von Yongyu Kitchenware Hersteller:<\/h2>\n<p>Yongyu ist ein professioneller Hersteller von K\u00fcchenger\u00e4ten. Zu unseren Produkten geh\u00f6ren alle Arten von Kochgeschirr und K\u00fcchenzubeh\u00f6r aus Edelstahl. Wir bieten ma\u00dfgeschneiderte L\u00f6sungen mit hochwertigen Produkten zu Fabrikpreisen.<\/p>","protected":false},"featured_media":2284,"comment_status":"closed","ping_status":"closed","template":"","meta":{"_acf_changed":true},"application":[29,30],"product_brand":[],"product_cat":[22,41],"product_tag":[],"class_list":{"0":"post-2007","1":"product","2":"type-product","3":"status-publish","4":"has-post-thumbnail","6":"application-home-kitchen","7":"application-hotel-catering","8":"product_cat-catering-supplies-wholesale","9":"product_cat-soup-pot-wholesale","11":"first","12":"instock","13":"shipping-taxable","14":"product-type-simple"},"acf":[],"_links":{"self":[{"href":"https:\/\/www.yongyukitchenware.com\/de\/wp-json\/wp\/v2\/product\/2007","targetHints":{"allow":["GET"]}}],"collection":[{"href":"https:\/\/www.yongyukitchenware.com\/de\/wp-json\/wp\/v2\/product"}],"about":[{"href":"https:\/\/www.yongyukitchenware.com\/de\/wp-json\/wp\/v2\/types\/product"}],"replies":[{"embeddable":true,"href":"https:\/\/www.yongyukitchenware.com\/de\/wp-json\/wp\/v2\/comments?post=2007"}],"wp:featuredmedia":[{"embeddable":true,"href":"https:\/\/www.yongyukitchenware.com\/de\/wp-json\/wp\/v2\/media\/2284"}],"wp:attachment":[{"href":"https:\/\/www.yongyukitchenware.com\/de\/wp-json\/wp\/v2\/media?parent=2007"}],"wp:term":[{"taxonomy":"application","embeddable":true,"href":"https:\/\/www.yongyukitchenware.com\/de\/wp-json\/wp\/v2\/application?post=2007"},{"taxonomy":"product_brand","embeddable":true,"href":"https:\/\/www.yongyukitchenware.com\/de\/wp-json\/wp\/v2\/product_brand?post=2007"},{"taxonomy":"product_cat","embeddable":true,"href":"https:\/\/www.yongyukitchenware.com\/de\/wp-json\/wp\/v2\/product_cat?post=2007"},{"taxonomy":"product_tag","embeddable":true,"href":"https:\/\/www.yongyukitchenware.com\/de\/wp-json\/wp\/v2\/product_tag?post=2007"}],"curies":[{"name":"wp","href":"https:\/\/api.w.org\/{rel}","templated":true}]}}