{"id":2031,"date":"2024-11-16T10:06:49","date_gmt":"2024-11-16T10:06:49","guid":{"rendered":"https:\/\/www.yongyukitchenware.com\/?post_type=product&#038;p=2031"},"modified":"2025-06-26T07:40:16","modified_gmt":"2025-06-26T07:40:16","slug":"bulk-insulated-barrel","status":"publish","type":"product","link":"https:\/\/www.yongyukitchenware.com\/de\/produkt\/bulk-insulated-barrel\/","title":{"rendered":"Isoliertes Fass aus Edelstahl 10-60L Eiswasserfass"},"content":{"rendered":"<div class=\"wp-block-columns is-layout-flex wp-container-core-columns-is-layout-9d6595d7 wp-block-columns-is-layout-flex\">\n<div class=\"wp-block-column is-layout-flow wp-block-column-is-layout-flow\">\n<h2 class=\"wp-block-heading\">Isoliertes Fass Merkmale:<\/h2>\n\n\n\n<p><strong>Drei Schichten der Temperatursicherungsstruktur: <\/strong>die innere Schicht aus lebensmittelechtem Edelstahl, Zwischenschicht aus PU-Schaumstoff, die \u00e4u\u00dfere Schicht aus PE-Kunststoff, langfristige W\u00e4rmed\u00e4mmung und K\u00e4lteschutz<\/p>\n\n\n\n<p><strong>Auskleidung aus verdicktem Edelstahl: <\/strong>Die Einlage ist aus hochwertigem, lebensmittelechtem Edelstahl gefertigt, der sicher und langlebig ist.<\/p>\n\n\n\n<p><strong>Gro\u00dfes Fassungsverm\u00f6gen:<\/strong> 10-60 Liter Fassungsverm\u00f6gen sind optional, um verschiedene Anforderungen zu erf\u00fcllen<\/p>\n\n\n\n<p><strong>Doppelt dichtendes Design: <\/strong>der Deckel hat einen eingebauten Silikondichtring, und beide Seiten des Schlosses sind verst\u00e4rkt, gute Abdichtung, zus\u00e4tzlich zu den Deckel mit einem Entl\u00fcftungsventil Design, um das Problem der starken Druck nicht \u00f6ffnen Sie den Deckel<\/p>\n\n\n\n<p><strong>Dickerer Griff:<\/strong> dickerer Griff mit dauerhafter, starker Tragf\u00e4higkeit<\/p>\n<\/div>\n\n\n\n<div class=\"wp-block-column is-layout-flow wp-block-column-is-layout-flow\">\n<figure class=\"wp-block-image size-full is-style-default\"><img decoding=\"async\" width=\"800\" height=\"800\" src=\"https:\/\/www.yongyukitchenware.com\/wp-content\/uploads\/2024\/10\/Insulated-Barrel-bulk-4.webp\" alt=\"Isolierte F\u00e4sser in loser Sch\u00fcttung\" class=\"wp-image-2294\" srcset=\"https:\/\/www.yongyukitchenware.com\/wp-content\/uploads\/2024\/10\/Insulated-Barrel-bulk-4.webp 800w, https:\/\/www.yongyukitchenware.com\/wp-content\/uploads\/2024\/10\/Insulated-Barrel-bulk-4-300x300.webp 300w, https:\/\/www.yongyukitchenware.com\/wp-content\/uploads\/2024\/10\/Insulated-Barrel-bulk-4-150x150.webp 150w, https:\/\/www.yongyukitchenware.com\/wp-content\/uploads\/2024\/10\/Insulated-Barrel-bulk-4-768x768.webp 768w, https:\/\/www.yongyukitchenware.com\/wp-content\/uploads\/2024\/10\/Insulated-Barrel-bulk-4-12x12.webp 12w, https:\/\/www.yongyukitchenware.com\/wp-content\/uploads\/2024\/10\/Insulated-Barrel-bulk-4-600x600.webp 600w, https:\/\/www.yongyukitchenware.com\/wp-content\/uploads\/2024\/10\/Insulated-Barrel-bulk-4-100x100.webp 100w\" sizes=\"(max-width: 800px) 100vw, 800px\" \/><\/figure>\n<\/div>\n<\/div>\n\n\n\n<div class=\"wp-block-columns is-layout-flex wp-container-core-columns-is-layout-9d6595d7 wp-block-columns-is-layout-flex\">\n<div class=\"wp-block-column is-layout-flow wp-block-column-is-layout-flow\">\n<div class=\"wp-block-group is-nowrap is-layout-flex wp-container-core-group-is-layout-ad2f72ca wp-block-group-is-layout-flex\"><div class=\"wp-block-image\">\n<figure class=\"aligncenter size-full\"><img decoding=\"async\" width=\"800\" height=\"800\" src=\"https:\/\/www.yongyukitchenware.com\/wp-content\/uploads\/2024\/10\/Insulated-Barrel-bulk-1.webp\" alt=\"Isolierte F\u00e4sser in loser Sch\u00fcttung\" class=\"wp-image-2291\" srcset=\"https:\/\/www.yongyukitchenware.com\/wp-content\/uploads\/2024\/10\/Insulated-Barrel-bulk-1.webp 800w, https:\/\/www.yongyukitchenware.com\/wp-content\/uploads\/2024\/10\/Insulated-Barrel-bulk-1-300x300.webp 300w, https:\/\/www.yongyukitchenware.com\/wp-content\/uploads\/2024\/10\/Insulated-Barrel-bulk-1-150x150.webp 150w, https:\/\/www.yongyukitchenware.com\/wp-content\/uploads\/2024\/10\/Insulated-Barrel-bulk-1-768x768.webp 768w, https:\/\/www.yongyukitchenware.com\/wp-content\/uploads\/2024\/10\/Insulated-Barrel-bulk-1-12x12.webp 12w, https:\/\/www.yongyukitchenware.com\/wp-content\/uploads\/2024\/10\/Insulated-Barrel-bulk-1-600x600.webp 600w, https:\/\/www.yongyukitchenware.com\/wp-content\/uploads\/2024\/10\/Insulated-Barrel-bulk-1-100x100.webp 100w\" sizes=\"(max-width: 800px) 100vw, 800px\" \/><\/figure>\n<\/div><\/div>\n<\/div>\n\n\n\n<div class=\"wp-block-column is-layout-flow wp-block-column-is-layout-flow\">\n<h2 class=\"wp-block-heading\">Isolierte Trommel Gr\u00f6\u00dfe:<\/h2>\n\n\n\n<figure class=\"wp-block-table\"><table class=\"has-fixed-layout\"><tbody><tr><td>Modell<\/td><td>Gr\u00f6\u00dfe<\/td><td>Durchmesser * H\u00f6he (cm)<\/td><td>MOQ<\/td><\/tr><tr><td rowspan=\"8\">DY012-T<\/td><td>10L<\/td><td>27*30cm<\/td><td rowspan=\"8\">12PCS<\/td><\/tr><tr><td>15L<\/td><td>30,5*30,5cm<\/td><\/tr><tr><td>20L<\/td><td>36*30cm<\/td><\/tr><tr><td>30L<\/td><td>36*39cm<\/td><\/tr><tr><td>36L<\/td><td>45,5*31,5cm<\/td><\/tr><tr><td>40L<\/td><td>36*52cm<\/td><\/tr><tr><td>50L<\/td><td>45*46cm<\/td><\/tr><tr><td>60L<\/td><td>45*53.2cm<\/td><\/tr><\/tbody><\/table><\/figure>\n<\/div>\n<\/div>\n\n\n\n<p><\/p>","protected":false},"excerpt":{"rendered":"<p>Isoliertes Gro\u00dfhandelsfass mit Hahnverschluss, geeignet f\u00fcr die Lagerung von Eis, kalten Getr\u00e4nken, hei\u00dfem Wasser usw. Es ist eine ideale Wahl f\u00fcr Catering, Camping und Auto K\u00fchlschr\u00e4nke. Bieten Sie hochwertige und kosteng\u00fcnstige kundenspezifische L\u00f6sungen und unterst\u00fctzen Sie den Amazon-Verkauf.<\/p>\n<h2>Isoliertes Fass Attribut:<\/h2>\n<p><strong>Material:<\/strong> Rostfreier Stahl<br \/><strong>Entwurf:<\/strong> Dreischichtiger Aufbau, versiegelter Deckel, stabiler Griff<br \/><strong>Farbe:<\/strong> Rot, braun, blau<br \/><strong>Gr\u00f6\u00dfen:<\/strong> 10-60L<br \/><strong>Verpacken:<\/strong> Beutel\/Sammelgut\/Karton oder kundenspezifisch<br \/><strong>OEM\/ODM:<\/strong>\u00a0 Verf\u00fcgbar<\/p>\n<h2 class=\"wp-block-heading\">Von Yongyu Catering Supplies Hersteller :<\/h2>\n<p>Ob Catering-Dienstleister, Hotel- und Gastst\u00e4ttenbetriebe oder Veranstaltungsplaner, wir bieten Ihnen komplette Gro\u00dfhandelsl\u00f6sungen f\u00fcr Gastronomiebedarf zu hochwertigen Fabrikpreisen!<\/p>","protected":false},"featured_media":2292,"comment_status":"closed","ping_status":"closed","template":"","meta":{"_acf_changed":false},"application":[30],"product_brand":[],"product_cat":[22,34],"product_tag":[],"class_list":{"0":"post-2031","1":"product","2":"type-product","3":"status-publish","4":"has-post-thumbnail","6":"application-hotel-catering","7":"product_cat-catering-supplies-wholesale","8":"product_cat-wholesale-drink-dispenser","10":"first","11":"instock","12":"shipping-taxable","13":"product-type-simple"},"acf":[],"_links":{"self":[{"href":"https:\/\/www.yongyukitchenware.com\/de\/wp-json\/wp\/v2\/product\/2031","targetHints":{"allow":["GET"]}}],"collection":[{"href":"https:\/\/www.yongyukitchenware.com\/de\/wp-json\/wp\/v2\/product"}],"about":[{"href":"https:\/\/www.yongyukitchenware.com\/de\/wp-json\/wp\/v2\/types\/product"}],"replies":[{"embeddable":true,"href":"https:\/\/www.yongyukitchenware.com\/de\/wp-json\/wp\/v2\/comments?post=2031"}],"wp:featuredmedia":[{"embeddable":true,"href":"https:\/\/www.yongyukitchenware.com\/de\/wp-json\/wp\/v2\/media\/2292"}],"wp:attachment":[{"href":"https:\/\/www.yongyukitchenware.com\/de\/wp-json\/wp\/v2\/media?parent=2031"}],"wp:term":[{"taxonomy":"application","embeddable":true,"href":"https:\/\/www.yongyukitchenware.com\/de\/wp-json\/wp\/v2\/application?post=2031"},{"taxonomy":"product_brand","embeddable":true,"href":"https:\/\/www.yongyukitchenware.com\/de\/wp-json\/wp\/v2\/product_brand?post=2031"},{"taxonomy":"product_cat","embeddable":true,"href":"https:\/\/www.yongyukitchenware.com\/de\/wp-json\/wp\/v2\/product_cat?post=2031"},{"taxonomy":"product_tag","embeddable":true,"href":"https:\/\/www.yongyukitchenware.com\/de\/wp-json\/wp\/v2\/product_tag?post=2031"}],"curies":[{"name":"wp","href":"https:\/\/api.w.org\/{rel}","templated":true}]}}