{"id":2075,"date":"2024-11-16T10:57:20","date_gmt":"2024-11-16T10:57:20","guid":{"rendered":"https:\/\/www.yongyukitchenware.com\/?post_type=product&#038;p=2075"},"modified":"2025-07-10T09:41:07","modified_gmt":"2025-07-10T09:41:07","slug":"bulk-insulated-beverage-dispenser","status":"publish","type":"product","link":"https:\/\/www.yongyukitchenware.com\/de\/produkt\/bulk-insulated-beverage-dispenser\/","title":{"rendered":"Isolierter Getr\u00e4nkespender aus Edelstahl Milch-Tee-Eimer"},"content":{"rendered":"<div class=\"wp-block-columns is-layout-flex wp-container-core-columns-is-layout-9d6595d7 wp-block-columns-is-layout-flex\">\n<div class=\"wp-block-column is-layout-flow wp-block-column-is-layout-flow\">\n<h2 class=\"wp-block-heading\">Isolierter Getr\u00e4nkespender Merkmale:<\/h2>\n\n\n\n<p><strong>Hochwertiger rostfreier Stahl:<\/strong> Lebensmittelqualit\u00e4t Edelstahl Material, Korrosionsbest\u00e4ndigkeit, kein Geruch, langlebig.<\/p>\n\n\n\n<p><strong>Spiralf\u00f6rmige Trommelabdeckung:<\/strong> rotierende Straffung ist nicht hei\u00df, W\u00e4rmeerhaltungseffekt ist nachhaltiger.<\/p>\n\n\n\n<p><strong>Tragbares Griffdesign:<\/strong> Der Griff besteht aus verdicktem Material, ist langlebig, f\u00e4llt nicht so leicht ab und kann bei Nichtgebrauch platzsparend abgestellt werden.<\/p>\n\n\n\n<p><strong>Zusammenklappbarer St\u00e4nder:<\/strong> Das untere Stativ kann erweitert\/geklappt werden, um die H\u00f6he zu erh\u00f6hen und die Flexibilit\u00e4t und den Komfort zu erh\u00f6hen.<\/p>\n\n\n\n<p><strong>Auslaufsichere Ventilkonstruktion: <\/strong>Fassk\u00f6rper mit Wasserhahn, ungiftiges und geschmacksneutrales Material, gesund und langlebig.<\/p>\n<\/div>\n\n\n\n<div class=\"wp-block-column is-layout-flow wp-block-column-is-layout-flow\">\n<figure class=\"wp-block-image size-full is-style-default\"><img decoding=\"async\" width=\"800\" height=\"800\" src=\"https:\/\/www.yongyukitchenware.com\/wp-content\/uploads\/2024\/10\/Insulated-Beverage-Dispenser-whoelsale-1.webp\" alt=\"Isolierter Getr\u00e4nkespender\" class=\"wp-image-2306\" srcset=\"https:\/\/www.yongyukitchenware.com\/wp-content\/uploads\/2024\/10\/Insulated-Beverage-Dispenser-whoelsale-1.webp 800w, https:\/\/www.yongyukitchenware.com\/wp-content\/uploads\/2024\/10\/Insulated-Beverage-Dispenser-whoelsale-1-300x300.webp 300w, https:\/\/www.yongyukitchenware.com\/wp-content\/uploads\/2024\/10\/Insulated-Beverage-Dispenser-whoelsale-1-150x150.webp 150w, https:\/\/www.yongyukitchenware.com\/wp-content\/uploads\/2024\/10\/Insulated-Beverage-Dispenser-whoelsale-1-768x768.webp 768w, https:\/\/www.yongyukitchenware.com\/wp-content\/uploads\/2024\/10\/Insulated-Beverage-Dispenser-whoelsale-1-12x12.webp 12w, https:\/\/www.yongyukitchenware.com\/wp-content\/uploads\/2024\/10\/Insulated-Beverage-Dispenser-whoelsale-1-600x600.webp 600w, https:\/\/www.yongyukitchenware.com\/wp-content\/uploads\/2024\/10\/Insulated-Beverage-Dispenser-whoelsale-1-100x100.webp 100w\" sizes=\"(max-width: 800px) 100vw, 800px\" \/><\/figure>\n<\/div>\n<\/div>\n\n\n\n<div class=\"wp-block-columns is-layout-flex wp-container-core-columns-is-layout-9d6595d7 wp-block-columns-is-layout-flex\">\n<div class=\"wp-block-column is-layout-flow wp-block-column-is-layout-flow\">\n<figure class=\"wp-block-image size-full\"><img decoding=\"async\" width=\"750\" height=\"750\" src=\"https:\/\/www.yongyukitchenware.com\/wp-content\/uploads\/2024\/10\/Insulated-Beverage-Dispenser-whoelsale-3.webp\" alt=\"Isolierter Getr\u00e4nkespender\" class=\"wp-image-2308\" srcset=\"https:\/\/www.yongyukitchenware.com\/wp-content\/uploads\/2024\/10\/Insulated-Beverage-Dispenser-whoelsale-3.webp 750w, https:\/\/www.yongyukitchenware.com\/wp-content\/uploads\/2024\/10\/Insulated-Beverage-Dispenser-whoelsale-3-300x300.webp 300w, https:\/\/www.yongyukitchenware.com\/wp-content\/uploads\/2024\/10\/Insulated-Beverage-Dispenser-whoelsale-3-150x150.webp 150w, https:\/\/www.yongyukitchenware.com\/wp-content\/uploads\/2024\/10\/Insulated-Beverage-Dispenser-whoelsale-3-12x12.webp 12w, https:\/\/www.yongyukitchenware.com\/wp-content\/uploads\/2024\/10\/Insulated-Beverage-Dispenser-whoelsale-3-600x600.webp 600w, https:\/\/www.yongyukitchenware.com\/wp-content\/uploads\/2024\/10\/Insulated-Beverage-Dispenser-whoelsale-3-100x100.webp 100w\" sizes=\"(max-width: 750px) 100vw, 750px\" \/><\/figure>\n<\/div>\n\n\n\n<div class=\"wp-block-column is-layout-flow wp-block-column-is-layout-flow\">\n<h2 class=\"wp-block-heading\">Isolierter Getr\u00e4nkespender Gr\u00f6\u00dfe:<\/h2>\n\n\n\n<figure class=\"wp-block-table\"><table class=\"has-fixed-layout\"><tbody><tr><td>Modell<\/td><td>Gr\u00f6\u00dfe<\/td><td>Durchmesser * H\u00f6he (cm)<\/td><td>MOQ<\/td><\/tr><tr><td rowspan=\"7\">DY009-T<\/td><td>6L<\/td><td>23.7*30.8<\/td><td rowspan=\"7\">6PCS<\/td><\/tr><tr><td>8L<\/td><td>23.7*35<\/td><\/tr><tr><td>10L<\/td><td>23.7*40<\/td><\/tr><tr><td>12L<\/td><td>23.7*45.5<\/td><\/tr><tr><td>14L<\/td><td>28.2*40.6<\/td><\/tr><tr><td>16L<\/td><td>28.2*45<\/td><\/tr><tr><td>18L<\/td><td>28.2*50<\/td><\/tr><\/tbody><\/table><\/figure>\n<\/div>\n<\/div>\n\n\n\n<p><\/p>","protected":false},"excerpt":{"rendered":"<p>Fabrik direkte Gro\u00dfhandel Edelstahl isoliert Getr\u00e4nkespender mit einem klappbaren Rack, tragbar und geeignet f\u00fcr isolierte Kaffee, Milch Tee und hei\u00dfe kalte Getr\u00e4nke. Es ist eine der notwendigen Catering-Ausr\u00fcstung f\u00fcr Buffets und Restaurants. Willkommen in der Masse anpassen, um den gr\u00f6\u00dften Rabatt zu erhalten.<\/p>\n<h2>Isolierter Getr\u00e4nkespender Parameter:<\/h2>\n<p><strong>Material:<\/strong> rostfreier Stahl<br \/><strong>Entwurf:<\/strong>\u00a0 mit drehbarem Deckel, festem Griff, klappbarem Stativ, Wasserhahn<br \/><strong>Gr\u00f6\u00dfen:<\/strong> 6-18L<br \/><strong>Farbe:<\/strong> Rot, Schwarz, Silber und mehr<br \/><strong>OEM\/ODM:<\/strong> optional<\/p>\n<div id=\"brxe-2aeb5b\" class=\"brxe-product-short-description brxe-text-basic\">\n<div class=\"woocommerce-product-details__short-description\">\n<h2 class=\"wp-block-heading\">Von Yongyu Catering Supplies Hersteller :<\/h2>\n<p>Ob Catering-Dienstleister, Hotel- und Gastst\u00e4ttenbetriebe oder Veranstaltungsplaner, wir bieten Ihnen komplette Gro\u00dfhandelsl\u00f6sungen f\u00fcr Gastronomiebedarf zu hochwertigen Fabrikpreisen!<\/p>\n<\/div>\n<\/div>","protected":false},"featured_media":2314,"comment_status":"closed","ping_status":"closed","template":"","meta":{"_acf_changed":true},"application":[30],"product_brand":[],"product_cat":[22,34],"product_tag":[],"class_list":{"0":"post-2075","1":"product","2":"type-product","3":"status-publish","4":"has-post-thumbnail","6":"application-hotel-catering","7":"product_cat-catering-supplies-wholesale","8":"product_cat-wholesale-drink-dispenser","10":"first","11":"instock","12":"shipping-taxable","13":"product-type-simple"},"acf":[],"_links":{"self":[{"href":"https:\/\/www.yongyukitchenware.com\/de\/wp-json\/wp\/v2\/product\/2075","targetHints":{"allow":["GET"]}}],"collection":[{"href":"https:\/\/www.yongyukitchenware.com\/de\/wp-json\/wp\/v2\/product"}],"about":[{"href":"https:\/\/www.yongyukitchenware.com\/de\/wp-json\/wp\/v2\/types\/product"}],"replies":[{"embeddable":true,"href":"https:\/\/www.yongyukitchenware.com\/de\/wp-json\/wp\/v2\/comments?post=2075"}],"wp:featuredmedia":[{"embeddable":true,"href":"https:\/\/www.yongyukitchenware.com\/de\/wp-json\/wp\/v2\/media\/2314"}],"wp:attachment":[{"href":"https:\/\/www.yongyukitchenware.com\/de\/wp-json\/wp\/v2\/media?parent=2075"}],"wp:term":[{"taxonomy":"application","embeddable":true,"href":"https:\/\/www.yongyukitchenware.com\/de\/wp-json\/wp\/v2\/application?post=2075"},{"taxonomy":"product_brand","embeddable":true,"href":"https:\/\/www.yongyukitchenware.com\/de\/wp-json\/wp\/v2\/product_brand?post=2075"},{"taxonomy":"product_cat","embeddable":true,"href":"https:\/\/www.yongyukitchenware.com\/de\/wp-json\/wp\/v2\/product_cat?post=2075"},{"taxonomy":"product_tag","embeddable":true,"href":"https:\/\/www.yongyukitchenware.com\/de\/wp-json\/wp\/v2\/product_tag?post=2075"}],"curies":[{"name":"wp","href":"https:\/\/api.w.org\/{rel}","templated":true}]}}