{"id":2090,"date":"2024-11-03T03:19:31","date_gmt":"2024-11-03T03:19:31","guid":{"rendered":"https:\/\/www.yongyukitchenware.com\/?post_type=product&#038;p=2090"},"modified":"2025-07-10T09:54:42","modified_gmt":"2025-07-10T09:54:42","slug":"baking-trays-stainless-steel-wholesale","status":"publish","type":"product","link":"https:\/\/www.yongyukitchenware.com\/de\/produkt\/baking-trays-stainless-steel-wholesale\/","title":{"rendered":"Gro\u00dfhandel Backbleche aus Edelstahl mit Rack gro\u00dfe Backform Backofen sicher"},"content":{"rendered":"<div class=\"wp-block-columns is-layout-flex wp-container-core-columns-is-layout-9d6595d7 wp-block-columns-is-layout-flex\">\n<div class=\"wp-block-column is-layout-flow wp-block-column-is-layout-flow\">\n<h2 class=\"wp-block-heading\">Gr\u00f6\u00dfe der Backbleche aus Edelstahl :<\/h2>\n\n\n\n<figure class=\"wp-block-table\"><table class=\"has-fixed-layout\"><tbody><tr><td>Modell<\/td><td>Tiefe<\/td><td>L\u00e4nge * Breite (cm)<\/td><td>MOQ<\/td><\/tr><tr><td rowspan=\"7\">DY044-P<\/td><td>2cm<\/td><td>18*13cm<\/td><td rowspan=\"7\">200 STCK.<\/td><\/tr><tr><td rowspan=\"4\">2,5 cm<\/td><td>23*17cm<\/td><\/tr><tr><td>26*20cm<\/td><\/tr><tr><td>31*24cm<\/td><\/tr><tr><td>40*30cm<\/td><\/tr><tr><td rowspan=\"2\">3cm<\/td><td>50*35cm<\/td><\/tr><tr><td>60*40cm<\/td><\/tr><\/tbody><\/table><\/figure>\n\n\n\n<h2 class=\"wp-block-heading\">Eigenschaften von Backblechen aus Edelstahl:<\/h2>\n\n\n\n<p><strong>Hochwertiger rostfreier Stahl: <\/strong>Material aus lebensmittelechtem Edelstahl, um die Haltbarkeit des Produkts sowie Sicherheit und Hygiene zu gew\u00e4hrleisten<br><strong>Vollst\u00e4ndige Spezifikationen:<\/strong> verschiedene Gr\u00f6\u00dfen f\u00fcr unterschiedliche Gerichte und Servicebed\u00fcrfnisse, die sich flexibel an eine Vielzahl von Anl\u00e4ssen anpassen lassen<br><strong>Umweltfreundliches Design:<\/strong> wiederverwendbar, wodurch die Verwendung von Einweggeschirr reduziert wird<br><strong>Curling-Verfahren: <\/strong>Glatte Kanten zur Vermeidung von Handverletzungen.<strong><br>Behandlung mit Spiegelpolierern: <\/strong>die Oberfl\u00e4che ist so hell wie ein Spiegel, leicht zu reinigen, h\u00e4lt die Hygiene aufrecht, geeignet f\u00fcr eine hochintensive Gastronomieumgebung<\/p>\n<\/div>\n\n\n\n<div class=\"wp-block-column is-layout-flow wp-block-column-is-layout-flow\">\n<figure class=\"wp-block-image size-full is-resized\"><img decoding=\"async\" width=\"800\" height=\"800\" src=\"https:\/\/www.yongyukitchenware.com\/wp-content\/uploads\/2024\/10\/Stainless-Steel-Flat-Bottom-Square-Plate-11.webp\" alt=\"Edelstahl-Flachboden-Quadrat-Platte-11\" class=\"wp-image-2096\" style=\"width:384px;height:auto\" srcset=\"https:\/\/www.yongyukitchenware.com\/wp-content\/uploads\/2024\/10\/Stainless-Steel-Flat-Bottom-Square-Plate-11.webp 800w, https:\/\/www.yongyukitchenware.com\/wp-content\/uploads\/2024\/10\/Stainless-Steel-Flat-Bottom-Square-Plate-11-300x300.webp 300w, https:\/\/www.yongyukitchenware.com\/wp-content\/uploads\/2024\/10\/Stainless-Steel-Flat-Bottom-Square-Plate-11-150x150.webp 150w, https:\/\/www.yongyukitchenware.com\/wp-content\/uploads\/2024\/10\/Stainless-Steel-Flat-Bottom-Square-Plate-11-768x768.webp 768w, https:\/\/www.yongyukitchenware.com\/wp-content\/uploads\/2024\/10\/Stainless-Steel-Flat-Bottom-Square-Plate-11-12x12.webp 12w, https:\/\/www.yongyukitchenware.com\/wp-content\/uploads\/2024\/10\/Stainless-Steel-Flat-Bottom-Square-Plate-11-600x600.webp 600w, https:\/\/www.yongyukitchenware.com\/wp-content\/uploads\/2024\/10\/Stainless-Steel-Flat-Bottom-Square-Plate-11-100x100.webp 100w\" sizes=\"(max-width: 800px) 100vw, 800px\" \/><\/figure>\n\n\n\n<figure class=\"wp-block-image size-large is-resized\"><img decoding=\"async\" width=\"800\" height=\"800\" src=\"https:\/\/www.yongyukitchenware.com\/wp-content\/uploads\/2024\/10\/Stainless-Steel-Flat-Bottom-Square-Plate-7.webp\" alt=\"Edelstahl-Flachboden-Vierkant-Platte-7\" class=\"wp-image-2097\" style=\"width:384px\" srcset=\"https:\/\/www.yongyukitchenware.com\/wp-content\/uploads\/2024\/10\/Stainless-Steel-Flat-Bottom-Square-Plate-7.webp 800w, https:\/\/www.yongyukitchenware.com\/wp-content\/uploads\/2024\/10\/Stainless-Steel-Flat-Bottom-Square-Plate-7-300x300.webp 300w, https:\/\/www.yongyukitchenware.com\/wp-content\/uploads\/2024\/10\/Stainless-Steel-Flat-Bottom-Square-Plate-7-150x150.webp 150w, https:\/\/www.yongyukitchenware.com\/wp-content\/uploads\/2024\/10\/Stainless-Steel-Flat-Bottom-Square-Plate-7-768x768.webp 768w, https:\/\/www.yongyukitchenware.com\/wp-content\/uploads\/2024\/10\/Stainless-Steel-Flat-Bottom-Square-Plate-7-12x12.webp 12w, https:\/\/www.yongyukitchenware.com\/wp-content\/uploads\/2024\/10\/Stainless-Steel-Flat-Bottom-Square-Plate-7-600x600.webp 600w, https:\/\/www.yongyukitchenware.com\/wp-content\/uploads\/2024\/10\/Stainless-Steel-Flat-Bottom-Square-Plate-7-100x100.webp 100w\" sizes=\"(max-width: 800px) 100vw, 800px\" \/><\/figure>\n<\/div>\n<\/div>","protected":false},"excerpt":{"rendered":"<div class=\"n4sEPd\">\n<div class=\"UdTY9 qhIQqf leDWne\" aria-hidden=\"true\" data-location=\"1\">W\u00e4hlen Sie Yongyus kundenspezifische Edelstahlschalen, um eine Vielzahl von Gr\u00f6\u00dfen zur Auswahl zu haben. Unterst\u00fctzen Sie kundenspezifische Logos und Verpackungen, perfekt geeignet f\u00fcr professionelle Umgebungen und erf\u00fcllen die Bed\u00fcrfnisse der verschiedenen Food-Services.<\/div>\n<\/div>\n<h2 style=\"text-align: left;\">Parameter von Backblechen aus Edelstahl:<\/h2>\n<p style=\"text-align: left;\"><strong>Material:<\/strong> rostfreier Stahl<br \/><strong>Die Tiefe: <\/strong>2cm,2.5cm,3cm<br \/><strong>Die Form:<\/strong> Rechteckig<br \/><strong>Verpacken:<\/strong> OPP-Beutel und -Karton<br \/><strong>OEM\/ODM:<\/strong> Verf\u00fcgbar<\/p>\n<h2 class=\"wp-block-heading\">Von Yongyu Kitchenware Hersteller :<\/h2>\n<p>Yongyu ist ein professioneller Hersteller von K\u00fcchenger\u00e4ten. Zu unseren Produkten geh\u00f6ren alle Arten von Kochgeschirr und K\u00fcchenzubeh\u00f6r aus Edelstahl. Wir bieten ma\u00dfgeschneiderte L\u00f6sungen mit hochwertigen Produkten zu Fabrikpreisen.<\/p>","protected":false},"featured_media":2091,"comment_status":"closed","ping_status":"closed","template":"","meta":{"_acf_changed":false},"application":[29],"product_brand":[],"product_cat":[23,35],"product_tag":[],"class_list":{"0":"post-2090","1":"product","2":"type-product","3":"status-publish","4":"has-post-thumbnail","6":"application-home-kitchen","7":"product_cat-kitchenware-wholesale","8":"product_cat-baking-trays-wholesale","10":"first","11":"instock","12":"shipping-taxable","13":"product-type-simple"},"acf":[],"_links":{"self":[{"href":"https:\/\/www.yongyukitchenware.com\/de\/wp-json\/wp\/v2\/product\/2090","targetHints":{"allow":["GET"]}}],"collection":[{"href":"https:\/\/www.yongyukitchenware.com\/de\/wp-json\/wp\/v2\/product"}],"about":[{"href":"https:\/\/www.yongyukitchenware.com\/de\/wp-json\/wp\/v2\/types\/product"}],"replies":[{"embeddable":true,"href":"https:\/\/www.yongyukitchenware.com\/de\/wp-json\/wp\/v2\/comments?post=2090"}],"wp:featuredmedia":[{"embeddable":true,"href":"https:\/\/www.yongyukitchenware.com\/de\/wp-json\/wp\/v2\/media\/2091"}],"wp:attachment":[{"href":"https:\/\/www.yongyukitchenware.com\/de\/wp-json\/wp\/v2\/media?parent=2090"}],"wp:term":[{"taxonomy":"application","embeddable":true,"href":"https:\/\/www.yongyukitchenware.com\/de\/wp-json\/wp\/v2\/application?post=2090"},{"taxonomy":"product_brand","embeddable":true,"href":"https:\/\/www.yongyukitchenware.com\/de\/wp-json\/wp\/v2\/product_brand?post=2090"},{"taxonomy":"product_cat","embeddable":true,"href":"https:\/\/www.yongyukitchenware.com\/de\/wp-json\/wp\/v2\/product_cat?post=2090"},{"taxonomy":"product_tag","embeddable":true,"href":"https:\/\/www.yongyukitchenware.com\/de\/wp-json\/wp\/v2\/product_tag?post=2090"}],"curies":[{"name":"wp","href":"https:\/\/api.w.org\/{rel}","templated":true}]}}