{"id":2115,"date":"2024-11-16T11:32:26","date_gmt":"2024-11-16T11:32:26","guid":{"rendered":"https:\/\/www.yongyukitchenware.com\/?post_type=product&#038;p=2115"},"modified":"2025-07-10T09:39:59","modified_gmt":"2025-07-10T09:39:59","slug":"stainless-steel-milk-can-wholesale","status":"publish","type":"product","link":"https:\/\/www.yongyukitchenware.com\/de\/produkt\/stainless-steel-milk-can-wholesale\/","title":{"rendered":"Gro\u00dfhandel Edelstahl-Milchkanne 28-100L versiegelt Fass in Bulk"},"content":{"rendered":"<div class=\"wp-block-columns is-layout-flex wp-container-core-columns-is-layout-9d6595d7 wp-block-columns-is-layout-flex\">\n<div class=\"wp-block-column is-layout-flow wp-block-column-is-layout-flow\">\n<h2 class=\"wp-block-heading\">Edelstahl-Milchkanne Merkmale:<\/h2>\n\n\n\n<p><strong>Hochwertiger rostfreier Stahl:<\/strong> Material aus lebensmittelechtem Edelstahl, korrosionsbest\u00e4ndig, ungiftig, reagiert nicht mit Milch, leicht zu reinigen<\/p>\n\n\n\n<p><strong>Doppelt abgedichtetes Design:<\/strong> der Deckel hat einen eingebauten Silikondichtring, beide Seiten des Verschlusses verst\u00e4rken, gute Abdichtung, frischere Lagerung<\/p>\n\n\n\n<p><strong>Gro\u00dfkalibrige Ausf\u00fchrung:<\/strong> breites Kaliber, bequemere Lagerung und Reinigung<\/p>\n\n\n\n<p><strong>Verdickter flacher Boden:<\/strong> der Boden ist h\u00f6her und dicker, steht fest und verletzt den Tisch nicht<\/p>\n\n\n\n<p><strong>Vertiefen Sie die gro\u00dfe Kapazit\u00e4t:<\/strong> ein Eimer ist vielseitig einsetzbar, 28-100 l Fassungsverm\u00f6gen sind optional, trocken und nass k\u00f6nnen je nach Bedarf gelagert werden<\/p>\n<\/div>\n\n\n\n<div class=\"wp-block-column is-layout-flow wp-block-column-is-layout-flow\">\n<figure class=\"wp-block-image size-full is-style-default\"><img decoding=\"async\" width=\"800\" height=\"800\" src=\"https:\/\/www.yongyukitchenware.com\/wp-content\/uploads\/2024\/11\/Stainless-Steel-Milk-Can-Wholesale-2.webp\" alt=\"Edelstahl-Milchkanne \" class=\"wp-image-2318\" srcset=\"https:\/\/www.yongyukitchenware.com\/wp-content\/uploads\/2024\/11\/Stainless-Steel-Milk-Can-Wholesale-2.webp 800w, https:\/\/www.yongyukitchenware.com\/wp-content\/uploads\/2024\/11\/Stainless-Steel-Milk-Can-Wholesale-2-300x300.webp 300w, https:\/\/www.yongyukitchenware.com\/wp-content\/uploads\/2024\/11\/Stainless-Steel-Milk-Can-Wholesale-2-150x150.webp 150w, https:\/\/www.yongyukitchenware.com\/wp-content\/uploads\/2024\/11\/Stainless-Steel-Milk-Can-Wholesale-2-768x768.webp 768w, https:\/\/www.yongyukitchenware.com\/wp-content\/uploads\/2024\/11\/Stainless-Steel-Milk-Can-Wholesale-2-12x12.webp 12w, https:\/\/www.yongyukitchenware.com\/wp-content\/uploads\/2024\/11\/Stainless-Steel-Milk-Can-Wholesale-2-600x600.webp 600w, https:\/\/www.yongyukitchenware.com\/wp-content\/uploads\/2024\/11\/Stainless-Steel-Milk-Can-Wholesale-2-100x100.webp 100w\" sizes=\"(max-width: 800px) 100vw, 800px\" \/><\/figure>\n<\/div>\n<\/div>\n\n\n\n<div class=\"wp-block-columns is-layout-flex wp-container-core-columns-is-layout-9d6595d7 wp-block-columns-is-layout-flex\">\n<div class=\"wp-block-column is-layout-flow wp-block-column-is-layout-flow\">\n<div class=\"wp-block-group is-nowrap is-layout-flex wp-container-core-group-is-layout-ad2f72ca wp-block-group-is-layout-flex\">\n<figure class=\"wp-block-image size-full\"><img decoding=\"async\" width=\"800\" height=\"800\" src=\"https:\/\/www.yongyukitchenware.com\/wp-content\/uploads\/2024\/11\/Stainless-Steel-Milk-Can-Wholesale-3.webp\" alt=\"Edelstahl-Milchkanne\" class=\"wp-image-2319\" srcset=\"https:\/\/www.yongyukitchenware.com\/wp-content\/uploads\/2024\/11\/Stainless-Steel-Milk-Can-Wholesale-3.webp 800w, https:\/\/www.yongyukitchenware.com\/wp-content\/uploads\/2024\/11\/Stainless-Steel-Milk-Can-Wholesale-3-300x300.webp 300w, https:\/\/www.yongyukitchenware.com\/wp-content\/uploads\/2024\/11\/Stainless-Steel-Milk-Can-Wholesale-3-150x150.webp 150w, https:\/\/www.yongyukitchenware.com\/wp-content\/uploads\/2024\/11\/Stainless-Steel-Milk-Can-Wholesale-3-768x768.webp 768w, https:\/\/www.yongyukitchenware.com\/wp-content\/uploads\/2024\/11\/Stainless-Steel-Milk-Can-Wholesale-3-12x12.webp 12w, https:\/\/www.yongyukitchenware.com\/wp-content\/uploads\/2024\/11\/Stainless-Steel-Milk-Can-Wholesale-3-600x600.webp 600w, https:\/\/www.yongyukitchenware.com\/wp-content\/uploads\/2024\/11\/Stainless-Steel-Milk-Can-Wholesale-3-100x100.webp 100w\" sizes=\"(max-width: 800px) 100vw, 800px\" \/><\/figure>\n<\/div>\n<\/div>\n\n\n\n<div class=\"wp-block-column is-layout-flow wp-block-column-is-layout-flow\">\n<h2 class=\"wp-block-heading\">Edelstahl-Milchkanne Gr\u00f6\u00dfe:<\/h2>\n\n\n\n<figure class=\"wp-block-table\"><table class=\"has-fixed-layout\"><tbody><tr><td>Modell<\/td><td>Gr\u00f6\u00dfe<\/td><td>Durchmesser * H\u00f6he (cm)<\/td><td>MOQ<\/td><\/tr><tr><td rowspan=\"10\">DY008-T<\/td><td>28L<\/td><td>30*40<\/td><td rowspan=\"10\">10PCS<\/td><\/tr><tr><td>35L<\/td><td>30*50<\/td><\/tr><tr><td>42L<\/td><td>30*60<\/td><\/tr><tr><td>48L<\/td><td>35*50<\/td><\/tr><tr><td>58L<\/td><td>35*60<\/td><\/tr><tr><td>64L<\/td><td>40*50<\/td><\/tr><tr><td>68L<\/td><td>35*70<\/td><\/tr><tr><td>76L<\/td><td>40*60<\/td><\/tr><tr><td>88L<\/td><td>40*70<\/td><\/tr><tr><td>100L<\/td><td>40*85<\/td><\/tr><\/tbody><\/table><\/figure>\n<\/div>\n<\/div>","protected":false},"excerpt":{"rendered":"<p>Gro\u00dfhandel Edelstahl Milchkannen, versiegelte Deckel Design, kann Milch und Lebensmittel frisch zu halten. Gro\u00dfe Kapazit\u00e4t 28-100L, erf\u00fcllt verschiedene Lebensmittel Lagerung braucht. Fabrik Direktvertrieb, bieten ma\u00dfgeschneiderte Dienstleistungen, willkommen, uns zu kontaktieren<\/p>\n<h2>Edelstahl-Milchkanne Attribut:<\/h2>\n<p><strong>Material:<\/strong>\u00a0rostfreier Stahl<br \/><strong>Handgriff:<\/strong>\u00a0dicker Griff<br \/><strong>Gr\u00f6\u00dfen:<\/strong>\u00a028-100 L<br \/><strong>Entwurf:<\/strong>\u00a0 mit Verschlussdeckel und Griff<br \/><strong>OEM\/ODM:<\/strong>\u00a0optional<\/p>\n<h2 class=\"wp-block-heading\">Von Yongyu Catering Supplies Hersteller :<\/h2>\n<p>Ob Catering-Dienstleister, Hotel- und Gastst\u00e4ttengewerbe oder Veranstaltungsplaner, wir bieten Ihnen ma\u00dfgeschneiderte Komplettl\u00f6sungen f\u00fcr den Gastronomiebedarf im Gro\u00dfhandel zu hochwertigen Fabrikpreisen!<\/p>","protected":false},"featured_media":2320,"comment_status":"closed","ping_status":"closed","template":"","meta":{"_acf_changed":true},"application":[30],"product_brand":[],"product_cat":[22],"product_tag":[],"class_list":{"0":"post-2115","1":"product","2":"type-product","3":"status-publish","4":"has-post-thumbnail","6":"application-hotel-catering","7":"product_cat-catering-supplies-wholesale","9":"first","10":"instock","11":"shipping-taxable","12":"product-type-simple"},"acf":[],"_links":{"self":[{"href":"https:\/\/www.yongyukitchenware.com\/de\/wp-json\/wp\/v2\/product\/2115","targetHints":{"allow":["GET"]}}],"collection":[{"href":"https:\/\/www.yongyukitchenware.com\/de\/wp-json\/wp\/v2\/product"}],"about":[{"href":"https:\/\/www.yongyukitchenware.com\/de\/wp-json\/wp\/v2\/types\/product"}],"replies":[{"embeddable":true,"href":"https:\/\/www.yongyukitchenware.com\/de\/wp-json\/wp\/v2\/comments?post=2115"}],"wp:featuredmedia":[{"embeddable":true,"href":"https:\/\/www.yongyukitchenware.com\/de\/wp-json\/wp\/v2\/media\/2320"}],"wp:attachment":[{"href":"https:\/\/www.yongyukitchenware.com\/de\/wp-json\/wp\/v2\/media?parent=2115"}],"wp:term":[{"taxonomy":"application","embeddable":true,"href":"https:\/\/www.yongyukitchenware.com\/de\/wp-json\/wp\/v2\/application?post=2115"},{"taxonomy":"product_brand","embeddable":true,"href":"https:\/\/www.yongyukitchenware.com\/de\/wp-json\/wp\/v2\/product_brand?post=2115"},{"taxonomy":"product_cat","embeddable":true,"href":"https:\/\/www.yongyukitchenware.com\/de\/wp-json\/wp\/v2\/product_cat?post=2115"},{"taxonomy":"product_tag","embeddable":true,"href":"https:\/\/www.yongyukitchenware.com\/de\/wp-json\/wp\/v2\/product_tag?post=2115"}],"curies":[{"name":"wp","href":"https:\/\/api.w.org\/{rel}","templated":true}]}}