{"id":2123,"date":"2024-11-22T15:33:11","date_gmt":"2024-11-22T15:33:11","guid":{"rendered":"https:\/\/www.yongyukitchenware.com\/?post_type=product&#038;p=2123"},"modified":"2024-11-22T15:36:39","modified_gmt":"2024-11-22T15:36:39","slug":"custom-champagne-ice-bucket","status":"publish","type":"product","link":"https:\/\/www.yongyukitchenware.com\/de\/produkt\/custom-champagne-ice-bucket\/","title":{"rendered":"Bulk Champagner Eis Eimer Edelstahl mit Griff f\u00fcr Bar Bier Wein"},"content":{"rendered":"<div class=\"wp-block-columns is-layout-flex wp-container-core-columns-is-layout-9d6595d7 wp-block-columns-is-layout-flex\">\n<div class=\"wp-block-column is-layout-flow wp-block-column-is-layout-flow\">\n<h2 class=\"wp-block-heading\">Champagner-Eisk\u00fcbel Merkmale:<\/h2>\n\n\n\n<p><strong>Verdicktes Material aus rostfreiem Stahl: <\/strong>polierte und gl\u00e4nzende Oberfl\u00e4che, verdicktes Edelstahlmaterial, hitzebest\u00e4ndig und leicht zu reinigen.<\/p>\n\n\n\n<p><strong>Verst\u00e4rktes Griffdesign:<\/strong> Nietverst\u00e4rkung, Doppelgriffe mit guter Tragf\u00e4higkeit<\/p>\n\n\n\n<p><strong>Konstruktion der Rollkante: <\/strong>abgerundete und glatte Kanten, leicht zu greifen, verhindert Handverletzungen.<\/p>\n\n\n\n<p><strong>Verdickter flacher Boden: <\/strong>der Boden ist h\u00f6her und dicker, sitzt fest und besch\u00e4digt den Schreibtisch nicht<\/p>\n<\/div>\n\n\n\n<div class=\"wp-block-column is-layout-flow wp-block-column-is-layout-flow\">\n<div class=\"wp-block-columns is-layout-flex wp-container-core-columns-is-layout-9d6595d7 wp-block-columns-is-layout-flex\">\n<div class=\"wp-block-column is-layout-flow wp-block-column-is-layout-flow\">\n<figure class=\"wp-block-image size-full\"><img decoding=\"async\" width=\"800\" height=\"800\" src=\"https:\/\/www.yongyukitchenware.com\/wp-content\/uploads\/2024\/11\/metal-ice-bucket-5.webp\" alt=\"Metall-Eisk\u00fcbel-5\" class=\"wp-image-2128\" srcset=\"https:\/\/www.yongyukitchenware.com\/wp-content\/uploads\/2024\/11\/metal-ice-bucket-5.webp 800w, https:\/\/www.yongyukitchenware.com\/wp-content\/uploads\/2024\/11\/metal-ice-bucket-5-300x300.webp 300w, https:\/\/www.yongyukitchenware.com\/wp-content\/uploads\/2024\/11\/metal-ice-bucket-5-150x150.webp 150w, https:\/\/www.yongyukitchenware.com\/wp-content\/uploads\/2024\/11\/metal-ice-bucket-5-768x768.webp 768w, https:\/\/www.yongyukitchenware.com\/wp-content\/uploads\/2024\/11\/metal-ice-bucket-5-12x12.webp 12w, https:\/\/www.yongyukitchenware.com\/wp-content\/uploads\/2024\/11\/metal-ice-bucket-5-600x600.webp 600w, https:\/\/www.yongyukitchenware.com\/wp-content\/uploads\/2024\/11\/metal-ice-bucket-5-100x100.webp 100w\" sizes=\"(max-width: 800px) 100vw, 800px\" \/><\/figure>\n<\/div>\n<\/div>\n<\/div>\n<\/div>","protected":false},"excerpt":{"rendered":"<p>Dieser Champagner-Eisk\u00fcbel ist klein und tragbar, 1-7L, kann Bier, Getr\u00e4nke oder Snacks enthalten und ist f\u00fcr Partys, Bars und Outdoor-Aktivit\u00e4ten geeignet. Yongyu Fabrik direkt Gro\u00dfhandel ma\u00dfgeschneiderte Eisk\u00fcbel, bietet kosteng\u00fcnstige Preise.<\/p>\n<h2>Champagner-Eisk\u00fcbel Parameter:<\/h2>\n<p><strong>Material:<\/strong> rostfreier Stahl<br \/><strong>Farbe:<\/strong> Versilberung, Vergoldung, Titanbeschichtung, Bedruckung, usw. <br \/><strong>Entwurf:<\/strong> lebensmittelechtes Material, verst\u00e4rkter Griff<br \/><strong>Gr\u00f6\u00dfen:<\/strong> 1L, 5L, 7L<br \/><strong>Verpacken:<\/strong> Farbkasten, Hauptkasten, oder kundenspezifisch<br \/><strong>OEM\/ODM:<\/strong> verf\u00fcgbar<\/p>\n<h2 class=\"wp-block-heading\">Von Yongyu Catering Supplies Gro\u00dfh\u00e4ndler :<\/h2>\n<p>Mit 25 Jahren Berufserfahrung hat sich Yongyu Manufacturer auf hochwertige Barware im Zoll- und Gro\u00dfhandel spezialisiert, um den Kunden die besten Produkte und Dienstleistungen zu bieten.<\/p>","protected":false},"featured_media":2124,"comment_status":"closed","ping_status":"closed","template":"","meta":{"_acf_changed":true},"application":[30],"product_brand":[],"product_cat":[16],"product_tag":[],"class_list":{"0":"post-2123","1":"product","2":"type-product","3":"status-publish","4":"has-post-thumbnail","6":"application-hotel-catering","7":"product_cat-barware-wholesale-custom","9":"first","10":"instock","11":"shipping-taxable","12":"product-type-simple"},"acf":[],"_links":{"self":[{"href":"https:\/\/www.yongyukitchenware.com\/de\/wp-json\/wp\/v2\/product\/2123","targetHints":{"allow":["GET"]}}],"collection":[{"href":"https:\/\/www.yongyukitchenware.com\/de\/wp-json\/wp\/v2\/product"}],"about":[{"href":"https:\/\/www.yongyukitchenware.com\/de\/wp-json\/wp\/v2\/types\/product"}],"replies":[{"embeddable":true,"href":"https:\/\/www.yongyukitchenware.com\/de\/wp-json\/wp\/v2\/comments?post=2123"}],"wp:featuredmedia":[{"embeddable":true,"href":"https:\/\/www.yongyukitchenware.com\/de\/wp-json\/wp\/v2\/media\/2124"}],"wp:attachment":[{"href":"https:\/\/www.yongyukitchenware.com\/de\/wp-json\/wp\/v2\/media?parent=2123"}],"wp:term":[{"taxonomy":"application","embeddable":true,"href":"https:\/\/www.yongyukitchenware.com\/de\/wp-json\/wp\/v2\/application?post=2123"},{"taxonomy":"product_brand","embeddable":true,"href":"https:\/\/www.yongyukitchenware.com\/de\/wp-json\/wp\/v2\/product_brand?post=2123"},{"taxonomy":"product_cat","embeddable":true,"href":"https:\/\/www.yongyukitchenware.com\/de\/wp-json\/wp\/v2\/product_cat?post=2123"},{"taxonomy":"product_tag","embeddable":true,"href":"https:\/\/www.yongyukitchenware.com\/de\/wp-json\/wp\/v2\/product_tag?post=2123"}],"curies":[{"name":"wp","href":"https:\/\/api.w.org\/{rel}","templated":true}]}}